{"id":24170,"date":"2015-07-27T12:30:57","date_gmt":"2015-07-27T11:30:57","guid":{"rendered":"https:\/\/praxistrade.eu\/zugang-zu-produktkatalogen\/"},"modified":"2024-07-29T12:37:48","modified_gmt":"2024-07-29T11:37:48","slug":"zugang-zu-produktkatalogen","status":"publish","type":"page","link":"https:\/\/praxistrade.eu\/de\/zugang-zu-produktkatalogen\/","title":{"rendered":"Zugang zu Produktkatalogen"},"content":{"rendered":"\t\t<div data-elementor-type=\"wp-page\" data-elementor-id=\"24170\" class=\"elementor elementor-24170 elementor-16551\" data-elementor-post-type=\"page\">\n\t\t\t\t<div class=\"elementor-element elementor-element-cba5852 e-flex e-con-boxed e-con e-parent\" data-id=\"cba5852\" data-element_type=\"container\" data-e-type=\"container\" data-settings=\"{&quot;background_background&quot;:&quot;classic&quot;}\">\n\t\t\t\t\t<div class=\"e-con-inner\">\n\t\t\t\t<div class=\"elementor-element elementor-element-6b2eb84 elementor-widget elementor-widget-heading\" data-id=\"6b2eb84\" data-element_type=\"widget\" data-e-type=\"widget\" data-widget_type=\"heading.default\">\n\t\t\t\t<div class=\"elementor-widget-container\">\n\t\t\t\t\t<h1 class=\"elementor-heading-title elementor-size-default\">Kataloge herunterladen<\/h1>\t\t\t\t<\/div>\n\t\t\t\t<\/div>\n\t\t\t\t\t<\/div>\n\t\t\t\t<\/div>\n\t\t<div class=\"elementor-element elementor-element-8530d20 e-flex e-con-boxed e-con e-parent\" data-id=\"8530d20\" data-element_type=\"container\" data-e-type=\"container\">\n\t\t\t\t\t<div class=\"e-con-inner\">\n\t\t\t\t<div class=\"elementor-element elementor-element-153fcac elementor-widget elementor-widget-text-editor\" data-id=\"153fcac\" data-element_type=\"widget\" data-e-type=\"widget\" data-widget_type=\"text-editor.default\">\n\t\t\t\t<div class=\"elementor-widget-container\">\n\t\t\t\t\t\t\t\t\t<h3>Entdecken Sie die gesamte Palette der Premium-Produkte<\/h3>\n<p>Entdecken Sie die umfangreiche Auswahl an veganen, umweltfreundlichen und hochwertigen Produkten, die wir anbieten. Laden Sie die Kataloge herunter, um detaillierte Informationen \u00fcber Nahrungserg\u00e4nzungsmittel, Sch\u00f6nheitsprodukte, Haushaltsartikel und mehr von Top-Marken zu erhalten.<\/p>\n\t\t\t\t\t\t\t\t<\/div>\n\t\t\t\t<\/div>\n\t\t\t\t\t<\/div>\n\t\t\t\t<\/div>\n\t\t<div class=\"elementor-element elementor-element-eaefccf e-con-full e-flex e-con e-parent\" data-id=\"eaefccf\" data-element_type=\"container\" data-e-type=\"container\">\n\t\t<div class=\"elementor-element elementor-element-27fd67b e-con-full e-flex e-con e-child\" data-id=\"27fd67b\" data-element_type=\"container\" data-e-type=\"container\" data-settings=\"{&quot;background_background&quot;:&quot;classic&quot;}\">\n\t\t\t\t<div class=\"elementor-element elementor-element-97dba1b elementor-widget elementor-widget-heading\" data-id=\"97dba1b\" data-element_type=\"widget\" data-e-type=\"widget\" data-widget_type=\"heading.default\">\n\t\t\t\t<div class=\"elementor-widget-container\">\n\t\t\t\t\t<h2 class=\"elementor-heading-title elementor-size-default\">CoreGUD<\/h2>\t\t\t\t<\/div>\n\t\t\t\t<\/div>\n\t\t\t\t<div class=\"elementor-element elementor-element-d73bd89 elementor-widget elementor-widget-text-editor\" data-id=\"d73bd89\" data-element_type=\"widget\" data-e-type=\"widget\" data-widget_type=\"text-editor.default\">\n\t\t\t\t<div class=\"elementor-widget-container\">\n\t\t\t\t\t\t\t\t\t<p>Entdecken Sie die gesamte Palette der hochwertigen Produkte von CoreGUD. Wenn Sie den umfassenden Katalog herunterladen, erhalten Sie detaillierte Informationen zu jedem Artikel im Angebot.<\/p>\n\t\t\t\t\t\t\t\t<\/div>\n\t\t\t\t<\/div>\n\t\t\t\t<div class=\"elementor-element elementor-element-3c0deec elementor-widget elementor-widget-button\" data-id=\"3c0deec\" data-element_type=\"widget\" data-e-type=\"widget\" data-widget_type=\"button.default\">\n\t\t\t\t<div class=\"elementor-widget-container\">\n\t\t\t\t\t\t\t\t\t<div class=\"elementor-button-wrapper\">\n\t\t\t\t\t<a class=\"elementor-button elementor-button-link elementor-size-sm\" href=\"https:\/\/share-eu1.hsforms.com\/1YsIEmyjgS-mkM7GY8y_mBQ2eccx1\" target=\"_blank\" rel=\"noopener\">\n\t\t\t\t\t\t<span class=\"elementor-button-content-wrapper\">\n\t\t\t\t\t\t\t\t\t<span class=\"elementor-button-text\">Laden Sie den Katalog herunter<\/span>\n\t\t\t\t\t<\/span>\n\t\t\t\t\t<\/a>\n\t\t\t\t<\/div>\n\t\t\t\t\t\t\t\t<\/div>\n\t\t\t\t<\/div>\n\t\t\t\t<\/div>\n\t\t<div class=\"elementor-element elementor-element-364d47f e-con-full e-flex e-con e-child\" data-id=\"364d47f\" data-element_type=\"container\" data-e-type=\"container\" data-settings=\"{&quot;background_background&quot;:&quot;classic&quot;}\">\n\t\t\t\t<div class=\"elementor-element elementor-element-7d4ecc0 elementor-widget elementor-widget-heading\" data-id=\"7d4ecc0\" data-element_type=\"widget\" data-e-type=\"widget\" data-widget_type=\"heading.default\">\n\t\t\t\t<div class=\"elementor-widget-container\">\n\t\t\t\t\t<h2 class=\"elementor-heading-title elementor-size-default\">OmegaChips<\/h2>\t\t\t\t<\/div>\n\t\t\t\t<\/div>\n\t\t\t\t<div class=\"elementor-element elementor-element-ae1dd30 elementor-widget elementor-widget-text-editor\" data-id=\"ae1dd30\" data-element_type=\"widget\" data-e-type=\"widget\" data-widget_type=\"text-editor.default\">\n\t\t\t\t<div class=\"elementor-widget-container\">\n\t\t\t\t\t\t\t\t\t<p><span style=\"font-weight: 400;\">Erfahren Sie, wie diese Produkte Ihre Gesundheit und Ihr Wohlbefinden mit einer nahrhaften und umweltfreundlichen Auswahl unterst\u00fctzen k\u00f6nnen.<\/span><\/p>\n\t\t\t\t\t\t\t\t<\/div>\n\t\t\t\t<\/div>\n\t\t\t\t<div class=\"elementor-element elementor-element-283bbf6 elementor-widget elementor-widget-button\" data-id=\"283bbf6\" data-element_type=\"widget\" data-e-type=\"widget\" data-widget_type=\"button.default\">\n\t\t\t\t<div class=\"elementor-widget-container\">\n\t\t\t\t\t\t\t\t\t<div class=\"elementor-button-wrapper\">\n\t\t\t\t\t<a class=\"elementor-button elementor-button-link elementor-size-sm\" href=\"https:\/\/share-eu1.hsforms.com\/1wR7Mh_kvRd29lgjXC1RnNQ2eccx1\" target=\"_blank\" rel=\"noopener\">\n\t\t\t\t\t\t<span class=\"elementor-button-content-wrapper\">\n\t\t\t\t\t\t\t\t\t<span class=\"elementor-button-text\">Laden Sie den Katalog herunter<\/span>\n\t\t\t\t\t<\/span>\n\t\t\t\t\t<\/a>\n\t\t\t\t<\/div>\n\t\t\t\t\t\t\t\t<\/div>\n\t\t\t\t<\/div>\n\t\t\t\t<\/div>\n\t\t<div class=\"elementor-element elementor-element-ba04b7e e-con-full e-flex e-con e-child\" data-id=\"ba04b7e\" data-element_type=\"container\" data-e-type=\"container\" data-settings=\"{&quot;background_background&quot;:&quot;classic&quot;}\">\n\t\t\t\t<div class=\"elementor-element elementor-element-a5340b6 elementor-widget elementor-widget-heading\" data-id=\"a5340b6\" data-element_type=\"widget\" data-e-type=\"widget\" data-widget_type=\"heading.default\">\n\t\t\t\t<div class=\"elementor-widget-container\">\n\t\t\t\t\t<h2 class=\"elementor-heading-title elementor-size-default\">Ox Collagen<\/h2>\t\t\t\t<\/div>\n\t\t\t\t<\/div>\n\t\t\t\t<div class=\"elementor-element elementor-element-e71a086 elementor-widget elementor-widget-text-editor\" data-id=\"e71a086\" data-element_type=\"widget\" data-e-type=\"widget\" data-widget_type=\"text-editor.default\">\n\t\t\t\t<div class=\"elementor-widget-container\">\n\t\t\t\t\t\t\t\t\t<p>Erfahren Sie, wie diese Produkte Ihren aktiven Lebensstil unterst\u00fctzen, die Leistung steigern und die Erholung mit nahrhaften und umweltfreundlichen Produkten f\u00f6rdern k\u00f6nnen.<\/p>\n\t\t\t\t\t\t\t\t<\/div>\n\t\t\t\t<\/div>\n\t\t\t\t<div class=\"elementor-element elementor-element-3fe8ce1 elementor-widget elementor-widget-button\" data-id=\"3fe8ce1\" data-element_type=\"widget\" data-e-type=\"widget\" data-widget_type=\"button.default\">\n\t\t\t\t<div class=\"elementor-widget-container\">\n\t\t\t\t\t\t\t\t\t<div class=\"elementor-button-wrapper\">\n\t\t\t\t\t<a class=\"elementor-button elementor-button-link elementor-size-sm\" href=\"https:\/\/share-eu1.hsforms.com\/1zte8y0ctStyLVFPryFn7JA2eccx1\" target=\"_blank\" rel=\"noopener\">\n\t\t\t\t\t\t<span class=\"elementor-button-content-wrapper\">\n\t\t\t\t\t\t\t\t\t<span class=\"elementor-button-text\">Laden Sie den Katalog herunter<\/span>\n\t\t\t\t\t<\/span>\n\t\t\t\t\t<\/a>\n\t\t\t\t<\/div>\n\t\t\t\t\t\t\t\t<\/div>\n\t\t\t\t<\/div>\n\t\t\t\t<\/div>\n\t\t\t\t<\/div>\n\t\t<div class=\"elementor-element elementor-element-f9e4a02 e-con-full e-flex e-con e-parent\" data-id=\"f9e4a02\" data-element_type=\"container\" data-e-type=\"container\">\n\t\t<div class=\"elementor-element elementor-element-5b5584c e-con-full e-flex e-con e-child\" data-id=\"5b5584c\" data-element_type=\"container\" data-e-type=\"container\" data-settings=\"{&quot;background_background&quot;:&quot;classic&quot;}\">\n\t\t\t\t<div class=\"elementor-element elementor-element-0e8dfc7 elementor-widget elementor-widget-heading\" data-id=\"0e8dfc7\" data-element_type=\"widget\" data-e-type=\"widget\" data-widget_type=\"heading.default\">\n\t\t\t\t<div class=\"elementor-widget-container\">\n\t\t\t\t\t<h2 class=\"elementor-heading-title elementor-size-default\">Mulberry<\/h2>\t\t\t\t<\/div>\n\t\t\t\t<\/div>\n\t\t\t\t<div class=\"elementor-element elementor-element-ab1641f elementor-widget elementor-widget-text-editor\" data-id=\"ab1641f\" data-element_type=\"widget\" data-e-type=\"widget\" data-widget_type=\"text-editor.default\">\n\t\t\t\t<div class=\"elementor-widget-container\">\n\t\t\t\t\t\t\t\t\t<p>Wenn Sie den umfassenden Katalog herunterladen, erhalten Sie Zugang zu detaillierten Informationen \u00fcber jedes der Premium-Produkte.<\/p>\n\t\t\t\t\t\t\t\t<\/div>\n\t\t\t\t<\/div>\n\t\t\t\t<div class=\"elementor-element elementor-element-354d572 elementor-widget elementor-widget-button\" data-id=\"354d572\" data-element_type=\"widget\" data-e-type=\"widget\" data-widget_type=\"button.default\">\n\t\t\t\t<div class=\"elementor-widget-container\">\n\t\t\t\t\t\t\t\t\t<div class=\"elementor-button-wrapper\">\n\t\t\t\t\t<a class=\"elementor-button elementor-button-link elementor-size-sm\" href=\"https:\/\/share-eu1.hsforms.com\/1aO_fxpwzQPOujc8fqYTz4g2eccx1\" target=\"_blank\" rel=\"noopener\">\n\t\t\t\t\t\t<span class=\"elementor-button-content-wrapper\">\n\t\t\t\t\t\t\t\t\t<span class=\"elementor-button-text\">Laden Sie den Katalog herunter<\/span>\n\t\t\t\t\t<\/span>\n\t\t\t\t\t<\/a>\n\t\t\t\t<\/div>\n\t\t\t\t\t\t\t\t<\/div>\n\t\t\t\t<\/div>\n\t\t\t\t<\/div>\n\t\t<div class=\"elementor-element elementor-element-5cccff0 e-con-full e-flex e-con e-child\" data-id=\"5cccff0\" data-element_type=\"container\" data-e-type=\"container\" data-settings=\"{&quot;background_background&quot;:&quot;classic&quot;}\">\n\t\t\t\t<div class=\"elementor-element elementor-element-9708306 elementor-widget elementor-widget-heading\" data-id=\"9708306\" data-element_type=\"widget\" data-e-type=\"widget\" data-widget_type=\"heading.default\">\n\t\t\t\t<div class=\"elementor-widget-container\">\n\t\t\t\t\t<h2 class=\"elementor-heading-title elementor-size-default\">inSODA<\/h2>\t\t\t\t<\/div>\n\t\t\t\t<\/div>\n\t\t\t\t<div class=\"elementor-element elementor-element-4057dd1 elementor-widget elementor-widget-text-editor\" data-id=\"4057dd1\" data-element_type=\"widget\" data-e-type=\"widget\" data-widget_type=\"text-editor.default\">\n\t\t\t\t<div class=\"elementor-widget-container\">\n\t\t\t\t\t\t\t\t\t<p>Erhalten Sie Zugang zu detaillierten Informationen \u00fcber jedes ihrer Produkte, die im Angebot enthalten sind.<\/p>\n\t\t\t\t\t\t\t\t<\/div>\n\t\t\t\t<\/div>\n\t\t\t\t<div class=\"elementor-element elementor-element-cc05043 elementor-widget elementor-widget-button\" data-id=\"cc05043\" data-element_type=\"widget\" data-e-type=\"widget\" data-widget_type=\"button.default\">\n\t\t\t\t<div class=\"elementor-widget-container\">\n\t\t\t\t\t\t\t\t\t<div class=\"elementor-button-wrapper\">\n\t\t\t\t\t<a class=\"elementor-button elementor-button-link elementor-size-sm\" href=\"https:\/\/share-eu1.hsforms.com\/1HfCLpn55Rx-v8LixsCRw2w2eccx1\" target=\"_blank\" rel=\"noopener\">\n\t\t\t\t\t\t<span class=\"elementor-button-content-wrapper\">\n\t\t\t\t\t\t\t\t\t<span class=\"elementor-button-text\">Laden Sie den Katalog herunter<\/span>\n\t\t\t\t\t<\/span>\n\t\t\t\t\t<\/a>\n\t\t\t\t<\/div>\n\t\t\t\t\t\t\t\t<\/div>\n\t\t\t\t<\/div>\n\t\t\t\t<\/div>\n\t\t<div class=\"elementor-element elementor-element-8fe7440 e-con-full e-flex e-con e-child\" data-id=\"8fe7440\" data-element_type=\"container\" data-e-type=\"container\" data-settings=\"{&quot;background_background&quot;:&quot;classic&quot;}\">\n\t\t\t\t<div class=\"elementor-element elementor-element-73b4a86 elementor-widget elementor-widget-heading\" data-id=\"73b4a86\" data-element_type=\"widget\" data-e-type=\"widget\" data-widget_type=\"heading.default\">\n\t\t\t\t<div class=\"elementor-widget-container\">\n\t\t\t\t\t<h2 class=\"elementor-heading-title elementor-size-default\">Linas<\/h2>\t\t\t\t<\/div>\n\t\t\t\t<\/div>\n\t\t\t\t<div class=\"elementor-element elementor-element-50eac15 elementor-widget elementor-widget-text-editor\" data-id=\"50eac15\" data-element_type=\"widget\" data-e-type=\"widget\" data-widget_type=\"text-editor.default\">\n\t\t\t\t<div class=\"elementor-widget-container\">\n\t\t\t\t\t\t\t\t\t<p>Entdecken Sie die gesamte Palette der hochwertigen Produkte von Linas. Wenn Sie den umfassenden Katalog herunterladen, erhalten Sie detaillierte Informationen zu jedem Artikel im Angebot.<\/p>\n\t\t\t\t\t\t\t\t<\/div>\n\t\t\t\t<\/div>\n\t\t\t\t<div class=\"elementor-element elementor-element-68885a9 elementor-widget elementor-widget-button\" data-id=\"68885a9\" data-element_type=\"widget\" data-e-type=\"widget\" data-widget_type=\"button.default\">\n\t\t\t\t<div class=\"elementor-widget-container\">\n\t\t\t\t\t\t\t\t\t<div class=\"elementor-button-wrapper\">\n\t\t\t\t\t<a class=\"elementor-button elementor-button-link elementor-size-sm\" href=\"https:\/\/share-eu1.hsforms.com\/1rtSzWPMJSPSbjhxeliyIeg2eccx1\" target=\"_blank\" rel=\"noopener\">\n\t\t\t\t\t\t<span class=\"elementor-button-content-wrapper\">\n\t\t\t\t\t\t\t\t\t<span class=\"elementor-button-text\">Laden Sie den Katalog herunter<\/span>\n\t\t\t\t\t<\/span>\n\t\t\t\t\t<\/a>\n\t\t\t\t<\/div>\n\t\t\t\t\t\t\t\t<\/div>\n\t\t\t\t<\/div>\n\t\t\t\t<\/div>\n\t\t\t\t<\/div>\n\t\t\t\t<\/div>\n\t\t","protected":false},"excerpt":{"rendered":"<p>Kataloge herunterladen Entdecken Sie die gesamte Palette der Premium-Produkte Entdecken Sie die umfangreiche Auswahl an veganen, umweltfreundlichen und hochwertigen Produkten, die wir anbieten. Laden Sie die Kataloge herunter, um detaillierte Informationen \u00fcber Nahrungserg\u00e4nzungsmittel, Sch\u00f6nheitsprodukte, Haushaltsartikel und mehr von Top-Marken zu erhalten. CoreGUD Entdecken Sie die gesamte Palette der hochwertigen Produkte von CoreGUD. Wenn Sie den [&hellip;]<\/p>\n","protected":false},"author":2,"featured_media":0,"parent":0,"menu_order":0,"comment_status":"closed","ping_status":"open","template":"","meta":{"footnotes":""},"class_list":["post-24170","page","type-page","status-publish","hentry"],"_links":{"self":[{"href":"https:\/\/praxistrade.eu\/de\/wp-json\/wp\/v2\/pages\/24170","targetHints":{"allow":["GET"]}}],"collection":[{"href":"https:\/\/praxistrade.eu\/de\/wp-json\/wp\/v2\/pages"}],"about":[{"href":"https:\/\/praxistrade.eu\/de\/wp-json\/wp\/v2\/types\/page"}],"author":[{"embeddable":true,"href":"https:\/\/praxistrade.eu\/de\/wp-json\/wp\/v2\/users\/2"}],"replies":[{"embeddable":true,"href":"https:\/\/praxistrade.eu\/de\/wp-json\/wp\/v2\/comments?post=24170"}],"version-history":[{"count":2,"href":"https:\/\/praxistrade.eu\/de\/wp-json\/wp\/v2\/pages\/24170\/revisions"}],"predecessor-version":[{"id":24361,"href":"https:\/\/praxistrade.eu\/de\/wp-json\/wp\/v2\/pages\/24170\/revisions\/24361"}],"wp:attachment":[{"href":"https:\/\/praxistrade.eu\/de\/wp-json\/wp\/v2\/media?parent=24170"}],"curies":[{"name":"wp","href":"https:\/\/api.w.org\/{rel}","templated":true}]}}