{"id":24587,"date":"2024-08-16T13:06:26","date_gmt":"2024-08-16T12:06:26","guid":{"rendered":"https:\/\/praxistrade.eu\/datenschutzbestimmungen\/"},"modified":"2024-08-20T17:14:59","modified_gmt":"2024-08-20T16:14:59","slug":"datenschutzbestimmungen","status":"publish","type":"page","link":"https:\/\/praxistrade.eu\/de\/datenschutzbestimmungen\/","title":{"rendered":"Datenschutzbestimmungen"},"content":{"rendered":"\t\t<div data-elementor-type=\"wp-page\" data-elementor-id=\"24587\" class=\"elementor elementor-24587 elementor-24396\" data-elementor-post-type=\"page\">\n\t\t\t\t<div class=\"elementor-element elementor-element-6f59ef4 e-flex e-con-boxed e-con e-parent\" data-id=\"6f59ef4\" data-element_type=\"container\" data-e-type=\"container\">\n\t\t\t\t\t<div class=\"e-con-inner\">\n\t\t\t\t<div class=\"elementor-element elementor-element-fae2c57 elementor-widget elementor-widget-text-editor\" data-id=\"fae2c57\" data-element_type=\"widget\" data-e-type=\"widget\" data-widget_type=\"text-editor.default\">\n\t\t\t\t<div class=\"elementor-widget-container\">\n\t\t\t\t\t\t\t\t\t<h3>1. Einf\u00fchrung<\/h3>\n<p>Willkommen bei PraxisTrade.eu. Diese Datenschutzrichtlinie erl\u00e4utert, wie wir Ihre Daten erfassen, verwenden, weitergeben und sch\u00fctzen, wenn Sie unsere Website <a href=\"https:\/\/praxistrade.eu\/de\/\" target=\"_new\" rel=\"noopener\">www.praxistrade.eu<\/a> besuchen. Wir verpflichten uns, Ihre pers\u00f6nlichen Daten zu sch\u00fctzen und Ihre Privatsph\u00e4re zu respektieren. Bitte lesen Sie diese Richtlinie sorgf\u00e4ltig durch, um zu verstehen, wie wir mit Ihren pers\u00f6nlichen Daten umgehen.   <\/p>\n<h3>2. Informationen, die wir sammeln<\/h3>\n<p>Wir k\u00f6nnen die folgenden Daten \u00fcber Sie sammeln und verarbeiten:<\/p>\n<h4>2.1 Pers\u00f6nliche Daten<\/h4>\n<ul>\n<li><strong>Kontaktinformationen<\/strong>: Wenn Sie unsere Seite &#8222;Angebot anfordern&#8220; nutzen oder sich f\u00fcr ein Konto registrieren, erfassen wir Ihren Namen, Ihre E-Mail-Adresse, Ihre Telefonnummer und andere Kontaktinformationen.<\/li>\n<li><strong>Kommunikationsdaten<\/strong>: Informationen, die durch Korrespondenz, einschlie\u00dflich E-Mail, Chat und andere Kommunikationskan\u00e4le bereitgestellt werden.<\/li>\n<\/ul>\n<h4>2.2 Automatisch erfasste Daten<\/h4>\n<ul>\n<li><strong>Nutzungsdaten<\/strong>: Wir sammeln Daten dar\u00fcber, wie Sie mit unserer Website interagieren, wie z.B. IP-Adresse, Browsertyp, besuchte Seiten sowie Datum und Uhrzeit Ihres Besuchs.<\/li>\n<li><strong>Cookies<\/strong>: Wir verwenden Cookies und \u00e4hnliche Tracking-Technologien, um Daten zu sammeln und Ihre Erfahrung auf unserer Website zu verbessern. Bitte lesen Sie unsere <a href=\"https:\/\/praxistrade.eu\/de\/cookie-richtlinie-eu\/\">Cookie-Richtlinie<\/a> f\u00fcr weitere Informationen. <\/li>\n<\/ul>\n<h4>2.3 \u00dcber HubSpot gesammelte Daten<\/h4>\n<h3>Cookies<\/h3>\n<p>Cookies, die von HubSpot im Browser eines Besuchers gesetzt werden.<\/p>\n<p>Der Tracking-Code von HubSpot setzt eine Reihe von Tracking-Cookies, wenn ein Besucher auf Ihrer Website landet. Diese Cookies fallen in zwei allgemeine Kategorien: <\/p>\n<ul>\n<li><strong>Wesentliche\/notwendige Cookies<\/strong>: Wesentliche Cookies, die keine Zustimmung erfordern.<\/li>\n<li><strong>Cookies f\u00fcr das Zustimmungsbanner<\/strong>: Cookies, die im Zustimmungsbanner gem\u00e4\u00df GDPR enthalten sind.<\/li>\n<\/ul>\n<p><strong>Wesentliche\/notwendige Cookies<\/strong><\/p>\n<p>__hs_opt_out<\/p>\n<p>Dieses Cookie wird von der Opt-in-Datenschutzrichtlinie verwendet, um sich daran zu erinnern, dass der Besucher nicht erneut aufgefordert wird, Cookies zu akzeptieren. Dieses Cookie wird gesetzt, wenn Sie Besuchern die M\u00f6glichkeit geben, Cookies abzulehnen. <br \/>(L\u00e4uft ab: 13 Monate)<\/p>\n<p>__hs_do_not_track<\/p>\n<p>Dieses Cookie kann gesetzt werden, um zu verhindern, dass der Tracking-Code Informationen an HubSpot sendet. Das Setzen dieses Cookies unterscheidet sich von der Ablehnung von Cookies, da es immer noch erlaubt, anonymisierte Informationen an HubSpot zu senden. <br \/>(L\u00e4uft ab: 13 Monate)<\/p>\n<p>hs_ab_test<\/p>\n<p>Dieses Cookie wird verwendet, um Besuchern stets dieselbe Version einer A\/B-Test-Seite zu pr\u00e4sentieren, die sie bereits gesehen haben.<br \/>(L\u00e4uft ab: Ende der Sitzung)<\/p>\n<p>&lt;id&gt;_key<\/p>\n<p>Wenn Sie eine passwortgesch\u00fctzte Seite besuchen, wird dieses Cookie gesetzt, damit Sie sich bei zuk\u00fcnftigen Besuchen der Seite mit demselben Browser nicht erneut anmelden m\u00fcssen. Der Cookie-Name ist f\u00fcr jede passwortgesch\u00fctzte Seite eindeutig. <\/p>\n<p>hs-messages-is-open<\/p>\n<p>Dieses Cookie wird verwendet, um festzustellen und zu speichern, ob das Chat-Widget f\u00fcr zuk\u00fcnftige Besuche ge\u00f6ffnet ist. Es wird zur\u00fcckgesetzt, um das Widget nach 30 Minuten Inaktivit\u00e4t wieder zu schlie\u00dfen. <br \/>(L\u00e4uft ab: 30 Minuten)<\/p>\n<p>hs-messages-hide-welcome-message<\/p>\n<p>Dieses Cookie wird verwendet, um zu verhindern, dass die Begr\u00fc\u00dfungsnachricht nach ihrer Ablehnung einen Tag lang erneut angezeigt wird.<br \/>(L\u00e4uft ab: 1 Tag)<\/p>\n<p>__hsmem<\/p>\n<p>Dieses Cookie wird gesetzt, wenn sich Besucher bei einer von HubSpot gehosteten Website anmelden.<br \/>(L\u00e4uft ab: 1 Jahr)<\/p>\n<p><strong>Zustimmung zu Banner-Cookies<\/strong><\/p>\n<p>__hstc<\/p>\n<p>Der wichtigste Cookie zur Verfolgung von Besuchern. Er enth\u00e4lt die Domain, utk, den urspr\u00fcnglichen Zeitstempel (erster Besuch), den letzten Zeitstempel (letzter Besuch), den aktuellen Zeitstempel (dieser Besuch) und die Sitzungsnummer (wird bei jeder nachfolgenden Sitzung erh\u00f6ht). <br \/>(L\u00e4uft ab: 13 Monate)<\/p>\n<p>hubspotutk<\/p>\n<p>Dieses Cookie wird verwendet, um die Identit\u00e4t eines Besuchers zu verfolgen. Dieses Cookie wird bei der \u00dcbermittlung eines Formulars an HubSpot weitergegeben und bei der Deduplizierung von Kontakten verwendet. <br \/>(L\u00e4uft ab: 13 Monate)<\/p>\n<p>__hssc<\/p>\n<p>Dieses Cookie verfolgt die Sitzungen. Er wird verwendet, um zu bestimmen, ob HubSpot die Sitzungsnummer und die Zeitstempel im __hstc-Cookie inkrementieren soll. Es enth\u00e4lt die Domain, viewCount (erh\u00f6ht jede PageView in einer Sitzung) und den Zeitstempel f\u00fcr den Sitzungsbeginn.  <br \/>(L\u00e4uft ab: 30 min)<\/p>\n<p>__hssrc<\/p>\n<p>Immer wenn HubSpot das Sitzungscookie \u00e4ndert, wird dieses Cookie auch gesetzt, um festzustellen, ob der Besucher seinen Browser neu gestartet hat. Wenn dieses Cookie nicht existiert, wenn HubSpot Cookies verwaltet, wird es als neue Sitzung betrachtet. <br \/>(L\u00e4uft ab: Ende der Sitzung)<\/p>\n<p><strong>Anzeigen verfolgen<\/strong><\/p>\n<p>Wenn Sie das HubSpot-Anzeigen-Tool verwenden, um Ihr Facebook-Pixel auf Seiten mit dem HubSpot-Tracking-Code auszuw\u00e4hlen und zu installieren, verkn\u00fcpft HubSpot die Platzierung dieses Pixel-Codes mit dem Cookie-Benachrichtigungsbanner. Wenn Sie \u00fcber dieses Banner eine Zustimmung verlangen, kann das Facebook-Pixel keine Cookies f\u00fcr einen Besucher setzen, solange dieser nicht zugestimmt hat. <\/p>\n<p>Wenn Sie den Pixel-Code manuell auf Seiten platziert haben (z.B. durch Bearbeitung des HTML-Headers Ihrer Website), kann HubSpot nicht kontrollieren, bei welchen Besuchern Facebook Cookies setzen kann.<\/p>\n<p>Weitere Informationen finden Sie in den Nutzungsbedingungen f\u00fcr Business-Tools von Facebook und im Leitfaden f\u00fcr die Zustimmung zu Cookies von Facebook.<\/p>\n<p><strong>Cookies von Drittsystemen<\/strong><\/p>\n<p>HubSpot kann die von Skripten Dritter auf Ihrer Website platzierten Cookies nicht kontrollieren. Wenn ein Besucher Cookies \u00fcber das HubSpot-Zustimmungsbanner akzeptiert, erkl\u00e4rt er sich nur mit den Cookies von HubSpot einverstanden. Sie k\u00f6nnen jedoch einen Code einrichten, mit dem Sie feststellen k\u00f6nnen, ob ein Benutzer das HubSpot-Cookie-Tracking akzeptiert oder abgelehnt hat, und diese Information dann an Ihr Drittanbietersystem senden. Erfahren Sie mehr \u00fcber die Verwendung des HubSpot Zustimmungsbanners f\u00fcr Skripte von Drittanbietern.   <\/p>\n<p><strong>Andere Informationen<\/strong><\/p>\n<p>Erfahren Sie, wie Sie die vom HubSpot-Tracking-Code erzeugten Cookies entfernen, die im Rahmen der DSGVO im Einwilligungsbanner enthalten sind. Wenn die Cookies eines Besuchers entfernt werden, gilt der Besucher als &#8222;neu&#8220; und sieht das Banner mit der Cookie-Richtlinie, wenn er Ihre Website das n\u00e4chste Mal besucht. <\/p>\n<p>Besucher, die Ihre Website besucht haben, bevor das Banner f\u00fcr die Cookie-Richtlinie eingerichtet wurde, haben die vom HubSpot-Tracking-Code erstellten Cookies bereits in ihrem Browser. Sie werden daher das Banner mit der Cookie-Richtlinie erst sehen, wenn ihre Cookies entfernt wurden. <\/p>\n<p><strong>Internationale \u00dcberweisungen innerhalb der HubSpot-Unternehmensgruppe<\/strong><\/p>\n<p>Zur Erleichterung unserer globalen Gesch\u00e4ftst\u00e4tigkeit \u00fcbertragen wir Daten entweder nach Irland oder in die Vereinigten Staaten und erm\u00f6glichen den Zugriff auf diese Daten aus L\u00e4ndern, in denen die HubSpot-Tochtergesellschaften zu den in dieser Richtlinie beschriebenen Zwecken t\u00e4tig sind.<\/p>\n<p>Diese Datenschutzrichtlinie gilt auch dann, wenn wir personenbezogene Daten in andere L\u00e4nder \u00fcbermitteln. Wir haben angemessene Sicherheitsvorkehrungen getroffen, um sicherzustellen, dass Ihre pers\u00f6nlichen Daten gesch\u00fctzt bleiben. Wenn wir Informationen \u00fcber Sie innerhalb und zwischen den mit HubSpot verbundenen Unternehmen weitergeben, verwenden wir standardm\u00e4\u00dfige vertragliche Datenschutzklauseln, die von der Europ\u00e4ischen Kommission genehmigt wurden, und wir verlassen uns auf das EU-U.S. und Swiss-U.S. Privacy Shield Framework.  <\/p>\n<p><strong>Hinweis zum Privacy Shield<\/strong><\/p>\n<p>HubSpot nimmt am EU-U.S. Privacy Shield Framework und am Swiss-U.S. Privacy Shield Framework teil und hat deren Einhaltung zertifiziert. Die folgenden angeschlossenen Unternehmen halten sich an die Grunds\u00e4tze des Privacy Shields: HubSpot Ireland Limited, HubSpot Germany GmbH, HubSpot France S.A.S, HubSpot Australia Pty Ltd, HubSpot Asia Pte. Ltd., HubSpot Latin America S.A.S und HubSpot Japan KK. HubSpot hat sich verpflichtet, alle personenbezogenen Daten, die wir aus den Mitgliedsl\u00e4ndern der Europ\u00e4ischen Union (EU) und der Schweiz erhalten, im Vertrauen auf das Privacy Shield Framework den geltenden Grunds\u00e4tzen des Frameworks zu unterwerfen. Um mehr \u00fcber das Privacy Shield Framework zu erfahren, besuchen Sie die Privacy Shield Liste des U.S. Department of Commerce unter <a href=\"https:\/\/www.privacyshield.gov\/\" target=\"_blank\" rel=\"noopener\">https:\/\/www.privacyshield.gov<\/a>.    <\/p>\n<h3>3. Wie wir Ihre Informationen verwenden<\/h3>\n<p>Wir verwenden die von uns gesammelten Informationen f\u00fcr verschiedene Zwecke, darunter:<\/p>\n<ul>\n<li><strong>Zur Erbringung von Dienstleistungen<\/strong>: Bearbeitung Ihrer Anfragen auf der Seite &#8222;Ein Angebot anfordern&#8220; und Beantwortung Ihrer Anfragen.<\/li>\n<li><strong>Um unsere Website zu verbessern<\/strong>: Analyse von Nutzungsdaten zur Verbesserung des Designs, der Funktionalit\u00e4t und des Inhalts unserer Website.<\/li>\n<li><strong>Um mit Ihnen zu kommunizieren<\/strong>: Um Ihnen wichtige Updates, Angebote oder Newsletter zu senden, wenn Sie sich f\u00fcr den Erhalt solcher Mitteilungen entschieden haben.<\/li>\n<li><strong>Zur Verwaltung von Kundenbeziehungen<\/strong>: Wir verwenden HubSpot, um Ihre Interaktionen zu verfolgen und unsere Dienstleistungen zu verbessern.<\/li>\n<\/ul>\n<h3>4. Wie wir Ihre Informationen weitergeben<\/h3>\n<p>Wir verkaufen oder handeln nicht mit Ihren pers\u00f6nlichen Daten. Wir k\u00f6nnen Ihre Daten in den folgenden Situationen weitergeben: <\/p>\n<ul>\n<li><strong>Dienstanbieter<\/strong>: Wir k\u00f6nnen Ihre Daten an Drittanbieter weitergeben, die in unserem Auftrag Dienstleistungen erbringen, wie z. B. Hosting, Datenanalyse und Kundendienst.<\/li>\n<li><strong>Gesetzliche Verpflichtungen<\/strong>: Wir k\u00f6nnen Ihre Daten offenlegen, um rechtlichen Verpflichtungen nachzukommen, wie z.B. gerichtlichen Anordnungen oder beh\u00f6rdlichen Aufforderungen nachzukommen.<\/li>\n<\/ul>\n<h3>5. Datensicherheit<\/h3>\n<p>Wir setzen administrative, technische und physische Sicherheitsma\u00dfnahmen ein, um Ihre pers\u00f6nlichen Daten zu sch\u00fctzen. Obwohl wir uns bem\u00fchen, Ihre pers\u00f6nlichen Daten zu sch\u00fctzen, ist keine Methode der \u00dcbertragung \u00fcber das Internet oder der elektronischen Speicherung vollkommen sicher, so dass wir keine absolute Sicherheit garantieren k\u00f6nnen. <\/p>\n<h3>6. Ihre Datenschutzrechte<\/h3>\n<p>Je nach Ihrem Wohnort haben Sie m\u00f6glicherweise die folgenden Rechte in Bezug auf Ihre pers\u00f6nlichen Daten:<\/p>\n<ul>\n<li><strong>Zugang<\/strong>: Sie haben das Recht, Kopien Ihrer pers\u00f6nlichen Daten anzufordern.<\/li>\n<li><strong>Richtigstellung<\/strong>: Sie haben das Recht, uns aufzufordern, Informationen zu korrigieren, die Ihrer Meinung nach unrichtig sind.<\/li>\n<li><strong>L\u00f6schung<\/strong>: Sie haben das Recht, unter bestimmten Bedingungen zu verlangen, dass wir Ihre personenbezogenen Daten l\u00f6schen.<\/li>\n<li><strong>Einschr\u00e4nkung der Verarbeitung<\/strong>: Sie haben das Recht, unter bestimmten Bedingungen zu verlangen, dass wir die Verarbeitung Ihrer personenbezogenen Daten einschr\u00e4nken.<\/li>\n<li><strong>Einspruch gegen die Verarbeitung<\/strong>: Sie haben das Recht, der Verarbeitung Ihrer personenbezogenen Daten durch uns unter bestimmten Bedingungen zu widersprechen.<\/li>\n<\/ul>\n<p>Um eines dieser Rechte auszu\u00fcben, kontaktieren Sie uns bitte unter <a rel=\"noopener\">info@praxistrade.eu.<\/a><\/p>\n<h3>7. Links von Drittanbietern<\/h3>\n<p>Unsere Website kann Links zu Websites Dritter enthalten. Wir sind nicht verantwortlich f\u00fcr die Datenschutzpraktiken oder den Inhalt dieser Websites. Bitte lesen Sie die Datenschutzrichtlinien der Websites Dritter, die Sie besuchen.  <\/p>\n<h3>8. \u00c4nderungen an dieser Datenschutzrichtlinie<\/h3>\n<p>Wir k\u00f6nnen diese Datenschutzrichtlinie von Zeit zu Zeit aktualisieren. Alle \u00c4nderungen werden auf dieser Seite mit einem aktualisierten G\u00fcltigkeitsdatum ver\u00f6ffentlicht. Wir empfehlen Ihnen, diese Richtlinie regelm\u00e4\u00dfig zu lesen, um dar\u00fcber informiert zu bleiben, wie wir Ihre Daten sch\u00fctzen.  <\/p>\n<h3>9. Kontaktieren Sie uns<\/h3>\n<p>Wenn Sie Fragen zu dieser Datenschutzrichtlinie oder zu unseren Datenpraktiken haben, wenden Sie sich bitte an uns:<\/p>\n<p><strong>PraxisTrade.eu<\/strong><br \/>Email: <span style=\"font-weight: 400;\">info@praxisconsulta.com<\/span> <br \/>Website: <a href=\"http:\/\/www.praxistrade.eu\/de\" target=\"_new\" rel=\"noopener\">www.praxistrade.eu<\/a><\/p>\n\t\t\t\t\t\t\t\t<\/div>\n\t\t\t\t<\/div>\n\t\t\t\t\t<\/div>\n\t\t\t\t<\/div>\n\t\t\t\t<\/div>\n\t\t","protected":false},"excerpt":{"rendered":"<p>1. Einf\u00fchrung Willkommen bei PraxisTrade.eu. Diese Datenschutzrichtlinie erl\u00e4utert, wie wir Ihre Daten erfassen, verwenden, weitergeben und sch\u00fctzen, wenn Sie unsere Website www.praxistrade.eu besuchen. Wir verpflichten uns, Ihre pers\u00f6nlichen Daten zu sch\u00fctzen und Ihre Privatsph\u00e4re zu respektieren. Bitte lesen Sie diese Richtlinie sorgf\u00e4ltig durch, um zu verstehen, wie wir mit Ihren pers\u00f6nlichen Daten umgehen. 2. Informationen, [&hellip;]<\/p>\n","protected":false},"author":2,"featured_media":0,"parent":0,"menu_order":0,"comment_status":"closed","ping_status":"closed","template":"","meta":{"footnotes":""},"class_list":["post-24587","page","type-page","status-publish","hentry"],"_links":{"self":[{"href":"https:\/\/praxistrade.eu\/de\/wp-json\/wp\/v2\/pages\/24587","targetHints":{"allow":["GET"]}}],"collection":[{"href":"https:\/\/praxistrade.eu\/de\/wp-json\/wp\/v2\/pages"}],"about":[{"href":"https:\/\/praxistrade.eu\/de\/wp-json\/wp\/v2\/types\/page"}],"author":[{"embeddable":true,"href":"https:\/\/praxistrade.eu\/de\/wp-json\/wp\/v2\/users\/2"}],"replies":[{"embeddable":true,"href":"https:\/\/praxistrade.eu\/de\/wp-json\/wp\/v2\/comments?post=24587"}],"version-history":[{"count":1,"href":"https:\/\/praxistrade.eu\/de\/wp-json\/wp\/v2\/pages\/24587\/revisions"}],"predecessor-version":[{"id":24588,"href":"https:\/\/praxistrade.eu\/de\/wp-json\/wp\/v2\/pages\/24587\/revisions\/24588"}],"wp:attachment":[{"href":"https:\/\/praxistrade.eu\/de\/wp-json\/wp\/v2\/media?parent=24587"}],"curies":[{"name":"wp","href":"https:\/\/api.w.org\/{rel}","templated":true}]}}