{"id":23692,"date":"2024-07-11T17:12:41","date_gmt":"2024-07-11T16:12:41","guid":{"rendered":"https:\/\/praxistrade.eu\/product\/leinen-kochschuerze\/"},"modified":"2024-07-11T17:12:41","modified_gmt":"2024-07-11T16:12:41","slug":"leinen-kochschuerze","status":"publish","type":"product","link":"https:\/\/praxistrade.eu\/de\/produkt\/leinen-kochschuerze\/","title":{"rendered":"Leinen-Kochsch\u00fcrze"},"content":{"rendered":"<ul>\n<li>Sofortige Trocknungsmagie und au\u00dfergew\u00f6hnliche Feuchtigkeitsregulierung &#8211; lassen Sie sich von der Magie unserer Sch\u00fcrze verzaubern, die nicht nur blitzschnell trocknet, sondern auch wie ein Profi die Feuchtigkeit aufnimmt. Ideal f\u00fcr passionierte K\u00f6che, die sich keine Gedanken \u00fcber kleine Pannen machen wollen.<\/li>\n<li>Diese Sch\u00fcrze h\u00e4lt Sie und Ihre Kleidung unter allen Bedingungen trocken und sauber<\/li>\n<li>Eleganz trifft auf praktische Schlichtheit &#8211; unsere Kochsch\u00fcrze besticht durch ein minimalistisches Design, das Eleganz in jede K\u00fcche bringt. Das elegante Grau unterstreicht Ihre Liebe zum Detail und verleiht jedem K\u00fcchenoutfit einen Hauch von Klasse. Ein echtes Schmuckst\u00fcck, das Funktion und Mode in Harmonie vereint.<\/li>\n<li>Umarmen Sie sich in Leinen &#8211; sp\u00fcren Sie, wie unsere Sch\u00fcrze Sie bei jeder Bewegung sanft einh\u00fcllt. Der hochwertige Leinenstoff bietet unvergleichlichen Komfort und l\u00e4sst Sie vergessen, dass Sie \u00fcberhaupt eine Sch\u00fcrze tragen. Ideal f\u00fcr lange Stunden in der K\u00fcche, wo Komfort an erster Stelle steht<\/li>\n<li>Verspieltes Anziehen mit Kreuzr\u00fccken &#8211; entdecken Sie die Freude am einfachen An- und Ausziehen unserer Sch\u00fcrze dank des kreativen Kreuzr\u00fcckendesigns. Diese Sch\u00fcrze passt sich Ihrem K\u00f6rper an, ohne zu verrutschen oder zu dr\u00fccken. So wird die Zubereitung zum Vergn\u00fcgen und nicht zur Pflicht.<\/li>\n<li>Universell passend f\u00fcr K\u00fcchenhelden &#8211; Unsere Sch\u00fcrze empf\u00e4ngt jeden, der die K\u00fcche betritt, mit offenen Armen. Ihre gro\u00dfz\u00fcgige Gr\u00f6\u00dfe sorgt daf\u00fcr, dass sich jeder, unabh\u00e4ngig von seiner Statur, gesch\u00fctzt und stilvoll f\u00fchlen wird. Ein wahres Symbol f\u00fcr Inklusivit\u00e4t und Gemeinschaft in der Welt des Kochens.<\/li>\n<li>Gr\u00fcnes Licht f\u00fcr Nachhaltigkeit &#8211; wir nehmen unsere Verantwortung gegen\u00fcber der Erde ernst. Dank des \u00d6ko-Tex Standard 100-Zertifikats k\u00f6nnen wir Ihnen versichern, dass unsere Sch\u00fcrze frei von Schadstoffen ist. Ein kleiner Schritt f\u00fcr Sie, ein gro\u00dfer Schritt f\u00fcr unseren Planeten.<\/li>\n<\/ul>\n","protected":false},"excerpt":{"rendered":"<p>LINAS 100% Leinen Kochsch\u00fcrze f\u00fcr M\u00e4nner und Frauen, Premium Kochsch\u00fcrze mit Taschen, Oeko Tex\u00ae zertifizierte Kreuzr\u00fcckensch\u00fcrze, waschbare weiche Kochsch\u00fcrze zum Kochen oder Backen, japanischer Stil, Boho<\/p>\n","protected":false},"featured_media":23693,"comment_status":"open","ping_status":"closed","template":"","meta":[],"product_brand":[],"product_cat":[1090],"product_tag":[],"class_list":{"0":"post-23692","1":"product","2":"type-product","3":"status-publish","4":"has-post-thumbnail","6":"product_cat-haus-auto","8":"first","9":"instock","10":"shipping-taxable","11":"purchasable","12":"product-type-variable"},"_links":{"self":[{"href":"https:\/\/praxistrade.eu\/de\/wp-json\/wp\/v2\/product\/23692","targetHints":{"allow":["GET"]}}],"collection":[{"href":"https:\/\/praxistrade.eu\/de\/wp-json\/wp\/v2\/product"}],"about":[{"href":"https:\/\/praxistrade.eu\/de\/wp-json\/wp\/v2\/types\/product"}],"replies":[{"embeddable":true,"href":"https:\/\/praxistrade.eu\/de\/wp-json\/wp\/v2\/comments?post=23692"}],"wp:featuredmedia":[{"embeddable":true,"href":"https:\/\/praxistrade.eu\/de\/wp-json\/wp\/v2\/media\/23693"}],"wp:attachment":[{"href":"https:\/\/praxistrade.eu\/de\/wp-json\/wp\/v2\/media?parent=23692"}],"wp:term":[{"taxonomy":"product_brand","embeddable":true,"href":"https:\/\/praxistrade.eu\/de\/wp-json\/wp\/v2\/product_brand?post=23692"},{"taxonomy":"product_cat","embeddable":true,"href":"https:\/\/praxistrade.eu\/de\/wp-json\/wp\/v2\/product_cat?post=23692"},{"taxonomy":"product_tag","embeddable":true,"href":"https:\/\/praxistrade.eu\/de\/wp-json\/wp\/v2\/product_tag?post=23692"}],"curies":[{"name":"wp","href":"https:\/\/api.w.org\/{rel}","templated":true}]}}