{"id":23708,"date":"2024-07-11T17:20:00","date_gmt":"2024-07-11T16:20:00","guid":{"rendered":"https:\/\/praxistrade.eu\/product\/leinen-kissenbezug-44-x-44-cm\/"},"modified":"2024-07-11T17:20:00","modified_gmt":"2024-07-11T16:20:00","slug":"leinen-kissenbezug-44-x-44-cm","status":"publish","type":"product","link":"https:\/\/praxistrade.eu\/de\/produkt\/leinen-kissenbezug-44-x-44-cm\/","title":{"rendered":"Leinen-Kissenbezug 44 x 44 cm"},"content":{"rendered":"<ul>\n<li>A TOUCH OF LUXURY: Verwandeln Sie Ihr Zuhause in eine Oase der Entspannung mit unserem LINAS Kissenbezug. Das elegante Design und die beruhigende blaue Farbe schaffen eine Atmosph\u00e4re der Ruhe und Eleganz, perfekt f\u00fcr jedes Sofa oder Schlafzimmer.<\/li>\n<li>UNVERGLEICHLICHE QUALIT\u00c4T: Gefertigt aus hochwertigem gewaschenem Leinen, bietet dieser Kissenbezug nicht nur ein au\u00dfergew\u00f6hnliches Gef\u00fchl von Komfort und Luxus, sondern garantiert auch Langlebigkeit und Widerstandsf\u00e4higkeit im t\u00e4glichen Gebrauch.<\/li>\n<li>PERFEKT F\u00dcR JEDEN RAUM: Mit seinem zeitlosen Design f\u00fcgt sich unser Kissenbezug nahtlos in jede Einrichtung ein, sei sie nun modern, klassisch oder rustikal. Ein wahres Cham\u00e4leon, das Ihren Raum aufwertet und einladender macht.<br \/>\nOptimale Gr\u00f6\u00dfe f\u00fcr Komfort: Unsere Kissenbez\u00fcge mit den Ma\u00dfen 44 x 44 cm sind die perfekte Wahl f\u00fcr Ihre Zierkissen, um Komfort und Stil zu maximieren. Sie bieten das ideale Gleichgewicht zwischen Unterst\u00fctzung und Flauschigkeit.<br \/>\nPflegeleicht: Der pflegeleichte Aspekt unseres Kissenbezugs spart Ihnen Zeit und M\u00fche. Das leicht abwischbare Material sorgt daf\u00fcr, dass Ihr Zuhause immer frisch und einladend bleibt, ohne dass Sie auf Stil oder Komfort verzichten m\u00fcssen.<\/li>\n<li>FARBIGER AKZENT: Bringen Sie mit unserem leuchtenden Blau einen Farbtupfer in jeden Raum. Es bringt Frische und Vitalit\u00e4t in Ihr Zuhause und schafft eine Atmosph\u00e4re, in der Sie sich entspannen und erholen k\u00f6nnen.<br \/>\nDas perfekte Geschenk: In einer attraktiven Schachtel verpackt, ist unser Kissenbezug das ideale Geschenk f\u00fcr Freunde und Familie. Ob als Einweihungsgeschenk oder als kleines Mitbringsel, es wird dem Empf\u00e4nger sicher ein L\u00e4cheln ins Gesicht zaubern<br \/>\nNachhaltigkeit trifft Stil: Ausgestattet mit dem \u00d6ko-Tex Standard 100 Zertifikat steht unser Kissenbezug nicht nur f\u00fcr stilvolles Design, sondern auch f\u00fcr eine umweltfreundliche und nachhaltige Produktion.<\/li>\n<li>FLEXIBILIT\u00c4T IN IHREN H\u00c4NDEN: Unser Kissenbezug wird ohne F\u00fcllung geliefert und gibt Ihnen die Freiheit, Ihre bevorzugte F\u00fcllung zu w\u00e4hlen und so den perfekten Grad an Weichheit f\u00fcr Ihre Bed\u00fcrfnisse zu erreichen.<\/li>\n<li>Zeitlose Eleganz: Dieser Kissenbezug ist ein Statement von zeitloser Sch\u00f6nheit und Eleganz. Ein Must-Have, das jedem Raum einen Hauch von Klasse verleiht und nie aus der Mode kommen wird.<\/li>\n<\/ul>\n","protected":false},"excerpt":{"rendered":"<p>Leinen-Kissenbezug 44 x 44 cm &#8211; \u00d6ko-Tex \u00ae Dekorative Kissenbez\u00fcge f\u00fcr Sofa und Schlafzimmer Waschbar Dekorative Kissenbez\u00fcge Moderne Kissenbez\u00fcge Sofa-Kissenbezug Dekorative Kissenbez\u00fcge<\/p>\n","protected":false},"featured_media":23709,"comment_status":"open","ping_status":"closed","template":"","meta":[],"product_brand":[],"product_cat":[1090],"product_tag":[],"class_list":{"0":"post-23708","1":"product","2":"type-product","3":"status-publish","4":"has-post-thumbnail","6":"product_cat-haus-auto","8":"first","9":"instock","10":"shipping-taxable","11":"purchasable","12":"product-type-variable"},"_links":{"self":[{"href":"https:\/\/praxistrade.eu\/de\/wp-json\/wp\/v2\/product\/23708","targetHints":{"allow":["GET"]}}],"collection":[{"href":"https:\/\/praxistrade.eu\/de\/wp-json\/wp\/v2\/product"}],"about":[{"href":"https:\/\/praxistrade.eu\/de\/wp-json\/wp\/v2\/types\/product"}],"replies":[{"embeddable":true,"href":"https:\/\/praxistrade.eu\/de\/wp-json\/wp\/v2\/comments?post=23708"}],"wp:featuredmedia":[{"embeddable":true,"href":"https:\/\/praxistrade.eu\/de\/wp-json\/wp\/v2\/media\/23709"}],"wp:attachment":[{"href":"https:\/\/praxistrade.eu\/de\/wp-json\/wp\/v2\/media?parent=23708"}],"wp:term":[{"taxonomy":"product_brand","embeddable":true,"href":"https:\/\/praxistrade.eu\/de\/wp-json\/wp\/v2\/product_brand?post=23708"},{"taxonomy":"product_cat","embeddable":true,"href":"https:\/\/praxistrade.eu\/de\/wp-json\/wp\/v2\/product_cat?post=23708"},{"taxonomy":"product_tag","embeddable":true,"href":"https:\/\/praxistrade.eu\/de\/wp-json\/wp\/v2\/product_tag?post=23708"}],"curies":[{"name":"wp","href":"https:\/\/api.w.org\/{rel}","templated":true}]}}