{"id":23724,"date":"2024-07-11T17:46:42","date_gmt":"2024-07-11T16:46:42","guid":{"rendered":"https:\/\/praxistrade.eu\/product\/leinen-kuechentuecher-pack\/"},"modified":"2024-07-11T17:46:42","modified_gmt":"2024-07-11T16:46:42","slug":"leinen-kuechentuecher-pack","status":"publish","type":"product","link":"https:\/\/praxistrade.eu\/de\/produkt\/leinen-kuechentuecher-pack\/","title":{"rendered":"Leinen K\u00fcchent\u00fccher Pack"},"content":{"rendered":"<ul>\n<li><strong>Farbe<\/strong>: Ginko Gr\u00fcn<\/li>\n<li><strong>Material<\/strong>: Leinen<\/li>\n<li><strong>Produktabmessungen<\/strong>: 70L x 45W Zentimeter<\/li>\n<li><strong>Anzahl der Artikel<\/strong>: 2<\/li>\n<\/ul>\n","protected":false},"excerpt":{"rendered":"<p>45 x 70 cm Premium Geschirrt\u00fccher, \u00d6ko-Tex zertifizierte Geschirrt\u00fccher, K\u00fcchent\u00fccher f\u00fcr Haushalt und Gastronomie, saugf\u00e4hige und robuste trockene Handt\u00fccher<\/p>\n","protected":false},"featured_media":23725,"comment_status":"open","ping_status":"closed","template":"","meta":[],"product_brand":[],"product_cat":[1090],"product_tag":[],"class_list":{"0":"post-23724","1":"product","2":"type-product","3":"status-publish","4":"has-post-thumbnail","6":"product_cat-haus-auto","8":"first","9":"instock","10":"shipping-taxable","11":"purchasable","12":"product-type-variable"},"_links":{"self":[{"href":"https:\/\/praxistrade.eu\/de\/wp-json\/wp\/v2\/product\/23724","targetHints":{"allow":["GET"]}}],"collection":[{"href":"https:\/\/praxistrade.eu\/de\/wp-json\/wp\/v2\/product"}],"about":[{"href":"https:\/\/praxistrade.eu\/de\/wp-json\/wp\/v2\/types\/product"}],"replies":[{"embeddable":true,"href":"https:\/\/praxistrade.eu\/de\/wp-json\/wp\/v2\/comments?post=23724"}],"wp:featuredmedia":[{"embeddable":true,"href":"https:\/\/praxistrade.eu\/de\/wp-json\/wp\/v2\/media\/23725"}],"wp:attachment":[{"href":"https:\/\/praxistrade.eu\/de\/wp-json\/wp\/v2\/media?parent=23724"}],"wp:term":[{"taxonomy":"product_brand","embeddable":true,"href":"https:\/\/praxistrade.eu\/de\/wp-json\/wp\/v2\/product_brand?post=23724"},{"taxonomy":"product_cat","embeddable":true,"href":"https:\/\/praxistrade.eu\/de\/wp-json\/wp\/v2\/product_cat?post=23724"},{"taxonomy":"product_tag","embeddable":true,"href":"https:\/\/praxistrade.eu\/de\/wp-json\/wp\/v2\/product_tag?post=23724"}],"curies":[{"name":"wp","href":"https:\/\/api.w.org\/{rel}","templated":true}]}}