{"id":23742,"date":"2024-07-11T17:28:27","date_gmt":"2024-07-11T16:28:27","guid":{"rendered":"https:\/\/praxistrade.eu\/product\/premium-leinen-kissenbezug-44-x-44-cm\/"},"modified":"2024-07-11T17:28:27","modified_gmt":"2024-07-11T16:28:27","slug":"premium-leinen-kissenbezug-44-x-44-cm","status":"publish","type":"product","link":"https:\/\/praxistrade.eu\/de\/produkt\/premium-leinen-kissenbezug-44-x-44-cm\/","title":{"rendered":"Premium Leinen-Kissenbezug 44 x 44 cm"},"content":{"rendered":"<ul class=\"a-unordered-list a-vertical a-spacing-mini\">\n<li class=\"a-spacing-mini\">\u00d6KOLOGISCH &amp; STYLISCH: Tauchen Sie ein in den Luxus dieses Kissenbezugs aus gr\u00fcnem Premium-Leinen, der aus einer einzigartigen Kombination aus gewaschenem Leinen und recycelten Garnen hergestellt wird. Dieses nach \u00d6ko-Tex Standard 100 und GRS zertifizierte Produkt kombiniert Nachhaltigkeit mit modernem Design f\u00fcr Ihr Zuhause.<\/li>\n<li class=\"a-spacing-mini\">FRISCHES DESIGN F\u00dcR JEDEN RAUM: Mit seinen verspielten 2 cm langen Fransen in der gleichen frischen gr\u00fcnen Farbe verleiht dieser Kissenbezug Ihrem Wohn- oder Schlafzimmer eine lebendige und zugleich elegante Note. Perfekt abgestimmt auf \u00e4hnliche, pastellfarbene oder neutrale Interieurs, setzt es gekonnt Akzente.<\/li>\n<li class=\"a-spacing-mini\">WEICHHEIT, DIE INSPIRIERT: Erleben Sie den unvergleichlichen Komfort und die Weichheit von gewaschenem Leinen. Dieser Kissenbezug l\u00e4dt zum Entspannen und Tr\u00e4umen ein, perfekt f\u00fcr gem\u00fctliche Stunden auf dem Sofa oder als stilvolle Schlafzimmerdekoration.<\/li>\n<li class=\"a-spacing-mini\">LANGLEBIGKEIT UND PFLEGELEICHTIGKEIT: Dieser robuste Kissenbezug beweist, dass Stil und Haltbarkeit Hand in Hand gehen. Es ist leicht waschbar und beh\u00e4lt auch nach h\u00e4ufigem Gebrauch seine Sch\u00f6nheit und Farbe, ohne an Komfort einzub\u00fc\u00dfen.<\/li>\n<li class=\"a-spacing-mini\">HIDDEN ZIPPER: Der verdeckte Rei\u00dfverschluss garantiert nicht nur ein elegantes Aussehen, sondern erleichtert auch den Wechsel der Kissenf\u00fcllung. Eine praktische und stilvolle L\u00f6sung f\u00fcr Ihr Zuhause.<br \/>\nVielseitig einsetzbar: Ob als dekoratives Kissen auf Ihrem Sofa, als farbenfroher Akzent auf dem Bett oder als bequemes Kopfkissen, dieser Kissenbezug ist ein echter Allrounder und verleiht jedem Raum eine pers\u00f6nliche Note.<\/li>\n<li class=\"a-spacing-mini\">PERFEKTES GESCHENK: In einer kuscheligen Box verpackt, ist dieser Kissenbezug das ideale Geschenk f\u00fcr Freunde, Familie oder als besondere Freude f\u00fcr Sie selbst. \u00dcberraschen Sie Ihre Liebsten mit einem Hauch von Luxus und Komfort.<br \/>\nModernes Wohnaccessoire: Setzen Sie mit diesem modernen und zugleich gem\u00fctlichen Kissenbezug neue Trends in Ihrer Einrichtung. Er f\u00fcgt sich nahtlos in jede moderne oder klassische Einrichtung ein und sorgt f\u00fcr ein modernes Raumgef\u00fchl.<\/li>\n<li class=\"a-spacing-mini\">NACHHALTIG &amp; VERANTWORTUNGSBEWUSST: Mit dem Kauf dieses Kissenbezugs unterst\u00fctzen Sie nicht nur die Umwelt, indem Sie recycelte Materialien verwenden, sondern setzen auch ein Zeichen f\u00fcr verantwortungsvollen Konsum.<\/li>\n<li class=\"a-spacing-mini\">Eine Oase der Ruhe: Lassen Sie diesen gr\u00fcnen Leinenkissenbezug zu Ihrer pers\u00f6nlichen Oase der Ruhe werden. Sein beruhigendes Gr\u00fcn und die sanfte Textur des Leinens schaffen eine Atmosph\u00e4re der Entspannung und des Wohlbefindens.<\/li>\n<\/ul>\n","protected":false},"excerpt":{"rendered":"<p>Dekorative Kissenbez\u00fcge mit verdecktem waschbarem dekorativem Kissenbezug f\u00fcr Sofa &amp; Schlafzimmer Moderne Kissenbez\u00fcge Sofakissen-Kissenbezug<\/p>\n","protected":false},"featured_media":23743,"comment_status":"open","ping_status":"closed","template":"","meta":[],"product_brand":[],"product_cat":[1090],"product_tag":[],"class_list":{"0":"post-23742","1":"product","2":"type-product","3":"status-publish","4":"has-post-thumbnail","6":"product_cat-haus-auto","8":"first","9":"instock","10":"shipping-taxable","11":"purchasable","12":"product-type-variable"},"_links":{"self":[{"href":"https:\/\/praxistrade.eu\/de\/wp-json\/wp\/v2\/product\/23742","targetHints":{"allow":["GET"]}}],"collection":[{"href":"https:\/\/praxistrade.eu\/de\/wp-json\/wp\/v2\/product"}],"about":[{"href":"https:\/\/praxistrade.eu\/de\/wp-json\/wp\/v2\/types\/product"}],"replies":[{"embeddable":true,"href":"https:\/\/praxistrade.eu\/de\/wp-json\/wp\/v2\/comments?post=23742"}],"wp:featuredmedia":[{"embeddable":true,"href":"https:\/\/praxistrade.eu\/de\/wp-json\/wp\/v2\/media\/23743"}],"wp:attachment":[{"href":"https:\/\/praxistrade.eu\/de\/wp-json\/wp\/v2\/media?parent=23742"}],"wp:term":[{"taxonomy":"product_brand","embeddable":true,"href":"https:\/\/praxistrade.eu\/de\/wp-json\/wp\/v2\/product_brand?post=23742"},{"taxonomy":"product_cat","embeddable":true,"href":"https:\/\/praxistrade.eu\/de\/wp-json\/wp\/v2\/product_cat?post=23742"},{"taxonomy":"product_tag","embeddable":true,"href":"https:\/\/praxistrade.eu\/de\/wp-json\/wp\/v2\/product_tag?post=23742"}],"curies":[{"name":"wp","href":"https:\/\/api.w.org\/{rel}","templated":true}]}}