{"id":24159,"date":"2024-07-15T18:01:40","date_gmt":"2024-07-15T17:01:40","guid":{"rendered":"https:\/\/praxistrade.eu\/product\/la-generosite-du-figuier-home-diffuser\/"},"modified":"2024-07-19T15:50:00","modified_gmt":"2024-07-19T14:50:00","slug":"la-generosite-du-figuier-home-diffuser","status":"publish","type":"product","link":"https:\/\/praxistrade.eu\/de\/produkt\/la-generosite-du-figuier-home-diffuser\/","title":{"rendered":"La G\u00e9n\u00e9rosit\u00e9 Du Figuier Home Diffuser"},"content":{"rendered":"","protected":false},"excerpt":{"rendered":"<p>Umh\u00fcllen Sie Ihr Zuhause mit der reichhaltigen W\u00e4rme von &#8218;La G\u00e9n\u00e9rosit\u00e9 Du Figuier&#8216;.<\/p>\n<p>Die vibrierende Frische der Mandarine, die \u00fcppige S\u00fc\u00dfe der Feigen und die funkelnde Klarheit der Bergamotte vereinen sich zu einer einladenden und opulenten Atmosph\u00e4re.<\/p>\n<p>Dieser Duft verk\u00f6rpert den gro\u00dfz\u00fcgigen Geist und die einladende Umarmung des Feigenbaums und bietet einen luxuri\u00f6sen R\u00fcckzugsort von der Au\u00dfenwelt.<\/p>\n<ul>\n<li>Kopfnoten &#8211; Bergamotte, Mandarine<\/li>\n<li>Herznoten &#8211; Feige, Orris<\/li>\n<li>Basisnoten &#8211; Moschus, Zedernholz<\/li>\n<\/ul>\n","protected":false},"featured_media":23594,"comment_status":"open","ping_status":"closed","template":"","meta":[],"product_brand":[],"product_cat":[1090],"product_tag":[],"class_list":{"0":"post-24159","1":"product","2":"type-product","3":"status-publish","4":"has-post-thumbnail","6":"product_cat-haus-auto","8":"first","9":"instock","10":"shipping-taxable","11":"purchasable","12":"product-type-variable"},"_links":{"self":[{"href":"https:\/\/praxistrade.eu\/de\/wp-json\/wp\/v2\/product\/24159","targetHints":{"allow":["GET"]}}],"collection":[{"href":"https:\/\/praxistrade.eu\/de\/wp-json\/wp\/v2\/product"}],"about":[{"href":"https:\/\/praxistrade.eu\/de\/wp-json\/wp\/v2\/types\/product"}],"replies":[{"embeddable":true,"href":"https:\/\/praxistrade.eu\/de\/wp-json\/wp\/v2\/comments?post=24159"}],"wp:featuredmedia":[{"embeddable":true,"href":"https:\/\/praxistrade.eu\/de\/wp-json\/wp\/v2\/media\/23594"}],"wp:attachment":[{"href":"https:\/\/praxistrade.eu\/de\/wp-json\/wp\/v2\/media?parent=24159"}],"wp:term":[{"taxonomy":"product_brand","embeddable":true,"href":"https:\/\/praxistrade.eu\/de\/wp-json\/wp\/v2\/product_brand?post=24159"},{"taxonomy":"product_cat","embeddable":true,"href":"https:\/\/praxistrade.eu\/de\/wp-json\/wp\/v2\/product_cat?post=24159"},{"taxonomy":"product_tag","embeddable":true,"href":"https:\/\/praxistrade.eu\/de\/wp-json\/wp\/v2\/product_tag?post=24159"}],"curies":[{"name":"wp","href":"https:\/\/api.w.org\/{rel}","templated":true}]}}