{"id":25571,"date":"2024-12-24T08:38:58","date_gmt":"2024-12-24T08:38:58","guid":{"rendered":"https:\/\/praxistrade.eu\/product\/bio-akazienhonig-mit-bio-aroniabeeren-aufstrich-230-g\/"},"modified":"2024-12-24T08:38:58","modified_gmt":"2024-12-24T08:38:58","slug":"bio-akazienhonig-mit-bio-aroniabeeren-aufstrich-230-g","status":"publish","type":"product","link":"https:\/\/praxistrade.eu\/de\/produkt\/bio-akazienhonig-mit-bio-aroniabeeren-aufstrich-230-g\/","title":{"rendered":"Bio-Akazienhonig mit Bio-Aroniabeeren Aufstrich, 230 g"},"content":{"rendered":"<p><b>\u00dcber diesen Artikel<\/b><span style=\"font-weight: 400;\">:<\/span><\/p>\n<p><span style=\"font-weight: 400;\">Der Artikel wiegt 230g und nicht 400g<\/span><\/p>\n<p><span style=\"font-weight: 400;\"><strong>Gewicht der Verpackung:<\/strong> 400g<\/span><\/p>\n<p><span style=\"font-weight: 400;\"><strong>Honig Art:<\/strong> Akazie<\/span><\/p>\n<ul>\n<li style=\"font-weight: 400;\" aria-level=\"1\"><span style=\"font-weight: 400;\">Exquisiter Bio-Honigaufstrich &#8211; Lassen Sie sich von der unvergleichlichen Kombination aus 70% Bio-Akazienhonig und 20% Bio-Aroniabeeren verzaubern &#8211; ein Hauch von Luxus f\u00fcr Ihren Alltag.<\/span><\/li>\n<li style=\"font-weight: 400;\" aria-level=\"1\"><b>Einzigartige Kaltverarbeitungsmethode<\/b><span style=\"font-weight: 400;\"> &#8211; In unserem speziellen Niedrigtemperaturverfahren wird die Mischung aus Honig und Aroniabeeren bei Temperaturen unter 38\u00b0C schonend dehydriert. Dies ahmt die nat\u00fcrliche Art und Weise nach, wie Bienen Honig erzeugen, und bewahrt Enzyme, Antioxidantien und N\u00e4hrstoffe f\u00fcr ein Maximum an gesundheitlichem Nutzen und Geschmack. <\/span><\/li>\n<li style=\"font-weight: 400;\" aria-level=\"1\"><span style=\"font-weight: 400;\">100% Bio, 100% Geschmack \u2013 Hergestellt aus hochwertigen Bio-Zutaten und schonend unter 38\u00b0C verarbeitet, damit das volle Aroma und die wertvollen N\u00e4hrstoffe erhalten bleiben.<\/span><\/li>\n<li style=\"font-weight: 400;\" aria-level=\"1\"><span style=\"font-weight: 400;\">Dein perfekter Start in den Tag &#8211; Verleihe deinem Fr\u00fchst\u00fcck das besondere Extra mit diesem cremigen Bio-Aufstrich &#8211; perfekt zu Brot, Croissants oder Joghurt.<\/span><\/li>\n<li style=\"font-weight: 400;\" aria-level=\"1\"><span style=\"font-weight: 400;\">SCHMELZENDE WEICHE TEXTUR \u2013 Genie\u00dfen Sie eine samtige Konsistenz, die sich m\u00fchelos verteilen l\u00e4sst und jede Mahlzeit zu einem Gourmet-Erlebnis macht.<\/span><\/li>\n<li style=\"font-weight: 400;\" aria-level=\"1\"><span style=\"font-weight: 400;\">Ehrlich und nat\u00fcrlich \u2013 Frei von k\u00fcnstlichen Zus\u00e4tzen bietet dieser Bio Brotaufstrich puren Genuss, dem Sie vertrauen k\u00f6nnen \u2013 ideal f\u00fcr bewusste Genie\u00dfer.<\/span><\/li>\n<li style=\"font-weight: 400;\" aria-level=\"1\"><span style=\"font-weight: 400;\">F\u00fcr kreative Genussideen &#8211; Ob als Highlight im Geb\u00e4ck, auf der K\u00e4seplatte oder als raffinierte Zutat in Desserts \u2013 dieser Brotaufstrich inspiriert zu neuen Geschmackskreationen.<\/span><\/li>\n<li style=\"font-weight: 400;\" aria-level=\"1\"><span style=\"font-weight: 400;\">Verw\u00f6hnen Sie Ihre Geschmacksknospen &#8211; Der ausgewogene Geschmack aus der s\u00fc\u00dfen Note des Honigs und der leicht bitteren S\u00fc\u00dfe der Aroniabeeren sorgt f\u00fcr ein wahres Geschmackserlebnis.<\/span><\/li>\n<li style=\"font-weight: 400;\" aria-level=\"1\"><span style=\"font-weight: 400;\">MELINIS: Ihr Vertrauen in Bio-Qualit\u00e4t &#8211; Verlassen Sie sich auf Melinis und genie\u00dfen Sie hochwertige Bio-Produkte, die mit Sorgfalt hergestellt werden, um Ihnen besondere Momente des Genusses zu schenken.<\/span><\/li>\n<\/ul>\n<h3><strong>Details zum Produkt:<\/strong><\/h3>\n<p><span style=\"font-weight: 400;\"><strong>Region der Herkunft: <\/strong>EU &#8211; Rum\u00e4nien<\/span><\/p>\n<p><span style=\"font-weight: 400;\"><strong>Hersteller:<\/strong> Atelierele Melinis SRL<\/span><\/p>\n<p><span style=\"font-weight: 400;\"><strong>Artikelform:<\/strong> Glas<\/span><\/p>\n<h3><strong>Ma\u00dfe:<\/strong><\/h3>\n<p><span style=\"font-weight: 400;\"><strong>Artikelpaket:<\/strong> 230g<\/span><\/p>\n<p><span style=\"font-weight: 400;\"><strong>Artikelpaketgewicht:<\/strong> 400g <\/span><b>Nicht <\/b><span style=\"font-weight: 400;\">Artikelgewicht<\/span><\/p>\n<p><span style=\"font-weight: 400;\"><strong>Ma\u00dfe:<\/strong> 6,3cm x 6,3cm x 8,0cm<\/span><\/p>\n<h3><b>Produktbeschreibung<\/b><\/h3>\n<p><span style=\"font-weight: 400;\">Melinis Aronia kombiniert rohen Bio-Akazienhonig mit dem reichhaltigen, w\u00fcrzigen Geschmack von Aroniabeeren. Mit ihrer tief rubinroten Farbe und ihrem s\u00fc\u00df-bitteren Geschmack sind Aroniabeeren f\u00fcr ihren au\u00dfergew\u00f6hnlichen Gehalt an Antioxidantien und den hohen Gehalt an den Vitaminen A, B, C, E, K und P bekannt. <\/span><\/p>\n<p><span style=\"font-weight: 400;\">Durch ein einzigartiges Kaltverarbeitungsverfahren bewahrt Melinis Aronia die nat\u00fcrlichen N\u00e4hrstoffe und Antioxidantien seiner Zutaten. Dieser vielseitige Brotaufstrich bietet eine geschmackvolle M\u00f6glichkeit, Ihre Gesundheit zu unterst\u00fctzen und gleichzeitig Ihre Geschmacksknospen zu erfreuen. <\/span><\/p>\n<p><span style=\"font-weight: 400;\">Bei Melinis sind wir stolz auf unser einzigartiges Herstellungsverfahren, das von der nat\u00fcrlichen Arbeit der Bienen in ihrem Bienenstock inspiriert ist. Genauso wie die Bienen ihren Honig bel\u00fcften, um den Wassergehalt zu reduzieren, vermischen wir auf sanfte Weise rohe Fr\u00fcchte mit Honig und verarbeiten diese Mischung mit speziell entwickelten Ger\u00e4ten, den Homogenisatoren. Diese Maschinen halten eine kontrollierte Temperatur von 35-38\u00b0C aufrecht und verwenden Str\u00f6me sehr trockener Luft, um das Wasser \u00fcber einen Zeitraum von 2-4 Wochen aus der Mischung zu verdampfen. Durch diese langsame und sorgf\u00e4ltige Methode werden die Fr\u00fcchte in ihrem naturnahen Zustand konserviert, ohne dass sie gekocht oder pasteurisiert werden, wodurch ein maximaler N\u00e4hrwert und ein authentischer Geschmack in jedem Glas gew\u00e4hrleistet wird.   <\/span><\/p>\n<h3><b>Vorschl\u00e4ge f\u00fcr die Verwendung:<\/b><\/h3>\n<p><span style=\"font-weight: 400;\">Genie\u00dfen <\/span><b>Sie Melinis Aronia Creme<\/b><span style=\"font-weight: 400;\"> als Aufstrich auf Toast, Pfannkuchen oder Waffeln, oder r\u00fchren Sie ihn in Joghurt f\u00fcr einen n\u00e4hrstoffreichen Snack. Sein einzigartiger s\u00fc\u00df-bitterer Geschmack passt wunderbar zu K\u00e4se, M\u00fcsli oder als Topping f\u00fcr Desserts. Er ist auch direkt aus dem Glas ein k\u00f6stlicher und gesunder Genuss.  <\/span><\/p>\n<h3><b>Warum Melinis Aronia w\u00e4hlen?<\/b><\/h3>\n<p><span style=\"font-weight: 400;\">Aroniabeeren sind eine der reichsten Quellen von Antioxidantien unter den Fr\u00fcchten. Wenn sie mit rohem Bio-Honig gemischt werden, entsteht ein n\u00e4hrstoffreicher Brotaufstrich, der das Immunsystem unterst\u00fctzt, vor oxidativem Stress sch\u00fctzt und ein schmackhaftes Gourmet-Erlebnis bietet. <\/span><\/p>\n<h3><b>Erleben Sie die s\u00fc\u00df-bittere Eleganz der Aroniabeeren<\/b><\/h3>\n<p><span style=\"font-weight: 400;\">Legen <\/span><b>Sie Melinis Aronia<\/b> <span style=\"font-weight: 400;\">jetzt in Ihren Einkaufswagen und genie\u00dfen Sie die gesundheitlichen Vorteile und den Gourmetgeschmack dieser kalt verarbeiteten, handwerklich hergestellten Delikatesse!<\/span><\/p>\n<h3><b>Sicherheit<\/b><\/h3>\n<p><span style=\"font-weight: 400;\">Da wir rohen Honig verwenden, wird er f\u00fcr Kinder unter 12 Monaten nicht empfohlen. <\/span><\/p>\n<h3><b>Anweisungen zur Lagerung<\/b><span style=\"font-weight: 400;\">:<\/span><\/h3>\n<p><span style=\"font-weight: 400;\">Lagern Sie es, auch nach dem \u00d6ffnen, an einem trockenen Ort, vor direkter Sonneneinstrahlung gesch\u00fctzt, bei Temperaturen zwischen 18-25\u00b0C. Es ist nicht notwendig, es in den K\u00fchlschrank zu stellen. <\/span><\/p>\n<h3><b>Herkunft und Nachhaltigkeit<\/b><span style=\"font-weight: 400;\">:<\/span><\/h3>\n<p><span style=\"font-weight: 400;\">Melinis Aronia wird ausschlie\u00dflich in Rum\u00e4nien hergestellt und unterst\u00fctzt lokale Bio-Imker und die nachhaltige Ernte von Aroniabeeren. Jedes Glas wird mit Sorgfalt in kleinen Chargen hergestellt, um die Reinheit und Qualit\u00e4t jeder Zutat zu bewahren. <\/span><\/p>\n","protected":false},"excerpt":{"rendered":"<p><span style=\"font-weight: 400;\">Antioxidativ, einzigartige kaltverarbeitete Delikatesse, aromatisch und vielseitig, ideal f\u00fcr Fr\u00fchst\u00fcck, Snacks und Desserts &#8211; von Melinis<\/span><\/p>\n<p><b>Zutaten<\/b><span style=\"font-weight: 400;\">: <\/span><span style=\"font-weight: 400;\">Bio-Akazienhonig* 70%, rohe Bio-Aroniabeeren* 20%, Bio-Sanddorn* 10%; <\/span><\/p>\n<p><span style=\"font-weight: 400;\">*aus Rum\u00e4nien<\/span><\/p>\n<p><b>Di\u00e4t-Typ: <\/b><span style=\"font-weight: 400;\">Vegetarisch, Pflanzlich, Glutenfrei<\/span><\/p>\n","protected":false},"featured_media":24950,"comment_status":"open","ping_status":"closed","template":"","meta":[],"product_brand":[],"product_cat":[1196],"product_tag":[],"class_list":{"0":"post-25571","1":"product","2":"type-product","3":"status-publish","4":"has-post-thumbnail","6":"product_cat-melinis-de","8":"first","9":"instock","10":"shipping-taxable","11":"purchasable","12":"product-type-simple"},"_links":{"self":[{"href":"https:\/\/praxistrade.eu\/de\/wp-json\/wp\/v2\/product\/25571","targetHints":{"allow":["GET"]}}],"collection":[{"href":"https:\/\/praxistrade.eu\/de\/wp-json\/wp\/v2\/product"}],"about":[{"href":"https:\/\/praxistrade.eu\/de\/wp-json\/wp\/v2\/types\/product"}],"replies":[{"embeddable":true,"href":"https:\/\/praxistrade.eu\/de\/wp-json\/wp\/v2\/comments?post=25571"}],"wp:featuredmedia":[{"embeddable":true,"href":"https:\/\/praxistrade.eu\/de\/wp-json\/wp\/v2\/media\/24950"}],"wp:attachment":[{"href":"https:\/\/praxistrade.eu\/de\/wp-json\/wp\/v2\/media?parent=25571"}],"wp:term":[{"taxonomy":"product_brand","embeddable":true,"href":"https:\/\/praxistrade.eu\/de\/wp-json\/wp\/v2\/product_brand?post=25571"},{"taxonomy":"product_cat","embeddable":true,"href":"https:\/\/praxistrade.eu\/de\/wp-json\/wp\/v2\/product_cat?post=25571"},{"taxonomy":"product_tag","embeddable":true,"href":"https:\/\/praxistrade.eu\/de\/wp-json\/wp\/v2\/product_tag?post=25571"}],"curies":[{"name":"wp","href":"https:\/\/api.w.org\/{rel}","templated":true}]}}