{"id":25576,"date":"2024-12-24T08:48:30","date_gmt":"2024-12-24T08:48:30","guid":{"rendered":"https:\/\/praxistrade.eu\/product\/bio-akazienhonig-mit-bio-wildheidelbeeren-ganze-frucht-230-g\/"},"modified":"2024-12-24T08:48:30","modified_gmt":"2024-12-24T08:48:30","slug":"bio-akazienhonig-mit-bio-wildheidelbeeren-ganze-frucht-230-g","status":"publish","type":"product","link":"https:\/\/praxistrade.eu\/de\/produkt\/bio-akazienhonig-mit-bio-wildheidelbeeren-ganze-frucht-230-g\/","title":{"rendered":"Bio-Akazienhonig mit Bio-Wildheidelbeeren Ganze Frucht, 230 g"},"content":{"rendered":"<h3><b>\u00dcber diesen Artikel<\/b><span style=\"font-weight: 400;\">:<\/span><\/h3>\n<p><span style=\"font-weight: 400;\">Der Artikel wiegt 230g und nicht 400g<\/span><\/p>\n<p><span style=\"font-weight: 400;\"><strong>Gewicht der Verpackung:<\/strong> 400g<\/span><\/p>\n<p><span style=\"font-weight: 400;\"><strong>Honig Art:<\/strong> Akazie<\/span><\/p>\n<h3><b>Einzigartige Kaltverarbeitungsmethode<\/b><span style=\"font-weight: 400;\">:<\/span> <\/h3>\n<p><span style=\"font-weight: 400;\">n unserem speziellen Niedrigtemperaturverfahren wird die Mischung aus Honig und wilden Blaubeeren bei Temperaturen unter 38\u00b0C schonend dehydriert. Dies ahmt die nat\u00fcrliche Art und Weise nach, wie Bienen Honig erzeugen, wobei Enzyme, Antioxidantien und N\u00e4hrstoffe erhalten bleiben, um einen maximalen Nutzen f\u00fcr die Gesundheit und den Geschmack zu erzielen. <\/span><\/p>\n<h3><strong>Produkt-Informationen:<\/strong><\/h3>\n<p><strong>Details zum Artikel:<\/strong><\/p>\n<p><span style=\"font-weight: 400;\"><strong>Region der Herkunft: <\/strong>EU &#8211; Rum\u00e4nien<\/span><\/p>\n<p><span style=\"font-weight: 400;\"><strong>Hersteller:<\/strong> Atelierele Melinis SRL<\/span><\/p>\n<p><span style=\"font-weight: 400;\"><strong>Artikelform:<\/strong> Glas<\/span><\/p>\n<p><strong>Ma\u00dfe:<\/strong><\/p>\n<p><span style=\"font-weight: 400;\">Artikelpaketgewicht: 400g <\/span><b>Nicht<\/b> <span style=\"font-weight: 400;\">Artikelgewicht<\/span><\/p>\n<p><span style=\"font-weight: 400;\">Ma\u00dfe: 6,3cm x 6,3cm x 8,0cm<\/span><\/p>\n<p><strong>Zutaten:<\/strong> <span style=\"font-weight: 400;\">Bio-Akazienhonig* 70%, Bio-Waldheidelbeeren roh* 25%, Bio-Sanddorn* 5%;<\/span> <\/p>\n<p><span style=\"font-weight: 400;\">*aus Rum\u00e4nien<\/span><\/p>\n<h3><b>Produktbeschreibung<\/b><\/h3>\n<p><span style=\"font-weight: 400;\">Entdecken Sie Melinis Wild Blueberries, eine einzigartige Mischung aus rohem Bio-Akazienhonig und handgepfl\u00fcckten rohen wilden Blaubeeren (Heidelbeeren), die f\u00fcr ihren intensiven Geschmack und ihre \u00fcberlegenen gesundheitlichen Vorteile im Vergleich zu kultivierten Blaubeeren bekannt sind. <\/span><\/p>\n<p><span style=\"font-weight: 400;\">Die Mischung aus Honig und wilden Blaubeeren wird bei Temperaturen unter 38\u00b0C schonend dehydriert, wobei alle nat\u00fcrlichen N\u00e4hrstoffe und Aromen erhalten bleiben.<\/span><\/p>\n<p><span style=\"font-weight: 400;\">Mit dieser einzigartigen Kaltverarbeitungsmethode bewahren wir die nat\u00fcrlichen N\u00e4hrstoffe und Antioxidantien und liefern so eine wirklich authentische und n\u00e4hrstoffreiche Delikatesse. Jedes Glas wird in kleinen Chargen hergestellt, um au\u00dfergew\u00f6hnliche Qualit\u00e4t und Frische in jedem L\u00f6ffel zu gew\u00e4hrleisten. <\/span><\/p>\n<p><span style=\"font-weight: 400;\">Bei Melinis sind wir stolz auf unser einzigartiges Herstellungsverfahren, das von der nat\u00fcrlichen Arbeit der Bienen in ihrem Bienenstock inspiriert ist. Genauso wie die Bienen ihren Honig bel\u00fcften, um den Wassergehalt zu reduzieren, vermischen wir auf sanfte Weise rohe Fr\u00fcchte mit Honig und verarbeiten diese Mischung mit speziell entwickelten Ger\u00e4ten, den Homogenisatoren. Diese Maschinen halten eine kontrollierte Temperatur von 35-37\u00b0C aufrecht und verwenden Str\u00f6me sehr trockener Luft, um das Wasser \u00fcber einen Zeitraum von 2-4 Wochen aus der Mischung zu verdampfen. Durch diese langsame und sorgf\u00e4ltige Methode werden die Fr\u00fcchte in ihrem naturnahen Zustand konserviert, ohne dass sie gekocht oder pasteurisiert werden, wodurch ein maximaler N\u00e4hrwert und ein authentischer Geschmack in jedem Glas gew\u00e4hrleistet wird.<br \/>   <\/span><\/p>\n<h3><strong>Warum wilde Blaubeeren (Heidelbeeren) w\u00e4hlen?<\/strong><\/h3>\n<p><span style=\"font-weight: 400;\">Wilde Heidelbeeren (Blaubeeren) sind kleiner, dunkler und enthalten deutlich mehr Antioxidantien, Vitamine und Mineralien als kultivierte Sorten. Wenn Sie sich f\u00fcr Melinis entscheiden, entscheiden Sie sich f\u00fcr das st\u00e4rkste und schmackhafteste Superfood der Natur. <\/span><\/p>\n<h3><b>Erleben Sie die Kraft der Natur in jedem L\u00f6ffel<\/b><\/h3>\n<p><span style=\"font-weight: 400;\">Legen Sie Melinis Wild Blueberries jetzt in Ihren Einkaufswagen und genie\u00dfen Sie den hervorragenden Geschmack und die gesundheitlichen Vorteile dieser handwerklich hergestellten, kalt verarbeiteten Delikatesse!<br \/><\/span><\/p>\n<h3><b>Sicherheit<\/b><\/h3>\n<p><span style=\"font-weight: 400;\">Da wir rohen Honig verwenden, wird er f\u00fcr Kinder unter 12 Monaten nicht empfohlen. <\/span><\/p>\n<h3><b>Anweisungen zur Lagerung<\/b><span style=\"font-weight: 400;\">:<\/span><\/h3>\n<p><span style=\"font-weight: 400;\">Lagern Sie es, auch nach dem \u00d6ffnen, an einem k\u00fchlen, trockenen Ort, vor direkter Sonneneinstrahlung gesch\u00fctzt, bei Temperaturen zwischen 18-25\u00b0C. Es ist nicht notwendig, es in den K\u00fchlschrank zu stellen. <\/span><\/p>\n<h3><b>Herkunft und Nachhaltigkeit<\/b><span style=\"font-weight: 400;\">:<\/span><\/h3>\n<p><span style=\"font-weight: 400;\">Melinis Wild Blueberries wird ausschlie\u00dflich in Rum\u00e4nien hergestellt und unterst\u00fctzt lokale Bio-Imker und die nachhaltige Ernte von wilden Blaubeeren. Jedes Glas wird mit Sorgfalt in kleinen Chargen hergestellt, um die Reinheit und Qualit\u00e4t jeder Zutat zu bewahren. <\/span><\/p>\n","protected":false},"excerpt":{"rendered":"<p><span style=\"font-weight: 400;\">Antioxidativ, einzigartige kaltverarbeitete Delikatesse, ohne Konservierungsstoffe, ideal f\u00fcr Fr\u00fchst\u00fcck, Desserts, Snacks &amp; gesundes Topping &#8211; von Melinis<\/span><\/p>\n<p><b>Zutaten<\/b><span style=\"font-weight: 400;\">: <\/span><span style=\"font-weight: 400;\">Bio-Akazienhonig* 70%, rohe Bio-Wildheidelbeeren* 25%, Bio-Sanddorn* 5%; <\/span><\/p>\n<p><span style=\"font-weight: 400;\">*aus Rum\u00e4nien<\/span><\/p>\n","protected":false},"featured_media":25026,"comment_status":"open","ping_status":"closed","template":"","meta":[],"product_brand":[],"product_cat":[1196],"product_tag":[],"class_list":{"0":"post-25576","1":"product","2":"type-product","3":"status-publish","4":"has-post-thumbnail","6":"product_cat-melinis-de","8":"first","9":"instock","10":"shipping-taxable","11":"purchasable","12":"product-type-simple"},"_links":{"self":[{"href":"https:\/\/praxistrade.eu\/de\/wp-json\/wp\/v2\/product\/25576","targetHints":{"allow":["GET"]}}],"collection":[{"href":"https:\/\/praxistrade.eu\/de\/wp-json\/wp\/v2\/product"}],"about":[{"href":"https:\/\/praxistrade.eu\/de\/wp-json\/wp\/v2\/types\/product"}],"replies":[{"embeddable":true,"href":"https:\/\/praxistrade.eu\/de\/wp-json\/wp\/v2\/comments?post=25576"}],"wp:featuredmedia":[{"embeddable":true,"href":"https:\/\/praxistrade.eu\/de\/wp-json\/wp\/v2\/media\/25026"}],"wp:attachment":[{"href":"https:\/\/praxistrade.eu\/de\/wp-json\/wp\/v2\/media?parent=25576"}],"wp:term":[{"taxonomy":"product_brand","embeddable":true,"href":"https:\/\/praxistrade.eu\/de\/wp-json\/wp\/v2\/product_brand?post=25576"},{"taxonomy":"product_cat","embeddable":true,"href":"https:\/\/praxistrade.eu\/de\/wp-json\/wp\/v2\/product_cat?post=25576"},{"taxonomy":"product_tag","embeddable":true,"href":"https:\/\/praxistrade.eu\/de\/wp-json\/wp\/v2\/product_tag?post=25576"}],"curies":[{"name":"wp","href":"https:\/\/api.w.org\/{rel}","templated":true}]}}