{"id":25582,"date":"2024-12-24T09:09:16","date_gmt":"2024-12-24T09:09:16","guid":{"rendered":"https:\/\/praxistrade.eu\/product\/bio-mehrbluetenhonig-mit-cranberry-sanddorn\/"},"modified":"2024-12-24T09:09:16","modified_gmt":"2024-12-24T09:09:16","slug":"bio-mehrbluetenhonig-mit-cranberry-sanddorn","status":"publish","type":"product","link":"https:\/\/praxistrade.eu\/de\/produkt\/bio-mehrbluetenhonig-mit-cranberry-sanddorn\/","title":{"rendered":"Bio-Mehrbl\u00fctenhonig mit Cranberry &amp; Sanddorn"},"content":{"rendered":"<h3><b>\u00dcber diesen Artikel<\/b><span style=\"font-weight: 400;\">:<\/span><\/h3>\n<p><span style=\"font-weight: 400;\">Das Gewicht des Artikels betr\u00e4gt 230g <\/span><span style=\"font-weight: 400;\">nicht 400g<\/span><\/p>\n<p><span style=\"font-weight: 400;\"><strong>Gewicht der Verpackung:<\/strong> 400g<\/span><\/p>\n<p><span style=\"font-weight: 400;\"><strong>Honigsorte:<\/strong> Multiflower<\/span><\/p>\n<ul>\n<li style=\"font-weight: 400;\" aria-level=\"1\"><span style=\"font-weight: 400;\">BIO-HONIG MIT SUPERFOODS: Diese k\u00f6stliche Mischung aus 70% Bio-Mehrbl\u00fctenhonig, 25% Bio-Cranberries und n\u00e4hrstoffreichem Bio-Sanddorn bietet eine nat\u00fcrliche Kombination f\u00fcr einen vollmundigen Geschmack.<\/span><\/li>\n<li style=\"font-weight: 400;\" aria-level=\"1\"><b>Einzigartige Kaltverarbeitungsmethode<\/b><span style=\"font-weight: 400;\"> &#8211; In unserem speziellen Niedrigtemperaturverfahren wird die Mischung aus Honig und Cranberries bei Temperaturen unter 38\u00b0C schonend dehydriert. Dies ahmt die nat\u00fcrliche Art und Weise nach, wie Bienen Honig erzeugen, wobei Enzyme, Antioxidantien und N\u00e4hrstoffe erhalten bleiben, um einen maximalen Nutzen f\u00fcr die Gesundheit und den Geschmack zu erzielen. <\/span><\/li>\n<li style=\"font-weight: 400;\" aria-level=\"1\"><span style=\"font-weight: 400;\">NAT\u00dcRLICHE UNTERST\u00dcTZUNG: Cranberries und Sanddorn sind f\u00fcr ihre vielf\u00e4ltigen Eigenschaften bekannt und tragen zu einem ausgewogenen, genussvollen Erlebnis bei, das Ihre Ern\u00e4hrung bereichert.<\/span><\/li>\n<li style=\"font-weight: 400;\" aria-level=\"1\"><span style=\"font-weight: 400;\">Frische, cremige Textur: Dank der schonenden Verarbeitung bei unter 38\u00b0C bleibt die cremige Konsistenz der Mischung erhalten, wodurch eine feine und streichf\u00e4hige Textur entsteht.<\/span><\/li>\n<li style=\"font-weight: 400;\" aria-level=\"1\"><span style=\"font-weight: 400;\">Einzigartiges Geschmackserlebnis: Die Mischung aus der sanften S\u00fc\u00dfe von Mehrbl\u00fctenhonig und der leichten S\u00e4ure von Preiselbeeren und Sanddorn bietet einen ausgewogenen Genussmoment.<\/span><\/li>\n<li style=\"font-weight: 400;\" aria-level=\"1\"><span style=\"font-weight: 400;\">Ideal f\u00fcr den aktiven Lebensstil: Diese Bio-Mischung ist ideal f\u00fcr ein gesundheitsorientiertes Fr\u00fchst\u00fcck oder als nahrhafte Zwischenmahlzeit.<\/span><\/li>\n<li style=\"font-weight: 400;\" aria-level=\"1\"><span style=\"font-weight: 400;\">Langlebige Qualit\u00e4t: Die spezielle Verarbeitungstechnologie verhindert grobe Kristallisation, wodurch die frische Textur lange erhalten bleibt.<\/span><\/li>\n<li style=\"font-weight: 400;\" aria-level=\"1\"><span style=\"font-weight: 400;\">MELINIS Eine Marke mit Tradition: Melinis kombiniert traditionelle Methoden mit innovativer Technologie, um hochwertige und k\u00f6stliche Bio-Produkte herzustellen.<\/span><\/li>\n<\/ul>\n<h3><b>Informationen zum Produkt<\/b><span style=\"font-weight: 400;\">:<\/span><\/h3>\n<p><span style=\"font-weight: 400;\"><strong>Region der Herkunft: <\/strong>EU &#8211; Rum\u00e4nien<\/span><\/p>\n<p><span style=\"font-weight: 400;\"><strong>Hersteller:<\/strong> Atelierele Melinis SRL<\/span><\/p>\n<p><span style=\"font-weight: 400;\"><strong>Artikelform:<\/strong> Glas<\/span><\/p>\n<h3><strong>Ma\u00dfe:<\/strong><\/h3>\n<p><span style=\"font-weight: 400;\"><strong>Artikelpaketgewicht:<\/strong> 400g <\/span><b>Nicht <\/b><span style=\"font-weight: 400;\">Artikelgewicht<\/span><\/p>\n<p><span style=\"font-weight: 400;\"><strong>Ma\u00dfe:<\/strong> 6,3cm x 6,3cm x 8,0cm<\/span><\/p>\n<h3><b>Produktbeschreibung<\/b><\/h3>\n<p><span style=\"font-weight: 400;\">Wir haben das Melinis-Sortiment mit einer weiteren Superfrucht bereichert, die f\u00fcr ihre au\u00dfergew\u00f6hnlichen gesundheitlichen Vorteile bekannt ist:<\/span> <b>wilde Preiselbeeren<\/b><span style=\"font-weight: 400;\">. Our cranberries are harvested from the mountainous regions of Romania. Blended with    <\/span><b>Bio-Wildbl\u00fctenhonig<\/b> <span style=\"font-weight: 400;\">und einem Hauch von Bio-Sanddornsaft bietet dieser cremige, w\u00fcrzige Aufstrich einen einzigartigen und k\u00f6stlichen Geschmack.<\/span><\/p>\n<p><span style=\"font-weight: 400;\">Die langsame Verarbeitung bei Temperaturen unter 35\u00b0C sorgt daf\u00fcr, dass N\u00e4hrstoffe, Antioxidantien und nat\u00fcrliche Enzyme erhalten bleiben. Schlie\u00dflich verbessert unsere Technologie der kontrollierten Kristallisation die glatte Textur, verhindert grobe Kristallisation im Laufe der Zeit und gew\u00e4hrleistet eine zarte, luxuri\u00f6se Konsistenz <\/span><\/p>\n<p><span style=\"font-weight: 400;\">Bei Melinis sind wir stolz auf unser einzigartiges Herstellungsverfahren, das von der nat\u00fcrlichen Arbeit der Bienen in ihrem Bienenstock inspiriert ist. Genauso wie die Bienen ihren Honig bel\u00fcften, um den Wassergehalt zu reduzieren, vermischen wir auf sanfte Weise rohe Fr\u00fcchte mit Honig und verarbeiten diese Mischung mit speziell entwickelten Ger\u00e4ten, den Homogenisatoren. Diese Maschinen halten eine kontrollierte Temperatur von 35-38\u00b0C aufrecht und verwenden Str\u00f6me sehr trockener Luft, um das Wasser \u00fcber einen Zeitraum von 2-4 Wochen aus der Mischung zu verdampfen. Durch diese langsame und sorgf\u00e4ltige Methode werden die Fr\u00fcchte in ihrem naturnahen Zustand konserviert, ohne dass sie gekocht oder pasteurisiert werden, wodurch ein maximaler N\u00e4hrwert und ein authentischer Geschmack in jedem Glas gew\u00e4hrleistet wird.   <\/span><\/p>\n<h3><b>Warum Melinis Cranberry-Creme w\u00e4hlen?<\/b><\/h3>\n<p><span style=\"font-weight: 400;\">Dieser Brotaufstrich aus wilden Preiselbeeren aus den rum\u00e4nischen Bergregionen kombiniert die reichhaltigen N\u00e4hrwerte von Preiselbeeren mit der S\u00fc\u00dfe von rohem Honig. Seine antioxidativen und entz\u00fcndungshemmenden Eigenschaften machen ihn zu einem Superfood mit gesundheitsf\u00f6rdernder Wirkung und Gourmet-Geschmack. <\/span><\/p>\n<h3><b>Erleben Sie die w\u00fcrzige S\u00fc\u00dfe der Natur<\/b><\/h3>\n<p><span style=\"font-weight: 400;\">Hinzuf\u00fcgen <\/span><b>Melinis Cranberry Creme<\/b><span style=\"font-weight: 400;\"> jetzt in Ihren Einkaufswagen und genie\u00dfen Sie eine einzigartige, kalt verarbeitete Delikatesse, die das Beste aus wilden Cranberries und rohem Bio-Honig vereint!<\/span><\/p>\n<h3><b>Vorschl\u00e4ge f\u00fcr die Verwendung:<\/b><\/h3>\n<p><span style=\"font-weight: 400;\">Genie\u00dfen Sie <\/span><b>Melinis Preiselbeer-Creme<\/b><span style=\"font-weight: 400;\"> als Aufstrich auf Toast, Pfannkuchen oder Waffeln, oder r\u00fchren Sie ihn in Joghurt f\u00fcr einen w\u00fcrzigen, n\u00e4hrstoffreichen Snack. Sein s\u00fc\u00dfer und aromatischer Geschmack passt auch perfekt zu Smoothies, Parfaits oder als Topping f\u00fcr Desserts. F\u00fcr einen gesunden Genuss k\u00f6nnen Sie ihn direkt aus dem Glas genie\u00dfen.  <\/span><\/p>\n<h3><b>Sicherheit<\/b><\/h3>\n<p><span style=\"font-weight: 400;\">Da wir rohen Honig verwenden, wird er f\u00fcr Kinder unter 12 Monaten nicht empfohlen. <\/span><\/p>\n<h3><b>Anweisungen zur Lagerung<\/b><span style=\"font-weight: 400;\">:<\/span><\/h3>\n<p><span style=\"font-weight: 400;\">Lagern Sie es, auch nach dem \u00d6ffnen, an einem k\u00fchlen, trockenen Ort, vor direkter Sonneneinstrahlung gesch\u00fctzt, bei Temperaturen zwischen 18-25\u00b0C. Es ist nicht notwendig, es in den K\u00fchlschrank zu stellen. <\/span><\/p>\n<h3><b>Herkunft und Nachhaltigkeit<\/b><span style=\"font-weight: 400;\">:<\/span><\/h3>\n<p><span style=\"font-weight: 400;\">Melinis Wild Cranberries wird ausschlie\u00dflich in Rum\u00e4nien hergestellt und unterst\u00fctzt lokale Bio-Imker und die nachhaltige Ernte von Wildpreiselbeeren. Jedes Glas wird mit Sorgfalt in kleinen Chargen hergestellt, um die Reinheit und Qualit\u00e4t jeder Zutat zu bewahren. <\/span><\/p>\n","protected":false},"excerpt":{"rendered":"<p><span style=\"font-weight: 400;\">Cremiger Aufstrich, 230 g, schonend verarbeitet unter 38\u00b0C, reich an Antioxidantien, Superfood Power, nat\u00fcrliche Energiequelle, 230g &#8211; von Melinis<\/span><\/p>\n<p><b>Zutaten<\/b><span style=\"font-weight: 400;\">: Bio-Mehrbl\u00fctenhonig* 70%, rohe Bio-Wildpreiselbeeren* 25%, roher Bio-Sanddorn* 5%<\/span><\/p>\n<p><span style=\"font-weight: 400;\">*aus Rum\u00e4nien<\/span><\/p>\n","protected":false},"featured_media":25104,"comment_status":"open","ping_status":"closed","template":"","meta":[],"product_brand":[],"product_cat":[1196],"product_tag":[],"class_list":{"0":"post-25582","1":"product","2":"type-product","3":"status-publish","4":"has-post-thumbnail","6":"product_cat-melinis-de","8":"first","9":"instock","10":"shipping-taxable","11":"purchasable","12":"product-type-simple"},"_links":{"self":[{"href":"https:\/\/praxistrade.eu\/de\/wp-json\/wp\/v2\/product\/25582","targetHints":{"allow":["GET"]}}],"collection":[{"href":"https:\/\/praxistrade.eu\/de\/wp-json\/wp\/v2\/product"}],"about":[{"href":"https:\/\/praxistrade.eu\/de\/wp-json\/wp\/v2\/types\/product"}],"replies":[{"embeddable":true,"href":"https:\/\/praxistrade.eu\/de\/wp-json\/wp\/v2\/comments?post=25582"}],"wp:featuredmedia":[{"embeddable":true,"href":"https:\/\/praxistrade.eu\/de\/wp-json\/wp\/v2\/media\/25104"}],"wp:attachment":[{"href":"https:\/\/praxistrade.eu\/de\/wp-json\/wp\/v2\/media?parent=25582"}],"wp:term":[{"taxonomy":"product_brand","embeddable":true,"href":"https:\/\/praxistrade.eu\/de\/wp-json\/wp\/v2\/product_brand?post=25582"},{"taxonomy":"product_cat","embeddable":true,"href":"https:\/\/praxistrade.eu\/de\/wp-json\/wp\/v2\/product_cat?post=25582"},{"taxonomy":"product_tag","embeddable":true,"href":"https:\/\/praxistrade.eu\/de\/wp-json\/wp\/v2\/product_tag?post=25582"}],"curies":[{"name":"wp","href":"https:\/\/api.w.org\/{rel}","templated":true}]}}