{"id":25978,"date":"2024-07-11T19:52:25","date_gmt":"2024-07-11T18:52:25","guid":{"rendered":"https:\/\/praxistrade.eu\/product\/hochwasser-barrieren\/"},"modified":"2024-07-11T19:52:25","modified_gmt":"2024-07-11T18:52:25","slug":"hochwasser-barrieren","status":"publish","type":"product","link":"https:\/\/praxistrade.eu\/de\/produkt\/hochwasser-barrieren\/","title":{"rendered":"Hochwasser Barrieren"},"content":{"rendered":"<ul>\n<li class=\"a-spacing-mini\"><span class=\"a-list-item\">Kein Sand, keine schwere Arbeit: Die LABA-TEX Hochwasserschutzwand ist die moderne Alternative zu Sands\u00e4cken. Kein Sand schleppen oder lagern &#8211; aufstellen, Wasser hinzuf\u00fcgen und der Schutz beginnt. <\/span><\/li>\n<li class=\"a-spacing-mini\"><span class=\"a-list-item\">SCHNELLE AKTIVIERUNG UND WACHSTUM: Wenn die Barriere mit Wasser in Ber\u00fchrung kommt, w\u00e4chst sie innerhalb von Minuten zu ihrer vollen Gr\u00f6\u00dfe an, um Wasser effektiv zu absorbieren, umzuleiten und zu blockieren.<\/span><\/li>\n<li class=\"a-spacing-mini\"><span class=\"a-list-item\">Kompakt und leicht zu verstauen: Diese wassersparenden Barrieren sind platzsparend, leicht zu transportieren und immer einsatzbereit &#8211; ob drinnen oder drau\u00dfen.<\/span><\/li>\n<li class=\"a-spacing-mini\"><span class=\"a-list-item\">Vielseitig einsetzbar: perfekt zum Schutz von T\u00fcren, Garagen, Kellern und mehr. Auch ideal f\u00fcr den Erosionsschutz und Notfallvorbereitungen. <\/span><\/li>\n<li class=\"a-spacing-mini\"><span class=\"a-list-item\">Robust und wiederverwendbar: Hergestellt aus langlebigen Materialien, die UV-best\u00e4ndig sind und eine langfristige Nutzung erm\u00f6glichen. Ideal f\u00fcr geplante Projekte oder als Notfallma\u00dfnahme. <\/span><\/li>\n<\/ul>\n","protected":false},"excerpt":{"rendered":"<p>Kein Sand erforderlich, effiziente L\u00f6sung f\u00fcr schnellen Hochwasserschutz (6 St\u00fcck, 50 x 25 cm, 5 L) &#8211; zuverl\u00e4ssiger Schutz f\u00fcr T\u00fcren, Keller und Fenster<\/p>\n","protected":false},"featured_media":25979,"comment_status":"open","ping_status":"closed","template":"","meta":[],"product_brand":[],"product_cat":[1090],"product_tag":[],"class_list":{"0":"post-25978","1":"product","2":"type-product","3":"status-publish","4":"has-post-thumbnail","6":"product_cat-haus-auto","8":"first","9":"instock","10":"shipping-taxable","11":"purchasable","12":"product-type-variable"},"_links":{"self":[{"href":"https:\/\/praxistrade.eu\/de\/wp-json\/wp\/v2\/product\/25978","targetHints":{"allow":["GET"]}}],"collection":[{"href":"https:\/\/praxistrade.eu\/de\/wp-json\/wp\/v2\/product"}],"about":[{"href":"https:\/\/praxistrade.eu\/de\/wp-json\/wp\/v2\/types\/product"}],"replies":[{"embeddable":true,"href":"https:\/\/praxistrade.eu\/de\/wp-json\/wp\/v2\/comments?post=25978"}],"wp:featuredmedia":[{"embeddable":true,"href":"https:\/\/praxistrade.eu\/de\/wp-json\/wp\/v2\/media\/25979"}],"wp:attachment":[{"href":"https:\/\/praxistrade.eu\/de\/wp-json\/wp\/v2\/media?parent=25978"}],"wp:term":[{"taxonomy":"product_brand","embeddable":true,"href":"https:\/\/praxistrade.eu\/de\/wp-json\/wp\/v2\/product_brand?post=25978"},{"taxonomy":"product_cat","embeddable":true,"href":"https:\/\/praxistrade.eu\/de\/wp-json\/wp\/v2\/product_cat?post=25978"},{"taxonomy":"product_tag","embeddable":true,"href":"https:\/\/praxistrade.eu\/de\/wp-json\/wp\/v2\/product_tag?post=25978"}],"curies":[{"name":"wp","href":"https:\/\/api.w.org\/{rel}","templated":true}]}}