{"id":26079,"date":"2024-12-24T09:17:35","date_gmt":"2024-12-24T09:17:35","guid":{"rendered":"https:\/\/praxistrade.eu\/product\/bio-mehrbluetenhonig-mit-rohen-bio-goji-beeren-sanddorn\/"},"modified":"2024-12-24T09:17:35","modified_gmt":"2024-12-24T09:17:35","slug":"bio-mehrbluetenhonig-mit-rohen-bio-goji-beeren-sanddorn","status":"publish","type":"product","link":"https:\/\/praxistrade.eu\/de\/produkt\/bio-mehrbluetenhonig-mit-rohen-bio-goji-beeren-sanddorn\/","title":{"rendered":"Bio-Mehrbl\u00fctenhonig mit rohen Bio-Goji-Beeren &amp; Sanddorn"},"content":{"rendered":"<h3><b>\u00dcber diesen Artikel<\/b><span style=\"font-weight: 400;\">:<\/span><\/h3>\n<p><span style=\"font-weight: 400;\">Das Gewicht des Artikels betr\u00e4gt 230g <\/span><span style=\"font-weight: 400;\">nicht 400g<\/span><\/p>\n<p><span style=\"font-weight: 400;\"><strong>Gewicht der Verpackung:<\/strong> 400g<\/span><\/p>\n<p><span style=\"font-weight: 400;\"><strong>Honigsorte:<\/strong> Multiflower<\/span><\/p>\n<ul>\n<li style=\"font-weight: 400;\" aria-level=\"1\"><span style=\"font-weight: 400;\">Exquisite Handwerkskunst &#8211; Genie\u00dfen Sie den Geschmack von Melinis, einem sorgf\u00e4ltig von Hand hergestellten Bio-Honig mit Goji und Sanddorn. Erleben Sie den Reichtum an N\u00e4hrstoffen und eine samtige Textur, die Ihre Sinne verf\u00fchrt. <\/span><\/li>\n<li style=\"font-weight: 400;\" aria-level=\"1\"><b>Einzigartige Kaltverarbeitungsmethode<\/b><span style=\"font-weight: 400;\"> -In unserem speziellen Niedrigtemperaturverfahren wird die Mischung aus Honig und Goji-Beeren bei Temperaturen unter 38\u00b0C schonend dehydriert. Dies ahmt die nat\u00fcrliche Art und Weise nach, wie Bienen Honig erzeugen, wobei Enzyme, Antioxidantien und N\u00e4hrstoffe erhalten bleiben, um einen maximalen Nutzen f\u00fcr die Gesundheit und den Geschmack zu erzielen. <\/span><\/li>\n<li style=\"font-weight: 400;\" aria-level=\"1\"><span style=\"font-weight: 400;\">Boost f\u00fcr Wohlbefinden und Immunsystem &#8211; St\u00e4rken Sie Ihr Immunsystem und sp\u00fcren Sie den Unterschied. Die einzigartige Kombination aus Honig und Goji-Beeren wirkt belebend und unterst\u00fctzt Ihr Wohlbefinden nachhaltig. <\/span><\/li>\n<li style=\"font-weight: 400;\" aria-level=\"1\"><span style=\"font-weight: 400;\">Perfekt f\u00fcr feine Geschm\u00e4cker &#8211; Ob auf frischem Brot, in Ihrem Joghurt oder zu feinem K\u00e4se &#8211; Melinis Honigcreme bringt Gourmet-Genuss in Ihre Mahlzeiten und Snacks. Probieren Sie sie und lassen Sie sich von ihrer Vielseitigkeit \u00fcberraschen. <\/span><\/li>\n<li style=\"font-weight: 400;\" aria-level=\"1\"><span style=\"font-weight: 400;\">ZUFRIEDENHEITSGARANTIE &#8211; Testen Sie Melinis ohne Risiko. Wir stehen f\u00fcr h\u00f6chste Standards und authentischen Geschmack, der Ihre Erwartungen \u00fcbertrifft und ein L\u00e4cheln auf Ihr Gesicht zaubert. <\/span><\/li>\n<li style=\"font-weight: 400;\" aria-level=\"1\"><span style=\"font-weight: 400;\">Die Melinis-Philosophie &#8211; Bei Melinis verbinden wir Tradition und Innovation, um Ihnen erstklassige Feinkostprodukte anzubieten. Unsere Leidenschaft f\u00fcr h\u00f6chste Qualit\u00e4t und nat\u00fcrliche Zutaten zeichnet jedes Produkt aus. <\/span><\/li>\n<\/ul>\n<h3><b>Informationen zum Produkt<\/b><span style=\"font-weight: 400;\">:<\/span><\/h3>\n<p><span style=\"font-weight: 400;\"><strong>Region der Herkunft: <\/strong>EU &#8211; Rum\u00e4nien<\/span><\/p>\n<p><span style=\"font-weight: 400;\"><strong>Hersteller:<\/strong> Atelierele Melinis SRL<\/span><\/p>\n<p><span style=\"font-weight: 400;\"><strong>Artikelform:<\/strong> Glas<\/span><\/p>\n<h3><strong>Ma\u00dfe:<\/strong><\/h3>\n<p><span style=\"font-weight: 400;\"><strong>Artikelpaketgewicht:<\/strong> 400g <\/span><b>Nicht <\/b><span style=\"font-weight: 400;\">Artikelgewicht<\/span><\/p>\n<p><span style=\"font-weight: 400;\"><strong>Ma\u00dfe:<\/strong> 6,3cm x 6,3cm x 8,0cm<\/span><\/p>\n<h3><b>Produktbeschreibung<\/b><\/h3>\n<p><b>Melinis Goji-Creme<\/b><span style=\"font-weight: 400;\"> kombiniert rohen Bio-Mehrbl\u00fctenhonig mit n\u00e4hrstoffreichen Gojibeeren, die als eines der ges\u00fcndesten Superfoods bekannt sind. Diese Beeren sind vollgepackt mit Antioxidantien, Vitaminen und Mineralien, was sie zu einem nat\u00fcrlichen Verb\u00fcndeten macht. <\/span><\/p>\n<p><span style=\"font-weight: 400;\">Durch ein einzigartiges Kaltverarbeitungsverfahren bewahrt Melinis Goji-Creme die N\u00e4hrstoffintegrit\u00e4t ihrer Zutaten und schafft eine cremige und zarte Textur, die alle nat\u00fcrlichen Vorteile von Honig und Goji-Beeren beibeh\u00e4lt. Dieses einzigartige Produkt kann allein genossen werden oder zusammen mit K\u00e4se, Toast oder M\u00fcsli ein k\u00f6stlicher und gesunder Genuss sein. <\/span><\/p>\n<p><span style=\"font-weight: 400;\">Bei Melinis sind wir stolz auf unser einzigartiges Herstellungsverfahren, das von der nat\u00fcrlichen Arbeit der Bienen in ihrem Bienenstock inspiriert ist. Genauso wie die Bienen ihren Honig bel\u00fcften, um den Wassergehalt zu reduzieren, vermischen wir auf sanfte Weise rohe Fr\u00fcchte mit Honig und verarbeiten diese Mischung mit speziell entwickelten Ger\u00e4ten, den Homogenisatoren. Diese Maschinen halten eine kontrollierte Temperatur von 35-38\u00b0C aufrecht und verwenden Str\u00f6me sehr trockener Luft, um das Wasser \u00fcber einen Zeitraum von 2-4 Wochen aus der Mischung zu verdampfen. Durch diese langsame und sorgf\u00e4ltige Methode werden die Fr\u00fcchte in ihrem naturnahen Zustand konserviert, ohne dass sie gekocht oder pasteurisiert werden, wodurch ein maximaler N\u00e4hrwert und ein authentischer Geschmack in jedem Glas gew\u00e4hrleistet wird.   <\/span><\/p>\n<h3><b>Warum Melinis Goji-Creme w\u00e4hlen?<\/b><\/h3>\n<p><span style=\"font-weight: 400;\">Goji-Beeren sind ein Superfood mit einer reichen Geschichte der F\u00f6rderung von Gesundheit und Vitalit\u00e4t. In Kombination mit rohem Bio-Honig ergeben sie einen einzigartigen und geschmackvollen Brotaufstrich. <\/span><\/p>\n<h3><b>Erleben Sie die nat\u00fcrliche Energie der Goji-Beeren<\/b><\/h3>\n<p><span style=\"font-weight: 400;\">Hinzuf\u00fcgen<\/span> <b>Melinis Goji-Creme<\/b><span style=\"font-weight: 400;\"> in Ihren Einkaufswagen und genie\u00dfen Sie die gesundheitlichen Vorteile und den Gourmet-Geschmack dieser kaltverarbeiteten, handwerklich hergestellten Delikatesse!<\/span><\/p>\n<h3><b>Sicherheit<\/b><\/h3>\n<p><span style=\"font-weight: 400;\">Da wir rohen Honig verwenden, wird er f\u00fcr Kinder unter 12 Monaten nicht empfohlen. <\/span><\/p>\n<h3><b>Anweisungen zur Lagerung<\/b><span style=\"font-weight: 400;\">:<\/span><\/h3>\n<p><span style=\"font-weight: 400;\">Lagern Sie es, auch nach dem \u00d6ffnen, an einem k\u00fchlen, trockenen Ort, vor direkter Sonneneinstrahlung gesch\u00fctzt, bei Temperaturen zwischen 18-25\u00b0C. Es ist nicht notwendig, es in den K\u00fchlschrank zu stellen. <\/span><\/p>\n<h3><b>Herkunft und Nachhaltigkeit<\/b><span style=\"font-weight: 400;\">:<\/span><\/h3>\n<p><span style=\"font-weight: 400;\">Melinis Wild Cranberries wird ausschlie\u00dflich in Rum\u00e4nien hergestellt und unterst\u00fctzt lokale Bio-Imker und die nachhaltige Ernte von Wildpreiselbeeren. Jedes Glas wird mit Sorgfalt in kleinen Chargen hergestellt, um die Reinheit und Qualit\u00e4t jeder Zutat zu bewahren. <\/span><\/p>\n","protected":false},"excerpt":{"rendered":"<p><span style=\"font-weight: 400;\">Cremiger Brotaufstrich, 230 g, Einzigartige kaltverarbeitete Delikatesse, Antioxidantien, ohne Konservierungsstoffe, Ideal f\u00fcr Fr\u00fchst\u00fcck, Desserts, Snacks &amp; gesundes Topping &#8211; von Melinis<\/p>\n<p><\/span><b>Zutaten:<\/b> <span style=\"font-weight: 400;\">Bio-Mehrbl\u00fctenhonig* 80%, rohe Bio-Gojibeeren* 15%, roher Bio-Sanddorn* 5%<\/span>.<\/p>\n<p><span style=\"font-weight: 400;\">*aus Rum\u00e4nien<\/span><\/p>\n","protected":false},"featured_media":25177,"comment_status":"open","ping_status":"closed","template":"","meta":[],"product_brand":[],"product_cat":[1196],"product_tag":[],"class_list":{"0":"post-26079","1":"product","2":"type-product","3":"status-publish","4":"has-post-thumbnail","6":"product_cat-melinis-de","8":"first","9":"instock","10":"shipping-taxable","11":"purchasable","12":"product-type-simple"},"_links":{"self":[{"href":"https:\/\/praxistrade.eu\/de\/wp-json\/wp\/v2\/product\/26079","targetHints":{"allow":["GET"]}}],"collection":[{"href":"https:\/\/praxistrade.eu\/de\/wp-json\/wp\/v2\/product"}],"about":[{"href":"https:\/\/praxistrade.eu\/de\/wp-json\/wp\/v2\/types\/product"}],"replies":[{"embeddable":true,"href":"https:\/\/praxistrade.eu\/de\/wp-json\/wp\/v2\/comments?post=26079"}],"wp:featuredmedia":[{"embeddable":true,"href":"https:\/\/praxistrade.eu\/de\/wp-json\/wp\/v2\/media\/25177"}],"wp:attachment":[{"href":"https:\/\/praxistrade.eu\/de\/wp-json\/wp\/v2\/media?parent=26079"}],"wp:term":[{"taxonomy":"product_brand","embeddable":true,"href":"https:\/\/praxistrade.eu\/de\/wp-json\/wp\/v2\/product_brand?post=26079"},{"taxonomy":"product_cat","embeddable":true,"href":"https:\/\/praxistrade.eu\/de\/wp-json\/wp\/v2\/product_cat?post=26079"},{"taxonomy":"product_tag","embeddable":true,"href":"https:\/\/praxistrade.eu\/de\/wp-json\/wp\/v2\/product_tag?post=26079"}],"curies":[{"name":"wp","href":"https:\/\/api.w.org\/{rel}","templated":true}]}}