{"id":26085,"date":"2024-12-24T09:23:50","date_gmt":"2024-12-24T09:23:50","guid":{"rendered":"https:\/\/praxistrade.eu\/product\/akazienhonig-mit-himbeeren-aufstrich\/"},"modified":"2024-12-24T09:23:50","modified_gmt":"2024-12-24T09:23:50","slug":"akazienhonig-mit-himbeeren-aufstrich","status":"publish","type":"product","link":"https:\/\/praxistrade.eu\/de\/produkt\/akazienhonig-mit-himbeeren-aufstrich\/","title":{"rendered":"Akazienhonig mit Himbeeren Aufstrich"},"content":{"rendered":"<h3><b>\u00dcber diesen Artikel<\/b><span style=\"font-weight: 400;\">:<\/span><\/h3>\n<p><span style=\"font-weight: 400;\">Das Gewicht des Artikels betr\u00e4gt 230g <\/span><span style=\"font-weight: 400;\">nicht 400g<\/span><\/p>\n<p><span style=\"font-weight: 400;\"><strong>Gewicht der Verpackung:<\/strong> 400g<\/span><\/p>\n<p><span style=\"font-weight: 400;\"><strong>Honig Art:<\/strong> Akazie<\/span><\/p>\n<ul>\n<li style=\"font-weight: 400;\" aria-level=\"1\"><span style=\"font-weight: 400;\">Fruchtiger Bio-Luxus auf Ihrem Teller \u2013 Erleben Sie die perfekte Fusion aus 65 % Bio-Akazienhonig und 25 % frischer Himbeerpaste f\u00fcr ein unvergleichlich s\u00fc\u00dfes und fruchtiges Geschmackserlebnis.<\/span><\/li>\n<li style=\"font-weight: 400;\" aria-level=\"1\"><b>Einzigartige Kaltverarbeitungsmethode<\/b><span style=\"font-weight: 400;\"> &#8211; In unserem speziellen Niedrigtemperaturverfahren wird die Mischung aus Honig und Himbeeren bei Temperaturen unter 38\u00b0C schonend dehydriert. Dies ahmt die nat\u00fcrliche Art und Weise nach, wie Bienen Honig erzeugen, wobei Enzyme, Antioxidantien und N\u00e4hrstoffe erhalten bleiben, um einen maximalen Nutzen f\u00fcr die Gesundheit und den Geschmack zu erzielen. <\/span><\/li>\n<li style=\"font-weight: 400;\" aria-level=\"1\"><span style=\"font-weight: 400;\">Handgemachte Qualit\u00e4t &#8211; Schonende Verarbeitung unter 38\u00b0C, um die nat\u00fcrlichen Aromen und die leuchtende Farbe der Himbeeren zu erhalten. Qualit\u00e4t, die man schmeckt! <\/span><\/li>\n<li style=\"font-weight: 400;\" aria-level=\"1\"><span style=\"font-weight: 400;\">Beginnen Sie den Tag mit einem Genuss &#8211; ob auf frischem Brot, Croissants oder in Ihrem Fr\u00fchst\u00fccksm\u00fcsli &#8211; dieser Aufstrich macht jeden Bissen zu einem besonderen Moment.<\/span><\/li>\n<li style=\"font-weight: 400;\" aria-level=\"1\"><span style=\"font-weight: 400;\">Samtig weich und leicht zu verteilen &#8211; Die cremige Konsistenz sorgt f\u00fcr m\u00fcheloses Auftragen und ein luxuri\u00f6ses Geschmackserlebnis zu jeder Tageszeit.<\/span><\/li>\n<li style=\"font-weight: 400;\" aria-level=\"1\"><span style=\"font-weight: 400;\">100% reine Zutaten &#8211; Frei von k\u00fcnstlichen Zus\u00e4tzen und aus hochwertigen Zutaten hergestellt &#8211; f\u00fcr den bewussten Genussliebhaber.<\/span><\/li>\n<li style=\"font-weight: 400;\" aria-level=\"1\"><span style=\"font-weight: 400;\">Kreative Geschmacksinspirationen &#8211; Verfeinern Sie Desserts, Smoothies oder Eiscreme mit dem unwiderstehlichen Aroma von Himbeeren und Honig. Ein Muss f\u00fcr kreative kulinarische Gen\u00fcsse <\/span><\/li>\n<li style=\"font-weight: 400;\" aria-level=\"1\"><span style=\"font-weight: 400;\">Sommer zu jeder Jahreszeit &#8211; Der frische, fruchtige Geschmack von Himbeeren bringt die W\u00e4rme des Sommers in Ihr Zuhause, auch an k\u00fchlen Tagen.<\/span><\/li>\n<\/ul>\n<h3><b>Informationen zum Produkt<\/b><span style=\"font-weight: 400;\">:<\/span><\/h3>\n<p><span style=\"font-weight: 400;\"><strong>Region der Herkunft: <\/strong>EU &#8211; Rum\u00e4nien<\/span><\/p>\n<p><span style=\"font-weight: 400;\"><strong>Hersteller:<\/strong> Atelierele Melinis SRL<\/span><\/p>\n<p><span style=\"font-weight: 400;\"><strong>Artikelform:<\/strong> Glas<\/span><\/p>\n<h3><strong>Ma\u00dfe:<\/strong><\/h3>\n<p><span style=\"font-weight: 400;\"><strong>Artikelpaketgewicht:<\/strong> 400g <\/span><b>Nicht <\/b><span style=\"font-weight: 400;\">Artikelgewicht<\/span><\/p>\n<p><span style=\"font-weight: 400;\"><strong>Ma\u00dfe:<\/strong> 6,3cm x 6,3cm x 8,0cm<\/span><\/p>\n<h3><b>Produktbeschreibung<\/b><\/h3>\n<p><span style=\"font-weight: 400;\">Verw\u00f6hnen Sie Ihre Sinne mit<\/span> <b>Melinis Erfrischende Himbeere<\/b><span style=\"font-weight: 400;\">ist eine hochwertige Mischung aus rohem Bio-Akazienhonig und frisch geerntetem Himbeerfruchtfleisch. Dieser luxuri\u00f6se Brotaufstrich f\u00e4ngt die leuchtende Farbe, die zarte Textur und das nat\u00fcrliche Aroma reifer Himbeeren ein, perfekt erg\u00e4nzt durch die sanfte S\u00fc\u00dfe des Akazienhonigs. Jeder L\u00f6ffel liefert die warme Essenz des Sommers, selbst an den k\u00e4ltesten Tagen.  <\/span><\/p>\n<p><span style=\"font-weight: 400;\">Durch ein einzigartiges Kaltverarbeitungsverfahren bewahrt Melinis Refreshing Raspberry die nat\u00fcrlichen N\u00e4hrstoffe, Antioxidantien und Enzyme seiner Zutaten und ist eine vielseitige und gesundheitsf\u00f6rdernde Delikatesse. Mit seiner seidigen Textur und seinem reichhaltigen Geschmack eignet sich dieser handwerklich hergestellte Leckerbissen perfekt f\u00fcr das Fr\u00fchst\u00fcck, Desserts oder einen energiespendenden Snack. <\/span><\/p>\n<p><span style=\"font-weight: 400;\">Bei Melinis sind wir stolz auf unser einzigartiges Herstellungsverfahren, das von der nat\u00fcrlichen Arbeit der Bienen in ihrem Bienenstock inspiriert ist. Genauso wie die Bienen ihren Honig bel\u00fcften, um den Wassergehalt zu reduzieren, vermischen wir auf sanfte Weise rohe Fr\u00fcchte mit Honig und verarbeiten diese Mischung mit speziell entwickelten Ger\u00e4ten, den Homogenisatoren. Diese Maschinen halten eine kontrollierte Temperatur von 35-38\u00b0C aufrecht und verwenden Str\u00f6me sehr trockener Luft, um das Wasser \u00fcber einen Zeitraum von 2-4 Wochen aus der Mischung zu verdampfen. Durch diese langsame und sorgf\u00e4ltige Methode werden die Fr\u00fcchte in ihrem naturnahen Zustand konserviert, ohne dass sie gekocht oder pasteurisiert werden, wodurch ein maximaler N\u00e4hrwert und ein authentischer Geschmack in jedem Glas gew\u00e4hrleistet wird.   <\/span><\/p>\n<h3><b>Vorschl\u00e4ge f\u00fcr die Verwendung:<\/b><\/h3>\n<p><span style=\"font-weight: 400;\">Genie\u00dfen Sie<\/span> <b>Melinis Erfrischende Himbeere<\/b><span style=\"font-weight: 400;\"> als Aufstrich auf Toast, Pfannkuchen oder Waffeln, oder r\u00fchren Sie ihn in Joghurt f\u00fcr einen lebendigen, n\u00e4hrstoffreichen Snack. Sein kr\u00e4ftiger und erfrischender Geschmack macht ihn zu einem ausgezeichneten Topping f\u00fcr Eiscreme oder zur perfekten F\u00fcllung f\u00fcr Geb\u00e4ck. F\u00fcr eine raffinierte Note kombinieren Sie ihn mit dunkler Schokolade oder feinem K\u00e4se.  <\/span><\/p>\n<h3><b>Warum Melinis Erfrischende Himbeere w\u00e4hlen?<\/b><\/h3>\n<p><span style=\"font-weight: 400;\">Die nat\u00fcrliche S\u00fc\u00dfe von rohem Bio-Akazienhonig trifft auf die spritzige Frische von Himbeeren in dieser einzigartigen, kalt verarbeiteten Delikatesse. Vollgepackt mit N\u00e4hrstoffen und Antioxidantien ist er eine k\u00f6stliche und gesundheitsf\u00f6rdernde Erg\u00e4nzung Ihrer Speisekammer, die sowohl Gourmet-Geschmack als auch Wellness-Vorteile bietet. <\/span><\/p>\n<h3><b>Erleben Sie den Geschmack des Sommers in jedem L\u00f6ffel<\/b><\/h3>\n<p><span style=\"font-weight: 400;\">Hinzuf\u00fcgen<\/span> <b>Melinis Erfrischende Himbeere<\/b> <span style=\"font-weight: 400;\">in Ihren Einkaufswagen und genie\u00dfen Sie den lebendigen Geschmack, die gesundheitlichen Vorteile und die handwerkliche Qualit\u00e4t dieser hochwertigen, kalt verarbeiteten Delikatesse!<\/span><\/p>\n<h3><b>Sicherheit<\/b><\/h3>\n<p><span style=\"font-weight: 400;\">Da wir rohen Honig verwenden, wird er f\u00fcr Kinder unter 12 Monaten nicht empfohlen. <\/span><\/p>\n<h3><b>Anweisungen zur Lagerung<\/b><span style=\"font-weight: 400;\">:<\/span><\/h3>\n<p><span style=\"font-weight: 400;\">Lagern Sie es, auch nach dem \u00d6ffnen, an einem k\u00fchlen, trockenen Ort, vor direkter Sonneneinstrahlung gesch\u00fctzt, bei Temperaturen zwischen 18-25\u00b0C. Es ist nicht notwendig, es in den K\u00fchlschrank zu stellen. <\/span><\/p>\n<h3><b>Herkunft und Nachhaltigkeit<\/b><span style=\"font-weight: 400;\">:<\/span><\/h3>\n<p><span style=\"font-weight: 400;\">Melinis Wild Cranberries wird ausschlie\u00dflich in Rum\u00e4nien hergestellt und unterst\u00fctzt lokale Bio-Imker und die nachhaltige Ernte von Wildpreiselbeeren. Jedes Glas wird mit Sorgfalt in kleinen Chargen hergestellt, um die Reinheit und Qualit\u00e4t jeder Zutat zu bewahren. <\/span><\/p>\n","protected":false},"excerpt":{"rendered":"<p> <span style=\"font-weight: 400;\">65% Honig, 25% Himbeerpaste, mit Zitronensaft verfeinert, ideal f\u00fcr Fr\u00fchst\u00fcck, Desserts &amp; Smoothies &#8211; von Melinis<\/p>\n<p><\/span><b>Zutaten<\/b>: <span style=\"font-weight: 400;\">Bio-Akazienhonig* 65%, rohes Himbeermark* 25%, Zitronensaft 10%;<\/p>\n<p><\/span><span style=\"font-weight: 400;\">*aus Rum\u00e4nien<\/span><\/p>\n","protected":false},"featured_media":25250,"comment_status":"open","ping_status":"closed","template":"","meta":[],"product_brand":[],"product_cat":[1196],"product_tag":[],"class_list":{"0":"post-26085","1":"product","2":"type-product","3":"status-publish","4":"has-post-thumbnail","6":"product_cat-melinis-de","8":"first","9":"instock","10":"shipping-taxable","11":"purchasable","12":"product-type-simple"},"_links":{"self":[{"href":"https:\/\/praxistrade.eu\/de\/wp-json\/wp\/v2\/product\/26085","targetHints":{"allow":["GET"]}}],"collection":[{"href":"https:\/\/praxistrade.eu\/de\/wp-json\/wp\/v2\/product"}],"about":[{"href":"https:\/\/praxistrade.eu\/de\/wp-json\/wp\/v2\/types\/product"}],"replies":[{"embeddable":true,"href":"https:\/\/praxistrade.eu\/de\/wp-json\/wp\/v2\/comments?post=26085"}],"wp:featuredmedia":[{"embeddable":true,"href":"https:\/\/praxistrade.eu\/de\/wp-json\/wp\/v2\/media\/25250"}],"wp:attachment":[{"href":"https:\/\/praxistrade.eu\/de\/wp-json\/wp\/v2\/media?parent=26085"}],"wp:term":[{"taxonomy":"product_brand","embeddable":true,"href":"https:\/\/praxistrade.eu\/de\/wp-json\/wp\/v2\/product_brand?post=26085"},{"taxonomy":"product_cat","embeddable":true,"href":"https:\/\/praxistrade.eu\/de\/wp-json\/wp\/v2\/product_cat?post=26085"},{"taxonomy":"product_tag","embeddable":true,"href":"https:\/\/praxistrade.eu\/de\/wp-json\/wp\/v2\/product_tag?post=26085"}],"curies":[{"name":"wp","href":"https:\/\/api.w.org\/{rel}","templated":true}]}}