{"id":26091,"date":"2024-12-24T09:29:43","date_gmt":"2024-12-24T09:29:43","guid":{"rendered":"https:\/\/praxistrade.eu\/product\/bio-akazienhonig-mit-rosenblueten\/"},"modified":"2024-12-24T09:29:43","modified_gmt":"2024-12-24T09:29:43","slug":"bio-akazienhonig-mit-rosenblueten","status":"publish","type":"product","link":"https:\/\/praxistrade.eu\/de\/produkt\/bio-akazienhonig-mit-rosenblueten\/","title":{"rendered":"Bio-Akazienhonig mit Rosenbl\u00fcten"},"content":{"rendered":"<h3><b>\u00dcber diesen Artikel<\/b><span style=\"font-weight: 400;\">:<\/span><\/h3>\n<p><span style=\"font-weight: 400;\">Das Gewicht des Artikels betr\u00e4gt 230g <\/span><span style=\"font-weight: 400;\">nicht 400g<\/span><\/p>\n<p><span style=\"font-weight: 400;\"><strong>Gewicht der Verpackung:<\/strong> 400g<\/span><\/p>\n<p><span style=\"font-weight: 400;\"><strong>Honig Art:<\/strong> Akazie<\/span><\/p>\n<ul>\n<li style=\"font-weight: 400;\" aria-level=\"1\"><span style=\"font-weight: 400;\">Eleganter Bio-Luxusaufstrich &#8211; Verw\u00f6hnen Sie sich mit dem raffinierten Melinis Bio-Akazienhonig mit Rosenbl\u00e4ttern, einer exklusiven Mischung aus Honig und dem bet\u00f6renden Aroma von Damaszener Rosen.<\/span><\/li>\n<li style=\"font-weight: 400;\" aria-level=\"1\"><b>Einzigartige Kaltverarbeitungsmethode<\/b><span style=\"font-weight: 400;\"> &#8211; In unserem speziellen Niedrigtemperaturverfahren wird die Mischung aus Honig und Rosenbl\u00e4ttern bei Temperaturen unter 38\u00b0C schonend dehydriert. Dies ahmt die nat\u00fcrliche Art und Weise nach, wie Bienen Honig erzeugen, wobei Enzyme, Antioxidantien und N\u00e4hrstoffe erhalten bleiben, um einen maximalen Nutzen f\u00fcr die Gesundheit und den Geschmack zu erzielen. <\/span><\/li>\n<li style=\"font-weight: 400;\" aria-level=\"1\"><span style=\"font-weight: 400;\">Handwerkskunst auf dem Teller &#8211; Schonende Verarbeitung unter 38\u00b0C, um Reinheit und vollen Geschmack zu erhalten &#8211; f\u00fcr ein erstklassiges Aufstrich-Erlebnis.<\/span><\/li>\n<li style=\"font-weight: 400;\" aria-level=\"1\"><span style=\"font-weight: 400;\">Verfeinern Sie Ihre Desserts &#8211; Ein luxuri\u00f6ses Topping f\u00fcr Vanilleeis, ein Highlight mit dunkler Schokolade oder als besonderer Abschluss von Kuchen und Geb\u00e4ck.<\/span><\/li>\n<li style=\"font-weight: 400;\" aria-level=\"1\"><span style=\"font-weight: 400;\">Samtweiche Textur &#8211; Diese elegante Honigcreme l\u00e4sst sich leicht verstreichen und verleiht Ihren Gerichten das gewisse Extra.<\/span><\/li>\n<li style=\"font-weight: 400;\" aria-level=\"1\"><span style=\"font-weight: 400;\">Reine Bio-Zutaten &#8211; Hergestellt aus Bio-Akazienhonig und handgepfl\u00fcckten Rosenbl\u00e4ttern f\u00fcr ein nat\u00fcrliches und unverf\u00e4lschtes Geschmackserlebnis.<\/span><\/li>\n<li style=\"font-weight: 400;\" aria-level=\"1\"><span style=\"font-weight: 400;\">Perfekt f\u00fcr genussvolle Momente &#8211; Ideal, um Ihren Fr\u00fchst\u00fccksleckereien, Nachmittagssnacks oder besonderen Desserts eine exklusive Note zu verleihen.<\/span><\/li>\n<li style=\"font-weight: 400;\" aria-level=\"1\"><span style=\"font-weight: 400;\">Orientalischer Duft und Geschmack &#8211; Der verf\u00fchrerische Duft der Damaszener Rosen entf\u00fchrt Ihre Sinne in die Welt des Orients und macht jede Mahlzeit zu einem besonderen Erlebnis.<\/span><\/li>\n<li style=\"font-weight: 400;\" aria-level=\"1\"><span style=\"font-weight: 400;\">MELINIS: Ihr Vertrauen in Bio-Qualit\u00e4t &#8211; Vertrauen Sie Melinis f\u00fcr hochwertige, sorgf\u00e4ltig hergestellte Bio-Honigprodukte, die Ihre K\u00fcche bereichern und Ihren Geschmack verw\u00f6hnen.<\/span><\/li>\n<\/ul>\n<h3><b>Informationen zum Produkt<\/b><span style=\"font-weight: 400;\">:<\/span><\/h3>\n<p><span style=\"font-weight: 400;\"><strong>Region der Herkunft: <\/strong>EU &#8211; Rum\u00e4nien<\/span><\/p>\n<p><span style=\"font-weight: 400;\"><strong>Hersteller:<\/strong> Atelierele Melinis SRL<\/span><\/p>\n<p><span style=\"font-weight: 400;\"><strong>Artikelform:<\/strong> Glas<\/span><\/p>\n<h3><strong>Ma\u00dfe:<\/strong><\/h3>\n<p><span style=\"font-weight: 400;\"><strong>Artikelpaketgewicht:<\/strong> 400g <\/span><b>Nicht <\/b><span style=\"font-weight: 400;\">Artikelgewicht<\/span><\/p>\n<p><span style=\"font-weight: 400;\"><strong>Ma\u00dfe:<\/strong> 6,3cm x 6,3cm x 8,0cm<\/span><\/p>\n<h3><b>Vorschl\u00e4ge f\u00fcr die Verwendung:<\/b><\/h3>\n<p><span style=\"font-weight: 400;\">Verwandeln Sie Ihre kulinarischen Kreationen mit der <\/span><b>Eleganz von Melinis Kostbare Rose<\/b><span style=\"font-weight: 400;\">.<\/span><\/p>\n<ul>\n<li style=\"font-weight: 400;\" aria-level=\"1\"><span style=\"font-weight: 400;\">Betr\u00e4ufeln Sie damit cremige Desserts wie Panna Cotta, K\u00e4sekuchen oder Eiscreme f\u00fcr eine Gourmet-Note.<\/span><\/li>\n<li style=\"font-weight: 400;\" aria-level=\"1\"><span style=\"font-weight: 400;\">Kombinieren Sie ihn mit feiner Zartbitterschokolade, um eine genussvolle Geschmackskombination zu schaffen.<\/span><\/li>\n<li style=\"font-weight: 400;\" aria-level=\"1\"><span style=\"font-weight: 400;\">F\u00fcgen Sie ihn frisch gebackenem Geb\u00e4ck oder Scones f\u00fcr eine zarte blumige Note hinzu.<\/span><\/li>\n<li style=\"font-weight: 400;\" aria-level=\"1\"><span style=\"font-weight: 400;\">Verwenden Sie ihn als S\u00fc\u00dfungsmittel f\u00fcr Kr\u00e4utergetr\u00e4nke oder als raffinierte Erg\u00e4nzung zu K\u00e4seplatten.<\/span><\/li>\n<\/ul>\n<p><span style=\"font-weight: 400;\">Ob Sie eine besondere Veranstaltung ausrichten oder sich einen ruhigen Moment des Luxus g\u00f6nnen,<\/span> <b>Melinis Precious Rose<\/b> <span style=\"font-weight: 400;\">ist die perfekte Erg\u00e4nzung, um jeden Anlass zu versch\u00f6nern.<\/span><\/p>\n<h3><b>Produktbeschreibung<\/b><\/h3>\n<p><span style=\"font-weight: 400;\">Erleben Sie das ultimative Verw\u00f6hnprogramm mit<\/span> <b>Melinis Kostbare Roseeinem<\/b> <span style=\"font-weight: 400;\">Meisterwerk aus feinstem rohen Bio-Akazienhonig und handverlesenen<\/span> <b>frischen Damaszener Rosenbl\u00fcten<\/b><span style=\"font-weight: 400;\">. Mit ihrem auff\u00e4lligen rubinroten Farbton, ihrer luxuri\u00f6sen Textur und ihrem bet\u00f6renden blumigen Aroma entf\u00fchrt Sie diese einzigartige Delikatesse in bezaubernde L\u00e4nder, in denen die Damaszener Rose Leidenschaft und Eleganz symbolisiert. <\/span><\/p>\n<p><span style=\"font-weight: 400;\">Diese exquisite Mischung wird in einem schonenden Kaltverarbeitungsverfahren hergestellt, bei dem das gesamte Spektrum an nat\u00fcrlichen N\u00e4hrstoffen, Antioxidantien und Aromen der hochwertigen Zutaten erhalten bleibt. Jede Dose von  <\/span><b>Melinis Precious Rose<\/b> <span style=\"font-weight: 400;\">ist ein Fest der Kunst, der Natur und des Wohlbefindens und bietet ein wirklich einzigartiges Gourmet-Erlebnis.<\/span><\/p>\n<p><span style=\"font-weight: 400;\">Bei Melinis sind wir stolz auf unser einzigartiges Herstellungsverfahren, das von der nat\u00fcrlichen Arbeit der Bienen in ihrem Bienenstock inspiriert ist. Genauso wie die Bienen ihren Honig bel\u00fcften, um den Wassergehalt zu reduzieren, vermischen wir auf sanfte Weise rohe Fr\u00fcchte mit Honig und verarbeiten diese Mischung mit speziell entwickelten Ger\u00e4ten, den Homogenisatoren. Diese Maschinen halten eine kontrollierte Temperatur von 35-37\u00b0C aufrecht und verwenden Str\u00f6me sehr trockener Luft, um das Wasser \u00fcber einen Zeitraum von 2-4 Wochen aus der Mischung zu verdampfen. Durch diese langsame und sorgf\u00e4ltige Methode werden die Fr\u00fcchte in ihrem naturnahen Zustand konserviert, ohne dass sie gekocht oder pasteurisiert werden, wodurch ein maximaler N\u00e4hrwert und ein authentischer Geschmack in jedem Glas gew\u00e4hrleistet wird.<br \/>   <\/span><\/p>\n<h3><b>Warum Melinis Precious Rose w\u00e4hlen?<\/b><\/h3>\n<p><span style=\"font-weight: 400;\">Die<\/span> <b>Damaszener Rose<\/b><span style=\"font-weight: 400;\">der seit Jahrhunderten als Symbol f\u00fcr Sch\u00f6nheit und Reinheit verehrt wird, trifft in dieser exquisiten Mischung auf die unvergleichliche S\u00fc\u00dfe von rohem Akazienhonig. Jedes Glas verk\u00f6rpert die Sorgfalt und Handwerkskunst der handwerklichen Herstellung und bietet nicht nur einen unvergleichlichen Geschmack, sondern auch eine Reihe von Vorteilen f\u00fcr das Wohlbefinden. Mit seiner einzigartigen Kaltverarbeitungsmethode,   <\/span><b>Melinis Kostbare Rose<\/b><span style=\"font-weight: 400;\"> bewahrt die volle Essenz der Natur und bietet eine Delikatesse, die ebenso sch\u00f6n wie nahrhaft ist.<\/span><\/p>\n<h3><b>Erleben Sie den Zauber der Rosen in jedem L\u00f6ffel<\/b><\/h3>\n<p><span style=\"font-weight: 400;\">Hinzuf\u00fcgen<\/span> <b>Melinis Kostbare Rose<\/b><span style=\"font-weight: 400;\"> in Ihren Einkaufswagen und genie\u00dfen Sie die Eleganz, den Geschmack und die gesundheitlichen Vorteile dieser handwerklich hergestellten, kalt verarbeiteten Delikatesse! Perfekt zum Genie\u00dfen, Verschenken oder f\u00fcr unvergessliche kulinarische Momente. <\/span><\/p>\n<h3><b>Sicherheit<\/b><\/h3>\n<p><span style=\"font-weight: 400;\">Da wir rohen Honig verwenden, wird er f\u00fcr Kinder unter 12 Monaten nicht empfohlen. <\/span><\/p>\n<h3><b>Anweisungen zur Lagerung<\/b><span style=\"font-weight: 400;\">:<\/span><\/h3>\n<p><span style=\"font-weight: 400;\">Lagern Sie es, auch nach dem \u00d6ffnen, an einem k\u00fchlen, trockenen Ort, vor direkter Sonneneinstrahlung gesch\u00fctzt, bei Temperaturen zwischen 18-25\u00b0C. Es ist nicht notwendig, es in den K\u00fchlschrank zu stellen. <\/span><\/p>\n<h3><b>Herkunft und Nachhaltigkeit<\/b><span style=\"font-weight: 400;\">:<\/span><\/h3>\n<p><span style=\"font-weight: 400;\">Melinis Wild Cranberries wird ausschlie\u00dflich in Rum\u00e4nien hergestellt und unterst\u00fctzt lokale Bio-Imker und die nachhaltige Ernte von Wildpreiselbeeren. Jedes Glas wird mit Sorgfalt in kleinen Chargen hergestellt, um die Reinheit und Qualit\u00e4t jeder Zutat zu bewahren. <\/span><\/p>\n","protected":false},"excerpt":{"rendered":"<p><span style=\"font-weight: 400;\">Exquisiter kaltverarbeiteter Gourmetgenuss, 80% Honig, verfeinert mit Damaszenerrosen und Zitronensaft, ideal f\u00fcr Desserts, Eiscreme und Schokolade &#8211; von Melinis<\/p>\n<p><\/span><b>Zutaten<\/b><span style=\"font-weight: 400;\">:<\/span> <span style=\"font-weight: 400;\">Bio-Akazienhonig (aus Rum\u00e4nien) 87%, frische Bio-Damaszener-Rosenbl\u00fcten (aus Rum\u00e4nien) 8,7%; Bio-Zitronensaft 4,3%<\/span>.<\/p>\n","protected":false},"featured_media":25323,"comment_status":"open","ping_status":"closed","template":"","meta":[],"product_brand":[],"product_cat":[1196],"product_tag":[],"class_list":{"0":"post-26091","1":"product","2":"type-product","3":"status-publish","4":"has-post-thumbnail","6":"product_cat-melinis-de","8":"first","9":"instock","10":"shipping-taxable","11":"purchasable","12":"product-type-simple"},"_links":{"self":[{"href":"https:\/\/praxistrade.eu\/de\/wp-json\/wp\/v2\/product\/26091","targetHints":{"allow":["GET"]}}],"collection":[{"href":"https:\/\/praxistrade.eu\/de\/wp-json\/wp\/v2\/product"}],"about":[{"href":"https:\/\/praxistrade.eu\/de\/wp-json\/wp\/v2\/types\/product"}],"replies":[{"embeddable":true,"href":"https:\/\/praxistrade.eu\/de\/wp-json\/wp\/v2\/comments?post=26091"}],"wp:featuredmedia":[{"embeddable":true,"href":"https:\/\/praxistrade.eu\/de\/wp-json\/wp\/v2\/media\/25323"}],"wp:attachment":[{"href":"https:\/\/praxistrade.eu\/de\/wp-json\/wp\/v2\/media?parent=26091"}],"wp:term":[{"taxonomy":"product_brand","embeddable":true,"href":"https:\/\/praxistrade.eu\/de\/wp-json\/wp\/v2\/product_brand?post=26091"},{"taxonomy":"product_cat","embeddable":true,"href":"https:\/\/praxistrade.eu\/de\/wp-json\/wp\/v2\/product_cat?post=26091"},{"taxonomy":"product_tag","embeddable":true,"href":"https:\/\/praxistrade.eu\/de\/wp-json\/wp\/v2\/product_tag?post=26091"}],"curies":[{"name":"wp","href":"https:\/\/api.w.org\/{rel}","templated":true}]}}