{"id":26097,"date":"2024-12-24T09:37:27","date_gmt":"2024-12-24T09:37:27","guid":{"rendered":"https:\/\/praxistrade.eu\/product\/frisch-und-aromatisiert-set-3-x-40-g-honig-mit-rosenblueten-sanddorn-himbeeren\/"},"modified":"2024-12-24T09:37:27","modified_gmt":"2024-12-24T09:37:27","slug":"frisch-und-aromatisiert-set-3-x-40-g-honig-mit-rosenblueten-sanddorn-himbeeren","status":"publish","type":"product","link":"https:\/\/praxistrade.eu\/de\/produkt\/frisch-und-aromatisiert-set-3-x-40-g-honig-mit-rosenblueten-sanddorn-himbeeren\/","title":{"rendered":"Frisch und aromatisiert &#8211; Set 3 x 40 g &#8211; Honig mit Rosenbl\u00fcten, Sanddorn, Himbeeren"},"content":{"rendered":"<h3><b>\u00dcber diesen Artikel<\/b><span style=\"font-weight: 400;\">:<\/span><\/h3>\n<p><span style=\"font-weight: 400;\">Das Gewicht des Artikels betr\u00e4gt 120g<\/span><span style=\"font-weight: 400;\"> nicht 350g<\/span><\/p>\n<p><span style=\"font-weight: 400;\"><strong>Gewicht der Verpackung:<\/strong> 350g<\/span><\/p>\n<p><span style=\"font-weight: 400;\"><strong>Honig Art:<\/strong> Akazie oder Multiflower<\/span><\/p>\n<h3><b>Einzigartige Kaltverarbeitungsmethode<\/b><span style=\"font-weight: 400;\">:<\/span> <\/h3>\n<p><span style=\"font-weight: 400;\">In unserem speziellen Niedrigtemperaturverfahren wird die Mischung aus Honig und Fr\u00fcchten bei Temperaturen unter 38\u00b0C schonend dehydriert. Dies ahmt die nat\u00fcrliche Art und Weise nach, wie Bienen Honig erzeugen, wobei Enzyme, Antioxidantien und N\u00e4hrstoffe erhalten bleiben, um einen maximalen Nutzen f\u00fcr die Gesundheit und den Geschmack zu erzielen. <\/span><\/p>\n<h3><strong>Informationen zum Produkt:<\/strong><\/h3>\n<p><span style=\"font-weight: 400;\"><strong>Region der Herkunft: <\/strong>EU &#8211; Rum\u00e4nien<\/span><\/p>\n<p><span style=\"font-weight: 400;\"><strong>Hersteller:<\/strong> Atelierele Melinis SRL<\/span><\/p>\n<p><span style=\"font-weight: 400;\"><strong>Artikelform:<\/strong> Glas<\/span><\/p>\n<h3><strong>Ma\u00dfe:<\/strong><\/h3>\n<p><span style=\"font-weight: 400;\"><strong>Gewicht der Verpackung:<\/strong> 350g<\/span><b> Nicht<\/b> <span style=\"font-weight: 400;\">Gewicht des Artikels<\/span><\/p>\n<p><span style=\"font-weight: 400;\"><strong>Abmessungen:<\/strong> 5cm x 5cm x 14cm<\/span><\/p>\n<h3><b>Produktbeschreibung<\/b><\/h3>\n<p><span style=\"font-weight: 400;\">Verw\u00f6hnen Sie sich und Ihre Lieben mit einer k\u00f6stlichen Mischung aus Bio-Honig und rohen Fr\u00fcchten, die Ihre Geschmacksnerven und Ihr Wohlbefinden bereichern. Mit all dem Sanddorn, den Himbeeren und den handgepfl\u00fcckten Bl\u00fctenbl\u00e4ttern der Damaszener Rose in feinem Bio-Akazienhonig ist dieses Set eine wahre Schatztruhe der Natur, vollgepackt mit Vitaminen, Antioxidantien und einzigartigen Aromen. Beginnen Sie Ihren Tag mit dem energiereichen Sanddorn-Aufstrich, der einen frischen, vitaminreichen Kick bietet. Erleben Sie die Frische des Himbeeraufstrichs, der Ihre Fr\u00fchst\u00fcckssch\u00fcssel oder Ihr Dessert in ein echtes Highlight verwandelt. Und lassen Sie sich von der luxuri\u00f6sen, blumigen Note des Rosenbl\u00fctenaufstrichs verzaubern, ein Hauch von Eleganz, der Ihre Sinne verw\u00f6hnt. Ohne Zuckerzusatz und k\u00fcnstliche Zusatzstoffe bietet dieses Set einen reinen, nat\u00fcrlichen Genuss, dem Sie vertrauen k\u00f6nnen.      <\/span><\/p>\n<p><span style=\"font-weight: 400;\">Bei Melinis sind wir stolz auf unser einzigartiges Herstellungsverfahren, das von der nat\u00fcrlichen Arbeit der Bienen in ihrem Bienenstock inspiriert ist. Genauso wie die Bienen ihren Honig bel\u00fcften, um den Wassergehalt zu reduzieren, vermischen wir auf sanfte Weise rohe Fr\u00fcchte mit Honig und verarbeiten diese Mischung mit speziell entwickelten Ger\u00e4ten, den Homogenisatoren. Diese Maschinen halten eine kontrollierte Temperatur von 35-38\u00b0C aufrecht und verwenden Str\u00f6me sehr trockener Luft, um das Wasser \u00fcber einen Zeitraum von 2-4 Wochen aus der Mischung zu verdampfen. Durch diese langsame und sorgf\u00e4ltige Methode werden die Fr\u00fcchte in ihrem naturnahen Zustand konserviert, ohne dass sie gekocht oder pasteurisiert werden, wodurch ein maximaler N\u00e4hrwert und ein authentischer Geschmack in jedem Glas gew\u00e4hrleistet wird.   <\/span><\/p>\n<h3><b>Sicherheit<\/b><\/h3>\n<p><span style=\"font-weight: 400;\">Da wir rohen Honig verwenden, wird er f\u00fcr Kinder unter 12 Monaten nicht empfohlen. <\/span><\/p>\n<h3><b>Anweisungen zur Lagerung<\/b><span style=\"font-weight: 400;\">:<\/span><\/h3>\n<p><span style=\"font-weight: 400;\">Lagern Sie es, auch nach dem \u00d6ffnen, an einem trockenen Ort, vor direkter Sonneneinstrahlung gesch\u00fctzt, bei Temperaturen zwischen 18-25\u00b0C. Es ist nicht notwendig, es in den K\u00fchlschrank zu stellen. <\/span><\/p>\n<h3><b>Herkunft und Nachhaltigkeit<\/b><span style=\"font-weight: 400;\">:<\/span><\/h3>\n<p><span style=\"font-weight: 400;\">Unsere Produkte werden ausschlie\u00dflich in Rum\u00e4nien hergestellt und unterst\u00fctzen lokale Bio-Imker und lokale Bio-Bauernh\u00f6fe. Jedes Glas wird mit Sorgfalt in kleinen Chargen hergestellt, um die Reinheit und Qualit\u00e4t jeder Zutat zu bewahren. <\/span><\/p>\n","protected":false},"excerpt":{"rendered":"<p><span style=\"font-weight: 400;\"> Schonend verarbeitet unter 38\u00b0C &#8211; Premium Delikatessen f\u00fcr Fr\u00fchst\u00fcck, Desserts, Smoothies &amp; Snacks &#8211; von Melinis<\/span><\/p>\n<p><strong>Zutaten<\/strong><\/p>\n<ol>\n<li><span style=\"font-weight: 400;\"> Bio-Akazienhonig* 87%, frische Bio-Damaszener-Rosenbl\u00fcten* minimal 8,5%; Bio-Zitronensaft maximal 4,5%<\/span><\/li>\n<li><span style=\"font-weight: 400;\"> Bio-Mehrbl\u00fctenhonig* 50%, Bio-Sanddornfruchtfleisch* 50%<\/span><\/li>\n<li><span style=\"font-weight: 400;\"> Bio-Akazienhonig* 65%, rohes Himbeerfruchtfleisch* 25%, Zitronensaft 10%; <\/span><\/li>\n<\/ol>\n<p><span style=\"font-weight: 400;\">*aus Rum\u00e4nien<\/span><\/p>\n","protected":false},"featured_media":25396,"comment_status":"open","ping_status":"closed","template":"","meta":[],"product_brand":[],"product_cat":[1196],"product_tag":[],"class_list":{"0":"post-26097","1":"product","2":"type-product","3":"status-publish","4":"has-post-thumbnail","6":"product_cat-melinis-de","8":"first","9":"instock","10":"shipping-taxable","11":"purchasable","12":"product-type-simple"},"_links":{"self":[{"href":"https:\/\/praxistrade.eu\/de\/wp-json\/wp\/v2\/product\/26097","targetHints":{"allow":["GET"]}}],"collection":[{"href":"https:\/\/praxistrade.eu\/de\/wp-json\/wp\/v2\/product"}],"about":[{"href":"https:\/\/praxistrade.eu\/de\/wp-json\/wp\/v2\/types\/product"}],"replies":[{"embeddable":true,"href":"https:\/\/praxistrade.eu\/de\/wp-json\/wp\/v2\/comments?post=26097"}],"wp:featuredmedia":[{"embeddable":true,"href":"https:\/\/praxistrade.eu\/de\/wp-json\/wp\/v2\/media\/25396"}],"wp:attachment":[{"href":"https:\/\/praxistrade.eu\/de\/wp-json\/wp\/v2\/media?parent=26097"}],"wp:term":[{"taxonomy":"product_brand","embeddable":true,"href":"https:\/\/praxistrade.eu\/de\/wp-json\/wp\/v2\/product_brand?post=26097"},{"taxonomy":"product_cat","embeddable":true,"href":"https:\/\/praxistrade.eu\/de\/wp-json\/wp\/v2\/product_cat?post=26097"},{"taxonomy":"product_tag","embeddable":true,"href":"https:\/\/praxistrade.eu\/de\/wp-json\/wp\/v2\/product_tag?post=26097"}],"curies":[{"name":"wp","href":"https:\/\/api.w.org\/{rel}","templated":true}]}}