{"id":26103,"date":"2024-12-24T09:44:17","date_gmt":"2024-12-24T09:44:17","guid":{"rendered":"https:\/\/praxistrade.eu\/product\/knusprig-und-unwiderstehlich-set-3-x-40-g-akazienhonig-mit-heidelbeeren-quitten-und-sauerkirschen\/"},"modified":"2024-12-24T09:44:17","modified_gmt":"2024-12-24T09:44:17","slug":"knusprig-und-unwiderstehlich-set-3-x-40-g-akazienhonig-mit-heidelbeeren-quitten-und-sauerkirschen","status":"publish","type":"product","link":"https:\/\/praxistrade.eu\/de\/produkt\/knusprig-und-unwiderstehlich-set-3-x-40-g-akazienhonig-mit-heidelbeeren-quitten-und-sauerkirschen\/","title":{"rendered":"Knusprig und unwiderstehlich &#8211; Set 3 x 40 g &#8211; Akazienhonig mit Heidelbeeren, Quitten und Sauerkirschen"},"content":{"rendered":"<h3><b>\u00dcber diesen Artikel<\/b><span style=\"font-weight: 400;\">:<\/span><\/h3>\n<p><span style=\"font-weight: 400;\">Das Gewicht des Artikels betr\u00e4gt 120g<\/span><span style=\"font-weight: 400;\"> nicht 350g<\/span><\/p>\n<p><span style=\"font-weight: 400;\"><strong>Gewicht der Verpackung:<\/strong> 350g<\/span><\/p>\n<p><span style=\"font-weight: 400;\"><strong>Honig Art:<\/strong> Akazie oder Multiflower<\/span><\/p>\n<h3><b>Einzigartige Kaltverarbeitungsmethode<\/b><span style=\"font-weight: 400;\">:<\/span> <\/h3>\n<p><span style=\"font-weight: 400;\">In unserem speziellen Niedrigtemperaturverfahren wird die Mischung aus Honig und Fr\u00fcchten bei Temperaturen unter 38\u00b0C schonend dehydriert. Dies ahmt die nat\u00fcrliche Art und Weise nach, wie Bienen Honig erzeugen, wobei Enzyme, Antioxidantien und N\u00e4hrstoffe erhalten bleiben, um einen maximalen Nutzen f\u00fcr die Gesundheit und den Geschmack zu erzielen. <\/span><\/p>\n<h3><strong>Informationen zum Produkt:<\/strong><\/h3>\n<p><span style=\"font-weight: 400;\"><strong>Region der Herkunft: <\/strong>EU &#8211; Rum\u00e4nien<\/span><\/p>\n<p><span style=\"font-weight: 400;\"><strong>Hersteller:<\/strong> Atelierele Melinis SRL<\/span><\/p>\n<p><span style=\"font-weight: 400;\"><strong>Artikelform:<\/strong> Glas<\/span><\/p>\n<h3><strong>Ma\u00dfe:<\/strong><\/h3>\n<p><span style=\"font-weight: 400;\"><strong>Gewicht der Verpackung:<\/strong> 350g<\/span><b> Nicht<\/b> <span style=\"font-weight: 400;\">Gewicht des Artikels<\/span><\/p>\n<p><span style=\"font-weight: 400;\"><strong>Abmessungen:<\/strong> 5cm x 5cm x 14cm<\/span><\/p>\n<h3><b>Produktbeschreibung<\/b><\/h3>\n<p><span style=\"font-weight: 400;\">Dies ist eine feine Auswahl an Produkten, die aus Akazienhonig und ganzen Fr\u00fcchten hergestellt werden. Sie sehen aus wie eine k\u00f6stliche Confiture, sind aber viel mehr als das &#8211; sie sind zuckerfrei und werden bei niedrigen Temperaturen verarbeitet. <\/span><\/p>\n<p><span style=\"font-weight: 400;\">Bei Melinis sind wir stolz auf unser einzigartiges Herstellungsverfahren, das von der nat\u00fcrlichen Arbeit der Bienen in ihrem Bienenstock inspiriert ist. Genauso wie die Bienen ihren Honig bel\u00fcften, um den Wassergehalt zu reduzieren, vermischen wir auf sanfte Weise rohe Fr\u00fcchte mit Honig und verarbeiten diese Mischung mit speziell entwickelten Ger\u00e4ten, den Homogenisatoren. Diese Maschinen halten eine kontrollierte Temperatur von 35-38\u00b0C aufrecht und verwenden Str\u00f6me sehr trockener Luft, um das Wasser \u00fcber einen Zeitraum von 2-4 Wochen aus der Mischung zu verdampfen. Durch diese langsame und sorgf\u00e4ltige Methode werden die Fr\u00fcchte in ihrem naturnahen Zustand konserviert, ohne dass sie gekocht oder pasteurisiert werden, wodurch ein maximaler N\u00e4hrwert und ein authentischer Geschmack in jedem Glas gew\u00e4hrleistet wird.   <\/span><\/p>\n<h3><b>Sicherheit<\/b><\/h3>\n<p><span style=\"font-weight: 400;\">Da wir rohen Honig verwenden, wird er f\u00fcr Kinder unter 12 Monaten nicht empfohlen. <\/span><\/p>\n<h3><b>Anweisungen zur Lagerung<\/b><span style=\"font-weight: 400;\">:<\/span><\/h3>\n<p><span style=\"font-weight: 400;\">Lagern Sie es, auch nach dem \u00d6ffnen, an einem trockenen Ort, vor direkter Sonneneinstrahlung gesch\u00fctzt, bei Temperaturen zwischen 18-25\u00b0C. Es ist nicht notwendig, es in den K\u00fchlschrank zu stellen. <\/span><\/p>\n<h3><b>Herkunft und Nachhaltigkeit<\/b><span style=\"font-weight: 400;\">:<\/span><\/h3>\n<p><span style=\"font-weight: 400;\">Unsere Produkte werden ausschlie\u00dflich in Rum\u00e4nien hergestellt und unterst\u00fctzen lokale Bio-Imker und lokale Bio-Bauernh\u00f6fe. Jedes Glas wird mit Sorgfalt in kleinen Chargen hergestellt, um die Reinheit und Qualit\u00e4t jeder Zutat zu bewahren. <\/span><\/p>\n","protected":false},"excerpt":{"rendered":"<p><span style=\"font-weight: 400;\">Schonend verarbeitet unter 38\u00b0C &#8211; Premium Rohfruchtmischung f\u00fcr Fr\u00fchst\u00fcck, Desserts, Smoothies &amp; Snacks &#8211; von Melinis<\/span><\/p>\n<p><strong>Zutaten<\/strong><\/p>\n<ol>\n<li><span style=\"font-weight: 400;\"> Bio-Akazienhonig* 70%, rohe Bio-Wildheidelbeeren* 25%, Bio-Sanddorn* 5%; <\/span><\/li>\n<li><span style=\"font-weight: 400;\"> Bio-Akazienhonig* 60%, rohe Quitten* 30%, Zitronensaft, Geranienblattsaft<\/span><\/li>\n<li><span style=\"font-weight: 400;\"> Bio-Akazienhonig* 70%, rohe Sauerkirsche* 30% <\/span><\/li>\n<\/ol>\n<p><span style=\"font-weight: 400;\">*aus Rum\u00e4nien<\/span><\/p>\n","protected":false},"featured_media":25469,"comment_status":"open","ping_status":"closed","template":"","meta":[],"product_brand":[],"product_cat":[1196],"product_tag":[],"class_list":{"0":"post-26103","1":"product","2":"type-product","3":"status-publish","4":"has-post-thumbnail","6":"product_cat-melinis-de","8":"first","9":"instock","10":"shipping-taxable","11":"purchasable","12":"product-type-simple"},"_links":{"self":[{"href":"https:\/\/praxistrade.eu\/de\/wp-json\/wp\/v2\/product\/26103","targetHints":{"allow":["GET"]}}],"collection":[{"href":"https:\/\/praxistrade.eu\/de\/wp-json\/wp\/v2\/product"}],"about":[{"href":"https:\/\/praxistrade.eu\/de\/wp-json\/wp\/v2\/types\/product"}],"replies":[{"embeddable":true,"href":"https:\/\/praxistrade.eu\/de\/wp-json\/wp\/v2\/comments?post=26103"}],"wp:featuredmedia":[{"embeddable":true,"href":"https:\/\/praxistrade.eu\/de\/wp-json\/wp\/v2\/media\/25469"}],"wp:attachment":[{"href":"https:\/\/praxistrade.eu\/de\/wp-json\/wp\/v2\/media?parent=26103"}],"wp:term":[{"taxonomy":"product_brand","embeddable":true,"href":"https:\/\/praxistrade.eu\/de\/wp-json\/wp\/v2\/product_brand?post=26103"},{"taxonomy":"product_cat","embeddable":true,"href":"https:\/\/praxistrade.eu\/de\/wp-json\/wp\/v2\/product_cat?post=26103"},{"taxonomy":"product_tag","embeddable":true,"href":"https:\/\/praxistrade.eu\/de\/wp-json\/wp\/v2\/product_tag?post=26103"}],"curies":[{"name":"wp","href":"https:\/\/api.w.org\/{rel}","templated":true}]}}