{"id":26209,"date":"2025-02-26T17:45:02","date_gmt":"2025-02-26T17:45:02","guid":{"rendered":"https:\/\/praxistrade.eu\/product\/roher-bio-sanddorn-mit-bio-mehrbluetenhonig\/"},"modified":"2025-02-26T17:45:02","modified_gmt":"2025-02-26T17:45:02","slug":"roher-bio-sanddorn-mit-bio-mehrbluetenhonig","status":"publish","type":"product","link":"https:\/\/praxistrade.eu\/de\/produkt\/roher-bio-sanddorn-mit-bio-mehrbluetenhonig\/","title":{"rendered":"Roher Bio-Sanddorn mit Bio-Mehrbl\u00fctenhonig"},"content":{"rendered":"<h3><b>\u00dcber diesen Artikel<\/b><span style=\"font-weight: 400;\">:<\/span><\/h3>\n<p><span style=\"font-weight: 400;\">Das Gewicht des Artikels betr\u00e4gt 230g <\/span><span style=\"font-weight: 400;\">nicht 400g<\/span><\/p>\n<p><span style=\"font-weight: 400;\"><strong>Gewicht der Verpackung:<\/strong> 400g<\/span><\/p>\n<p><span style=\"font-weight: 400;\"><strong>Honigsorte:<\/strong> Multiflower<\/span><\/p>\n<ul>\n<li style=\"font-weight: 400;\" aria-level=\"1\"><span style=\"font-weight: 400;\">IHRE T\u00c4GLICHE GEF\u00dcHLSPFLEGE &#8211; Genie\u00dfen Sie jeden L\u00f6ffel dieses besonderen Bio-Honigaufstrichs, der Ihre Sinne verw\u00f6hnt und Ihre Ern\u00e4hrung bereichert. Perfekt f\u00fcr alle, die das Beste aus Natur und Geschmack suchen. <\/span><\/li>\n<\/ul>\n<ul>\n<li style=\"font-weight: 400;\" aria-level=\"1\"><b>Einzigartige Kaltverarbeitungsmethode<\/b><span style=\"font-weight: 400;\"> &#8211; In unserem speziellen Niedrigtemperaturverfahren wird die Mischung aus Honig und rohem Sanddornfruchtfleisch bei Temperaturen unter 38\u00b0C schonend dehydriert. Dies ahmt die nat\u00fcrliche Art und Weise nach, wie Bienen Honig erzeugen, wobei Enzyme, Antioxidantien und N\u00e4hrstoffe erhalten bleiben, um einen maximalen Nutzen f\u00fcr die Gesundheit und den Geschmack zu erzielen. <\/span><\/li>\n<li style=\"font-weight: 400;\" aria-level=\"1\"><span style=\"font-weight: 400;\">Der Geschmack der Natur &#8211; Mit einer exklusiven Mischung aus 50%<\/span> <span style=\"font-weight: 400;\">Mehrbl\u00fctenhonig und 50% Sanddornfruchtfleisch erleben Sie den reinen Genuss und die Frische, die nur die Natur bieten kann.<\/span><\/li>\n<li style=\"font-weight: 400;\" aria-level=\"1\"><span style=\"font-weight: 400;\">Samtige Textur, unvergleichlicher Genuss &#8211; Mit seiner einzigartigen, streichzarten Konsistenz ist dieser Aufstrich perfekt f\u00fcr einen himmlischen Start in den Tag oder als s\u00fc\u00dfe Belohnung zwischendurch.<\/span><\/li>\n<li style=\"font-weight: 400;\" aria-level=\"1\"><span style=\"font-weight: 400;\">NAT\u00dcRLICH S\u00dcSS &#8211; Verfeinern Sie Ihre Gerichte oder genie\u00dfen Sie den Aufstrich pur &#8211; eine gesunde, k\u00f6stliche Alternative, die Ihre Geschmacksknospen zum Tanzen bringen wird.<\/span><\/li>\n<li style=\"font-weight: 400;\" aria-level=\"1\"><span style=\"font-weight: 400;\">Geheimnis voller N\u00e4hrstoffe &#8211; Angereichert mit wertvollen Vitaminen und Mineralstoffen ist dieser Aufstrich der ideale Begleiter f\u00fcr eine ausgewogene Ern\u00e4hrung und ein Wohlf\u00fchlerlebnis.<\/span><\/li>\n<li style=\"font-weight: 400;\" aria-level=\"1\"><span style=\"font-weight: 400;\">Unbeschwert genie\u00dfen &#8211; Frei von k\u00fcnstlichen Zusatzstoffen und leicht bei Zimmertemperatur zu lagern, bietet Ihnen dieser Brotaufstrich nat\u00fcrliche Qualit\u00e4t ohne Kompromisse.<\/span><\/li>\n<li style=\"font-weight: 400;\" aria-level=\"1\"><span style=\"font-weight: 400;\">Das Melinis-Versprechen &#8211; Vertrauen Sie einer Marke, die f\u00fcr hochwertige Bio-Produkte steht und sich f\u00fcr den Erhalt der Natur einsetzt. Melinis &#8211; wo Qualit\u00e4t und Geschmack Hand in Hand gehen. <\/span><\/li>\n<\/ul>\n<h3><b>Informationen zum Produkt<\/b><span style=\"font-weight: 400;\">:<\/span><\/h3>\n<p><span style=\"font-weight: 400;\"><strong>Region der Herkunft: <\/strong>EU &#8211; Rum\u00e4nien<\/span><\/p>\n<p><span style=\"font-weight: 400;\"><strong>Hersteller:<\/strong> Atelierele Melinis SRL<\/span><\/p>\n<p><span style=\"font-weight: 400;\"><strong>Artikelform:<\/strong> Glas<\/span><\/p>\n<p><span style=\"font-weight: 400;\">Empfohlene Verwendung f\u00fcr das Produkt: Genie\u00dfen Sie<\/span> <b>Melinis Sanddorn Cremig<\/b> <b>Aufstrich<\/b><span style=\"font-weight: 400;\"> auf Toast, Pfannkuchen oder Waffeln, oder r\u00fchren Sie ihn in Joghurt f\u00fcr einen n\u00e4hrstoffreichen Snack. Sein spritzig-s\u00fc\u00dfer Geschmack passt auch wunderbar zu Smoothies, Parfaits oder als Topping f\u00fcr Desserts. Dank seiner nat\u00fcrlichen Eigenschaften eignet er sich perfekt als gesunder Genuss direkt aus dem Glas.  <\/span><\/p>\n<h3><strong>Ma\u00dfe:<\/strong><\/h3>\n<p><span style=\"font-weight: 400;\"><strong>Artikelpaketgewicht:<\/strong> 400g <\/span><b>Nicht <\/b><span style=\"font-weight: 400;\">Artikelgewicht<\/span><\/p>\n<p><span style=\"font-weight: 400;\"><strong>Ma\u00dfe:<\/strong> 6,3cm x 6,3cm x 8,0cm<\/span><\/p>\n<h3><b>Produktbeschreibung<\/b><\/h3>\n<p><span style=\"font-weight: 400;\">Wenn<\/span> <b>roher, biologischer Mehrbl\u00fctenhonig<\/b> <span style=\"font-weight: 400;\">auf die unglaublichen Vorteile von<\/span><b> rohen ECO-Sanddorntrifft<\/b>, <span style=\"font-weight: 400;\">ist das Ergebnis ein nat\u00fcrliches Wunder:<\/span> <b>Melinis Sanddorn Cremiger Brotaufstrich<\/b><span style=\"font-weight: 400;\">. Diese luxuri\u00f6se Mischung kombiniert 50% biologischen Mehrbl\u00fctenhonig und 50% biologisches rohes Sanddornfruchtfleisch, um eine weiche, cremige Textur und einen raffinierten, w\u00fcrzigen Geschmack zu erzeugen. Unter Verwendung eines   <\/span><b>unieke koudeverwerkingsmethode:<\/b> <span style=\"font-weight: 400;\">de mix van honing en duindoorn<\/span> <b>wordt voorzichtig gedroogd bij temperaturen onder de 38\u00b0C<\/b>, <span style=\"font-weight: 400;\">waardoor alle natuurlijke voedingsstoffen en smaken behouden blijven<\/span>.<\/p>\n<p><span style=\"font-weight: 400;\">Sanddorn, der seit Jahrhunderten als Kraftpaket an N\u00e4hrstoffen und gesundheitlichen Vorteilen bekannt ist, bildet zusammen mit Honig ein vielseitiges, immunst\u00e4rkendes Heilmittel. Vollgepackt mit Vitaminen, Mineralien und Antioxidantien ist dieser handwerklich hergestellte Brotaufstrich eine nat\u00fcrliche M\u00f6glichkeit, Ihre Gesundheit zu unterst\u00fctzen und gleichzeitig einen k\u00f6stlichen Geschmack zu genie\u00dfen. <\/span><\/p>\n<h3><b>Vorschl\u00e4ge f\u00fcr die Verwendung:<\/b><\/h3>\n<p><span style=\"font-weight: 400;\">Genie\u00dfen Si<\/span>e <b>Melinis Sanddorn Cremig<\/b> <b>Aufstrich<\/b><span style=\"font-weight: 400;\"> auf Toast, Pfannkuchen oder Waffeln, oder r\u00fchren Sie ihn in Joghurt f\u00fcr einen n\u00e4hrstoffreichen Snack. Sein spritzig-s\u00fc\u00dfer Geschmack passt auch wunderbar zu Smoothies, Parfaits oder als Topping f\u00fcr Desserts. Dank seiner nat\u00fcrlichen Eigenschaften eignet er sich perfekt als gesunder Genuss direkt aus dem Glas.  <\/span><\/p>\n<p><b>Warum<\/b> <b>Melinis w\u00e4hlen Sanddorn<\/b> <b>Creme?<\/b><\/p>\n<p><span style=\"font-weight: 400;\">Sanddorn ist ein seltenes Superfood, das deutlich mehr Vitamin C und Antioxidantien enth\u00e4lt als viele herk\u00f6mmliche Fr\u00fcchte. In Kombination mit rohem Bio-Wildbl\u00fctenhonig und einem einzigartigen Kaltverarbeitungsverfahren entsteht ein n\u00e4hrstoffreicher, schmackhafter Brotaufstrich, der Ihre Gesundheit auf nat\u00fcrliche Weise f\u00f6rdert. <\/span><\/p>\n<h3><b>Sicherheit<\/b><\/h3>\n<p><span style=\"font-weight: 400;\">Da wir rohen Honig verwenden, wird er f\u00fcr Kinder unter 12 Monaten nicht empfohlen. <\/span><\/p>\n<h3><b>Anweisungen zur Lagerung<\/b><span style=\"font-weight: 400;\">:<\/span><\/h3>\n<p><span style=\"font-weight: 400;\">Lagern Sie es, auch nach dem \u00d6ffnen, an einem k\u00fchlen, trockenen Ort, vor direkter Sonneneinstrahlung gesch\u00fctzt, bei Temperaturen zwischen 18-25\u00b0C. Es ist nicht notwendig, es in den K\u00fchlschrank zu stellen. <\/span><\/p>\n<h3><b>Herkunft und Nachhaltigkeit<\/b><span style=\"font-weight: 400;\">:<\/span><\/h3>\n<p><span style=\"font-weight: 400;\">Melinis Wild Cranberries wird ausschlie\u00dflich in Rum\u00e4nien hergestellt und unterst\u00fctzt lokale Bio-Imker und die nachhaltige Ernte von Wildpreiselbeeren. Jedes Glas wird mit Sorgfalt in kleinen Chargen hergestellt, um die Reinheit und Qualit\u00e4t jeder Zutat zu bewahren. <\/span><\/p>\n","protected":false},"excerpt":{"rendered":"<p><span style=\"font-weight: 400;\">Cremiger Brotaufstrich, 230 g &#8211; Einzigartige kaltverarbeitete Delikatesse, Antioxidantien, ohne Konservierungsstoffe, reich an N\u00e4hrstoffen, samtige Konsistenz &#8211; von Melinis<\/p>\n<p><\/span><span style=\"font-weight: 400;\">Bio-Mehrbl\u00fctenhonig* 50%, Bio-Sanddornfruchtfleisch* 50%.<\/p>\n<p><\/span><span style=\"font-weight: 400;\">*aus Rum\u00e4nien<\/span><\/p>\n","protected":false},"featured_media":26126,"comment_status":"open","ping_status":"closed","template":"","meta":[],"product_brand":[],"product_cat":[1196],"product_tag":[],"class_list":{"0":"post-26209","1":"product","2":"type-product","3":"status-publish","4":"has-post-thumbnail","6":"product_cat-melinis-de","8":"first","9":"instock","10":"shipping-taxable","11":"purchasable","12":"product-type-simple"},"_links":{"self":[{"href":"https:\/\/praxistrade.eu\/de\/wp-json\/wp\/v2\/product\/26209","targetHints":{"allow":["GET"]}}],"collection":[{"href":"https:\/\/praxistrade.eu\/de\/wp-json\/wp\/v2\/product"}],"about":[{"href":"https:\/\/praxistrade.eu\/de\/wp-json\/wp\/v2\/types\/product"}],"replies":[{"embeddable":true,"href":"https:\/\/praxistrade.eu\/de\/wp-json\/wp\/v2\/comments?post=26209"}],"wp:featuredmedia":[{"embeddable":true,"href":"https:\/\/praxistrade.eu\/de\/wp-json\/wp\/v2\/media\/26126"}],"wp:attachment":[{"href":"https:\/\/praxistrade.eu\/de\/wp-json\/wp\/v2\/media?parent=26209"}],"wp:term":[{"taxonomy":"product_brand","embeddable":true,"href":"https:\/\/praxistrade.eu\/de\/wp-json\/wp\/v2\/product_brand?post=26209"},{"taxonomy":"product_cat","embeddable":true,"href":"https:\/\/praxistrade.eu\/de\/wp-json\/wp\/v2\/product_cat?post=26209"},{"taxonomy":"product_tag","embeddable":true,"href":"https:\/\/praxistrade.eu\/de\/wp-json\/wp\/v2\/product_tag?post=26209"}],"curies":[{"name":"wp","href":"https:\/\/api.w.org\/{rel}","templated":true}]}}