{"id":25568,"date":"2024-12-24T08:38:58","date_gmt":"2024-12-24T08:38:58","guid":{"rendered":"https:\/\/praxistrade.eu\/product\/miel-de-acacia-ecologica-con-bayas-de-aronia-ecologicas-para-untar-230-g\/"},"modified":"2024-12-24T08:38:58","modified_gmt":"2024-12-24T08:38:58","slug":"miel-de-acacia-ecologica-con-bayas-de-aronia-ecologicas-para-untar-230-g","status":"publish","type":"product","link":"https:\/\/praxistrade.eu\/es\/producto\/miel-de-acacia-ecologica-con-bayas-de-aronia-ecologicas-para-untar-230-g\/","title":{"rendered":"Miel de Acacia Ecol\u00f3gica con Bayas de Aronia Ecol\u00f3gicas para untar, 230 g"},"content":{"rendered":"<p><b>Acerca de este art\u00edculo<\/b><span style=\"font-weight: 400;\">:<\/span><\/p>\n<p><span style=\"font-weight: 400;\">El peso del art\u00edculo es de 230 g, no de 400 g<\/span><\/p>\n<p><span style=\"font-weight: 400;\"><strong>Peso del paquete del art\u00edculo:<\/strong> 400 g<\/span><\/p>\n<p><span style=\"font-weight: 400;\"><strong>Tipo de miel:<\/strong> Acacia<\/span><\/p>\n<ul>\n<li style=\"font-weight: 400;\" aria-level=\"1\"><span style=\"font-weight: 400;\">Exquisita crema para untar de miel org\u00e1nica: d\u00e9jese encantar por la incomparable combinaci\u00f3n de 70% de miel de acacia org\u00e1nica y 20% de bayas de aronia org\u00e1nicas: un toque de lujo para su vida cotidiana.<\/span><\/li>\n<li style=\"font-weight: 400;\" aria-level=\"1\"><b>M\u00e9todo \u00fanico de procesamiento en fr\u00edo<\/b><span style=\"font-weight: 400;\"> &#8211; En nuestro proceso especial a baja temperatura, la mezcla de miel y bayas de aronia se deshidrata suavemente a temperaturas inferiores a 38\u00b0C. Imita la forma natural en que las abejas crean la miel, conservando las enzimas, los antioxidantes y los nutrientes para obtener los m\u00e1ximos beneficios para la salud y el m\u00e1ximo sabor. <\/span><\/li>\n<li style=\"font-weight: 400;\" aria-level=\"1\"><span style=\"font-weight: 400;\">100% ecol\u00f3gico, 100% sabor &#8211; Elaborado con ingredientes ecol\u00f3gicos de alta calidad, y procesado suavemente por debajo de 38\u00b0C para conservar todo el aroma y los valiosos nutrientes.<\/span><\/li>\n<li style=\"font-weight: 400;\" aria-level=\"1\"><span style=\"font-weight: 400;\">El comienzo perfecto del d\u00eda &#8211; Dale un toque especial a tu desayuno con esta cremosa pasta para untar ecol\u00f3gica, perfecta con pan, cruasanes o yogur.<\/span><\/li>\n<li style=\"font-weight: 400;\" aria-level=\"1\"><span style=\"font-weight: 400;\">TEXTURA SUAVE FUNDENTE &#8211; Disfruta de una consistencia aterciopelada que se extiende sin esfuerzo y convierte cualquier comida en una experiencia gourmet.<\/span><\/li>\n<li style=\"font-weight: 400;\" aria-level=\"1\"><span style=\"font-weight: 400;\">Honesta y natural &#8211; Sin aditivos artificiales, esta pasta para untar ecol\u00f3gica ofrece un placer puro en el que puedes confiar, ideal para los entendidos conscientes.<\/span><\/li>\n<li style=\"font-weight: 400;\" aria-level=\"1\"><span style=\"font-weight: 400;\">Para ideas creativas de disfrute &#8211; Ya sea como punto culminante en productos horneados, en platos de queso o como ingrediente refinado en postres, esta pasta para untar inspira nuevas creaciones gustativas.<\/span><\/li>\n<li style=\"font-weight: 400;\" aria-level=\"1\"><span style=\"font-weight: 400;\">Mima tus papilas gustativas &#8211; El sabor equilibrado de la nota dulce de la miel y el ligero dulzor amargo de las bayas de aronia garantizan un aut\u00e9ntico placer gustativo.<\/span><\/li>\n<li style=\"font-weight: 400;\" aria-level=\"1\"><span style=\"font-weight: 400;\">MELINIS: Tu confianza en la calidad ecol\u00f3gica &#8211; Conf\u00eda en Melinis y disfruta de productos ecol\u00f3gicos de alta calidad fabricados con esmero para proporcionarte momentos especiales de disfrute.<br \/><\/span><\/li>\n<\/ul>\n<h3><strong>Detalles del producto:<\/strong><\/h3>\n<p><span style=\"font-weight: 400;\"><strong>Regi\u00f3n de origen: <\/strong>UE &#8211; Ruman\u00eda<\/span><\/p>\n<p><span style=\"font-weight: 400;\"><strong>Fabricante:<\/strong> Atelierele Melinis SRL<\/span><\/p>\n<p><span style=\"font-weight: 400;\"><strong>Forma del art\u00edculo:<\/strong> Vidrio<\/span><\/p>\n<h3><strong>Medidas:<\/strong><\/h3>\n<p><span style=\"font-weight: 400;\"><strong>Envase del art\u00edculo: <\/strong>230 g<\/span><\/p>\n<p><span style=\"font-weight: 400;\"><strong>Peso del paquete del art\u00edculo:<\/strong> 400 g <\/span><b>No<\/b><span style=\"font-weight: 400;\"> Peso del art\u00edculo<\/span><\/p>\n<p><span style=\"font-weight: 400;\"><strong>Dimensiones:<\/strong> 6,3 cm x 6,3 cm x 8,0 cm<\/span><\/p>\n<h3><b>Descripci\u00f3n del producto<\/b><\/h3>\n<p><span style=\"font-weight: 400;\">Melinis Aronia combina la miel de acacia cruda y org\u00e1nica con el sabor rico y \u00e1cido de las bayas de aronia. Con su profundo tono rub\u00ed y su sabor dulce-amargo, las bayas de aronia son famosas por su excepcional contenido antioxidante y sus altos niveles de vitaminas A, B, C, E, K y P. <\/span><\/p>\n<p><span style=\"font-weight: 400;\">Mediante un exclusivo m\u00e9todo de procesado en fr\u00edo, Melinis Aronia conserva los nutrientes y antioxidantes naturales de sus ingredientes. Esta vers\u00e1til pasta para untar ofrece una sabrosa forma de apoyar tu salud al tiempo que deleita tus papilas gustativas.<br \/> <\/span><\/p>\n<p><span style=\"font-weight: 400;\">En Melinis, estamos orgullosos de nuestro proceso de producci\u00f3n \u00fanico, inspirado en el trabajo natural de las abejas en su colmena. Del mismo modo que las abejas ventilan su miel para reducir el contenido de agua, nosotros mezclamos suavemente las frutas crudas con la miel y procesamos esta mezcla utilizando equipos especialmente dise\u00f1ados, llamados homogeneizadores. Estas m\u00e1quinas mantienen una temperatura controlada de 35-38\u00b0C y utilizan corrientes de aire muy seco para evaporar el agua de la mezcla durante un periodo de 2-4 semanas. Este m\u00e9todo lento y cuidadoso conserva las frutas en su estado casi natural, sin hervirlas ni pasteurizarlas, garantizando el m\u00e1ximo valor nutritivo y el sabor aut\u00e9ntico en cada tarro.   <\/span><\/p>\n<h3><b>Sugerencias de uso:<\/b><\/h3>\n<p><span style=\"font-weight: 400;\">Disfruta de <\/span><b>Crema de Aronia Melinis<\/b><span style=\"font-weight: 400;\"> para untar en tostadas, tortitas o gofres, o m\u00e9zclalo con yogur para un tentempi\u00e9 rico en nutrientes. Su sabor \u00fanico dulce-amargo combina de maravilla con quesos, cereales o como cobertura de postres. Tambi\u00e9n es una golosina deliciosa y sana directamente del tarro.  <\/span><\/p>\n<h3><b>\u00bfPor qu\u00e9 elegir Melinis Aronia?<\/b><\/h3>\n<p><span style=\"font-weight: 400;\">Las bayas de aronia son una de las fuentes m\u00e1s ricas en antioxidantes entre las frutas. Mezcladas con miel org\u00e1nica cruda, crean una pasta para untar repleta de nutrientes que refuerza la inmunidad, protege contra el estr\u00e9s oxidativo y proporciona una sabrosa experiencia gourmet. <\/span><\/p>\n<h3><b>Experimenta la elegancia dulce-amarga de las bayas de Aronia<\/b><\/h3>\n<p><span style=\"font-weight: 400;\">A\u00f1adir <\/span><b>Melinis Aronia<\/b><span style=\"font-weight: 400;\"> a tu cesta ahora y saborea los beneficios para la salud y el sabor gourmet de esta delicia artesanal procesada en fr\u00edo!<\/span><\/p>\n<h3><b>Safety<\/b><\/h3>\n<p><span style=\"font-weight: 400;\">Como utilizamos miel cruda, no se recomienda para ni\u00f1os menores de 12 meses.<br \/> <\/span><\/p>\n<h3><b>Instrucciones de almacenamiento<\/b><span style=\"font-weight: 400;\">:<\/span><\/h3>\n<p><span style=\"font-weight: 400;\">Gu\u00e1rdalo, incluso despu\u00e9s de abierto, en un lugar seco y alejado de la luz solar directa, a una temperatura de entre 18 y 25\u00baC. No es necesario meterlo en el frigor\u00edfico. <\/span><\/p>\n<h3><b>Origen y sostenibilidad<\/b><span style=\"font-weight: 400;\">:<\/span><\/h3>\n<p><span style=\"font-weight: 400;\">Producido exclusivamente en Ruman\u00eda, Melinis Aronia apoya a los apicultores ecol\u00f3gicos locales y la recolecci\u00f3n sostenible de bayas de aronia. Cada tarro se elabora con cuidado, en peque\u00f1os lotes, para preservar la pureza y la calidad de cada ingrediente. <\/span><\/p>\n","protected":false},"excerpt":{"rendered":"<p><span style=\"font-weight: 400;\">Antioxidante, delicia \u00fanica procesada en fr\u00edo, arom\u00e1tica y vers\u00e1til, ideal para desayunos, meriendas y postres &#8211; por Melinis<\/span><\/p>\n<p><b>Ingredientes<\/b><span style=\"font-weight: 400;\">: <\/span><span style=\"font-weight: 400;\">Miel de acacia ecol\u00f3gica* 70%, baya de aronia cruda ecol\u00f3gica* 20%, espino amarillo ecol\u00f3gico* 10%; <\/span><\/p>\n<p><span style=\"font-weight: 400;\">*de Ruman\u00eda<\/span><\/p>\n<p><b>Tipo de dieta: <\/b><span style=\"font-weight: 400;\">Vegetariano, Vegetal, Sin gluten<\/span><\/p>\n","protected":false},"featured_media":24953,"comment_status":"open","ping_status":"closed","template":"","meta":[],"product_brand":[],"product_cat":[1190],"product_tag":[],"class_list":{"0":"post-25568","1":"product","2":"type-product","3":"status-publish","4":"has-post-thumbnail","6":"product_cat-melinis-es","8":"first","9":"instock","10":"shipping-taxable","11":"purchasable","12":"product-type-simple"},"_links":{"self":[{"href":"https:\/\/praxistrade.eu\/es\/wp-json\/wp\/v2\/product\/25568","targetHints":{"allow":["GET"]}}],"collection":[{"href":"https:\/\/praxistrade.eu\/es\/wp-json\/wp\/v2\/product"}],"about":[{"href":"https:\/\/praxistrade.eu\/es\/wp-json\/wp\/v2\/types\/product"}],"replies":[{"embeddable":true,"href":"https:\/\/praxistrade.eu\/es\/wp-json\/wp\/v2\/comments?post=25568"}],"wp:featuredmedia":[{"embeddable":true,"href":"https:\/\/praxistrade.eu\/es\/wp-json\/wp\/v2\/media\/24953"}],"wp:attachment":[{"href":"https:\/\/praxistrade.eu\/es\/wp-json\/wp\/v2\/media?parent=25568"}],"wp:term":[{"taxonomy":"product_brand","embeddable":true,"href":"https:\/\/praxistrade.eu\/es\/wp-json\/wp\/v2\/product_brand?post=25568"},{"taxonomy":"product_cat","embeddable":true,"href":"https:\/\/praxistrade.eu\/es\/wp-json\/wp\/v2\/product_cat?post=25568"},{"taxonomy":"product_tag","embeddable":true,"href":"https:\/\/praxistrade.eu\/es\/wp-json\/wp\/v2\/product_tag?post=25568"}],"curies":[{"name":"wp","href":"https:\/\/api.w.org\/{rel}","templated":true}]}}