{"id":25578,"date":"2024-12-24T08:48:30","date_gmt":"2024-12-24T08:48:30","guid":{"rendered":"https:\/\/praxistrade.eu\/product\/miel-de-acacia-ecologica-con-arandanos-silvestres-ecologicos-fruta-entera-230-g\/"},"modified":"2024-12-24T08:48:30","modified_gmt":"2024-12-24T08:48:30","slug":"miel-de-acacia-ecologica-con-arandanos-silvestres-ecologicos-fruta-entera-230-g","status":"publish","type":"product","link":"https:\/\/praxistrade.eu\/es\/producto\/miel-de-acacia-ecologica-con-arandanos-silvestres-ecologicos-fruta-entera-230-g\/","title":{"rendered":"Miel de Acacia Ecol\u00f3gica con Ar\u00e1ndanos Silvestres Ecol\u00f3gicos Fruta Entera, 230 g"},"content":{"rendered":"<h3><b>Acerca de este art\u00edculo<\/b><span style=\"font-weight: 400;\">:<\/span><\/h3>\n<p><span style=\"font-weight: 400;\">El peso del art\u00edculo es de 230 g, no de 400 g<\/span><\/p>\n<p><span style=\"font-weight: 400;\"><strong>Peso del paquete del art\u00edculo:<\/strong> 400 g<\/span><\/p>\n<p><span style=\"font-weight: 400;\"><strong>Tipo de miel:<\/strong> Acacia<\/span><\/p>\n<h3><b>M\u00e9todo \u00fanico de tratamiento en fr\u00edo<\/b><span style=\"font-weight: 400;\">:<\/span> <\/h3>\n<p><span style=\"font-weight: 400;\">En nuestro proceso especial a baja temperatura, la mezcla de miel y ar\u00e1ndanos silvestres se deshidrata suavemente a temperaturas inferiores a 38\u00b0C. Imita la forma natural en que las abejas crean la miel, conservando enzimas, antioxidantes y nutrientes para obtener los m\u00e1ximos beneficios para la salud y el m\u00e1ximo sabor. <\/span><\/p>\n<h3><strong>Informaci\u00f3n del producto:<\/strong><\/h3>\n<p><strong>Detalles del art\u00edculo:<\/strong><\/p>\n<p><span style=\"font-weight: 400;\"><strong>Regi\u00f3n de origen: <\/strong>UE &#8211; Ruman\u00eda<\/span><\/p>\n<p><span style=\"font-weight: 400;\"><strong>Fabricante:<\/strong> Atelierele Melinis SRL<\/span><\/p>\n<p><span style=\"font-weight: 400;\"><strong>Forma del art\u00edculo:<\/strong> Vidrio<\/span><\/p>\n<p><strong>Medidas:<\/strong><\/p>\n<p><span style=\"font-weight: 400;\">Peso del paquete del art\u00edculo: 400 g <\/span><b>No <\/b><span style=\"font-weight: 400;\">Peso del art\u00edculo<\/span><\/p>\n<p><span style=\"font-weight: 400;\">Dimensiones: 6,3 cm x 6,3 cm x 8,0 cm<\/span><\/p>\n<p><strong>Ingredientes: <\/strong><span style=\"font-weight: 400;\">Miel de acacia ecol\u00f3gica* 70%, ar\u00e1ndanos silvestres crudos ecol\u00f3gicos* 25%, espino amarillo ecol\u00f3gico* 5%<\/span> <\/p>\n<p><span style=\"font-weight: 400;\">*desde Ruman\u00eda<\/span><\/p>\n<h3><b>Descripci\u00f3n del producto<\/b><\/h3>\n<p><span style=\"font-weight: 400;\">Descubre los Ar\u00e1ndanos Silvestres Melinis, una mezcla \u00fanica de miel de acacia org\u00e1nica cruda y ar\u00e1ndanos silvestres crudos (ar\u00e1ndanos) recolectados a mano, famosos por su sabor intenso y sus beneficios para la salud superiores a los de los ar\u00e1ndanos cultivados. <\/span><\/p>\n<p><span style=\"font-weight: 400;\">La mezcla de miel y ar\u00e1ndanos silvestres se deshidrata suavemente a temperaturas inferiores a 38\u00b0C, conservando todos los nutrientes y sabores naturales.<\/span><\/p>\n<p><span style=\"font-weight: 400;\">Utilizando este m\u00e9todo \u00fanico de elaboraci\u00f3n en fr\u00edo, conservamos los nutrientes y antioxidantes naturales, ofreciendo un manjar verdaderamente aut\u00e9ntico y repleto de nutrientes. Cada tarro se elabora en peque\u00f1os lotes, garantizando una calidad y frescura excepcionales en cada cucharada. <\/span><\/p>\n<p><span style=\"font-weight: 400;\">En Melinis, estamos orgullosos de nuestro proceso de producci\u00f3n \u00fanico, inspirado en el trabajo natural de las abejas en su colmena. Del mismo modo que las abejas ventilan su miel para reducir el contenido de agua, nosotros mezclamos suavemente las frutas crudas con la miel y procesamos esta mezcla utilizando equipos especialmente dise\u00f1ados, llamados homogeneizadores. Estas m\u00e1quinas mantienen una temperatura controlada de 35-37\u00b0C y utilizan corrientes de aire muy seco para evaporar el agua de la mezcla durante un periodo de 2-4 semanas. Este m\u00e9todo lento y cuidadoso conserva las frutas en su estado casi natural, sin hervirlas ni pasteurizarlas, garantizando el m\u00e1ximo valor nutritivo y el sabor aut\u00e9ntico en cada tarro.<br \/>   <\/span><\/p>\n<h3><strong>\u00bfPor qu\u00e9 elegir ar\u00e1ndanos silvestres (mirtilos)?<\/strong><\/h3>\n<p><span style=\"font-weight: 400;\">Los ar\u00e1ndanos silvestres (mirtilos) son m\u00e1s peque\u00f1os, m\u00e1s oscuros y contienen muchos m\u00e1s antioxidantes, vitaminas y minerales que las variedades cultivadas. Al elegir Melinis, est\u00e1s eligiendo el superalimento m\u00e1s potente y sabroso de la naturaleza. <\/span><\/p>\n<h3><b>Experimenta el poder de la naturaleza en cada cucharada<\/b><\/h3>\n<p><span style=\"font-weight: 400;\">\u00a1A\u00f1ade ahora los ar\u00e1ndanos silvestres Melinis a tu cesta y saborea el sabor superior y los beneficios para la salud de este manjar artesanal procesado en fr\u00edo!<\/span><\/p>\n<h3><b>Seguridad<\/b><\/h3>\n<p><span style=\"font-weight: 400;\">Como utilizamos miel cruda, no se recomienda para ni\u00f1os menores de 12 meses. <\/span><\/p>\n<h3><b>Instrucciones de almacenamiento<\/b><span style=\"font-weight: 400;\">:<\/span><\/h3>\n<p><span style=\"font-weight: 400;\">Gu\u00e1rdalo, incluso despu\u00e9s de abierto, en un lugar fresco y seco, alejado de la luz solar directa, a una temperatura de entre 18 y 25\u00baC. No es necesario meterlo en el frigor\u00edfico. <\/span><\/p>\n<h3><b>Origen y sostenibilidad<\/b><span style=\"font-weight: 400;\">:<\/span><\/h3>\n<p><span style=\"font-weight: 400;\">Producidos exclusivamente en Ruman\u00eda, los Ar\u00e1ndanos Silvestres Melinis apoyan a los apicultores ecol\u00f3gicos locales y la recolecci\u00f3n sostenible de ar\u00e1ndanos silvestres. Cada tarro se elabora con cuidado, en peque\u00f1os lotes, para preservar la pureza y calidad de cada ingrediente. <\/span><\/p>\n","protected":false},"excerpt":{"rendered":"<p><span style=\"font-weight: 400;\">Antioxidante, delicia \u00fanica procesada en fr\u00edo, sin conservantes, ideal para desayunos, postres, meriendas y coberturas saludables &#8211; por Melinis<\/span><\/p>\n<p><b>Ingredientes<\/b><span style=\"font-weight: 400;\">: <\/span><span style=\"font-weight: 400;\">Miel de acacia ecol\u00f3gica* 70%, ar\u00e1ndanos silvestres crudos ecol\u00f3gicos* 25%, espino amarillo ecol\u00f3gico* 5%<\/span><\/p>\n<p><span style=\"font-weight: 400;\"> *de Ruman\u00eda<\/span><\/p>\n","protected":false},"featured_media":25029,"comment_status":"open","ping_status":"closed","template":"","meta":[],"product_brand":[],"product_cat":[1190],"product_tag":[],"class_list":{"0":"post-25578","1":"product","2":"type-product","3":"status-publish","4":"has-post-thumbnail","6":"product_cat-melinis-es","8":"first","9":"instock","10":"shipping-taxable","11":"purchasable","12":"product-type-simple"},"_links":{"self":[{"href":"https:\/\/praxistrade.eu\/es\/wp-json\/wp\/v2\/product\/25578","targetHints":{"allow":["GET"]}}],"collection":[{"href":"https:\/\/praxistrade.eu\/es\/wp-json\/wp\/v2\/product"}],"about":[{"href":"https:\/\/praxistrade.eu\/es\/wp-json\/wp\/v2\/types\/product"}],"replies":[{"embeddable":true,"href":"https:\/\/praxistrade.eu\/es\/wp-json\/wp\/v2\/comments?post=25578"}],"wp:featuredmedia":[{"embeddable":true,"href":"https:\/\/praxistrade.eu\/es\/wp-json\/wp\/v2\/media\/25029"}],"wp:attachment":[{"href":"https:\/\/praxistrade.eu\/es\/wp-json\/wp\/v2\/media?parent=25578"}],"wp:term":[{"taxonomy":"product_brand","embeddable":true,"href":"https:\/\/praxistrade.eu\/es\/wp-json\/wp\/v2\/product_brand?post=25578"},{"taxonomy":"product_cat","embeddable":true,"href":"https:\/\/praxistrade.eu\/es\/wp-json\/wp\/v2\/product_cat?post=25578"},{"taxonomy":"product_tag","embeddable":true,"href":"https:\/\/praxistrade.eu\/es\/wp-json\/wp\/v2\/product_tag?post=25578"}],"curies":[{"name":"wp","href":"https:\/\/api.w.org\/{rel}","templated":true}]}}