{"id":25584,"date":"2024-12-24T09:09:16","date_gmt":"2024-12-24T09:09:16","guid":{"rendered":"https:\/\/praxistrade.eu\/product\/miel-de-multiflor-ecologica-con-arandanos-y-espino-amarillo\/"},"modified":"2024-12-24T09:09:16","modified_gmt":"2024-12-24T09:09:16","slug":"miel-de-multiflor-ecologica-con-arandanos-y-espino-amarillo","status":"publish","type":"product","link":"https:\/\/praxistrade.eu\/es\/producto\/miel-de-multiflor-ecologica-con-arandanos-y-espino-amarillo\/","title":{"rendered":"Miel de Multiflor Ecol\u00f3gica con Ar\u00e1ndanos y Espino Amarillo"},"content":{"rendered":"<h3><b>Acerca de este art\u00edculo<\/b><span style=\"font-weight: 400;\">:<\/span><\/h3>\n<p><span style=\"font-weight: 400;\">El peso del art\u00edculo es de 230g <\/span><span style=\"font-weight: 400;\">no 400g<\/span><\/p>\n<p><span style=\"font-weight: 400;\"><strong>Peso del paquete del art\u00edculo:<\/strong> 400 g<\/span><\/p>\n<p><span style=\"font-weight: 400;\"><strong>Tipo de miel:<\/strong> Multiflor<\/span><\/p>\n<ul>\n<li style=\"font-weight: 400;\" aria-level=\"1\"><span style=\"font-weight: 400;\">MIEL ECOL\u00d3GICA CON SUPERALIMENTOS: Esta deliciosa mezcla de 70% de miel multifloral ecol\u00f3gica, 25% de ar\u00e1ndanos rojos ecol\u00f3gicos y espino amarillo ecol\u00f3gico rico en nutrientes proporciona una combinaci\u00f3n natural para un sabor con cuerpo.<\/span><\/li>\n<li style=\"font-weight: 400;\" aria-level=\"1\"><b>M\u00e9todo \u00fanico de procesamiento en fr\u00edo<\/b><span style=\"font-weight: 400;\"> &#8211; En nuestro procesado especial a baja temperatura, la mezcla de miel y ar\u00e1ndanos se deshidrata suavemente a temperaturas inferiores a 38\u00b0C. Imita la forma natural en que las abejas crean la miel, conservando enzimas, antioxidantes y nutrientes para obtener los m\u00e1ximos beneficios para la salud y el m\u00e1ximo sabor. <\/span><\/li>\n<li style=\"font-weight: 400;\" aria-level=\"1\"><span style=\"font-weight: 400;\">APOYO NATURAL: Los ar\u00e1ndanos y el espino amarillo son conocidos por sus diversas propiedades y contribuyen a una experiencia equilibrada y agradable que enriquece tu dieta.<\/span><\/li>\n<li style=\"font-weight: 400;\" aria-level=\"1\"><span style=\"font-weight: 400;\">Textura fresca y cremosa: gracias al suave procesado por debajo de 38\u00b0C, se conserva la consistencia cremosa de la mezcla, creando una textura fina y untable.<\/span><\/li>\n<li style=\"font-weight: 400;\" aria-level=\"1\"><span style=\"font-weight: 400;\">Experiencia gustativa \u00fanica: la mezcla del suave dulzor de la miel multifloral y la ligera acidez de los ar\u00e1ndanos y el espino amarillo ofrece un momento equilibrado de placer.<\/span><\/li>\n<li style=\"font-weight: 400;\" aria-level=\"1\"><span style=\"font-weight: 400;\">Ideal para un estilo de vida activo: esta mezcla ecol\u00f3gica es ideal para un desayuno saludable o como tentempi\u00e9 nutritivo entre horas<\/span><\/li>\n<li style=\"font-weight: 400;\" aria-level=\"1\"><span style=\"font-weight: 400;\">Calidad duradera: la tecnolog\u00eda de procesamiento especial evita la cristalizaci\u00f3n gruesa, lo que mantiene la textura fresca durante mucho tiempo.<\/span><\/li>\n<li style=\"font-weight: 400;\" aria-level=\"1\"><span style=\"font-weight: 400;\">MELINIS Una marca con tradici\u00f3n: Melinis combina m\u00e9todos tradicionales con tecnolog\u00eda innovadora para crear productos ecol\u00f3gicos de alta calidad y deliciosos.<\/span><\/li>\n<\/ul>\n<h3><b>Informaci\u00f3n sobre el producto<\/b><span style=\"font-weight: 400;\">:<\/span><\/h3>\n<p><span style=\"font-weight: 400;\"><strong>Regi\u00f3n de origen: <\/strong>UE &#8211; Ruman\u00eda<\/span><\/p>\n<p><span style=\"font-weight: 400;\"><strong>Fabricante:<\/strong> Atelierele Melinis SRL<\/span><\/p>\n<p><span style=\"font-weight: 400;\"><strong>Forma del art\u00edculo:<\/strong> Vidrio<\/span><\/p>\n<h3><strong>Medidas:<\/strong><\/h3>\n<p><span style=\"font-weight: 400;\"><strong>Peso del paquete del art\u00edculo:<\/strong> 400 g <\/span><b>No<\/b><span style=\"font-weight: 400;\"> Peso del art\u00edculo<\/span><\/p>\n<p><span style=\"font-weight: 400;\"><strong>Dimensiones:<\/strong> 6,3 cm x 6,3 cm x 8,0 cm<\/span><\/p>\n<h3><b>Descripci\u00f3n del producto<\/b><\/h3>\n<p><span style=\"font-weight: 400;\">Hemos enriquecido la gama Melinis con otra superfruta famosa por sus excepcionales beneficios para la salud: <\/span><b>los ar\u00e1ndanos silvestres<\/b><span style=\"font-weight: 400;\">. Our cranberries are harvested from the mountainous regions of Romania. Blended with    <\/span><b>miel ecol\u00f3gica de flores silvestres<\/b> <span style=\"font-weight: 400;\">y un toque de zumo de espino amarillo ecol\u00f3gico, esta cremosa y \u00e1cida pasta para untar ofrece un sabor \u00fanico y delicioso.<\/span><\/p>\n<p><span style=\"font-weight: 400;\">El procesamiento lento a temperaturas inferiores a 35\u00b0C garantiza la conservaci\u00f3n de los nutrientes, los antioxidantes y las enzimas naturales. Por \u00faltimo, nuestra tecnolog\u00eda de cristalizaci\u00f3n controlada mejora la textura suave, evitando la cristalizaci\u00f3n gruesa con el tiempo y garantizando una consistencia delicada y lujosa. <\/span><\/p>\n<p><span style=\"font-weight: 400;\">En Melinis, estamos orgullosos de nuestro proceso de producci\u00f3n \u00fanico, inspirado en el trabajo natural de las abejas en su colmena. Del mismo modo que las abejas ventilan su miel para reducir el contenido de agua, nosotros mezclamos suavemente las frutas crudas con la miel y procesamos esta mezcla utilizando equipos especialmente dise\u00f1ados, llamados homogeneizadores. Estas m\u00e1quinas mantienen una temperatura controlada de 35-38\u00b0C y utilizan corrientes de aire muy seco para evaporar el agua de la mezcla durante un periodo de 2-4 semanas. Este m\u00e9todo lento y cuidadoso conserva las frutas en su estado casi natural, sin hervirlas ni pasteurizarlas, garantizando el m\u00e1ximo valor nutritivo y el sabor aut\u00e9ntico en cada tarro.   <\/span><\/p>\n<h3><b>\u00bfPor qu\u00e9 elegir la Crema de Ar\u00e1ndanos Melinis?<\/b><\/h3>\n<p><span style=\"font-weight: 400;\">Elaborada con ar\u00e1ndanos silvestres de las regiones monta\u00f1osas de Ruman\u00eda, esta pasta para untar combina los ricos beneficios nutricionales de los ar\u00e1ndanos con la dulzura de la miel cruda. Sus propiedades antioxidantes y antiinflamatorias lo convierten en un superalimento repleto de poder potenciador de la salud y sabor gourmet. <\/span><\/p>\n<h3><b>Experimenta la sabrosa dulzura de la naturaleza<\/b><\/h3>\n<p><span style=\"font-weight: 400;\">A\u00f1ade <\/span><b>Crema de Ar\u00e1ndanos Melinis<\/b> <span style=\"font-weight: 400;\">a tu cesta ahora y disfruta de una delicia \u00fanica, elaborada en fr\u00edo, que combina lo mejor de los ar\u00e1ndanos silvestres y la miel org\u00e1nica cruda!<\/span><\/p>\n<h3><b>Sugerencias de uso:<\/b><\/h3>\n<p><span style=\"font-weight: 400;\">Disfruta de <\/span><b>Crema de Ar\u00e1ndanos Melinis<\/b><span style=\"font-weight: 400;\"> para untar en tostadas, tortitas o gofres, o m\u00e9zclalo con yogur para un tentempi\u00e9 \u00e1cido y rico en nutrientes. Su sabor dulce y arom\u00e1tico tambi\u00e9n combina perfectamente con batidos, parfaits o como cobertura de postres. Para un capricho saludable, disfr\u00fatalo directamente del tarro.  <\/span><\/p>\n<h3><b>Seguridad<\/b><\/h3>\n<p><span style=\"font-weight: 400;\">Como utilizamos miel cruda, no se recomienda para ni\u00f1os menores de 12 meses. <\/span><\/p>\n<h3><b>Instrucciones de almacenamiento<\/b><span style=\"font-weight: 400;\">:<\/span><\/h3>\n<p><span style=\"font-weight: 400;\">Gu\u00e1rdalo, incluso despu\u00e9s de abierto, en un lugar fresco y seco, alejado de la luz solar directa, a una temperatura de entre 18 y 25\u00baC. No es necesario meterlo en el frigor\u00edfico. <\/span><\/p>\n<h3><b>Origen y sostenibilidad<\/b><span style=\"font-weight: 400;\">:<\/span><\/h3>\n<p><span style=\"font-weight: 400;\">Producidos exclusivamente en Ruman\u00eda, los Ar\u00e1ndanos Silvestres Melinis apoyan a los apicultores ecol\u00f3gicos locales y la recolecci\u00f3n sostenible de ar\u00e1ndanos silvestres. Cada tarro se elabora con cuidado, en peque\u00f1os lotes, para preservar la pureza y calidad de cada ingrediente. <\/span><\/p>\n","protected":false},"excerpt":{"rendered":"<p><span style=\"font-weight: 400;\">Crema para untar, 230 g, suavemente procesada a menos de 38\u00b0C, rica en antioxidantes, poder de los superalimentos, fuente de energ\u00eda natural, 230 g &#8211; by Melinis<\/span><\/p>\n<p><b>Ingredientes<\/b><span style=\"font-weight: 400;\">: Miel multifloral ecol\u00f3gica* 70%, ar\u00e1ndanos silvestres crudos ecol\u00f3gicos* 25%, espino amarillo crudo ecol\u00f3gico* 5%<\/span><\/p>\n<p><span style=\"font-weight: 400;\">*de Ruman\u00eda<\/span><\/p>\n","protected":false},"featured_media":25107,"comment_status":"open","ping_status":"closed","template":"","meta":[],"product_brand":[],"product_cat":[1190],"product_tag":[],"class_list":{"0":"post-25584","1":"product","2":"type-product","3":"status-publish","4":"has-post-thumbnail","6":"product_cat-melinis-es","8":"first","9":"instock","10":"shipping-taxable","11":"purchasable","12":"product-type-simple"},"_links":{"self":[{"href":"https:\/\/praxistrade.eu\/es\/wp-json\/wp\/v2\/product\/25584","targetHints":{"allow":["GET"]}}],"collection":[{"href":"https:\/\/praxistrade.eu\/es\/wp-json\/wp\/v2\/product"}],"about":[{"href":"https:\/\/praxistrade.eu\/es\/wp-json\/wp\/v2\/types\/product"}],"replies":[{"embeddable":true,"href":"https:\/\/praxistrade.eu\/es\/wp-json\/wp\/v2\/comments?post=25584"}],"wp:featuredmedia":[{"embeddable":true,"href":"https:\/\/praxistrade.eu\/es\/wp-json\/wp\/v2\/media\/25107"}],"wp:attachment":[{"href":"https:\/\/praxistrade.eu\/es\/wp-json\/wp\/v2\/media?parent=25584"}],"wp:term":[{"taxonomy":"product_brand","embeddable":true,"href":"https:\/\/praxistrade.eu\/es\/wp-json\/wp\/v2\/product_brand?post=25584"},{"taxonomy":"product_cat","embeddable":true,"href":"https:\/\/praxistrade.eu\/es\/wp-json\/wp\/v2\/product_cat?post=25584"},{"taxonomy":"product_tag","embeddable":true,"href":"https:\/\/praxistrade.eu\/es\/wp-json\/wp\/v2\/product_tag?post=25584"}],"curies":[{"name":"wp","href":"https:\/\/api.w.org\/{rel}","templated":true}]}}