{"id":26081,"date":"2024-12-24T09:17:35","date_gmt":"2024-12-24T09:17:35","guid":{"rendered":"https:\/\/praxistrade.eu\/product\/miel-de-multiflor-ecologica-con-bayas-de-goji-y-espino-amarillo-ecologicos-crudos\/"},"modified":"2024-12-24T09:17:35","modified_gmt":"2024-12-24T09:17:35","slug":"miel-de-multiflor-ecologica-con-bayas-de-goji-y-espino-amarillo-ecologicos-crudos","status":"publish","type":"product","link":"https:\/\/praxistrade.eu\/es\/producto\/miel-de-multiflor-ecologica-con-bayas-de-goji-y-espino-amarillo-ecologicos-crudos\/","title":{"rendered":"Miel de Multiflor Ecol\u00f3gica con Bayas de Goji y Espino Amarillo Ecol\u00f3gicos Crudos"},"content":{"rendered":"<h3><b>Acerca de este art\u00edculo<\/b><span style=\"font-weight: 400;\">:<\/span><\/h3>\n<p><span style=\"font-weight: 400;\">El peso del art\u00edculo es de 230g <\/span><span style=\"font-weight: 400;\">no 400g<\/span><\/p>\n<p><span style=\"font-weight: 400;\"><strong>Peso del paquete del art\u00edculo:<\/strong> 400 g<\/span><\/p>\n<p><span style=\"font-weight: 400;\"><strong>Tipo de miel:<\/strong> Multiflor<\/span><\/p>\n<ul>\n<li style=\"font-weight: 400;\" aria-level=\"1\"><span style=\"font-weight: 400;\">Artesan\u00eda exquisita &#8211; Disfruta del sabor de Melinis, una miel ecol\u00f3gica cuidadosamente elaborada a mano con goji y espino amarillo. Experimenta toda su riqueza nutritiva y una textura aterciopelada que seduce tus sentidos. <\/span><\/li>\n<li style=\"font-weight: 400;\" aria-level=\"1\"><b>M\u00e9todo \u00fanico de procesamiento en fr\u00edo<\/b><span style=\"font-weight: 400;\"> -En nuestro proceso especial a baja temperatura, la mezcla de miel y bayas de goji se deshidrata suavemente a temperaturas inferiores a 38\u00b0C. Imita la forma natural en que las abejas crean la miel, conservando las enzimas, los antioxidantes y los nutrientes para obtener los m\u00e1ximos beneficios para la salud y el m\u00e1ximo sabor. <\/span><\/li>\n<li style=\"font-weight: 400;\" aria-level=\"1\"><span style=\"font-weight: 400;\">Refuerzo para el bienestar y el sistema inmunitario &#8211; Refuerza tu sistema inmunitario y siente la diferencia. La combinaci\u00f3n \u00fanica de miel y bayas de goji tiene un efecto vigorizante y favorece tu bienestar de forma duradera. <\/span><\/li>\n<li style=\"font-weight: 400;\" aria-level=\"1\"><span style=\"font-weight: 400;\">Perfecta para gustos refinados &#8211; Ya sea sobre pan fresco, en tu yogur o con quesos finos, la crema de miel Melinis aporta un placer gourmet a tus comidas y tentempi\u00e9s. Pru\u00e9bala y d\u00e9jate sorprender por su versatilidad. <\/span><\/li>\n<li style=\"font-weight: 400;\" aria-level=\"1\"><span style=\"font-weight: 400;\">SATISFACCI\u00d3N GARANTIZADA &#8211; Prueba Melinis sin riesgos. Defendemos los est\u00e1ndares m\u00e1s elevados y un sabor aut\u00e9ntico que supere tus expectativas y te haga sonre\u00edr. <\/span><\/li>\n<li style=\"font-weight: 400;\" aria-level=\"1\"><span style=\"font-weight: 400;\">La filosof\u00eda Melinis &#8211; En Melinis combinamos tradici\u00f3n e innovaci\u00f3n para ofrecerte productos delicatessen de primera clase. Nuestra pasi\u00f3n por la m\u00e1xima calidad y los ingredientes naturales realza cada producto. <\/span><\/li>\n<\/ul>\n<h3><b>Informaci\u00f3n sobre el producto<\/b><span style=\"font-weight: 400;\">:<\/span><\/h3>\n<p><span style=\"font-weight: 400;\"><strong>Regi\u00f3n de origen: <\/strong>UE &#8211; Ruman\u00eda<\/span><\/p>\n<p><span style=\"font-weight: 400;\"><strong>Fabricante:<\/strong> Atelierele Melinis SRL<\/span><\/p>\n<p><span style=\"font-weight: 400;\"><strong>Forma del art\u00edculo:<\/strong> Vidrio<\/span><\/p>\n<h3><strong>Medidas:<\/strong><\/h3>\n<p><span style=\"font-weight: 400;\"><strong>Peso del paquete del art\u00edculo:<\/strong> 400 g <\/span><b>No<\/b><span style=\"font-weight: 400;\"> Peso del art\u00edculo<\/span><\/p>\n<p><span style=\"font-weight: 400;\"><strong>Dimensiones:<\/strong> 6,3 cm x 6,3 cm x 8,0 cm<\/span><\/p>\n<h3><b>Descripci\u00f3n del producto<\/b><\/h3>\n<p><b>Crema de Goji Melinis<\/b><span style=\"font-weight: 400;\"> combina miel multiflor cruda y org\u00e1nica con bayas de goji ricas en nutrientes, conocidas como uno de los superalimentos m\u00e1s saludables. Estas bayas est\u00e1n repletas de antioxidantes, vitaminas y minerales, lo que las convierte en un aliado natural. <\/span><\/p>\n<p><span style=\"font-weight: 400;\">Mediante un exclusivo m\u00e9todo de elaboraci\u00f3n en fr\u00edo, la Crema de Goji Melinis preserva la integridad nutricional de sus ingredientes, creando una textura cremosa y delicada que conserva todos los beneficios naturales de la miel y las bayas de goji. Este producto \u00fanico se puede disfrutar solo o acompa\u00f1ado de quesos, tostadas o cereales, para un capricho delicioso y saludable. <\/span><\/p>\n<p><span style=\"font-weight: 400;\">En Melinis, estamos orgullosos de nuestro proceso de producci\u00f3n \u00fanico, inspirado en el trabajo natural de las abejas en su colmena. Del mismo modo que las abejas ventilan su miel para reducir el contenido de agua, nosotros mezclamos suavemente las frutas crudas con la miel y procesamos esta mezcla utilizando equipos especialmente dise\u00f1ados, llamados homogeneizadores. Estas m\u00e1quinas mantienen una temperatura controlada de 35-38\u00b0C y utilizan corrientes de aire muy seco para evaporar el agua de la mezcla durante un periodo de 2-4 semanas. Este m\u00e9todo lento y cuidadoso conserva las frutas en su estado casi natural, sin hervirlas ni pasteurizarlas, garantizando el m\u00e1ximo valor nutritivo y el sabor aut\u00e9ntico en cada tarro.   <\/span><\/p>\n<h3><b>\u00bfPor qu\u00e9 elegir la Crema de Goji Melinis?<\/b><\/h3>\n<p><span style=\"font-weight: 400;\">Las bayas de Goji son un superalimento con una rica historia de fomento de la salud y la vitalidad. Combinadas con miel org\u00e1nica cruda, crean un untable \u00fanico y sabroso. <\/span><\/p>\n<h3><b>Experimenta la energ\u00eda natural de las bayas de Goji<\/b><\/h3>\n<p><span style=\"font-weight: 400;\">A\u00f1ade<\/span> <b>Crema de Goji Melinis<\/b> <span style=\"font-weight: 400;\">\u00a1a tu cesta ahora y saborea los beneficios para la salud y el sabor gourmet de esta delicia artesanal procesada en fr\u00edo<\/span>!<\/p>\n<h3><b>Seguridad<\/b><\/h3>\n<p><span style=\"font-weight: 400;\">Como utilizamos miel cruda, no se recomienda para ni\u00f1os menores de 12 meses. <\/span><\/p>\n<h3><b>Instrucciones de almacenamiento<\/b><span style=\"font-weight: 400;\">:<\/span><\/h3>\n<p><span style=\"font-weight: 400;\">Gu\u00e1rdalo, incluso despu\u00e9s de abierto, en un lugar fresco y seco, alejado de la luz solar directa, a una temperatura de entre 18 y 25\u00baC. No es necesario meterlo en el frigor\u00edfico. <\/span><\/p>\n<h3><b>Origen y sostenibilidad<\/b><span style=\"font-weight: 400;\">:<\/span><\/h3>\n<p><span style=\"font-weight: 400;\">Producidos exclusivamente en Ruman\u00eda, los Ar\u00e1ndanos Silvestres Melinis apoyan a los apicultores ecol\u00f3gicos locales y la recolecci\u00f3n sostenible de ar\u00e1ndanos silvestres. Cada tarro se elabora con cuidado, en peque\u00f1os lotes, para preservar la pureza y calidad de cada ingrediente. <\/span><\/p>\n","protected":false},"excerpt":{"rendered":"<p><span style=\"font-weight: 400;\">Crema para untar, 230 g, Delicia \u00fanica procesada en fr\u00edo, antioxidante, sin conservantes, ideal para desayunos, postres, meriendas y coberturas saludables &#8211; by Melinis<\/p>\n<p><\/span><b>Ingredientes:<\/b> <span style=\"font-weight: 400;\">Miel multifloral ecol\u00f3gica* 80%, bayas de goji crudas ecol\u00f3gicas* 15%, espino amarillo crudo ecol\u00f3gico* 5%<\/span>.<\/p>\n<p><span style=\"font-weight: 400;\">*de Ruman\u00eda<\/span><\/p>\n","protected":false},"featured_media":25180,"comment_status":"open","ping_status":"closed","template":"","meta":[],"product_brand":[],"product_cat":[1190],"product_tag":[],"class_list":{"0":"post-26081","1":"product","2":"type-product","3":"status-publish","4":"has-post-thumbnail","6":"product_cat-melinis-es","8":"first","9":"instock","10":"shipping-taxable","11":"purchasable","12":"product-type-simple"},"_links":{"self":[{"href":"https:\/\/praxistrade.eu\/es\/wp-json\/wp\/v2\/product\/26081","targetHints":{"allow":["GET"]}}],"collection":[{"href":"https:\/\/praxistrade.eu\/es\/wp-json\/wp\/v2\/product"}],"about":[{"href":"https:\/\/praxistrade.eu\/es\/wp-json\/wp\/v2\/types\/product"}],"replies":[{"embeddable":true,"href":"https:\/\/praxistrade.eu\/es\/wp-json\/wp\/v2\/comments?post=26081"}],"wp:featuredmedia":[{"embeddable":true,"href":"https:\/\/praxistrade.eu\/es\/wp-json\/wp\/v2\/media\/25180"}],"wp:attachment":[{"href":"https:\/\/praxistrade.eu\/es\/wp-json\/wp\/v2\/media?parent=26081"}],"wp:term":[{"taxonomy":"product_brand","embeddable":true,"href":"https:\/\/praxistrade.eu\/es\/wp-json\/wp\/v2\/product_brand?post=26081"},{"taxonomy":"product_cat","embeddable":true,"href":"https:\/\/praxistrade.eu\/es\/wp-json\/wp\/v2\/product_cat?post=26081"},{"taxonomy":"product_tag","embeddable":true,"href":"https:\/\/praxistrade.eu\/es\/wp-json\/wp\/v2\/product_tag?post=26081"}],"curies":[{"name":"wp","href":"https:\/\/api.w.org\/{rel}","templated":true}]}}