{"id":26093,"date":"2024-12-24T09:29:43","date_gmt":"2024-12-24T09:29:43","guid":{"rendered":"https:\/\/praxistrade.eu\/product\/miel-de-acacia-ecologica-con-petalos-de-rosa\/"},"modified":"2024-12-24T09:29:43","modified_gmt":"2024-12-24T09:29:43","slug":"miel-de-acacia-ecologica-con-petalos-de-rosa","status":"publish","type":"product","link":"https:\/\/praxistrade.eu\/es\/producto\/miel-de-acacia-ecologica-con-petalos-de-rosa\/","title":{"rendered":"Miel de Acacia Ecol\u00f3gica con P\u00e9talos de Rosa"},"content":{"rendered":"<h3><b>Acerca de este art\u00edculo<\/b><span style=\"font-weight: 400;\">:<\/span><\/h3>\n<p><span style=\"font-weight: 400;\">El peso del art\u00edculo es de 230g <\/span><span style=\"font-weight: 400;\">no 400g<\/span><\/p>\n<p><span style=\"font-weight: 400;\"><strong>Peso del paquete del art\u00edculo:<\/strong> 400 g<\/span><\/p>\n<p><span style=\"font-weight: 400;\"><strong>Tipo de miel:<\/strong> Acacia<\/span><\/p>\n<ul>\n<li style=\"font-weight: 400;\" aria-level=\"1\"><span style=\"font-weight: 400;\">Elegante untable de lujo ecol\u00f3gico &#8211; M\u00edmate con la refinada miel de acacia ecol\u00f3gica Melinis con p\u00e9talos de rosa, una exclusiva mezcla de miel y el seductor aroma de las rosas de Damasco.<\/span><\/li>\n<li style=\"font-weight: 400;\" aria-level=\"1\"><b>M\u00e9todo \u00fanico de procesamiento en fr\u00edo<\/b><span style=\"font-weight: 400;\"> &#8211; In our special low-temperature processing , the blend of honey and rose petals is gently dehydrated at temperatures below 38\u00b0C. It mimics the natural way bees create honey preserving enzymes, antioxidants, and nutrients for maximum health benefits and flavor. <\/span><\/li>\n<li style=\"font-weight: 400;\" aria-level=\"1\"><span style=\"font-weight: 400;\">Artesan\u00eda en el plato &#8211; Procesado suavemente por debajo de 38\u00b0C para preservar la pureza y todo el sabor, para una experiencia de untado de primera clase.<\/span><\/li>\n<li style=\"font-weight: 400;\" aria-level=\"1\"><span style=\"font-weight: 400;\">Perfecciona tus postres &#8211; Una lujosa cobertura para el helado de vainilla, un punto culminante con chocolate negro o como toque final especial para tartas y pasteles.<\/span><\/li>\n<li style=\"font-weight: 400;\" aria-level=\"1\"><span style=\"font-weight: 400;\">Textura suave y aterciopelada &#8211; Esta elegante crema de miel es f\u00e1cil de untar y da a tus platos ese toque extra.<\/span><\/li>\n<li style=\"font-weight: 400;\" aria-level=\"1\"><span style=\"font-weight: 400;\">Ingredientes ecol\u00f3gicos puros &#8211; Elaborado con miel de acacia ecol\u00f3gica y p\u00e9talos de rosa recogidos a mano para una experiencia de sabor natural y sin adulterar.<\/span><\/li>\n<li style=\"font-weight: 400;\" aria-level=\"1\"><span style=\"font-weight: 400;\">Perfecto para disfrutar de momentos &#8211; Ideal para dar un toque exclusivo a tus desayunos, meriendas o postres especiales.<\/span><\/li>\n<li style=\"font-weight: 400;\" aria-level=\"1\"><span style=\"font-weight: 400;\">Fragancia y sabor orientales &#8211; La seductora fragancia de las rosas de Damasco transporta tus sentidos al mundo de Oriente y convierte cada comida en una experiencia especial.<\/span><\/li>\n<li style=\"font-weight: 400;\" aria-level=\"1\"><span style=\"font-weight: 400;\">MELINIS: Tu confianza en la calidad ecol\u00f3gica &#8211; Conf\u00eda en Melinis para obtener productos de miel ecol\u00f3gica de alta calidad, cuidadosamente elaborados, que enriquecer\u00e1n tu cocina y mimar\u00e1n tu paladar.<\/span><\/li>\n<\/ul>\n<h3><b>Informaci\u00f3n sobre el producto<\/b><span style=\"font-weight: 400;\">:<\/span><\/h3>\n<p><span style=\"font-weight: 400;\"><strong>Regi\u00f3n de origen: <\/strong>UE &#8211; Ruman\u00eda<\/span><\/p>\n<p><span style=\"font-weight: 400;\"><strong>Fabricante:<\/strong> Atelierele Melinis SRL<\/span><\/p>\n<p><span style=\"font-weight: 400;\"><strong>Forma del art\u00edculo:<\/strong> Vidrio<\/span><\/p>\n<h3><strong>Medidas:<\/strong><\/h3>\n<p><span style=\"font-weight: 400;\"><strong>Peso del paquete del art\u00edculo:<\/strong> 400 g <\/span><b>No<\/b><span style=\"font-weight: 400;\"> Peso del art\u00edculo<\/span><\/p>\n<p><span style=\"font-weight: 400;\"><strong>Dimensiones:<\/strong> 6,3 cm x 6,3 cm x 8,0 cm<\/span><\/p>\n<h3><b>Sugerencias de uso:<\/b><\/h3>\n<p><span style=\"font-weight: 400;\">Transforma tus creaciones culinarias con la elegancia de<\/span> <b>Rosa Preciosa Melinis<\/b><span style=\"font-weight: 400;\">.<\/span><\/p>\n<ul>\n<li style=\"font-weight: 400;\" aria-level=\"1\"><span style=\"font-weight: 400;\">Roc\u00edalo sobre postres cremosos como panna cotta, tarta de queso o helado para darle un toque gourmet.<\/span><\/li>\n<li style=\"font-weight: 400;\" aria-level=\"1\"><span style=\"font-weight: 400;\">Acomp\u00e1\u00f1alo con chocolate negro fino para crear una indulgente combinaci\u00f3n de sabores.<br \/><\/span><\/li>\n<li style=\"font-weight: 400;\" aria-level=\"1\"><span style=\"font-weight: 400;\">A\u00f1\u00e1delo a pasteles o bollos reci\u00e9n horneados para darles un delicado toque floral.<\/span><\/li>\n<li style=\"font-weight: 400;\" aria-level=\"1\"><span style=\"font-weight: 400;\">Util\u00edzalo como edulcorante para bebidas a base de hierbas o como complemento sofisticado de tablas de quesos.<\/span><\/li>\n<\/ul>\n<p><span style=\"font-weight: 400;\">Tanto si organizas un evento especial como si te permites un tranquilo momento de lujo,<\/span> <b>Melinis Rosa Preciosa<\/b> <span style=\"font-weight: 400;\">es el complemento perfecto para elevar cualquier ocasi\u00f3n.<\/span><\/p>\n<h3><b>Descripci\u00f3n del producto<\/b><\/h3>\n<p><span style=\"font-weight: 400;\">Experimenta el m\u00e1ximo placer con<\/span> <b>Melinis Rosa Preciosa<\/b> <span style=\"font-weight: 400;\">una obra maestra elaborada con la mejor miel de acacia org\u00e1nica cruda y p\u00e9talos de<\/span> <b>rosa de Damasco p\u00e9talos frescos<\/b><span style=\"font-weight: 400;\">. Con su llamativo tono rub\u00ed, su lujosa textura y su cautivador aroma floral, este manjar \u00fanico te transporta a tierras encantadoras, donde la rosa de Damasco simboliza la pasi\u00f3n y la elegancia. <\/span><\/p>\n<p><span style=\"font-weight: 400;\">Esta exquisita mezcla se crea mediante un suave m\u00e9todo de elaboraci\u00f3n en fr\u00edo, que conserva todo el espectro de nutrientes naturales, antioxidantes y sabores de sus ingredientes de primera calidad. Cada tarro de  <\/span><b>Melinis Rosa Preciosa<\/b> <span style=\"font-weight: 400;\">es una celebraci\u00f3n del arte, la naturaleza y el bienestar, que ofrece una experiencia gastron\u00f3mica verdaderamente \u00fanica.<\/span><\/p>\n<p><span style=\"font-weight: 400;\">En Melinis, estamos orgullosos de nuestro proceso de producci\u00f3n \u00fanico, inspirado en el trabajo natural de las abejas en su colmena. Del mismo modo que las abejas ventilan su miel para reducir el contenido de agua, nosotros mezclamos suavemente las frutas crudas con la miel y procesamos esta mezcla utilizando equipos especialmente dise\u00f1ados, llamados homogeneizadores. Estas m\u00e1quinas mantienen una temperatura controlada de 35-37\u00b0C y utilizan corrientes de aire muy seco para evaporar el agua de la mezcla durante un periodo de 2-4 semanas. Este m\u00e9todo lento y cuidadoso conserva las frutas en su estado casi natural, sin hervirlas ni pasteurizarlas, garantizando el m\u00e1ximo valor nutritivo y el sabor aut\u00e9ntico en cada tarro.<br \/>   <\/span><\/p>\n<h3><b>\u00bfPor qu\u00e9 elegir Melinis Rosa Preciosa?<\/b><\/h3>\n<p><span style=\"font-weight: 400;\">El<\/span> <b>Rosa de Damasco<\/b><span style=\"font-weight: 400;\">venerada durante siglos como s\u00edmbolo de belleza y pureza, se une a la dulzura incomparable de la miel de acacia cruda en esta exquisita mezcla. Cada tarro encarna el cuidado y la destreza de la producci\u00f3n artesanal, proporcionando no s\u00f3lo un sabor inigualable, sino tambi\u00e9n una serie de beneficios para el bienestar. Con su exclusivo m\u00e9todo de elaboraci\u00f3n en fr\u00edo,   <\/span><b>Rosa Preciosa Melinis<\/b> <span style=\"font-weight: 400;\">conserva toda la esencia de la naturaleza, ofreciendo un manjar tan bello como nutritivo.<\/span><\/p>\n<h3><b>Experimenta el encanto de las rosas en cada cucharada<\/b><\/h3>\n<p><span style=\"font-weight: 400;\">A\u00f1ade <\/span><b>Melinis Rosa Preciosa<\/b><span style=\"font-weight: 400;\"> a tu cesta ahora y saborea la elegancia, el sabor y los beneficios para la salud de esta delicia artesanal elaborada en fr\u00edo! Perfecto para darse un capricho, regalar o crear momentos culinarios inolvidables. <\/span><\/p>\n<h3><b>Seguridad<\/b><\/h3>\n<p><span style=\"font-weight: 400;\">Como utilizamos miel cruda, no se recomienda para ni\u00f1os menores de 12 meses. <\/span><\/p>\n<h3><b>Instrucciones de almacenamiento<\/b><span style=\"font-weight: 400;\">:<\/span><\/h3>\n<p><span style=\"font-weight: 400;\">Gu\u00e1rdalo, incluso despu\u00e9s de abierto, en un lugar fresco y seco, alejado de la luz solar directa, a una temperatura de entre 18 y 25\u00baC. No es necesario meterlo en el frigor\u00edfico. <\/span><\/p>\n<h3><b>Origen y sostenibilidad<\/b><span style=\"font-weight: 400;\">:<\/span><\/h3>\n<p><span style=\"font-weight: 400;\">Producidos exclusivamente en Ruman\u00eda, los Ar\u00e1ndanos Silvestres Melinis apoyan a los apicultores ecol\u00f3gicos locales y la recolecci\u00f3n sostenible de ar\u00e1ndanos silvestres. Cada tarro se elabora con cuidado, en peque\u00f1os lotes, para preservar la pureza y calidad de cada ingrediente. <\/span><\/p>\n","protected":false},"excerpt":{"rendered":"<p><span style=\"font-weight: 400;\">Delicia gourmet elaborada en fr\u00edo, 80 % miel, refinada con rosas de Damasco y jugo de lim\u00f3n, ideal para postres, helados y chocolate &#8211; de Melinis<\/p>\n<p><\/span><b>Ingredientes<\/b><span style=\"font-weight: 400;\">: <\/span><span style=\"font-weight: 400;\">Miel de acacia org\u00e1nica (de Rumania) 87 %, p\u00e9talos de rosa de Damasco frescos org\u00e1nicos (de Rumania) 8,7 %; jugo de lim\u00f3n org\u00e1nico 4,3 %<\/span><\/p>\n","protected":false},"featured_media":25326,"comment_status":"open","ping_status":"closed","template":"","meta":[],"product_brand":[],"product_cat":[1190],"product_tag":[],"class_list":{"0":"post-26093","1":"product","2":"type-product","3":"status-publish","4":"has-post-thumbnail","6":"product_cat-melinis-es","8":"first","9":"instock","10":"shipping-taxable","11":"purchasable","12":"product-type-simple"},"_links":{"self":[{"href":"https:\/\/praxistrade.eu\/es\/wp-json\/wp\/v2\/product\/26093","targetHints":{"allow":["GET"]}}],"collection":[{"href":"https:\/\/praxistrade.eu\/es\/wp-json\/wp\/v2\/product"}],"about":[{"href":"https:\/\/praxistrade.eu\/es\/wp-json\/wp\/v2\/types\/product"}],"replies":[{"embeddable":true,"href":"https:\/\/praxistrade.eu\/es\/wp-json\/wp\/v2\/comments?post=26093"}],"wp:featuredmedia":[{"embeddable":true,"href":"https:\/\/praxistrade.eu\/es\/wp-json\/wp\/v2\/media\/25326"}],"wp:attachment":[{"href":"https:\/\/praxistrade.eu\/es\/wp-json\/wp\/v2\/media?parent=26093"}],"wp:term":[{"taxonomy":"product_brand","embeddable":true,"href":"https:\/\/praxistrade.eu\/es\/wp-json\/wp\/v2\/product_brand?post=26093"},{"taxonomy":"product_cat","embeddable":true,"href":"https:\/\/praxistrade.eu\/es\/wp-json\/wp\/v2\/product_cat?post=26093"},{"taxonomy":"product_tag","embeddable":true,"href":"https:\/\/praxistrade.eu\/es\/wp-json\/wp\/v2\/product_tag?post=26093"}],"curies":[{"name":"wp","href":"https:\/\/api.w.org\/{rel}","templated":true}]}}