{"id":26099,"date":"2024-12-24T09:37:27","date_gmt":"2024-12-24T09:37:27","guid":{"rendered":"https:\/\/praxistrade.eu\/product\/fresco-y-aromatizado-set-3-x-40-g-miel-con-petalos-de-rosa-espino-amarillo-frambuesas\/"},"modified":"2024-12-24T09:37:27","modified_gmt":"2024-12-24T09:37:27","slug":"fresco-y-aromatizado-set-3-x-40-g-miel-con-petalos-de-rosa-espino-amarillo-frambuesas","status":"publish","type":"product","link":"https:\/\/praxistrade.eu\/es\/producto\/fresco-y-aromatizado-set-3-x-40-g-miel-con-petalos-de-rosa-espino-amarillo-frambuesas\/","title":{"rendered":"Fresco y Aromatizado &#8211; Set 3 x 40 g &#8211; Miel con P\u00e9talos de Rosa, Espino Amarillo, Frambuesas"},"content":{"rendered":"<h3><b>Acerca de este art\u00edculo<\/b><span style=\"font-weight: 400;\">:<\/span><\/h3>\n<p><span style=\"font-weight: 400;\">El peso del art\u00edculo es de 120 g<\/span> <span style=\"font-weight: 400;\">no 350g<\/span><\/p>\n<p><span style=\"font-weight: 400;\"><strong>Peso del paquete del art\u00edculo:<\/strong> 350 g<\/span><\/p>\n<p><span style=\"font-weight: 400;\"><strong>Tipo de miel:<\/strong> Acacia o Multiflor<\/span><\/p>\n<h3><b>M\u00e9todo \u00fanico de tratamiento en fr\u00edo<\/b><span style=\"font-weight: 400;\">:<\/span> <\/h3>\n<p><span style=\"font-weight: 400;\">En nuestro proceso especial a baja temperatura, la mezcla de miel y frutas se deshidrata suavemente a temperaturas inferiores a 38\u00b0C. Imita la forma natural en que las abejas crean la miel, conservando enzimas, antioxidantes y nutrientes para obtener los m\u00e1ximos beneficios para la salud y el m\u00e1ximo sabor. <\/span><\/p>\n<h3><strong>Informaci\u00f3n sobre el producto:<\/strong><\/h3>\n<p><span style=\"font-weight: 400;\"><strong>Regi\u00f3n de origen: <\/strong>UE &#8211; Ruman\u00eda<\/span><\/p>\n<p><span style=\"font-weight: 400;\"><strong>Fabricante:<\/strong> Atelierele Melinis SRL<\/span><\/p>\n<p><span style=\"font-weight: 400;\"><strong>Forma del art\u00edculo:<\/strong> Vidrio<\/span><\/p>\n<h3><strong>Medidas:<\/strong><\/h3>\n<p><span style=\"font-weight: 400;\"><strong>Peso del paquete del art\u00edculo:<\/strong> 350 g<\/span> <b>No<\/b> <span style=\"font-weight: 400;\">Peso del art\u00edculo<\/span><\/p>\n<p><span style=\"font-weight: 400;\"><strong>Dimensiones: <\/strong>5cm x 5cm x 14cm<\/span><\/p>\n<h3><b>Descripci\u00f3n del producto<\/b><\/h3>\n<p><span style=\"font-weight: 400;\">Date un capricho a ti y a tu ser querido con una deliciosa mezcla de miel org\u00e1nica y frutas crudas que enriquecer\u00e1 tus papilas gustativas y tu bienestar. Con espino amarillo, frambuesas y p\u00e9talos de rosa de Damasco recogidos a mano en fina miel de acacia ecol\u00f3gica, este set es un verdadero tesoro de la naturaleza, repleto de vitaminas, antioxidantes y aromas \u00fanicos. Empieza el d\u00eda con la en\u00e9rgica pasta de espino amarillo, que aporta un toque fresco y rico en vitaminas. Experimenta la frescura de la pasta para untar de frambuesa, que transforma tu taz\u00f3n de desayuno o postre en un aut\u00e9ntico plato fuerte. Y d\u00e9jate hechizar por el toque lujoso y floral de la pasta para untar de p\u00e9talos de rosa, un toque de elegancia que mima tus sentidos. Sin az\u00facares a\u00f1adidos ni aditivos artificiales, este set ofrece una delicia pura y natural en la que puedes confiar.      <\/span><\/p>\n<p><span style=\"font-weight: 400;\">En Melinis, estamos orgullosos de nuestro proceso de producci\u00f3n \u00fanico, inspirado en el trabajo natural de las abejas en su colmena. Del mismo modo que las abejas ventilan su miel para reducir el contenido de agua, nosotros mezclamos suavemente las frutas crudas con la miel y procesamos esta mezcla utilizando equipos especialmente dise\u00f1ados, llamados homogeneizadores. Estas m\u00e1quinas mantienen una temperatura controlada de 35-38\u00b0C y utilizan corrientes de aire muy seco para evaporar el agua de la mezcla durante un periodo de 2-4 semanas. Este m\u00e9todo lento y cuidadoso conserva las frutas en su estado casi natural, sin hervirlas ni pasteurizarlas, garantizando el m\u00e1ximo valor nutritivo y el sabor aut\u00e9ntico en cada tarro.   <\/span><\/p>\n<h3><b>Seguridad<\/b><\/h3>\n<p><span style=\"font-weight: 400;\">Como utilizamos miel cruda, no se recomienda para ni\u00f1os menores de 12 meses. <\/span><\/p>\n<h3><b>Instrucciones de almacenamiento<\/b><span style=\"font-weight: 400;\">:<\/span><\/h3>\n<p><span style=\"font-weight: 400;\">Gu\u00e1rdalo, incluso despu\u00e9s de abierto, en un lugar seco y alejado de la luz solar directa, a una temperatura de entre 18 y 25\u00baC. No es necesario meterlo en el frigor\u00edfico. <\/span><\/p>\n<h3><b>Origen y sostenibilidad<\/b><span style=\"font-weight: 400;\">:<\/span><\/h3>\n<p><span style=\"font-weight: 400;\">Producidos exclusivamente en Ruman\u00eda, nuestros productos apoyan a los apicultores ecol\u00f3gicos locales y a las granjas ecol\u00f3gicas locales. Cada tarro se elabora con cuidado, en peque\u00f1os lotes, para preservar la pureza y la calidad de cada ingrediente. <\/span><\/p>\n","protected":false},"excerpt":{"rendered":"<p><span style=\"font-weight: 400;\"> Suavemente procesados a menos de 38\u00b0C &#8211; Delicias de primera calidad para desayunos, postres, batidos y tentempi\u00e9s &#8211; by Melinis<\/span><\/p>\n<p><strong>Ingredientes<\/strong><\/p>\n<ol>\n<li><span style=\"font-weight: 400;\"> Miel de acacia ecol\u00f3gica* 87%, p\u00e9talos de rosa de Damasco frescos ecol\u00f3gicos* m\u00ednimo 8,5%; zumo de lim\u00f3n ecol\u00f3gico m\u00e1ximo 4,5%.<\/span><\/li>\n<li><span style=\"font-weight: 400;\"> Miel multiflora ecol\u00f3gica* 50%, pulpa de espino amarillo cruda ecol\u00f3gica* 50%.<\/span><\/li>\n<li><span style=\"font-weight: 400;\"> Miel de acacia ecol\u00f3gica* 65%, pulpa de frambuesa cruda* 25%, zumo de lim\u00f3n 10%; <\/span><\/li>\n<\/ol>\n<p><span style=\"font-weight: 400;\">*desde Ruman\u00eda<\/span><\/p>\n","protected":false},"featured_media":25399,"comment_status":"open","ping_status":"closed","template":"","meta":[],"product_brand":[],"product_cat":[1190],"product_tag":[],"class_list":{"0":"post-26099","1":"product","2":"type-product","3":"status-publish","4":"has-post-thumbnail","6":"product_cat-melinis-es","8":"first","9":"instock","10":"shipping-taxable","11":"purchasable","12":"product-type-simple"},"_links":{"self":[{"href":"https:\/\/praxistrade.eu\/es\/wp-json\/wp\/v2\/product\/26099","targetHints":{"allow":["GET"]}}],"collection":[{"href":"https:\/\/praxistrade.eu\/es\/wp-json\/wp\/v2\/product"}],"about":[{"href":"https:\/\/praxistrade.eu\/es\/wp-json\/wp\/v2\/types\/product"}],"replies":[{"embeddable":true,"href":"https:\/\/praxistrade.eu\/es\/wp-json\/wp\/v2\/comments?post=26099"}],"wp:featuredmedia":[{"embeddable":true,"href":"https:\/\/praxistrade.eu\/es\/wp-json\/wp\/v2\/media\/25399"}],"wp:attachment":[{"href":"https:\/\/praxistrade.eu\/es\/wp-json\/wp\/v2\/media?parent=26099"}],"wp:term":[{"taxonomy":"product_brand","embeddable":true,"href":"https:\/\/praxistrade.eu\/es\/wp-json\/wp\/v2\/product_brand?post=26099"},{"taxonomy":"product_cat","embeddable":true,"href":"https:\/\/praxistrade.eu\/es\/wp-json\/wp\/v2\/product_cat?post=26099"},{"taxonomy":"product_tag","embeddable":true,"href":"https:\/\/praxistrade.eu\/es\/wp-json\/wp\/v2\/product_tag?post=26099"}],"curies":[{"name":"wp","href":"https:\/\/api.w.org\/{rel}","templated":true}]}}