{"id":26111,"date":"2024-12-24T09:49:32","date_gmt":"2024-12-24T09:49:32","guid":{"rendered":"https:\/\/praxistrade.eu\/product\/explosion-vitaminica-set-3-x-40-g-miel-ecologica-con-espino-amarillo-aronia-y-bayas-de-goji\/"},"modified":"2024-12-24T09:49:32","modified_gmt":"2024-12-24T09:49:32","slug":"explosion-vitaminica-set-3-x-40-g-miel-ecologica-con-espino-amarillo-aronia-y-bayas-de-goji","status":"publish","type":"product","link":"https:\/\/praxistrade.eu\/es\/producto\/explosion-vitaminica-set-3-x-40-g-miel-ecologica-con-espino-amarillo-aronia-y-bayas-de-goji\/","title":{"rendered":"Explosi\u00f3n Vitam\u00ednica &#8211; Set 3 x 40 g &#8211; Miel Ecol\u00f3gica Con Espino Amarillo, Aronia y Bayas de Goji"},"content":{"rendered":"<h3><b>Acerca de este art\u00edculo<\/b><span style=\"font-weight: 400;\">:<\/span><\/h3>\n<p><span style=\"font-weight: 400;\">El peso del art\u00edculo es de 120 g<\/span> <span style=\"font-weight: 400;\">no 350g<\/span><\/p>\n<p><span style=\"font-weight: 400;\"><strong>Peso del paquete del art\u00edculo:<\/strong> 350 g<\/span><\/p>\n<p><span style=\"font-weight: 400;\"><strong>Tipo de miel:<\/strong> Acacia o Multiflor<\/span><\/p>\n<h3><b>M\u00e9todo \u00fanico de tratamiento en fr\u00edo<\/b><span style=\"font-weight: 400;\">:<\/span> <\/h3>\n<p><span style=\"font-weight: 400;\">En nuestro proceso especial a baja temperatura, la mezcla de miel y frutas se deshidrata suavemente a temperaturas inferiores a 38\u00b0C. Imita la forma natural en que las abejas crean la miel, conservando enzimas, antioxidantes y nutrientes para obtener los m\u00e1ximos beneficios para la salud y el m\u00e1ximo sabor. <\/span><\/p>\n<h3><strong>Informaci\u00f3n sobre el producto:<\/strong><\/h3>\n<p><span style=\"font-weight: 400;\"><strong>Regi\u00f3n de origen: <\/strong>UE &#8211; Ruman\u00eda<\/span><\/p>\n<p><span style=\"font-weight: 400;\"><strong>Fabricante:<\/strong> Atelierele Melinis SRL<\/span><\/p>\n<p><span style=\"font-weight: 400;\"><strong>Forma del art\u00edculo:<\/strong> Vidrio<\/span><\/p>\n<h3><strong>Medidas:<\/strong><\/h3>\n<p><span style=\"font-weight: 400;\"><strong>Peso del paquete del art\u00edculo:<\/strong> 350 g<\/span> <b>No<\/b> <span style=\"font-weight: 400;\">Peso del art\u00edculo<\/span><\/p>\n<p><span style=\"font-weight: 400;\"><strong>Dimensiones: <\/strong>5cm x 5cm x 14cm<\/span><\/p>\n<h3><b>Descripci\u00f3n del producto<\/b><\/h3>\n<p><span style=\"font-weight: 400;\">Descubre la selecci\u00f3n de tres untables \u00fanicos que te aportan energ\u00eda natural, vitaminas y antioxidantes. DISFRUTA Miel de espino amarillo para untar, rica en vitamina C y otros nutrientes esenciales, para un toque refrescante que realza tu desayuno o merienda. Miel de aronia para untar, con la frescura intensa y ligeramente \u00e1cida de las bayas de aronia, ricas en antioxidantes y favorecedoras de tu salud. Crema para untar de Miel de Goji, una mezcla aterciopelada de bayas de goji conocidas por sus propiedades revitalizantes y que te aportan una dosis extra de energ\u00eda.    <\/span><\/p>\n<p><span style=\"font-weight: 400;\">En Melinis, estamos orgullosos de nuestro proceso de producci\u00f3n \u00fanico, inspirado en el trabajo natural de las abejas en su colmena. Del mismo modo que las abejas ventilan su miel para reducir el contenido de agua, nosotros mezclamos suavemente las frutas crudas con la miel y procesamos esta mezcla utilizando equipos especialmente dise\u00f1ados, llamados homogeneizadores. Estas m\u00e1quinas mantienen una temperatura controlada de 35-38\u00b0C y utilizan corrientes de aire muy seco para evaporar el agua de la mezcla durante un periodo de 2-4 semanas. Este m\u00e9todo lento y cuidadoso conserva las frutas en su estado casi natural, sin hervirlas ni pasteurizarlas, garantizando el m\u00e1ximo valor nutritivo y el sabor aut\u00e9ntico en cada tarro.   <\/span><\/p>\n<h3><b>Seguridad<\/b><\/h3>\n<p><span style=\"font-weight: 400;\">Como utilizamos miel cruda, no se recomienda para ni\u00f1os menores de 12 meses. <\/span><\/p>\n<h3><b>Instrucciones de almacenamiento<\/b><span style=\"font-weight: 400;\">:<\/span><\/h3>\n<p><span style=\"font-weight: 400;\">Gu\u00e1rdalo, incluso despu\u00e9s de abierto, en un lugar seco y alejado de la luz solar directa, a una temperatura de entre 18 y 25\u00baC. No es necesario meterlo en el frigor\u00edfico. <\/span><\/p>\n<h3><b>Origen y sostenibilidad<\/b><span style=\"font-weight: 400;\">:<\/span><\/h3>\n<p><span style=\"font-weight: 400;\">Producidos exclusivamente en Ruman\u00eda, nuestros productos apoyan a los apicultores ecol\u00f3gicos locales y a las granjas ecol\u00f3gicas locales. Cada tarro se elabora con cuidado, en peque\u00f1os lotes, para preservar la pureza y la calidad de cada ingrediente. <\/span><\/p>\n","protected":false},"excerpt":{"rendered":"<p><span style=\"font-weight: 400;\">Suavemente procesado a menos de 38\u00b0C &#8211; Disfruta de los nutrientes en desayunos, postres y meriendas &#8211; by Melinis<\/span><\/p>\n<p><strong>Ingredientes<\/strong><\/p>\n<ol>\n<li><span style=\"font-weight: 400;\">Miel de acacia ecol\u00f3gica* 70%, baya de aronia cruda ecol\u00f3gica* 20%, espino amarillo ecol\u00f3gico* 10%; <\/span><\/li>\n<li><span style=\"font-weight: 400;\"> Miel de acacia ecol\u00f3gica* 50%, fruto entero de espino amarillo crudo ecol\u00f3gico* 50%.<\/span><\/li>\n<li><span style=\"font-weight: 400;\"> Miel multifloral ecol\u00f3gica* 80%, bayas de goji crudas ecol\u00f3gicas* 15%, espino amarillo crudo ecol\u00f3gico* 5%.<\/span><\/li>\n<\/ol>\n<p><span style=\"font-weight: 400;\">*desde Ruman\u00eda<\/span><\/p>\n","protected":false},"featured_media":25545,"comment_status":"open","ping_status":"closed","template":"","meta":[],"product_brand":[],"product_cat":[1190],"product_tag":[],"class_list":{"0":"post-26111","1":"product","2":"type-product","3":"status-publish","4":"has-post-thumbnail","6":"product_cat-melinis-es","8":"first","9":"instock","10":"shipping-taxable","11":"purchasable","12":"product-type-simple"},"_links":{"self":[{"href":"https:\/\/praxistrade.eu\/es\/wp-json\/wp\/v2\/product\/26111","targetHints":{"allow":["GET"]}}],"collection":[{"href":"https:\/\/praxistrade.eu\/es\/wp-json\/wp\/v2\/product"}],"about":[{"href":"https:\/\/praxistrade.eu\/es\/wp-json\/wp\/v2\/types\/product"}],"replies":[{"embeddable":true,"href":"https:\/\/praxistrade.eu\/es\/wp-json\/wp\/v2\/comments?post=26111"}],"wp:featuredmedia":[{"embeddable":true,"href":"https:\/\/praxistrade.eu\/es\/wp-json\/wp\/v2\/media\/25545"}],"wp:attachment":[{"href":"https:\/\/praxistrade.eu\/es\/wp-json\/wp\/v2\/media?parent=26111"}],"wp:term":[{"taxonomy":"product_brand","embeddable":true,"href":"https:\/\/praxistrade.eu\/es\/wp-json\/wp\/v2\/product_brand?post=26111"},{"taxonomy":"product_cat","embeddable":true,"href":"https:\/\/praxistrade.eu\/es\/wp-json\/wp\/v2\/product_cat?post=26111"},{"taxonomy":"product_tag","embeddable":true,"href":"https:\/\/praxistrade.eu\/es\/wp-json\/wp\/v2\/product_tag?post=26111"}],"curies":[{"name":"wp","href":"https:\/\/api.w.org\/{rel}","templated":true}]}}