{"id":24179,"date":"2015-07-27T13:06:46","date_gmt":"2015-07-27T12:06:46","guid":{"rendered":"https:\/\/praxistrade.eu\/contact\/"},"modified":"2024-09-10T06:49:41","modified_gmt":"2024-09-10T05:49:41","slug":"contact","status":"publish","type":"page","link":"https:\/\/praxistrade.eu\/fr\/contact\/","title":{"rendered":"Contact"},"content":{"rendered":"\t\t<div data-elementor-type=\"wp-page\" data-elementor-id=\"24179\" class=\"elementor elementor-24179 elementor-16651\" data-elementor-post-type=\"page\">\n\t\t\t\t<div class=\"elementor-element elementor-element-a1ffe8e e-flex e-con-boxed e-con e-parent\" data-id=\"a1ffe8e\" data-element_type=\"container\" data-e-type=\"container\" data-settings=\"{&quot;background_background&quot;:&quot;classic&quot;}\">\n\t\t\t\t\t<div class=\"e-con-inner\">\n\t\t\t\t<div class=\"elementor-element elementor-element-782577f elementor-widget elementor-widget-heading\" data-id=\"782577f\" data-element_type=\"widget\" data-e-type=\"widget\" data-widget_type=\"heading.default\">\n\t\t\t\t<div class=\"elementor-widget-container\">\n\t\t\t\t\t<h1 class=\"elementor-heading-title elementor-size-default\">Obtenir un Devis<\/h1>\t\t\t\t<\/div>\n\t\t\t\t<\/div>\n\t\t\t\t\t<\/div>\n\t\t\t\t<\/div>\n\t\t<div class=\"elementor-element elementor-element-5f04b68 e-flex e-con-boxed e-con e-parent\" data-id=\"5f04b68\" data-element_type=\"container\" data-e-type=\"container\">\n\t\t\t\t\t<div class=\"e-con-inner\">\n\t\t<div class=\"elementor-element elementor-element-94f8f41 e-con-full e-flex e-con e-child\" data-id=\"94f8f41\" data-element_type=\"container\" data-e-type=\"container\">\n\t\t\t\t<div class=\"elementor-element elementor-element-ff8644d elementor-widget elementor-widget-text-editor\" data-id=\"ff8644d\" data-element_type=\"widget\" data-e-type=\"widget\" data-widget_type=\"text-editor.default\">\n\t\t\t\t<div class=\"elementor-widget-container\">\n\t\t\t\t\t\t\t\t\t<p>Nous sommes l\u00e0 pour vous aider \u00e0 r\u00e9pondre \u00e0 vos besoins.<br \/>\nIl vous suffit de remplir le formulaire ci-dessous et nous vous ferons parvenir un devis personnalis\u00e9.<br \/>\nVotre satisfaction est notre priorit\u00e9 et nous sommes impatients de travailler avec vous !  <\/p>\n\t\t\t\t\t\t\t\t<\/div>\n\t\t\t\t<\/div>\n\t\t\t\t<div class=\"elementor-element elementor-element-1957b23 elementor-widget elementor-widget-html\" data-id=\"1957b23\" data-element_type=\"widget\" data-e-type=\"widget\" data-widget_type=\"html.default\">\n\t\t\t\t<div class=\"elementor-widget-container\">\n\t\t\t\t\t<script charset=\"utf-8\" type=\"text\/javascript\" src=\"\/\/js-eu1.hsforms.net\/forms\/embed\/v2.js\"><\/script><script>hbspt.forms.create({\n    region: \"eu1\",\n    portalId: \"145023589\",\n    formId: \"29d757d4-76d4-47a0-b0cd-0e35619cd9ad\"\n  });\n<\/script>\t\t\t\t<\/div>\n\t\t\t\t<\/div>\n\t\t\t\t<\/div>\n\t\t<div class=\"elementor-element elementor-element-8495669 e-con-full e-flex e-con e-child\" data-id=\"8495669\" data-element_type=\"container\" data-e-type=\"container\" data-settings=\"{&quot;background_background&quot;:&quot;classic&quot;}\">\n\t\t\t\t<div class=\"elementor-element elementor-element-f481345 elementor-widget elementor-widget-spacer\" data-id=\"f481345\" data-element_type=\"widget\" data-e-type=\"widget\" data-widget_type=\"spacer.default\">\n\t\t\t\t<div class=\"elementor-widget-container\">\n\t\t\t\t\t\t\t<div class=\"elementor-spacer\">\n\t\t\t<div class=\"elementor-spacer-inner\"><\/div>\n\t\t<\/div>\n\t\t\t\t\t\t<\/div>\n\t\t\t\t<\/div>\n\t\t\t\t<\/div>\n\t\t\t\t\t<\/div>\n\t\t\t\t<\/div>\n\t\t\t\t<\/div>\n\t\t","protected":false},"excerpt":{"rendered":"<p>Obtenir un Devis Nous sommes l\u00e0 pour vous aider \u00e0 r\u00e9pondre \u00e0 vos besoins. Il vous suffit de remplir le formulaire ci-dessous et nous vous ferons parvenir un devis personnalis\u00e9. Votre satisfaction est notre priorit\u00e9 et nous sommes impatients de travailler avec vous !<\/p>\n","protected":false},"author":2,"featured_media":0,"parent":0,"menu_order":0,"comment_status":"closed","ping_status":"open","template":"","meta":{"footnotes":""},"class_list":["post-24179","page","type-page","status-publish","hentry"],"_links":{"self":[{"href":"https:\/\/praxistrade.eu\/fr\/wp-json\/wp\/v2\/pages\/24179","targetHints":{"allow":["GET"]}}],"collection":[{"href":"https:\/\/praxistrade.eu\/fr\/wp-json\/wp\/v2\/pages"}],"about":[{"href":"https:\/\/praxistrade.eu\/fr\/wp-json\/wp\/v2\/types\/page"}],"author":[{"embeddable":true,"href":"https:\/\/praxistrade.eu\/fr\/wp-json\/wp\/v2\/users\/2"}],"replies":[{"embeddable":true,"href":"https:\/\/praxistrade.eu\/fr\/wp-json\/wp\/v2\/comments?post=24179"}],"version-history":[{"count":5,"href":"https:\/\/praxistrade.eu\/fr\/wp-json\/wp\/v2\/pages\/24179\/revisions"}],"predecessor-version":[{"id":24678,"href":"https:\/\/praxistrade.eu\/fr\/wp-json\/wp\/v2\/pages\/24179\/revisions\/24678"}],"wp:attachment":[{"href":"https:\/\/praxistrade.eu\/fr\/wp-json\/wp\/v2\/media?parent=24179"}],"curies":[{"name":"wp","href":"https:\/\/api.w.org\/{rel}","templated":true}]}}