{"id":24267,"date":"2024-06-22T09:08:12","date_gmt":"2024-06-22T08:08:12","guid":{"rendered":"https:\/\/praxistrade.eu\/conditions-dutilisation\/"},"modified":"2024-07-19T14:43:11","modified_gmt":"2024-07-19T13:43:11","slug":"conditions-dutilisation","status":"publish","type":"page","link":"https:\/\/praxistrade.eu\/fr\/conditions-dutilisation\/","title":{"rendered":"Conditions d&rsquo;utilisation"},"content":{"rendered":"<p>[vc_row row_type=\u00a0\u00bbrow\u00a0\u00bb use_row_as_full_screen_section=\u00a0\u00bbno\u00a0\u00bb type=\u00a0\u00bbfull_width\u00a0\u00bb text_align=\u00a0\u00bbleft\u00a0\u00bb box_shadow_on_row=\u00a0\u00bbno\u00a0\u00bb][vc_column][vc_column_text css=\u00a0\u00bb\u00a0\u00bb]<strong>1. Introduction<\/strong><br \/>\nBienvenue \u00e0 Praxis Trade Les pr\u00e9sentes conditions g\u00e9n\u00e9rales r\u00e9gissent votre utilisation de notre site web et des services que nous fournissons. En acc\u00e9dant \u00e0 notre site web et en demandant un devis, vous acceptez de vous conformer aux pr\u00e9sentes conditions g\u00e9n\u00e9rales et d&rsquo;\u00eatre li\u00e9 par elles.<\/p>\n<p><strong>2. Produits et services<\/strong><br \/>\n<strong>2.1 Description des produits<\/strong><br \/>\nTous les produits r\u00e9pertori\u00e9s sur notre site Internet appartiennent \u00e0 diff\u00e9rentes marques europ\u00e9ennes et sont d\u00e9crits au mieux de nos capacit\u00e9s. Nous nous effor\u00e7ons d&rsquo;\u00eatre pr\u00e9cis, mais nous ne garantissons pas que les descriptions de produits ou tout autre contenu soient exempts d&rsquo;erreurs.<\/p>\n<p><strong>2.2 Demande de devis<\/strong><br \/>\nPour obtenir des informations sur les prix de nos produits, vous devez demander un devis sur notre site web. Il s&rsquo;agit de fournir les d\u00e9tails n\u00e9cessaires concernant vos besoins. Une fois votre demande re\u00e7ue, nous vous fournirons un devis d\u00e9taill\u00e9 et vous contacterons pour discuter de la quantit\u00e9, de l&rsquo;offre et de toute autre information requise.<\/p>\n<p><strong>3. Les citations devis<\/strong><br \/>\n<strong>3.1 Devis sans engagement<\/strong><br \/>\nLes devis sont sans engagement et peuvent \u00eatre modifi\u00e9s en fonction des disponibilit\u00e9s, des mises \u00e0 jour de prix et d&rsquo;autres facteurs. Le prix final sera confirm\u00e9 lors de l&rsquo;acceptation du devis.<\/p>\n<p><strong>3.2 Validit\u00e9 des devis<\/strong><br \/>\nLes devis sont valables 30 jours \u00e0 partir de la date d&rsquo;\u00e9mission, sauf indication contraire. Les prix et la disponibilit\u00e9 des produits peuvent \u00eatre modifi\u00e9s sans pr\u00e9avis.<\/p>\n<p><strong>4. Processus de commande<\/strong><br \/>\n<strong>4.1 Passer une commande<\/strong><br \/>\nApr\u00e8s avoir re\u00e7u et examin\u00e9 le devis, vous pouvez passer une commande en nous contactant par les moyens indiqu\u00e9s. Une confirmation de commande vous sera envoy\u00e9e une fois la commande accept\u00e9e.<\/p>\n<p><strong>4.2 Acceptation des commandes<\/strong><br \/>\nToutes les commandes sont soumises \u00e0 l&rsquo;acceptation de Praxis Trade. Nous nous r\u00e9servons le droit de refuser toute commande \u00e0 notre discr\u00e9tion.<\/p>\n<p><strong>5. Paiement<\/strong><br \/>\n<strong>5.1 Conditions de paiement<\/strong><br \/>\nComme nous travaillons sur la base d&rsquo;un devis, les conditions de paiement sp\u00e9cifiques seront pr\u00e9cis\u00e9es dans le devis fourni. Aucun paiement n&rsquo;est exig\u00e9 au moment de la demande de devis.<\/p>\n<p><strong>6. Exp\u00e9dition et livraison<\/strong><br \/>\n<strong>6.1 Conditions d&rsquo;exp\u00e9dition<\/strong><br \/>\n\u00c9tant donn\u00e9 que nous ne traitons pas les paiements et les exp\u00e9ditions par l&rsquo;interm\u00e9diaire de notre site web, les conditions d&rsquo;exp\u00e9dition seront sp\u00e9cifi\u00e9es dans le devis et la confirmation de la commande. Les frais d&rsquo;exp\u00e9dition, les droits et les taxes sont \u00e0 la charge du client.<\/p>\n<p><strong>7. Retours et remboursements<\/strong><br \/>\n<strong>7.1 Politique de retour<\/strong><br \/>\nLes retours et les remboursements sont trait\u00e9s au cas par cas, comme indiqu\u00e9 dans le devis et la confirmation de commande. Veuillez nous contacter directement pour toute demande de retour ou de remboursement.<\/p>\n<p><strong>8. Propri\u00e9t\u00e9 intellectuelle<\/strong><br \/>\n<strong>8.1 Propri\u00e9t\u00e9<\/strong><br \/>\nL&rsquo;ensemble du contenu de notre site web, y compris les textes, les graphiques, les logos et les images, est la propri\u00e9t\u00e9 de Praxis Trade et est prot\u00e9g\u00e9 par les lois sur la propri\u00e9t\u00e9 intellectuelle.<\/p>\n<p><strong>9. Limitation de la responsabilit\u00e9<\/strong><br \/>\n<strong>9.1 Absence de responsabilit\u00e9<\/strong><br \/>\nPraxis Trade n&rsquo;est pas responsable des dommages r\u00e9sultant de l&rsquo;utilisation de notre site web ou des produits obtenus par le biais d&rsquo;une demande de devis. Cela comprend, sans s&rsquo;y limiter, les dommages directs, indirects, accessoires, punitifs et cons\u00e9cutifs.<\/p>\n<p><strong>10. Droit applicable<\/strong><br \/>\n<strong>10.1 Comp\u00e9tence<\/strong><br \/>\nLes pr\u00e9sentes conditions sont r\u00e9gies et interpr\u00e9t\u00e9es conform\u00e9ment aux lois de la Lituanie. Tout litige d\u00e9coulant des pr\u00e9sentes conditions g\u00e9n\u00e9rales ou en rapport avec celles-ci sera soumis \u00e0 la comp\u00e9tence exclusive des tribunaux de Lituanie.<\/p>\n<p><strong>11. Modifications des conditions g\u00e9n\u00e9rales<\/strong><br \/>\n<strong>11.1 Amendements<\/strong><br \/>\nNous nous r\u00e9servons le droit de modifier les pr\u00e9sentes conditions g\u00e9n\u00e9rales \u00e0 tout moment. Toute modification sera affich\u00e9e sur cette page et votre utilisation continue de notre site web constitue l&rsquo;acceptation des conditions r\u00e9vis\u00e9es.<\/p>\n<p><strong>12. Informations sur les contacts<\/strong><br \/>\n<strong>12.1 Prenez contact<\/strong><br \/>\nSi vous avez des questions concernant les pr\u00e9sentes conditions g\u00e9n\u00e9rales, veuillez nous contacter \u00e0 l&rsquo;adresse suivante :<\/p>\n<p>Email:info@praxisconsulta.com[\/vc_column_text][\/vc_column][\/vc_row]<\/p>\n","protected":false},"excerpt":{"rendered":"<p>[vc_row row_type=\u00a0\u00bbrow\u00a0\u00bb use_row_as_full_screen_section=\u00a0\u00bbno\u00a0\u00bb type=\u00a0\u00bbfull_width\u00a0\u00bb text_align=\u00a0\u00bbleft\u00a0\u00bb box_shadow_on_row=\u00a0\u00bbno\u00a0\u00bb][vc_column][vc_column_text css=\u00a0\u00bb\u00a0\u00bb]1. Introduction Bienvenue \u00e0 Praxis Trade Les pr\u00e9sentes conditions g\u00e9n\u00e9rales r\u00e9gissent votre utilisation de notre site web et des services que nous fournissons. En acc\u00e9dant \u00e0 notre site web et en demandant un devis, vous acceptez de vous conformer aux pr\u00e9sentes conditions g\u00e9n\u00e9rales et d&rsquo;\u00eatre li\u00e9 par elles. 2. [&hellip;]<\/p>\n","protected":false},"author":2,"featured_media":0,"parent":0,"menu_order":0,"comment_status":"closed","ping_status":"closed","template":"","meta":{"footnotes":""},"class_list":["post-24267","page","type-page","status-publish","hentry"],"_links":{"self":[{"href":"https:\/\/praxistrade.eu\/fr\/wp-json\/wp\/v2\/pages\/24267","targetHints":{"allow":["GET"]}}],"collection":[{"href":"https:\/\/praxistrade.eu\/fr\/wp-json\/wp\/v2\/pages"}],"about":[{"href":"https:\/\/praxistrade.eu\/fr\/wp-json\/wp\/v2\/types\/page"}],"author":[{"embeddable":true,"href":"https:\/\/praxistrade.eu\/fr\/wp-json\/wp\/v2\/users\/2"}],"replies":[{"embeddable":true,"href":"https:\/\/praxistrade.eu\/fr\/wp-json\/wp\/v2\/comments?post=24267"}],"version-history":[{"count":2,"href":"https:\/\/praxistrade.eu\/fr\/wp-json\/wp\/v2\/pages\/24267\/revisions"}],"predecessor-version":[{"id":24269,"href":"https:\/\/praxistrade.eu\/fr\/wp-json\/wp\/v2\/pages\/24267\/revisions\/24269"}],"wp:attachment":[{"href":"https:\/\/praxistrade.eu\/fr\/wp-json\/wp\/v2\/media?parent=24267"}],"curies":[{"name":"wp","href":"https:\/\/api.w.org\/{rel}","templated":true}]}}