{"id":24585,"date":"2024-08-16T13:06:26","date_gmt":"2024-08-16T12:06:26","guid":{"rendered":"https:\/\/praxistrade.eu\/privacy-policy\/"},"modified":"2024-08-20T16:51:15","modified_gmt":"2024-08-20T15:51:15","slug":"privacy-policy","status":"publish","type":"page","link":"https:\/\/praxistrade.eu\/fr\/privacy-policy\/","title":{"rendered":"Privacy Policy"},"content":{"rendered":"\t\t<div data-elementor-type=\"wp-page\" data-elementor-id=\"24585\" class=\"elementor elementor-24585 elementor-24396\" data-elementor-post-type=\"page\">\n\t\t\t\t<div class=\"elementor-element elementor-element-6f59ef4 e-flex e-con-boxed e-con e-parent\" data-id=\"6f59ef4\" data-element_type=\"container\" data-e-type=\"container\">\n\t\t\t\t\t<div class=\"e-con-inner\">\n\t\t\t\t<div class=\"elementor-element elementor-element-fae2c57 elementor-widget elementor-widget-text-editor\" data-id=\"fae2c57\" data-element_type=\"widget\" data-e-type=\"widget\" data-widget_type=\"text-editor.default\">\n\t\t\t\t<div class=\"elementor-widget-container\">\n\t\t\t\t\t\t\t\t\t<h3>1. Introduction<\/h3>\n<p>Bienvenue sur PraxisTrade.eu. Cette Politique de Confidentialit\u00e9 explique comment nous collectons, utilisons, divulguons et prot\u00e9geons vos informations lorsque vous visitez notre site web, <a href=\"http:\/\/www.praxistrade.eu\" target=\"_new\" rel=\"noopener\">www.praxistrade.eu<\/a>. Nous nous engageons \u00e0 prot\u00e9ger vos donn\u00e9es personnelles et \u00e0 respecter votre vie priv\u00e9e. Veuillez lire attentivement cette politique pour comprendre nos pratiques concernant vos informations personnelles.   <\/p>\n<h3>2. Informations que Nous Collectons<\/h3>\n<p>Nous pouvons collecter et traiter les donn\u00e9es suivantes vous concernant :<\/p>\n<h4>2.1 Donn\u00e9es Personnelles<\/h4>\n<ul>\n<li><strong>Informations de Contact<\/strong> : Lorsque vous utilisez notre page \u00ab Demander un devis \u00bb ou que vous vous inscrivez pour un compte, nous collectons votre nom, adresse e-mail, num\u00e9ro de t\u00e9l\u00e9phone et autres coordonn\u00e9es.<\/li>\n<li><strong>Donn\u00e9es de Communication<\/strong> : Informations fournies par correspondance, y compris par e-mail, chat et autres canaux de communication.<\/li>\n<\/ul>\n<h4>2.2 Donn\u00e9es Collect\u00e9es Automatiquement<\/h4>\n<ul>\n<li><strong>Donn\u00e9es d\u2019Utilisation<\/strong> : Nous collectons des donn\u00e9es sur la mani\u00e8re dont vous interagissez avec notre site, telles que l\u2019adresse IP, le type de navigateur, les pages visit\u00e9es, ainsi que la date et l\u2019heure de votre visite.<\/li>\n<li><strong>Cookies<\/strong> : Nous utilisons des cookies et des technologies de suivi similaires pour collecter des donn\u00e9es afin d&rsquo;am\u00e9liorer votre exp\u00e9rience sur notre site. Veuillez consulter notre <a href=\"https:\/\/praxistrade.eu\/fr\/politique-en-matiere-de-cookies-ue\/\">Politique de Cookies<\/a> pour plus d&rsquo;informations. <\/li>\n<\/ul>\n<h4>2.3 Donn\u00e9es Collect\u00e9es via HubSpot<\/h4>\n<h3>Cookies<\/h3>\n<p>Cookies d\u00e9finis dans le navigateur d\u2019un visiteur par HubSpot.<\/p>\n<p>Le code de suivi de HubSpot d\u00e9finit un certain nombre de cookies de suivi lorsqu\u2019un visiteur arrive sur votre site. Ces cookies se divisent en deux cat\u00e9gories g\u00e9n\u00e9rales : <\/p>\n<ul>\n<li><strong>Cookies essentiels\/n\u00e9cessaires<\/strong> : Cookies essentiels qui ne n\u00e9cessitent pas de consentement.<\/li>\n<li><strong>Cookies de la banni\u00e8re de consentement<\/strong> : Cookies inclus dans la banni\u00e8re de consentement en vertu du RGPD.<\/li>\n<\/ul>\n<p><strong>Cookies essentiels\/n\u00e9cessaires<\/strong><\/p>\n<p>__hs_opt_out<\/p>\n<p>Ce cookie est utilis\u00e9 par la politique de confidentialit\u00e9 pour se souvenir de ne plus demander au visiteur d\u2019accepter les cookies. Ce cookie est d\u00e9fini lorsque vous offrez aux visiteurs le choix de refuser les cookies. <br \/>(Expiration : 13 mois)<\/p>\n<p>__hs_do_not_track<\/p>\n<p>Ce cookie peut \u00eatre d\u00e9fini pour emp\u00eacher le code de suivi d\u2019envoyer des informations \u00e0 HubSpot. D\u00e9finir ce cookie est diff\u00e9rent du refus des cookies, car cela permet toujours l\u2019envoi d\u2019informations anonymis\u00e9es \u00e0 HubSpot. <br \/>(Expiration : 13 mois)<\/p>\n<p>hs_ab_test<\/p>\n<p>Ce cookie est utilis\u00e9 pour afficher de mani\u00e8re coh\u00e9rente aux visiteurs la m\u00eame version d&rsquo;une page test A\/B qu\u2019ils ont d\u00e9j\u00e0 vue.<br \/>(Expiration : fin de session)<\/p>\n<p>&lt;id&gt;_key<\/p>\n<p>Lorsqu\u2019un visiteur acc\u00e8de \u00e0 une page prot\u00e9g\u00e9e par mot de passe, ce cookie est d\u00e9fini pour que les visites futures de la page depuis le m\u00eame navigateur ne n\u00e9cessitent plus de connexion. Le nom du cookie est unique pour chaque page prot\u00e9g\u00e9e par mot de passe. <\/p>\n<p>hs-messages-is-open<\/p>\n<p>Ce cookie est utilis\u00e9 pour d\u00e9terminer et enregistrer si le widget de chat est ouvert pour les visites futures. Il se r\u00e9initialise pour fermer \u00e0 nouveau le widget apr\u00e8s 30 minutes d\u2019inactivit\u00e9. <br \/>(Expiration : 30 minutes)<\/p>\n<p>hs-messages-hide-welcome-message<\/p>\n<p>Ce cookie est utilis\u00e9 pour emp\u00eacher le message de bienvenue d\u2019appara\u00eetre \u00e0 nouveau pendant une journ\u00e9e apr\u00e8s qu&rsquo;il a \u00e9t\u00e9 rejet\u00e9.<br \/>(Expiration : 1 jour)<\/p>\n<p>__hsmem<\/p>\n<p>Ce cookie est d\u00e9fini lorsque les visiteurs se connectent \u00e0 un site h\u00e9berg\u00e9 par HubSpot.<br \/>(Expiration : 1 an)<\/p>\n<p><strong>Cookies de la banni\u00e8re de consentement<\/strong><\/p>\n<p>__hstc<\/p>\n<p>Le principal cookie de suivi des visiteurs. Il contient le domaine, l&rsquo;utk, l&rsquo;horodatage initial (premi\u00e8re visite), l&rsquo;horodatage de la derni\u00e8re visite, l&rsquo;horodatage actuel (cette visite) et le num\u00e9ro de session (incr\u00e9mente \u00e0 chaque session ult\u00e9rieure). <br \/>(Expiration : 13 mois)<\/p>\n<p>hubspotutk<\/p>\n<p>Ce cookie est utilis\u00e9 pour suivre l\u2019identit\u00e9 d\u2019un visiteur. Ce cookie est transmis \u00e0 HubSpot lors de la soumission d\u2019un formulaire et utilis\u00e9 lors de la d\u00e9duplication des contacts. <br \/>(Expiration : 13 mois)<\/p>\n<p>__hssc<\/p>\n<p>Ce cookie garde une trace des sessions. Il est utilis\u00e9 pour d\u00e9terminer si HubSpot doit incr\u00e9menter le num\u00e9ro de session et les horodatages dans le cookie __hstc. Il contient le domaine, le nombre de vues (incr\u00e9mente chaque page vue lors d&rsquo;une session) et l\u2019horodatage de d\u00e9but de session.  <br \/>(Expiration : 30 min)<\/p>\n<p>__hssrc<\/p>\n<p>Chaque fois que HubSpot modifie le cookie de session, ce cookie est \u00e9galement d\u00e9fini pour d\u00e9terminer si le visiteur a red\u00e9marr\u00e9 son navigateur. Si ce cookie n\u2019existe pas lorsque HubSpot g\u00e8re les cookies, il est consid\u00e9r\u00e9 comme une nouvelle session. <br \/>(Expiration : fin de session)<\/p>\n<p><strong>Suivi des publicit\u00e9s<\/strong><\/p>\n<p>Si vous utilisez l&rsquo;outil de publicit\u00e9 de HubSpot pour s\u00e9lectionner et installer votre pixel Facebook sur des pages avec le code de suivi HubSpot, HubSpot associera la pose de ce code pixel \u00e0 la banni\u00e8re de notification des cookies. Si vous exigez un consentement via cette banni\u00e8re, le pixel Facebook ne pourra pas d\u00e9finir de cookies sur un visiteur tant qu\u2019il n\u2019aura pas donn\u00e9 son consentement. <\/p>\n<p>Si vous avez plac\u00e9 manuellement le code pixel sur des pages (par exemple, en modifiant le HTML de l&rsquo;en-t\u00eate de votre site), HubSpot ne pourra pas contr\u00f4ler sur quels visiteurs Facebook peut placer des cookies.<\/p>\n<p>Pour plus d\u2019informations, consultez les conditions des outils commerciaux de Facebook et le guide de consentement aux cookies de Facebook.<\/p>\n<p><strong>Cookies des syst\u00e8mes tiers<\/strong><\/p>\n<p>HubSpot ne peut pas contr\u00f4ler les cookies plac\u00e9s par des scripts tiers sur votre site web. Lorsqu\u2019un visiteur accepte les cookies via la banni\u00e8re de consentement HubSpot, il consent uniquement aux cookies HubSpot. Cependant, vous pouvez mettre en place un code pour savoir si un utilisateur a accept\u00e9 ou refus\u00e9 le suivi des cookies HubSpot, puis envoyer cette information \u00e0 votre syst\u00e8me tiers. En savoir plus sur l\u2019utilisation de la banni\u00e8re de consentement HubSpot pour les scripts tiers.   <\/p>\n<p><strong>Autres informations<\/strong><\/p>\n<p>D\u00e9couvrez comment supprimer les cookies cr\u00e9\u00e9s par le code de suivi HubSpot qui sont inclus dans la banni\u00e8re de consentement sous le RGPD. Lorsque les cookies d&rsquo;un visiteur sont supprim\u00e9s, celui-ci sera consid\u00e9r\u00e9 comme \u00ab\u00a0nouveau\u00a0\u00bb et verra la banni\u00e8re de politique de cookies lors de sa prochaine visite sur votre site. <\/p>\n<p>Les visiteurs ayant visit\u00e9 votre site web avant la mise en place de la banni\u00e8re de politique de cookies auront d\u00e9j\u00e0 les cookies cr\u00e9\u00e9s par le code de suivi HubSpot dans leur navigateur. Ils ne verront donc pas la banni\u00e8re de politique de cookies tant que leurs cookies ne seront pas supprim\u00e9s. <\/p>\n<p><strong>Transferts internationaux au sein des entit\u00e9s HubSpot<\/strong><\/p>\n<p>Pour faciliter nos op\u00e9rations mondiales, nous transf\u00e9rons des informations vers l\u2019Irlande ou les \u00c9tats-Unis et permettons l\u2019acc\u00e8s \u00e0 ces informations depuis les pays dans lesquels les entit\u00e9s affili\u00e9es \u00e0 HubSpot sont implant\u00e9es, aux fins d\u00e9crites dans cette politique.<\/p>\n<p>Cette Politique de Confidentialit\u00e9 s\u2019appliquera m\u00eame si nous transf\u00e9rons des Informations Personnelles vers d\u2019autres pays. Nous avons pris des mesures de protection appropri\u00e9es pour exiger que vos Informations Personnelles restent prot\u00e9g\u00e9es. Lorsque nous partageons des informations vous concernant au sein et entre les entit\u00e9s affili\u00e9es \u00e0 HubSpot, nous utilisons des clauses contractuelles types de protection des donn\u00e9es, approuv\u00e9es par la Commission europ\u00e9enne, et nous nous appuyons sur le cadre du Privacy Shield UE-\u00c9tats-Unis et Suisse-\u00c9tats-Unis.  <\/p>\n<p><strong>Notification du Privacy Shield<\/strong><\/p>\n<p>HubSpot participe et a certifi\u00e9 sa conformit\u00e9 au cadre du Privacy Shield UE-\u00c9tats-Unis et au cadre du Privacy Shield Suisse-\u00c9tats-Unis. Les entit\u00e9s affili\u00e9es suivantes adh\u00e8rent aux principes du Privacy Shield : HubSpot Ireland Limited, HubSpot Germany GmbH, HubSpot France S.A.S, HubSpot Australia Pty Ltd, HubSpot Asia Pte. Ltd, HubSpot Latin America S.A.S et HubSpot Japan KK. HubSpot s\u2019engage \u00e0 soumettre toutes les donn\u00e9es personnelles re\u00e7ues des pays membres de l\u2019Union Europ\u00e9enne (UE) et de la Suisse, en reliance sur le cadre du Privacy Shield, aux principes applicables de ce cadre. Pour en savoir plus sur le cadre du Privacy Shield, consultez la liste Privacy Shield du minist\u00e8re du Commerce des \u00c9tats-Unis \u00e0 l\u2019adresse <a href=\"https:\/\/www.privacyshield.gov\/\" target=\"_blank\" rel=\"noopener\">https:\/\/www.privacyshield.gov<\/a>.    <\/p>\n<h3>3. Comment Nous Utilisons Vos Informations<\/h3>\n<p>Nous utilisons les informations que nous collectons \u00e0 diverses fins, notamment :<\/p>\n<ul>\n<li><strong>Pour Fournir des Services<\/strong> : Traiter vos demandes sur la page \u00ab Demander un devis \u00bb et r\u00e9pondre \u00e0 vos questions.<\/li>\n<li><strong>Pour Am\u00e9liorer Notre Site<\/strong> : Analyser les donn\u00e9es d\u2019utilisation pour am\u00e9liorer la conception, la fonctionnalit\u00e9 et le contenu de notre site.<\/li>\n<li><strong>Pour Communiquer avec Vous<\/strong> : Vous envoyer des mises \u00e0 jour importantes, des offres ou des newsletters, si vous avez choisi de recevoir ces communications.<\/li>\n<li><strong>Pour G\u00e9rer les Relations Client<\/strong> : Utiliser HubSpot pour suivre vos interactions et am\u00e9liorer nos services.<\/li>\n<\/ul>\n<h3>4. Comment Nous Partageons Vos Informations<\/h3>\n<p>Nous ne vendons ni n&rsquo;\u00e9changeons vos informations personnelles. Nous pouvons partager vos donn\u00e9es dans les situations suivantes :<\/p>\n<ul>\n<li><strong>Fournisseurs de Services<\/strong> : Nous pouvons partager vos informations avec des prestataires de services tiers qui effectuent des services en notre nom, tels que l&rsquo;h\u00e9bergement, l&rsquo;analyse de donn\u00e9es et le service client.<\/li>\n<li><strong>Obligations L\u00e9gales<\/strong> : Nous pouvons divulguer vos informations pour nous conformer aux obligations l\u00e9gales, telles que r\u00e9pondre \u00e0 des ordonnances judiciaires ou des demandes r\u00e9glementaires.<\/li>\n<\/ul>\n<h3>5. S\u00e9curit\u00e9 des Donn\u00e9es<\/h3>\n<p>Nous utilisons des mesures de s\u00e9curit\u00e9 administratives, techniques et physiques pour prot\u00e9ger vos informations personnelles. Bien que nous nous efforcions de prot\u00e9ger vos donn\u00e9es personnelles, aucune m\u00e9thode de transmission sur Internet ou de stockage \u00e9lectronique n&rsquo;est compl\u00e8tement s\u00fbre, nous ne pouvons donc pas garantir une s\u00e9curit\u00e9 absolue.<\/p>\n<h3>6. Vos Droits en Mati\u00e8re de Protection des Donn\u00e9es<\/h3>\n<p>En fonction de votre localisation, vous pouvez avoir les droits suivants concernant vos donn\u00e9es personnelles :<\/p>\n<ul>\n<li><strong>Acc\u00e8s<\/strong> : Vous avez le droit de demander des copies de vos donn\u00e9es personnelles.<\/li>\n<li><strong>Rectification<\/strong> : Vous avez le droit de demander que nous corrigions toute information que vous jugez inexacte.<\/li>\n<li><strong>Effacement <\/strong>: Vous avez le droit de demander que nous effacions vos donn\u00e9es personnelles, sous certaines conditions.<\/li>\n<li><strong>Restriction du Traitement <\/strong>: Vous avez le droit de demander que nous restreignions le traitement de vos donn\u00e9es personnelles, sous certaines conditions.<\/li>\n<li><strong>Opposition au Traitement<\/strong> : Vous avez le droit de vous opposer \u00e0 notre traitement de vos donn\u00e9es personnelles, sous certaines conditions.<\/li>\n<\/ul>\n<p>Pour exercer l&rsquo;un de ces droits, veuillez nous contacter \u00e0 l&rsquo;adresse suivante <a rel=\"noopener\">: info@praxistrade.eu.<\/a><\/p>\n<h3>7. Liens Tiers<\/h3>\n<p>Notre site web peut contenir des liens vers des sites web tiers. Nous ne sommes pas responsables des pratiques de confidentialit\u00e9 ou du contenu de ces sites. Veuillez consulter les politiques de confidentialit\u00e9 de tout site tiers que vous visitez.<\/p>\n<h3>8. Modifications de Cette Politique de Confidentialit\u00e9<\/h3>\n<p>Nous pouvons mettre \u00e0 jour cette Politique de Confidentialit\u00e9 de temps \u00e0 autre. Toute modification sera publi\u00e9e sur cette page avec une date d&rsquo;entr\u00e9e en vigueur mise \u00e0 jour. Nous vous encourageons \u00e0 consulter r\u00e9guli\u00e8rement cette politique pour rester inform\u00e9 de la mani\u00e8re dont nous prot\u00e9geons vos donn\u00e9es.<\/p>\n<h3>9. Nous Contacter<\/h3>\n<p>Si vous avez des questions concernant cette Politique de Confidentialit\u00e9 ou nos pratiques de traitement des donn\u00e9es, veuillez nous contacter \u00e0 l&rsquo;adresse suivante :<\/p>\n<p><strong>PraxisTrade.eu<\/strong><br \/>Email : <span style=\"font-weight: 400;\">info@praxisconsulta.com<\/span> <br \/>Site web : <a href=\"http:\/\/www.praxistrade.eu\" target=\"_new\" rel=\"noopener\">www.praxistrade.eu<\/a><\/p>\n\t\t\t\t\t\t\t\t<\/div>\n\t\t\t\t<\/div>\n\t\t\t\t\t<\/div>\n\t\t\t\t<\/div>\n\t\t\t\t<\/div>\n\t\t","protected":false},"excerpt":{"rendered":"<p>1. Introduction Bienvenue sur PraxisTrade.eu. Cette Politique de Confidentialit\u00e9 explique comment nous collectons, utilisons, divulguons et prot\u00e9geons vos informations lorsque vous visitez notre site web, www.praxistrade.eu. Nous nous engageons \u00e0 prot\u00e9ger vos donn\u00e9es personnelles et \u00e0 respecter votre vie priv\u00e9e. Veuillez lire attentivement cette politique pour comprendre nos pratiques concernant vos informations personnelles. 2. Informations [&hellip;]<\/p>\n","protected":false},"author":2,"featured_media":0,"parent":0,"menu_order":0,"comment_status":"closed","ping_status":"closed","template":"","meta":{"footnotes":""},"class_list":["post-24585","page","type-page","status-publish","hentry"],"_links":{"self":[{"href":"https:\/\/praxistrade.eu\/fr\/wp-json\/wp\/v2\/pages\/24585","targetHints":{"allow":["GET"]}}],"collection":[{"href":"https:\/\/praxistrade.eu\/fr\/wp-json\/wp\/v2\/pages"}],"about":[{"href":"https:\/\/praxistrade.eu\/fr\/wp-json\/wp\/v2\/types\/page"}],"author":[{"embeddable":true,"href":"https:\/\/praxistrade.eu\/fr\/wp-json\/wp\/v2\/users\/2"}],"replies":[{"embeddable":true,"href":"https:\/\/praxistrade.eu\/fr\/wp-json\/wp\/v2\/comments?post=24585"}],"version-history":[{"count":1,"href":"https:\/\/praxistrade.eu\/fr\/wp-json\/wp\/v2\/pages\/24585\/revisions"}],"predecessor-version":[{"id":24586,"href":"https:\/\/praxistrade.eu\/fr\/wp-json\/wp\/v2\/pages\/24585\/revisions\/24586"}],"wp:attachment":[{"href":"https:\/\/praxistrade.eu\/fr\/wp-json\/wp\/v2\/media?parent=24585"}],"curies":[{"name":"wp","href":"https:\/\/api.w.org\/{rel}","templated":true}]}}