{"id":23649,"date":"2024-07-11T17:08:36","date_gmt":"2024-07-11T16:08:36","guid":{"rendered":"https:\/\/praxistrade.eu\/product\/serviettes-en-lin-et-en-coton\/"},"modified":"2024-07-11T17:08:36","modified_gmt":"2024-07-11T16:08:36","slug":"serviettes-en-lin-et-en-coton","status":"publish","type":"product","link":"https:\/\/praxistrade.eu\/fr\/produit\/serviettes-en-lin-et-en-coton\/","title":{"rendered":"Serviettes en lin et en coton"},"content":{"rendered":"<ul class=\"a-unordered-list a-vertical a-spacing-mini\">\n<li class=\"a-spacing-mini\">Une qualit\u00e9 naturelle ultime pour votre peau &#8211; d\u00e9couvrez le luxe de nos serviettes LINAS, fabriqu\u00e9es de main de ma\u00eetre \u00e0 partir d&rsquo;un m\u00e9lange de lin et de coton de haute qualit\u00e9. Non seulement ces serviettes sont synonymes de confort et d&rsquo;absorption, mais elles absorbent \u00e9galement 20 % de leur poids en humidit\u00e9 sans se mouiller. Id\u00e9al pour tous ceux qui recherchent une serviette aussi fonctionnelle que chic. Parfaites pour les peaux sensibles car naturellement hypoallerg\u00e9niques et antiseptiques, elles garantissent une sensation de bien-\u00eatre in\u00e9gal\u00e9e apr\u00e8s chaque bain ou douche.<\/li>\n<li class=\"a-spacing-mini\">Respectueuses de la peau et des allergies &#8211; offrez-vous, ainsi qu&rsquo;\u00e0 votre peau, le confort qu&rsquo;elle m\u00e9rite avec nos serviettes LINAS hypoallerg\u00e9niques et antiseptiques. Con\u00e7u pour minimiser l&rsquo;accumulation de salet\u00e9 et garder votre peau prot\u00e9g\u00e9e et rafra\u00eechie Ces serviettes luxueuses sont indispensables \u00e0 tous ceux qui attachent de l&rsquo;importance \u00e0 la sant\u00e9 de la peau et \u00e0 une sensation de propret\u00e9 et de fra\u00eecheur. Sa mati\u00e8re douce et sa fonction protectrice naturelle en font le premier choix pour les peaux sensibles.<\/li>\n<li class=\"a-spacing-mini\">Une touche de luxe pour votre salle de bain &#8211; ajoutez une touche de luxe \u00e0 votre salle de bain avec nos \u00e9l\u00e9gantes serviettes LINAS en gris \u00e9l\u00e9gant. Le design gaufr\u00e9 unique et la boucle de suspension pratique allient esth\u00e9tique et fonctionnalit\u00e9. Ces serviettes n&rsquo;attirent pas seulement l&rsquo;attention, elles t\u00e9moignent aussi de votre excellent go\u00fbt. Id\u00e9al pour les invit\u00e9s ou comme luxe quotidien qui transforme toute routine en une exp\u00e9rience digne d&rsquo;un spa.<\/li>\n<li class=\"a-spacing-mini\">Polyvalentes et pratiques &#8211; avec une taille g\u00e9n\u00e9reuse de 100 x 150 cm, nos serviettes LINAS sont le compagnon id\u00e9al, que ce soit \u00e0 la plage, lors de s\u00e9ances de yoga, en voyage ou au sauna. Son mat\u00e9riau l\u00e9ger mais absorbant en fait l&rsquo;accessoire id\u00e9al pour toute activit\u00e9. Que vous souhaitiez prendre un bain de soleil ou vous blottir apr\u00e8s un bain rafra\u00eechissant, cette serviette est votre solution pour le confort et le style en d\u00e9placement.<\/li>\n<li class=\"a-spacing-mini\">Certifi\u00e9 Oeko-Tex pour votre bien-\u00eatre &#8211; nous prenons votre sant\u00e9 et votre s\u00e9curit\u00e9 au s\u00e9rieux. Nos serviettes LINAS sont certifi\u00e9es Oeko-Tex Standard 100, ce qui signifie qu&rsquo;elles sont exemptes de substances nocives et qu&rsquo;elles sont fabriqu\u00e9es de mani\u00e8re responsable. Investissez dans un produit respectueux de l&rsquo;environnement et sans danger pour toute la famille. Parfait pour ceux qui sont soucieux de l&rsquo;environnement et qui ne veulent pas faire de compromis sur la qualit\u00e9 et le style.<\/li>\n<li class=\"a-spacing-mini\">Le cadeau id\u00e9al &#8211; vous cherchez un cadeau pratique et attentionn\u00e9 ? Nos serviettes LINAS sont pr\u00e9sent\u00e9es dans une bo\u00eete attrayante, pr\u00eate \u00e0 faire des heureux. Que ce soit pour une pendaison de cr\u00e9maill\u00e8re, un mariage ou un anniversaire, ils constituent un choix \u00e9l\u00e9gant qui promet style, confort et durabilit\u00e9. Un cadeau qui sera certainement appr\u00e9ci\u00e9 et utilis\u00e9, signe de votre attention et de votre bon go\u00fbt.<\/li>\n<li class=\"a-spacing-mini\">Style intemporel et fonctionnalit\u00e9 &#8211; nos serviettes en bleu\/gris attrayant sont non seulement un must fonctionnel pour chaque maison, mais aussi une d\u00e9claration en termes de style. Ils s&rsquo;int\u00e8grent parfaitement dans le d\u00e9cor de la salle de bains et sont id\u00e9aux pour tous ceux qui appr\u00e9cient l&rsquo;\u00e9l\u00e9gance et la praticit\u00e9. Ces serviettes sont l&rsquo;accessoire ultime qui apporte \u00e0 la fois beaut\u00e9 et fonctionnalit\u00e9 \u00e0 votre salle de bains.<\/li>\n<li class=\"a-spacing-mini\">Pr\u00eates pour toutes les occasions &#8211; que ce soit \u00e0 la plage, au cours de yoga, en voyage ou simplement \u00e0 la maison, nos serviettes LINAS sont de v\u00e9ritables multitalents. Sa polyvalence et sa qualit\u00e9 de fabrication en font le compagnon id\u00e9al dans toutes les situations. Profitez du confort luxueux et de la capacit\u00e9 d&rsquo;absorption pratique o\u00f9 que vous soyez, pour faire de chaque instant une exp\u00e9rience de puret\u00e9 et de relaxation.<\/li>\n<li class=\"a-spacing-mini\">Qualit\u00e9 durable &#8211; investissez dans des serviettes qui s&rsquo;am\u00e9liorent avec le temps. Nos essuie-mains LINAS, fabriqu\u00e9s \u00e0 partir d&rsquo;un m\u00e9lange durable de lin et de coton, sont r\u00e9put\u00e9s pour leur durabilit\u00e9. Ils restent doux et absorbants m\u00eame apr\u00e8s plusieurs lavages. Un achat durable qui vous offre joie et confort \u00e0 long terme, un compagnon fid\u00e8le pour de nombreuses ann\u00e9es.<\/li>\n<li class=\"a-spacing-mini\">La durabilit\u00e9 rencontre le luxe &#8211; avec chaque utilisation de nos serviettes LINAS, vous posez un geste respectueux de l&rsquo;environnement. Ces serviettes certifi\u00e9es Oeko-Tex Standard 100 sont un gage de durabilit\u00e9 sans sacrifier le luxe. Id\u00e9al pour ceux qui m\u00e8nent un style de vie responsable sans renoncer \u00e0 l&rsquo;\u00e9l\u00e9gance et au confort<\/li>\n<\/ul>\n","protected":false},"excerpt":{"rendered":"<p>Serviettes d&rsquo;invit\u00e9 Premium 100&#215;150 cm, serviette de bain certifi\u00e9e Oeko-Tex, id\u00e9ale pour la plage, le yoga, les voyages, le bain, serviette de hammam, serviette de sauna, grande serviette de bain, serviette de douche<\/p>\n","protected":false},"featured_media":21601,"comment_status":"open","ping_status":"closed","template":"","meta":[],"product_brand":[],"product_cat":[1078],"product_tag":[],"class_list":{"0":"post-23649","1":"product","2":"type-product","3":"status-publish","4":"has-post-thumbnail","6":"product_cat-maison-et-voiture","8":"first","9":"instock","10":"shipping-taxable","11":"purchasable","12":"product-type-variable"},"_links":{"self":[{"href":"https:\/\/praxistrade.eu\/fr\/wp-json\/wp\/v2\/product\/23649","targetHints":{"allow":["GET"]}}],"collection":[{"href":"https:\/\/praxistrade.eu\/fr\/wp-json\/wp\/v2\/product"}],"about":[{"href":"https:\/\/praxistrade.eu\/fr\/wp-json\/wp\/v2\/types\/product"}],"replies":[{"embeddable":true,"href":"https:\/\/praxistrade.eu\/fr\/wp-json\/wp\/v2\/comments?post=23649"}],"wp:featuredmedia":[{"embeddable":true,"href":"https:\/\/praxistrade.eu\/fr\/wp-json\/wp\/v2\/media\/21601"}],"wp:attachment":[{"href":"https:\/\/praxistrade.eu\/fr\/wp-json\/wp\/v2\/media?parent=23649"}],"wp:term":[{"taxonomy":"product_brand","embeddable":true,"href":"https:\/\/praxistrade.eu\/fr\/wp-json\/wp\/v2\/product_brand?post=23649"},{"taxonomy":"product_cat","embeddable":true,"href":"https:\/\/praxistrade.eu\/fr\/wp-json\/wp\/v2\/product_cat?post=23649"},{"taxonomy":"product_tag","embeddable":true,"href":"https:\/\/praxistrade.eu\/fr\/wp-json\/wp\/v2\/product_tag?post=23649"}],"curies":[{"name":"wp","href":"https:\/\/api.w.org\/{rel}","templated":true}]}}