{"id":23665,"date":"2024-07-11T17:36:29","date_gmt":"2024-07-11T16:36:29","guid":{"rendered":"https:\/\/praxistrade.eu\/product\/couvre-lit-en-lin-137-x-180-cm\/"},"modified":"2024-07-11T17:36:29","modified_gmt":"2024-07-11T16:36:29","slug":"couvre-lit-en-lin-137-x-180-cm","status":"publish","type":"product","link":"https:\/\/praxistrade.eu\/fr\/produit\/couvre-lit-en-lin-137-x-180-cm\/","title":{"rendered":"Couvre-lit en lin 137 x 180 cm"},"content":{"rendered":"<ul>\n<li>Une touche de luxe : ajoutez une touche d&rsquo;\u00e9l\u00e9gance et de confort \u00e0 votre int\u00e9rieur avec notre couvre-lit 100 % lin. Ce jet\u00e9 de lit haut de gamme en rose tendre et avec de charmantes franges met des accents \u00e9l\u00e9gants dans n&rsquo;importe quelle pi\u00e8ce. Profitez chaque jour d&rsquo;une sensation de luxe et de confort.<\/li>\n<li>\u00c9cologique et respectueux de la peau : fabriqu\u00e9 \u00e0 partir de lin lav\u00e9 de haute qualit\u00e9, notre couvre-lit est non seulement respirant, mais aussi particuli\u00e8rement respectueux de la peau. Certifi\u00e9 Oeko-Tex Standard 100, il promet un environnement de sommeil naturel et sain, exempt de substances nocives.<\/li>\n<li>DESIGN BOHO-CHIC : Transformez votre chambre ou votre salon en une oasis de paix et de beaut\u00e9 avec ce jet\u00e9 de lit de style boho. La frange ludique et le rose tendre s&rsquo;accordent aussi bien avec les int\u00e9rieurs pastel que neutres, ajoutant une ambiance chaleureuse et accueillante \u00e0 n&rsquo;importe quelle pi\u00e8ce.<\/li>\n<li>Polyvalent : qu&rsquo;il s&rsquo;agisse d&rsquo;une couverture douillette sur le canap\u00e9, d&rsquo;un jet\u00e9 \u00e9l\u00e9gant sur le lit ou d&rsquo;une d\u00e9coration \u00e9l\u00e9gante, ce couvre-lit est un v\u00e9ritable multitalent. Son design scandinave en fait le compagnon id\u00e9al de tout style d&rsquo;int\u00e9rieur.<\/li>\n<li>CADEAU IDEAL : Vous cherchez un cadeau sp\u00e9cial ? Notre couvre-lit en lin est livr\u00e9 dans une bo\u00eete confortable et constitue le cadeau id\u00e9al pour les mariages, les anniversaires ou en guise de remerciement. Faites plaisir \u00e0 votre proche en lui offrant ce cadeau \u00e9l\u00e9gant et pratique.<\/li>\n<li>Couleur et taille : dans un rose d\u00e9licat et mesurant 137 x 180 cm, ce couvre-lit offre une couverture g\u00e9n\u00e9reuse pour les lits et les canap\u00e9s. Il s&rsquo;int\u00e8gre parfaitement dans diff\u00e9rents concepts de pi\u00e8ces et met des accents de couleurs douces.<\/li>\n<li>Facile d&rsquo;entretien et durable : le lin est connu pour sa durabilit\u00e9 et sa facilit\u00e9 d&rsquo;entretien. Cette couverture conserve sa beaut\u00e9 et son toucher m\u00eame apr\u00e8s de nombreux lavages, ce qui en fait un compagnon durable dans votre maison.<\/li>\n<li>RESPIRANTE ET UTILISABLE TOUTE L&rsquo;ANN\u00c9E : Les propri\u00e9t\u00e9s naturelles du lin assurent une excellente circulation de l&rsquo;air, ce qui rend cette couverture id\u00e9ale pour toutes les saisons. Profitez de la fra\u00eecheur naturelle en \u00e9t\u00e9 et du confort chaleureux en hiver.<\/li>\n<li>D\u00e9coration \u00e9l\u00e9gante : utilisez ce couvre-lit pour donner un nouveau look \u00e0 votre int\u00e9rieur. Parfait comme jet\u00e9 sur un canap\u00e9 ou un lit, il ajoute une couche suppl\u00e9mentaire de style et de confort \u00e0 n&rsquo;importe quelle pi\u00e8ce.<\/li>\n<li>DURABLE &amp; RESPECTUEUX DE L&rsquo;ENVIRONNEMENT : Fabriqu\u00e9 \u00e0 partir de lin 100% naturel, ce couvre-lit contribue \u00e0 un mode de vie durable. Offrez \u00e0 votre famille et \u00e0 vous-m\u00eame le meilleur de la nature avec un produit qui allie beaut\u00e9 et durabilit\u00e9.<\/li>\n<\/ul>\n","protected":false},"excerpt":{"rendered":"<p>Couette de qualit\u00e9 sup\u00e9rieure avec franges, plaid de lit Boho, plaid de canap\u00e9 au design scandinave, plaid de canap\u00e9 pour le canap\u00e9 et le lit, d\u00e9coration de couverture respirante et c\u00e2line<\/p>\n","protected":false},"featured_media":21850,"comment_status":"open","ping_status":"closed","template":"","meta":[],"product_brand":[],"product_cat":[1078],"product_tag":[],"class_list":{"0":"post-23665","1":"product","2":"type-product","3":"status-publish","4":"has-post-thumbnail","6":"product_cat-maison-et-voiture","8":"first","9":"instock","10":"shipping-taxable","11":"purchasable","12":"product-type-variable"},"_links":{"self":[{"href":"https:\/\/praxistrade.eu\/fr\/wp-json\/wp\/v2\/product\/23665","targetHints":{"allow":["GET"]}}],"collection":[{"href":"https:\/\/praxistrade.eu\/fr\/wp-json\/wp\/v2\/product"}],"about":[{"href":"https:\/\/praxistrade.eu\/fr\/wp-json\/wp\/v2\/types\/product"}],"replies":[{"embeddable":true,"href":"https:\/\/praxistrade.eu\/fr\/wp-json\/wp\/v2\/comments?post=23665"}],"wp:featuredmedia":[{"embeddable":true,"href":"https:\/\/praxistrade.eu\/fr\/wp-json\/wp\/v2\/media\/21850"}],"wp:attachment":[{"href":"https:\/\/praxistrade.eu\/fr\/wp-json\/wp\/v2\/media?parent=23665"}],"wp:term":[{"taxonomy":"product_brand","embeddable":true,"href":"https:\/\/praxistrade.eu\/fr\/wp-json\/wp\/v2\/product_brand?post=23665"},{"taxonomy":"product_cat","embeddable":true,"href":"https:\/\/praxistrade.eu\/fr\/wp-json\/wp\/v2\/product_cat?post=23665"},{"taxonomy":"product_tag","embeddable":true,"href":"https:\/\/praxistrade.eu\/fr\/wp-json\/wp\/v2\/product_tag?post=23665"}],"curies":[{"name":"wp","href":"https:\/\/api.w.org\/{rel}","templated":true}]}}