{"id":23688,"date":"2024-07-11T17:12:41","date_gmt":"2024-07-11T16:12:41","guid":{"rendered":"https:\/\/praxistrade.eu\/product\/tablier-de-cuisine-en-lin\/"},"modified":"2024-07-11T17:12:41","modified_gmt":"2024-07-11T16:12:41","slug":"tablier-de-cuisine-en-lin","status":"publish","type":"product","link":"https:\/\/praxistrade.eu\/fr\/produit\/tablier-de-cuisine-en-lin\/","title":{"rendered":"Tablier de cuisine en lin"},"content":{"rendered":"<ul>\n<li>Magie du s\u00e9chage instantan\u00e9 et contr\u00f4le extraordinaire de l&rsquo;humidit\u00e9 &#8211; laissez-vous s\u00e9duire par la magie de notre tablier, qui non seulement s\u00e8che en un instant, mais absorbe \u00e9galement l&rsquo;humidit\u00e9 comme un professionnel. Id\u00e9al pour les chefs passionn\u00e9s qui ne veulent pas se pr\u00e9occuper des petits incidents<\/li>\n<li>Ce tablier vous permettra, ainsi qu&rsquo;\u00e0 vos v\u00eatements, de rester secs et propres en toutes circonstances.<\/li>\n<li>L&rsquo;\u00e9l\u00e9gance rencontre la simplicit\u00e9 pratique &#8211; notre tablier de cuisine impressionne par son design minimaliste qui apporte de l&rsquo;\u00e9l\u00e9gance \u00e0 toute cuisine. Le gris sophistiqu\u00e9 souligne votre souci du d\u00e9tail et ajoute une touche de classe \u00e0 toute tenue de cuisine. Un v\u00e9ritable bijou qui allie harmonieusement la fonction et la mode.<\/li>\n<li>Embrassez le lin &#8211; sentez comment notre tablier vous enveloppe d\u00e9licatement \u00e0 chacun de vos mouvements. Le tissu en lin de haute qualit\u00e9 offre un confort in\u00e9gal\u00e9 et vous fait oublier que vous portez un tablier. Id\u00e9al pour les longues heures pass\u00e9es dans la cuisine, o\u00f9 la commodit\u00e9 passe avant tout.<\/li>\n<li>Habillage ludique avec le dos crois\u00e9 &#8211; d\u00e9couvrez la joie d&rsquo;enfiler et d&rsquo;enlever facilement notre tablier gr\u00e2ce au design cr\u00e9atif du dos crois\u00e9. Ce tablier s&rsquo;adapte \u00e0 votre corps sans glisser ni pincer, faisant de la pr\u00e9paration un plaisir et non une corv\u00e9e.<\/li>\n<li>Une tenue universelle pour les h\u00e9ros de la cuisine &#8211; Notre tablier accueille \u00e0 bras ouverts tous ceux qui entrent dans la cuisine. Leur taille g\u00e9n\u00e9reuse permet \u00e0 chacun, quelle que soit sa stature, de se sentir prot\u00e9g\u00e9 et \u00e9l\u00e9gant. Un v\u00e9ritable symbole d&rsquo;inclusion et de communaut\u00e9 dans le monde de la cuisine<\/li>\n<li>Feu vert pour le d\u00e9veloppement durable &#8211; nous prenons au s\u00e9rieux notre responsabilit\u00e9 \u00e0 l&rsquo;\u00e9gard de la plan\u00e8te. Gr\u00e2ce au certificat Oeko-Tex Standard 100, nous vous assurons que notre tablier est exempt de substances nocives. Un petit pas pour vous, un grand pas pour notre plan\u00e8te.<\/li>\n<\/ul>\n","protected":false},"excerpt":{"rendered":"<p>LINAS Tablier de cuisine 100% lin pour hommes et femmes, tablier de cuisine de qualit\u00e9 sup\u00e9rieure avec poches, tablier crois\u00e9 certifi\u00e9 Oeko Tex\u00ae, tablier de cuisine doux et lavable pour la cuisine ou la p\u00e2tisserie, style japonais, Boho<\/p>\n","protected":false},"featured_media":21644,"comment_status":"open","ping_status":"closed","template":"","meta":[],"product_brand":[],"product_cat":[1078],"product_tag":[],"class_list":{"0":"post-23688","1":"product","2":"type-product","3":"status-publish","4":"has-post-thumbnail","6":"product_cat-maison-et-voiture","8":"first","9":"instock","10":"shipping-taxable","11":"purchasable","12":"product-type-variable"},"_links":{"self":[{"href":"https:\/\/praxistrade.eu\/fr\/wp-json\/wp\/v2\/product\/23688","targetHints":{"allow":["GET"]}}],"collection":[{"href":"https:\/\/praxistrade.eu\/fr\/wp-json\/wp\/v2\/product"}],"about":[{"href":"https:\/\/praxistrade.eu\/fr\/wp-json\/wp\/v2\/types\/product"}],"replies":[{"embeddable":true,"href":"https:\/\/praxistrade.eu\/fr\/wp-json\/wp\/v2\/comments?post=23688"}],"wp:featuredmedia":[{"embeddable":true,"href":"https:\/\/praxistrade.eu\/fr\/wp-json\/wp\/v2\/media\/21644"}],"wp:attachment":[{"href":"https:\/\/praxistrade.eu\/fr\/wp-json\/wp\/v2\/media?parent=23688"}],"wp:term":[{"taxonomy":"product_brand","embeddable":true,"href":"https:\/\/praxistrade.eu\/fr\/wp-json\/wp\/v2\/product_brand?post=23688"},{"taxonomy":"product_cat","embeddable":true,"href":"https:\/\/praxistrade.eu\/fr\/wp-json\/wp\/v2\/product_cat?post=23688"},{"taxonomy":"product_tag","embeddable":true,"href":"https:\/\/praxistrade.eu\/fr\/wp-json\/wp\/v2\/product_tag?post=23688"}],"curies":[{"name":"wp","href":"https:\/\/api.w.org\/{rel}","templated":true}]}}