{"id":23700,"date":"2024-07-11T17:20:00","date_gmt":"2024-07-11T16:20:00","guid":{"rendered":"https:\/\/praxistrade.eu\/product\/housse-de-coussin-en-lin-44-x-44-cm\/"},"modified":"2024-07-11T17:20:00","modified_gmt":"2024-07-11T16:20:00","slug":"housse-de-coussin-en-lin-44-x-44-cm","status":"publish","type":"product","link":"https:\/\/praxistrade.eu\/fr\/produit\/housse-de-coussin-en-lin-44-x-44-cm\/","title":{"rendered":"Housse de coussin en lin 44 x 44 cm"},"content":{"rendered":"<ul>\n<li>UNE TOUCHE DE LUXE : Transformez votre maison en une oasis de d\u00e9tente avec notre housse de coussin LINAS. Le design \u00e9l\u00e9gant et la couleur bleue apaisante cr\u00e9ent une atmosph\u00e8re de calme et d&rsquo;\u00e9l\u00e9gance, parfaite pour un canap\u00e9 ou une chambre \u00e0 coucher.<\/li>\n<li>QUALIT\u00c9 IN\u00c9GALE : Fabriqu\u00e9e en lin lav\u00e9 de haute qualit\u00e9, cette taie d&rsquo;oreiller procure non seulement une sensation exceptionnelle de confort et de luxe, mais garantit \u00e9galement sa durabilit\u00e9 et sa r\u00e9sistance \u00e0 l&rsquo;usage quotidien<\/li>\n<li>PARFAITE POUR TOUTES LES PI\u00c8CES : Avec son design intemporel, notre housse de coussin s&rsquo;int\u00e8gre parfaitement \u00e0 tout d\u00e9cor, qu&rsquo;il soit moderne, classique ou rustique Un v\u00e9ritable cam\u00e9l\u00e9on qui embellira votre espace et le rendra plus accueillant.<br \/>\nTaille optimale pour le confort : nos housses de coussin de 44 x 44 cm sont le choix id\u00e9al pour vos coussins d\u00e9coratifs afin de maximiser le confort et le style. Ils offrent l&rsquo;\u00e9quilibre id\u00e9al entre le soutien et le moelleux.<br \/>\nFacilit\u00e9 d&rsquo;entretien : la facilit\u00e9 d&rsquo;entretien de notre housse de coussin vous permet d&rsquo;\u00e9conomiser du temps et des efforts. Gr\u00e2ce \u00e0 un mat\u00e9riau facile \u00e0 nettoyer, votre maison restera toujours fra\u00eeche et accueillante, sans compromis sur le style ou le confort.<\/li>\n<li>ACCENT COLOR\u00c9 : Ajoutez une touche de couleur \u00e0 n&rsquo;importe quelle pi\u00e8ce avec notre bleu vibrant. Il apporte fra\u00eecheur et vitalit\u00e9 \u00e0 votre int\u00e9rieur et cr\u00e9e une atmosph\u00e8re propice \u00e0 la d\u00e9tente et \u00e0 la relaxation.<br \/>\nLe cadeau id\u00e9al : Emball\u00e9e dans une jolie bo\u00eete, notre housse de coussin est le cadeau id\u00e9al pour vos amis et votre famille Qu&rsquo;il s&rsquo;agisse d&rsquo;une pendaison de cr\u00e9maill\u00e8re ou d&rsquo;un petit cadeau, il ne manquera pas de faire sourire son destinataire.<br \/>\nLa durabilit\u00e9 rencontre le style : dot\u00e9e du certificat Oeko-Tex Standard 100, notre housse de coussin n&rsquo;est pas seulement synonyme de design \u00e9l\u00e9gant, mais aussi de production durable et respectueuse de l&rsquo;environnement.<\/li>\n<li>LA SOUPLESSE \u00c0 VOTRE MAIN : livr\u00e9e sans rembourrage, notre housse de coussin vous donne la libert\u00e9 de choisir le rembourrage que vous pr\u00e9f\u00e9rez, obtenant ainsi le degr\u00e9 de douceur parfait pour vos besoins.<\/li>\n<li>El\u00e9gance intemporelle : cette housse de coussin est une d\u00e9claration de beaut\u00e9 et d&rsquo;\u00e9l\u00e9gance intemporelle. Un must-have qui ajoutera une touche de classe \u00e0 n&rsquo;importe quelle pi\u00e8ce et qui ne se d\u00e9modera jamais.<\/li>\n<\/ul>\n","protected":false},"excerpt":{"rendered":"<p>Housse de coussin en lin 44 x 44 cm &#8211; Oeko-Tex \u00ae Housses de coussin d\u00e9coratives pour le canap\u00e9 et la chambre \u00e0 coucher Housse de coussin d\u00e9corative lavable Housses de coussin modernes Housse de coussin pour le canap\u00e9 Housse de coussin d\u00e9corative<\/p>\n","protected":false},"featured_media":21722,"comment_status":"open","ping_status":"closed","template":"","meta":[],"product_brand":[],"product_cat":[1078],"product_tag":[],"class_list":{"0":"post-23700","1":"product","2":"type-product","3":"status-publish","4":"has-post-thumbnail","6":"product_cat-maison-et-voiture","8":"first","9":"instock","10":"shipping-taxable","11":"purchasable","12":"product-type-variable"},"_links":{"self":[{"href":"https:\/\/praxistrade.eu\/fr\/wp-json\/wp\/v2\/product\/23700","targetHints":{"allow":["GET"]}}],"collection":[{"href":"https:\/\/praxistrade.eu\/fr\/wp-json\/wp\/v2\/product"}],"about":[{"href":"https:\/\/praxistrade.eu\/fr\/wp-json\/wp\/v2\/types\/product"}],"replies":[{"embeddable":true,"href":"https:\/\/praxistrade.eu\/fr\/wp-json\/wp\/v2\/comments?post=23700"}],"wp:featuredmedia":[{"embeddable":true,"href":"https:\/\/praxistrade.eu\/fr\/wp-json\/wp\/v2\/media\/21722"}],"wp:attachment":[{"href":"https:\/\/praxistrade.eu\/fr\/wp-json\/wp\/v2\/media?parent=23700"}],"wp:term":[{"taxonomy":"product_brand","embeddable":true,"href":"https:\/\/praxistrade.eu\/fr\/wp-json\/wp\/v2\/product_brand?post=23700"},{"taxonomy":"product_cat","embeddable":true,"href":"https:\/\/praxistrade.eu\/fr\/wp-json\/wp\/v2\/product_cat?post=23700"},{"taxonomy":"product_tag","embeddable":true,"href":"https:\/\/praxistrade.eu\/fr\/wp-json\/wp\/v2\/product_tag?post=23700"}],"curies":[{"name":"wp","href":"https:\/\/api.w.org\/{rel}","templated":true}]}}