{"id":23720,"date":"2024-07-11T17:46:42","date_gmt":"2024-07-11T16:46:42","guid":{"rendered":"https:\/\/praxistrade.eu\/product\/pack-dessuie-tout-en-lin\/"},"modified":"2024-07-11T17:46:42","modified_gmt":"2024-07-11T16:46:42","slug":"pack-dessuie-tout-en-lin","status":"publish","type":"product","link":"https:\/\/praxistrade.eu\/fr\/produit\/pack-dessuie-tout-en-lin\/","title":{"rendered":"Pack d&rsquo;essuie-tout en lin"},"content":{"rendered":"<ul>\n<li><strong>Couleur<\/strong> : Vert Ginko<\/li>\n<li><strong>Mati\u00e8re<\/strong> : Lin<\/li>\n<li><strong>Dimensions du produit <\/strong> : 70L x 45W centim\u00e8tres<\/li>\n<li><strong>Nombre d&rsquo;articles<\/strong> : 2<\/li>\n<\/ul>\n","protected":false},"excerpt":{"rendered":"<p>45 x 70 cm Torchons de qualit\u00e9 sup\u00e9rieure, torchons certifi\u00e9s Oeko-Tex, torchons de cuisine pour la maison et la restauration, serviettes s\u00e8ches absorbantes et robustes<\/p>\n","protected":false},"featured_media":21942,"comment_status":"open","ping_status":"closed","template":"","meta":[],"product_brand":[],"product_cat":[1078],"product_tag":[],"class_list":{"0":"post-23720","1":"product","2":"type-product","3":"status-publish","4":"has-post-thumbnail","6":"product_cat-maison-et-voiture","8":"first","9":"instock","10":"shipping-taxable","11":"purchasable","12":"product-type-variable"},"_links":{"self":[{"href":"https:\/\/praxistrade.eu\/fr\/wp-json\/wp\/v2\/product\/23720","targetHints":{"allow":["GET"]}}],"collection":[{"href":"https:\/\/praxistrade.eu\/fr\/wp-json\/wp\/v2\/product"}],"about":[{"href":"https:\/\/praxistrade.eu\/fr\/wp-json\/wp\/v2\/types\/product"}],"replies":[{"embeddable":true,"href":"https:\/\/praxistrade.eu\/fr\/wp-json\/wp\/v2\/comments?post=23720"}],"wp:featuredmedia":[{"embeddable":true,"href":"https:\/\/praxistrade.eu\/fr\/wp-json\/wp\/v2\/media\/21942"}],"wp:attachment":[{"href":"https:\/\/praxistrade.eu\/fr\/wp-json\/wp\/v2\/media?parent=23720"}],"wp:term":[{"taxonomy":"product_brand","embeddable":true,"href":"https:\/\/praxistrade.eu\/fr\/wp-json\/wp\/v2\/product_brand?post=23720"},{"taxonomy":"product_cat","embeddable":true,"href":"https:\/\/praxistrade.eu\/fr\/wp-json\/wp\/v2\/product_cat?post=23720"},{"taxonomy":"product_tag","embeddable":true,"href":"https:\/\/praxistrade.eu\/fr\/wp-json\/wp\/v2\/product_tag?post=23720"}],"curies":[{"name":"wp","href":"https:\/\/api.w.org\/{rel}","templated":true}]}}