{"id":23734,"date":"2024-07-11T17:28:27","date_gmt":"2024-07-11T16:28:27","guid":{"rendered":"https:\/\/praxistrade.eu\/product\/housse-de-coussin-en-lin-de-qualite-superieure-44-x-44-cm\/"},"modified":"2024-07-11T17:28:27","modified_gmt":"2024-07-11T16:28:27","slug":"housse-de-coussin-en-lin-de-qualite-superieure-44-x-44-cm","status":"publish","type":"product","link":"https:\/\/praxistrade.eu\/fr\/produit\/housse-de-coussin-en-lin-de-qualite-superieure-44-x-44-cm\/","title":{"rendered":"Housse de coussin en lin de qualit\u00e9 sup\u00e9rieure 44 x 44 cm"},"content":{"rendered":"<ul class=\"a-unordered-list a-vertical a-spacing-mini\">\n<li class=\"a-spacing-mini\">\u00c9COLOGIQUE ET \u00c9L\u00c9GANT : plongez-vous dans le luxe de cette taie d&rsquo;oreiller en lin vert de qualit\u00e9 sup\u00e9rieure, fabriqu\u00e9e \u00e0 partir d&rsquo;une combinaison unique de lin lav\u00e9 et de fils recycl\u00e9s. Ce produit certifi\u00e9 Oeko-Tex Standard 100 et GRS allie durabilit\u00e9 et design moderne pour votre maison.<\/li>\n<li class=\"a-spacing-mini\">UN DESIGN FRAIS POUR N&rsquo;IMPORTE QUELLE PI\u00c8CE : Avec ses franges ludiques de 2 cm dans la m\u00eame couleur verte fra\u00eeche, cette housse de coussin ajoute une touche vivante et \u00e9l\u00e9gante \u00e0 votre salon ou \u00e0 votre chambre \u00e0 coucher. Parfaitement adapt\u00e9 aux int\u00e9rieurs de couleur similaire, pastel ou neutre, il met habilement les accents.<\/li>\n<li class=\"a-spacing-mini\">UNE DOUCEUR QUI INSPIRE : D\u00e9couvrez le confort et la douceur in\u00e9gal\u00e9s du lin lav\u00e9 Cette housse de coussin vous invite \u00e0 la d\u00e9tente et \u00e0 la r\u00eaverie. Elle est id\u00e9ale pour passer des heures douillettes sur le canap\u00e9 ou pour d\u00e9corer \u00e9l\u00e9gamment une chambre \u00e0 coucher.<\/li>\n<li class=\"a-spacing-mini\">DURABILIT\u00c9 ET FACILIT\u00c9 D&rsquo;ENTRETIEN : Cette housse de coussin robuste prouve que le style et la durabilit\u00e9 vont de pair. Facilement lavable, il conserve sa beaut\u00e9 et sa couleur m\u00eame apr\u00e8s un usage fr\u00e9quent, sans sacrifier le confort.<\/li>\n<li class=\"a-spacing-mini\">FERMETURE \u00c0 GLISSE CACH\u00c9E : La fermeture \u00e0 glissi\u00e8re cach\u00e9e garantit non seulement un aspect \u00e9l\u00e9gant, mais facilite \u00e9galement le remplacement du rembourrage du coussin. Une solution pratique et \u00e9l\u00e9gante pour votre maison.<br \/>\nPolyvalente : que ce soit comme coussin d\u00e9coratif sur votre canap\u00e9, comme accent color\u00e9 sur le lit ou comme oreiller confortable, cette housse de coussin est vraiment polyvalente et donne une touche personnelle \u00e0 n&rsquo;importe quelle pi\u00e8ce.<\/li>\n<li class=\"a-spacing-mini\">CADEAU PARFAIT : emball\u00e9e dans une bo\u00eete confortable, cette housse d&rsquo;oreiller est le cadeau id\u00e9al pour vos amis, votre famille ou pour vous faire plaisir. Surprenez votre bien-aim\u00e9(e) en lui offrant une touche de luxe et de confort.<br \/>\nAccessoire de maison moderne : cr\u00e9ez de nouvelles tendances dans votre int\u00e9rieur avec cette housse de coussin \u00e0 la fois moderne et confortable. Il s&rsquo;int\u00e8gre parfaitement \u00e0 toute d\u00e9coration moderne ou classique et donne une nouvelle impression d&rsquo;espace.<\/li>\n<li class=\"a-spacing-mini\">DURABLE ET RESPONSABLE : En achetant cette housse de coussin, vous soutenez non seulement l&rsquo;environnement en utilisant des mat\u00e9riaux recycl\u00e9s, mais vous faites \u00e9galement une d\u00e9claration en faveur d&rsquo;une consommation responsable.<\/li>\n<li class=\"a-spacing-mini\">Une oasis de paix : laissez cette housse de coussin en lin vert devenir votre oasis de paix personnelle. Son vert apaisant et la texture douce du lin cr\u00e9ent une atmosph\u00e8re de d\u00e9tente et de bien-\u00eatre.<\/li>\n<\/ul>\n","protected":false},"excerpt":{"rendered":"<p>Housses de Coussin D\u00e9coratives avec Housse de Coussin D\u00e9corative Lavable dissimul\u00e9e pour Canap\u00e9 &amp; Chambre \u00e0 coucher Housses de Coussin Modernes Housse de Coussin de Canap\u00e9 Housse de Coussin<\/p>\n","protected":false},"featured_media":21762,"comment_status":"open","ping_status":"closed","template":"","meta":[],"product_brand":[],"product_cat":[1078],"product_tag":[],"class_list":{"0":"post-23734","1":"product","2":"type-product","3":"status-publish","4":"has-post-thumbnail","6":"product_cat-maison-et-voiture","8":"first","9":"instock","10":"shipping-taxable","11":"purchasable","12":"product-type-variable"},"_links":{"self":[{"href":"https:\/\/praxistrade.eu\/fr\/wp-json\/wp\/v2\/product\/23734","targetHints":{"allow":["GET"]}}],"collection":[{"href":"https:\/\/praxistrade.eu\/fr\/wp-json\/wp\/v2\/product"}],"about":[{"href":"https:\/\/praxistrade.eu\/fr\/wp-json\/wp\/v2\/types\/product"}],"replies":[{"embeddable":true,"href":"https:\/\/praxistrade.eu\/fr\/wp-json\/wp\/v2\/comments?post=23734"}],"wp:featuredmedia":[{"embeddable":true,"href":"https:\/\/praxistrade.eu\/fr\/wp-json\/wp\/v2\/media\/21762"}],"wp:attachment":[{"href":"https:\/\/praxistrade.eu\/fr\/wp-json\/wp\/v2\/media?parent=23734"}],"wp:term":[{"taxonomy":"product_brand","embeddable":true,"href":"https:\/\/praxistrade.eu\/fr\/wp-json\/wp\/v2\/product_brand?post=23734"},{"taxonomy":"product_cat","embeddable":true,"href":"https:\/\/praxistrade.eu\/fr\/wp-json\/wp\/v2\/product_cat?post=23734"},{"taxonomy":"product_tag","embeddable":true,"href":"https:\/\/praxistrade.eu\/fr\/wp-json\/wp\/v2\/product_tag?post=23734"}],"curies":[{"name":"wp","href":"https:\/\/api.w.org\/{rel}","templated":true}]}}