{"id":24147,"date":"2024-07-15T18:01:40","date_gmt":"2024-07-15T17:01:40","guid":{"rendered":"https:\/\/praxistrade.eu\/product\/la-generosite-du-figuier-home-diffuser\/"},"modified":"2024-07-19T15:49:26","modified_gmt":"2024-07-19T14:49:26","slug":"la-generosite-du-figuier-home-diffuser","status":"publish","type":"product","link":"https:\/\/praxistrade.eu\/fr\/produit\/la-generosite-du-figuier-home-diffuser\/","title":{"rendered":"La G\u00e9n\u00e9rosit\u00e9 Du Figuier Home Diffuser"},"content":{"rendered":"","protected":false},"excerpt":{"rendered":"<p>Enveloppez votre maison de la chaleur abondante de La G\u00e9n\u00e9rosit\u00e9 Du Figuier.<\/p>\n<p>La fra\u00eecheur vibrante de la mandarine, la douceur luxuriante des figues et la clart\u00e9 p\u00e9tillante de la bergamote fusionnent pour cr\u00e9er une atmosph\u00e8re invitante et opulente.<\/p>\n<p>Ce parfum incarne l&rsquo;esprit g\u00e9n\u00e9reux et l&rsquo;\u00e9treinte accueillante du figuier, offrant une retraite luxueuse \u00e0 l&rsquo;abri du monde ext\u00e9rieur.<\/p>\n<ul>\n<li>Notes de t\u00eate &#8211; Bergamote, Mandarine<\/li>\n<li>Notes de c\u0153ur &#8211; Figue, Orris<\/li>\n<li>Notes de fond &#8211; Musc, bois de c\u00e8dre<\/li>\n<\/ul>\n","protected":false},"featured_media":23593,"comment_status":"open","ping_status":"closed","template":"","meta":[],"product_brand":[],"product_cat":[1078],"product_tag":[],"class_list":{"0":"post-24147","1":"product","2":"type-product","3":"status-publish","4":"has-post-thumbnail","6":"product_cat-maison-et-voiture","8":"first","9":"instock","10":"shipping-taxable","11":"purchasable","12":"product-type-variable"},"_links":{"self":[{"href":"https:\/\/praxistrade.eu\/fr\/wp-json\/wp\/v2\/product\/24147","targetHints":{"allow":["GET"]}}],"collection":[{"href":"https:\/\/praxistrade.eu\/fr\/wp-json\/wp\/v2\/product"}],"about":[{"href":"https:\/\/praxistrade.eu\/fr\/wp-json\/wp\/v2\/types\/product"}],"replies":[{"embeddable":true,"href":"https:\/\/praxistrade.eu\/fr\/wp-json\/wp\/v2\/comments?post=24147"}],"wp:featuredmedia":[{"embeddable":true,"href":"https:\/\/praxistrade.eu\/fr\/wp-json\/wp\/v2\/media\/23593"}],"wp:attachment":[{"href":"https:\/\/praxistrade.eu\/fr\/wp-json\/wp\/v2\/media?parent=24147"}],"wp:term":[{"taxonomy":"product_brand","embeddable":true,"href":"https:\/\/praxistrade.eu\/fr\/wp-json\/wp\/v2\/product_brand?post=24147"},{"taxonomy":"product_cat","embeddable":true,"href":"https:\/\/praxistrade.eu\/fr\/wp-json\/wp\/v2\/product_cat?post=24147"},{"taxonomy":"product_tag","embeddable":true,"href":"https:\/\/praxistrade.eu\/fr\/wp-json\/wp\/v2\/product_tag?post=24147"}],"curies":[{"name":"wp","href":"https:\/\/api.w.org\/{rel}","templated":true}]}}