{"id":25570,"date":"2024-12-24T08:38:58","date_gmt":"2024-12-24T08:38:58","guid":{"rendered":"https:\/\/praxistrade.eu\/product\/miel-dacacia-bio-et-baies-daronia-bio-a-tartiner-230-g\/"},"modified":"2024-12-24T08:38:58","modified_gmt":"2024-12-24T08:38:58","slug":"miel-dacacia-bio-et-baies-daronia-bio-a-tartiner-230-g","status":"publish","type":"product","link":"https:\/\/praxistrade.eu\/fr\/produit\/miel-dacacia-bio-et-baies-daronia-bio-a-tartiner-230-g\/","title":{"rendered":"Miel d&rsquo;acacia bio et baies d&rsquo;aronia bio \u00e0 tartiner, 230 g"},"content":{"rendered":"<p><b>A propos de cet article<\/b><span style=\"font-weight: 400;\">:<\/span><\/p>\n<p><span style=\"font-weight: 400;\">Le poids de l&rsquo;article est de 230g et non de 400g<\/span><\/p>\n<p><span style=\"font-weight: 400;\"><strong>Poids de l&#8217;emballage de l&rsquo;article :<\/strong> 400g<\/span><\/p>\n<p><span style=\"font-weight: 400;\"><strong>Type de miel :<\/strong> Acacia<\/span><\/p>\n<ul>\n<li style=\"font-weight: 400;\" aria-level=\"1\"><span style=\"font-weight: 400;\">Exquise p\u00e2te \u00e0 tartiner au miel bio &#8211; Laissez-vous s\u00e9duire par l&rsquo;incomparable combinaison de 70% de miel bio d&rsquo;acacia et de 20% de baies d&rsquo;aronia bio &#8211; une touche de luxe pour votre vie quotidienne.<\/span><\/li>\n<li style=\"font-weight: 400;\" aria-level=\"1\"><b>M\u00e9thode unique de traitement \u00e0 froid<\/b><span style=\"font-weight: 400;\"> &#8211; Lors de notre traitement sp\u00e9cial \u00e0 basse temp\u00e9rature, le m\u00e9lange de miel et de baies d&rsquo;aronia est d\u00e9licatement d\u00e9shydrat\u00e9 \u00e0 des temp\u00e9ratures inf\u00e9rieures \u00e0 38\u00b0C. Ce proc\u00e9d\u00e9 imite la mani\u00e8re naturelle dont les abeilles cr\u00e9ent le miel, en pr\u00e9servant les enzymes, les antioxydants et les nutriments pour un maximum de bienfaits pour la sant\u00e9 et de saveur. <\/span><\/li>\n<li style=\"font-weight: 400;\" aria-level=\"1\"><span style=\"font-weight: 400;\">100% biologique, 100% saveur &#8211; Fabriqu\u00e9 \u00e0 partir d&rsquo;ingr\u00e9dients biologiques de haute qualit\u00e9 et trait\u00e9 d\u00e9licatement \u00e0 une temp\u00e9rature inf\u00e9rieure \u00e0 38\u00b0C pour pr\u00e9server tout l&rsquo;ar\u00f4me et les pr\u00e9cieux nutriments.<\/span><\/li>\n<li style=\"font-weight: 400;\" aria-level=\"1\"><span style=\"font-weight: 400;\">Votre parfait d\u00e9but de journ\u00e9e &#8211; Donnez \u00e0 votre petit-d\u00e9jeuner un petit plus avec cette p\u00e2te \u00e0 tartiner biologique cr\u00e9meuse &#8211; parfaite avec du pain, des croissants ou du yaourt.<\/span><\/li>\n<li style=\"font-weight: 400;\" aria-level=\"1\"><span style=\"font-weight: 400;\">TEXTURE DOUCE et fondante &#8211; Profitez d&rsquo;une consistance velout\u00e9e qui s&rsquo;\u00e9tale sans effort et transforme n&rsquo;importe quel repas en une exp\u00e9rience gastronomique.<\/span><\/li>\n<li style=\"font-weight: 400;\" aria-level=\"1\"><span style=\"font-weight: 400;\">Honn\u00eate et naturel &#8211; Sans additifs artificiels, cette p\u00e2te \u00e0 tartiner biologique offre un plaisir pur auquel vous pouvez faire confiance &#8211; id\u00e9al pour les connaisseurs conscients.<\/span><\/li>\n<li style=\"font-weight: 400;\" aria-level=\"1\"><span style=\"font-weight: 400;\">Pour des id\u00e9es de d\u00e9gustation cr\u00e9atives &#8211; Que ce soit pour mettre en valeur des produits de boulangerie, sur des plateaux de fromage ou comme ingr\u00e9dient raffin\u00e9 dans des desserts, cette p\u00e2te \u00e0 tartiner inspire de nouvelles cr\u00e9ations gustatives.<\/span><\/li>\n<li style=\"font-weight: 400;\" aria-level=\"1\"><span style=\"font-weight: 400;\">Choyez vos papilles &#8211; Le go\u00fbt \u00e9quilibr\u00e9 de la note sucr\u00e9e du miel et de la l\u00e9g\u00e8re douceur am\u00e8re des baies d&rsquo;aronia garantit un v\u00e9ritable plaisir gustatif.<\/span><\/li>\n<li style=\"font-weight: 400;\" aria-level=\"1\"><span style=\"font-weight: 400;\">MELINIS : Votre confiance en la qualit\u00e9 biologique &#8211; Faites confiance \u00e0 Melinis et profitez de produits biologiques de haute qualit\u00e9, fabriqu\u00e9s avec soin pour vous offrir des moments de plaisir particuliers.<\/span><\/li>\n<\/ul>\n<h3><strong>D\u00e9tails du produit :<\/strong><\/h3>\n<p><span style=\"font-weight: 400;\"><strong>R\u00e9gion d&rsquo;origine : <\/strong>UE &#8211; Roumanie<\/span><\/p>\n<p><span style=\"font-weight: 400;\"><strong>Fabricant :<\/strong> Atelierele Melinis SRL<\/span><\/p>\n<p><span style=\"font-weight: 400;\"><strong>Forme de l&rsquo;article :<\/strong> Verre<\/span><\/p>\n<h3><strong>Mesures:<\/strong><\/h3>\n<p><span style=\"font-weight: 400;\"><strong>Paquet d&rsquo;articles :<\/strong> 230g<\/span><\/p>\n<p><span style=\"font-weight: 400;\"><strong>Poids de l&#8217;emballage de l&rsquo;article :<\/strong> 400g<\/span> <b>Pas<\/b> <span style=\"font-weight: 400;\">de Poids de l&rsquo;article<\/span><\/p>\n<p><span style=\"font-weight: 400;\"><strong>Dimensions : <\/strong>6,3 cm x 6,3 cm x 8,0 cm : 6,3cm x 6,3 cm x 8,0 cm<\/span><\/p>\n<h3><b>Description du produit<\/b><\/h3>\n<p><span style=\"font-weight: 400;\">Melinis Aronia associe le miel d&rsquo;acacia brut et biologique \u00e0 la saveur riche et acidul\u00e9e des baies d&rsquo;aronia. Avec leur teinte rubis fonc\u00e9 et leur go\u00fbt doux-amer, les baies d&rsquo;aronia sont r\u00e9put\u00e9es pour leur teneur exceptionnelle en antioxydants et leur richesse en vitamines A, B, C, E, K et P <\/span><\/p>\n<p><span style=\"font-weight: 400;\">Gr\u00e2ce \u00e0 une m\u00e9thode unique de traitement \u00e0 froid, Melinis Aronia pr\u00e9serve les nutriments naturels et les antioxydants de ses ingr\u00e9dients. Cette p\u00e2te \u00e0 tartiner polyvalente est un moyen savoureux de soutenir votre sant\u00e9 tout en ravissant vos papilles. <\/span><\/p>\n<p><span style=\"font-weight: 400;\">Chez Melinis, nous sommes fiers de notre processus de production unique, inspir\u00e9 du travail naturel des abeilles dans leur ruche. Tout comme les abeilles ventilent leur miel pour en r\u00e9duire la teneur en eau, nous m\u00e9langeons d\u00e9licatement les fruits crus au miel et traitons ce m\u00e9lange \u00e0 l&rsquo;aide d&rsquo;\u00e9quipements sp\u00e9cialement con\u00e7us, appel\u00e9s homog\u00e9n\u00e9isateurs. Ces machines maintiennent une temp\u00e9rature contr\u00f4l\u00e9e de 35-38\u00b0C et utilisent des courants d&rsquo;air tr\u00e8s sec pour \u00e9vaporer l&rsquo;eau du m\u00e9lange sur une p\u00e9riode de 2 \u00e0 4 semaines. Cette m\u00e9thode lente et minutieuse permet de conserver les fruits dans leur \u00e9tat quasi naturel, sans les faire bouillir ni les pasteuriser, ce qui garantit une valeur nutritionnelle maximale et une saveur authentique dans chaque pot.<br \/>   <\/span><\/p>\n<h3><b>Suggestions d&rsquo;utilisation :<\/b><\/h3>\n<p><span style=\"font-weight: 400;\">Profitez de la <\/span><b>cr\u00e8me Melinis Aronia<\/b><span style=\"font-weight: 400;\"> tartinez-le sur du pain grill\u00e9, des cr\u00eapes ou des gaufres, ou m\u00e9langez-le \u00e0 du yaourt pour une collation riche en nutriments. Sa saveur douce-am\u00e8re unique se marie \u00e0 merveille avec les fromages, les c\u00e9r\u00e9ales ou comme garniture pour les desserts. C&rsquo;est aussi une friandise d\u00e9licieuse et saine directement du pot.  <\/span><\/p>\n<h3><b>Pourquoi choisir Melinis Aronia ?<\/b><\/h3>\n<p><span style=\"font-weight: 400;\">Les baies d&rsquo;aronia sont l&rsquo;une des sources les plus riches en antioxydants parmi les fruits. Lorsqu&rsquo;elles sont m\u00e9lang\u00e9es \u00e0 du miel brut et biologique, elles cr\u00e9ent une p\u00e2te \u00e0 tartiner riche en nutriments qui renforce l&rsquo;immunit\u00e9, prot\u00e8ge contre le stress oxydatif et offre une exp\u00e9rience gastronomique savoureuse. <\/span><\/p>\n<h3><b>D\u00e9couvrez l&rsquo;\u00e9l\u00e9gance douce-am\u00e8re des baies d&rsquo;aronia<\/b><\/h3>\n<p><span style=\"font-weight: 400;\">Ajoutez <\/span><b>Melinis Aronia<\/b><span style=\"font-weight: 400;\"> \u00e0 votre panier maintenant et savourez les bienfaits pour la sant\u00e9 et la saveur gourmande de cette d\u00e9licatesse artisanale transform\u00e9e \u00e0 froid !<\/span><\/p>\n<h3><b>S\u00e9curit\u00e9<\/b><\/h3>\n<p><span style=\"font-weight: 400;\">Comme nous utilisons du miel brut, ce produit n&rsquo;est pas recommand\u00e9 pour les enfants de moins de 12 mois. <\/span><\/p>\n<h3><b>Instructions de stockage<\/b><span style=\"font-weight: 400;\">:<\/span><\/h3>\n<p><span style=\"font-weight: 400;\">Conservez le produit, m\u00eame apr\u00e8s ouverture, dans un endroit sec, \u00e0 l&rsquo;abri de la lumi\u00e8re directe du soleil, \u00e0 une temp\u00e9rature comprise entre 18 et 25\u00b0C. Il n&rsquo;est pas n\u00e9cessaire de le mettre au r\u00e9frig\u00e9rateur.<br \/> <\/span><\/p>\n<h3><b>Origine et durabilit\u00e9 <\/b><span style=\"font-weight: 400;\">:<\/span><\/h3>\n<p><span style=\"font-weight: 400;\">Exclusivement produit en Roumanie, Melinis Aronia soutient les apiculteurs biologiques locaux et la r\u00e9colte durable des baies d&rsquo;aronia. Chaque pot est fabriqu\u00e9 avec soin, en petites quantit\u00e9s, afin de pr\u00e9server la puret\u00e9 et la qualit\u00e9 de chaque ingr\u00e9dient. <\/span><\/p>\n","protected":false},"excerpt":{"rendered":"<p><span style=\"font-weight: 400;\">Antioxydant, d\u00e9licatesse unique trait\u00e9e \u00e0 froid, aromatique et polyvalent, id\u00e9al pour le petit d\u00e9jeuner, les collations et les desserts &#8211; par Melinis<\/span><\/p>\n<p><b>Ingr\u00e9dients<\/b><span style=\"font-weight: 400;\">: <\/span><span style=\"font-weight: 400;\">Miel d&rsquo;acacia biologique* 70%, baie d&rsquo;aronia biologique crue* 20%, argousier biologique* 10% ; <\/span><\/p>\n<p><span style=\"font-weight: 400;\">*De Roumanie<\/span><\/p>\n<p><b>Type de r\u00e9gime :<\/b> <span style=\"font-weight: 400;\">V\u00e9g\u00e9tarien, V\u00e9g\u00e9talien, Sans gluten<\/span><\/p>\n","protected":false},"featured_media":24949,"comment_status":"open","ping_status":"closed","template":"","meta":[],"product_brand":[],"product_cat":[1194],"product_tag":[],"class_list":{"0":"post-25570","1":"product","2":"type-product","3":"status-publish","4":"has-post-thumbnail","6":"product_cat-melinis-fr","8":"first","9":"instock","10":"shipping-taxable","11":"purchasable","12":"product-type-simple"},"_links":{"self":[{"href":"https:\/\/praxistrade.eu\/fr\/wp-json\/wp\/v2\/product\/25570","targetHints":{"allow":["GET"]}}],"collection":[{"href":"https:\/\/praxistrade.eu\/fr\/wp-json\/wp\/v2\/product"}],"about":[{"href":"https:\/\/praxistrade.eu\/fr\/wp-json\/wp\/v2\/types\/product"}],"replies":[{"embeddable":true,"href":"https:\/\/praxistrade.eu\/fr\/wp-json\/wp\/v2\/comments?post=25570"}],"wp:featuredmedia":[{"embeddable":true,"href":"https:\/\/praxistrade.eu\/fr\/wp-json\/wp\/v2\/media\/24949"}],"wp:attachment":[{"href":"https:\/\/praxistrade.eu\/fr\/wp-json\/wp\/v2\/media?parent=25570"}],"wp:term":[{"taxonomy":"product_brand","embeddable":true,"href":"https:\/\/praxistrade.eu\/fr\/wp-json\/wp\/v2\/product_brand?post=25570"},{"taxonomy":"product_cat","embeddable":true,"href":"https:\/\/praxistrade.eu\/fr\/wp-json\/wp\/v2\/product_cat?post=25570"},{"taxonomy":"product_tag","embeddable":true,"href":"https:\/\/praxistrade.eu\/fr\/wp-json\/wp\/v2\/product_tag?post=25570"}],"curies":[{"name":"wp","href":"https:\/\/api.w.org\/{rel}","templated":true}]}}