{"id":25575,"date":"2024-12-24T08:48:30","date_gmt":"2024-12-24T08:48:30","guid":{"rendered":"https:\/\/praxistrade.eu\/product\/miel-dacacia-biologique-aux-myrtilles-sauvages-biologiques-fruits-entiers-230-g\/"},"modified":"2024-12-24T08:48:30","modified_gmt":"2024-12-24T08:48:30","slug":"miel-dacacia-biologique-aux-myrtilles-sauvages-biologiques-fruits-entiers-230-g","status":"publish","type":"product","link":"https:\/\/praxistrade.eu\/fr\/produit\/miel-dacacia-biologique-aux-myrtilles-sauvages-biologiques-fruits-entiers-230-g\/","title":{"rendered":"Miel d&rsquo;acacia biologique aux myrtilles sauvages biologiques, fruits entiers, 230 g"},"content":{"rendered":"<h3><b>A propos de cet article<\/b><span style=\"font-weight: 400;\">:<\/span><\/h3>\n<p><span style=\"font-weight: 400;\">Le poids de l&rsquo;article est de 230g et non de 400g<\/span><\/p>\n<p><span style=\"font-weight: 400;\"><strong>Poids de l&#8217;emballage de l&rsquo;article :<\/strong> 400g<\/span><\/p>\n<p><span style=\"font-weight: 400;\"><strong>Type de miel :<\/strong> Acacia<\/span><\/p>\n<h3><b>M\u00e9thode unique de traitement \u00e0 froid <\/b><span style=\"font-weight: 400;\">:<\/span> <\/h3>\n<p><span style=\"font-weight: 400;\">Lors de notre traitement sp\u00e9cial \u00e0 basse temp\u00e9rature, le m\u00e9lange de miel et de myrtilles sauvages est doucement d\u00e9shydrat\u00e9 \u00e0 des temp\u00e9ratures inf\u00e9rieures \u00e0 38\u00b0C. Ce proc\u00e9d\u00e9 imite la mani\u00e8re naturelle dont les abeilles cr\u00e9ent le miel, en pr\u00e9servant les enzymes, les antioxydants et les nutriments pour un maximum de bienfaits pour la sant\u00e9 et de saveur. <\/span><\/p>\n<h3><strong>Informations sur le produit :<\/strong><\/h3>\n<p><strong>D\u00e9tails de l&rsquo;article :<\/strong><\/p>\n<p><span style=\"font-weight: 400;\"><strong>R\u00e9gion d&rsquo;origine : <\/strong>UE &#8211; Roumanie<\/span><\/p>\n<p><span style=\"font-weight: 400;\"><strong>Fabricant :<\/strong> Atelierele Melinis SRL<\/span><\/p>\n<p><span style=\"font-weight: 400;\"><strong>Forme de l&rsquo;article :<\/strong> Verre<\/span><\/p>\n<p><strong>Mesures:<\/strong><\/p>\n<p><span style=\"font-weight: 400;\">Poids de l&#8217;emballage de l&rsquo;article : 400g <\/span><b>Pas <\/b><span style=\"font-weight: 400;\">de Poids de l&rsquo;article<\/span><\/p>\n<p><span style=\"font-weight: 400;\">Dimensions : 6,3 cm x 6,3 cm x 8,0 cm<\/span><\/p>\n<p><strong>Ingr\u00e9dients : <\/strong><span style=\"font-weight: 400;\">Miel d&rsquo;acacia biologique* 70%, myrtilles sauvages brutes biologiques* 25%, argousier biologique* 5% ;<\/span> <\/p>\n<p><span style=\"font-weight: 400;\">*de Roumanie<\/span><\/p>\n<h3><b>Description du produit<\/b><\/h3>\n<p><span style=\"font-weight: 400;\">D\u00e9couvrez les myrtilles sauvages Melinis, un m\u00e9lange unique de miel d&rsquo;acacia brut et biologique et de myrtilles sauvages cueillies \u00e0 la main, r\u00e9put\u00e9es pour leur saveur intense et leurs bienfaits sup\u00e9rieurs \u00e0 ceux des myrtilles cultiv\u00e9es. <\/span><\/p>\n<p><span style=\"font-weight: 400;\">Le m\u00e9lange de miel et de myrtilles sauvages est d\u00e9licatement d\u00e9shydrat\u00e9 \u00e0 des temp\u00e9ratures inf\u00e9rieures \u00e0 38\u00b0C, ce qui permet de conserver tous les nutriments et ar\u00f4mes naturels.<\/span><\/p>\n<p><span style=\"font-weight: 400;\">Gr\u00e2ce \u00e0 cette m\u00e9thode unique de traitement \u00e0 froid, nous pr\u00e9servons les nutriments et les antioxydants naturels, ce qui nous permet d&rsquo;offrir un produit authentique et riche en nutriments. Chaque pot est fabriqu\u00e9 en petite quantit\u00e9, ce qui garantit une qualit\u00e9 et une fra\u00eecheur exceptionnelles \u00e0 chaque cuiller\u00e9e. <\/span><\/p>\n<p><span style=\"font-weight: 400;\">Chez Melinis, nous sommes fiers de notre processus de production unique, inspir\u00e9 du travail naturel des abeilles dans leur ruche. Tout comme les abeilles ventilent leur miel pour en r\u00e9duire la teneur en eau, nous m\u00e9langeons d\u00e9licatement les fruits crus au miel et traitons ce m\u00e9lange \u00e0 l&rsquo;aide d&rsquo;\u00e9quipements sp\u00e9cialement con\u00e7us, appel\u00e9s homog\u00e9n\u00e9isateurs. Ces machines maintiennent une temp\u00e9rature contr\u00f4l\u00e9e de 35 \u00e0 37 \u00b0C et utilisent des courants d&rsquo;air tr\u00e8s sec pour \u00e9vaporer l&rsquo;eau du m\u00e9lange sur une p\u00e9riode de 2 \u00e0 4 semaines. Cette m\u00e9thode lente et minutieuse permet de conserver les fruits dans leur \u00e9tat quasi naturel, sans les faire bouillir ni les pasteuriser, ce qui garantit une valeur nutritionnelle maximale et une saveur authentique dans chaque pot.   <\/span><\/p>\n<h3><strong>Pourquoi choisir les myrtilles sauvages ?<\/strong><\/h3>\n<p><span style=\"font-weight: 400;\">Les myrtilles sauvages sont plus petites, plus fonc\u00e9es et contiennent beaucoup plus d&rsquo;antioxydants, de vitamines et de min\u00e9raux que les vari\u00e9t\u00e9s cultiv\u00e9es. En choisissant Melinis, vous optez pour le superaliment le plus puissant et le plus savoureux de la nature. <\/span><\/p>\n<h3><b>D\u00e9couvrez la puissance de la nature dans chaque cuiller\u00e9e<\/b><\/h3>\n<p><span style=\"font-weight: 400;\">Ajoutez les myrtilles sauvages Melinis \u00e0 votre panier et savourez la saveur sup\u00e9rieure et les bienfaits pour la sant\u00e9 de ce produit artisanal transform\u00e9 \u00e0 froid !<\/span><\/p>\n<h3><b>S\u00e9curit\u00e9<\/b><\/h3>\n<p><span style=\"font-weight: 400;\">Comme nous utilisons du miel brut, ce produit n&rsquo;est pas recommand\u00e9 pour les enfants de moins de 12 mois. <\/span><\/p>\n<h3><b>Instructions de stockage<\/b><span style=\"font-weight: 400;\">:<\/span><\/h3>\n<p><span style=\"font-weight: 400;\">Conservez le produit, m\u00eame apr\u00e8s ouverture, dans un endroit frais et sec, \u00e0 l&rsquo;abri de la lumi\u00e8re directe du soleil, \u00e0 une temp\u00e9rature comprise entre 18 et 25\u00b0C. Il n&rsquo;est pas n\u00e9cessaire de le mettre au r\u00e9frig\u00e9rateur. <\/span><\/p>\n<h3><b>Origine et durabilit\u00e9 <\/b><span style=\"font-weight: 400;\">:<\/span><\/h3>\n<p><span style=\"font-weight: 400;\">Exclusivement produit en Roumanie, Melinis Wild Blueberries soutient les apiculteurs biologiques locaux et la r\u00e9colte durable des myrtilles sauvages. Chaque pot est fabriqu\u00e9 avec soin, en petites quantit\u00e9s, afin de pr\u00e9server la puret\u00e9 et la qualit\u00e9 de chaque ingr\u00e9dient. <\/span><\/p>\n","protected":false},"excerpt":{"rendered":"<p><span style=\"font-weight: 400;\">Antioxydant, d\u00e9licatesse unique trait\u00e9e \u00e0 froid, sans conservateur, id\u00e9al pour le petit-d\u00e9jeuner, les desserts, les en-cas et les garnitures saines &#8211; par Melinis<\/span><\/p>\n<p><b>Ingr\u00e9dients<\/b><span style=\"font-weight: 400;\">: <\/span><span style=\"font-weight: 400;\">Miel d&rsquo;acacia biologique* 70%, myrtilles sauvages brutes biologiques* 25%, argousier biologique* 5%;<\/span><\/p>\n<p><span style=\"font-weight: 400;\"> *De Roumanie<\/span><\/p>\n","protected":false},"featured_media":25025,"comment_status":"open","ping_status":"closed","template":"","meta":[],"product_brand":[],"product_cat":[1194],"product_tag":[],"class_list":{"0":"post-25575","1":"product","2":"type-product","3":"status-publish","4":"has-post-thumbnail","6":"product_cat-melinis-fr","8":"first","9":"instock","10":"shipping-taxable","11":"purchasable","12":"product-type-simple"},"_links":{"self":[{"href":"https:\/\/praxistrade.eu\/fr\/wp-json\/wp\/v2\/product\/25575","targetHints":{"allow":["GET"]}}],"collection":[{"href":"https:\/\/praxistrade.eu\/fr\/wp-json\/wp\/v2\/product"}],"about":[{"href":"https:\/\/praxistrade.eu\/fr\/wp-json\/wp\/v2\/types\/product"}],"replies":[{"embeddable":true,"href":"https:\/\/praxistrade.eu\/fr\/wp-json\/wp\/v2\/comments?post=25575"}],"wp:featuredmedia":[{"embeddable":true,"href":"https:\/\/praxistrade.eu\/fr\/wp-json\/wp\/v2\/media\/25025"}],"wp:attachment":[{"href":"https:\/\/praxistrade.eu\/fr\/wp-json\/wp\/v2\/media?parent=25575"}],"wp:term":[{"taxonomy":"product_brand","embeddable":true,"href":"https:\/\/praxistrade.eu\/fr\/wp-json\/wp\/v2\/product_brand?post=25575"},{"taxonomy":"product_cat","embeddable":true,"href":"https:\/\/praxistrade.eu\/fr\/wp-json\/wp\/v2\/product_cat?post=25575"},{"taxonomy":"product_tag","embeddable":true,"href":"https:\/\/praxistrade.eu\/fr\/wp-json\/wp\/v2\/product_tag?post=25575"}],"curies":[{"name":"wp","href":"https:\/\/api.w.org\/{rel}","templated":true}]}}