{"id":25581,"date":"2024-12-24T09:09:16","date_gmt":"2024-12-24T09:09:16","guid":{"rendered":"https:\/\/praxistrade.eu\/product\/miel-bio-de-multifleur-avec-canneberge-et-argousier\/"},"modified":"2024-12-24T09:09:16","modified_gmt":"2024-12-24T09:09:16","slug":"miel-bio-de-multifleur-avec-canneberge-et-argousier","status":"publish","type":"product","link":"https:\/\/praxistrade.eu\/fr\/produit\/miel-bio-de-multifleur-avec-canneberge-et-argousier\/","title":{"rendered":"Miel bio de multifleur avec canneberge et argousier"},"content":{"rendered":"<h3><b>A propos de cet article<\/b><span style=\"font-weight: 400;\">:<\/span><\/h3>\n<p><span style=\"font-weight: 400;\">Le poids de l&rsquo;article est de 230g et <\/span><span style=\"font-weight: 400;\">non 400g<\/span><\/p>\n<p><span style=\"font-weight: 400;\"><strong>Poids de l&#8217;emballage de l&rsquo;article :<\/strong> 400g<\/span><\/p>\n<p><span style=\"font-weight: 400;\"><strong>Type de miel : <\/strong>Multifleur<\/span><\/p>\n<ul>\n<li style=\"font-weight: 400;\" aria-level=\"1\"><span style=\"font-weight: 400;\">MIEL BIOLOGIQUE AVEC SUPER-ALIMENTS : Ce d\u00e9licieux m\u00e9lange de 70% de miel multifleur biologique, 25% de canneberges biologiques et d&rsquo;argousier biologique riche en nutriments offre une combinaison naturelle pour un go\u00fbt cors\u00e9.<\/span><\/li>\n<li style=\"font-weight: 400;\" aria-level=\"1\"><b>M\u00e9thode unique de traitement \u00e0 froid<\/b><span style=\"font-weight: 400;\"> &#8211; Lors de notre traitement sp\u00e9cial \u00e0 basse temp\u00e9rature, le m\u00e9lange de miel et de canneberges est doucement d\u00e9shydrat\u00e9 \u00e0 des temp\u00e9ratures inf\u00e9rieures \u00e0 38\u00b0C. Ce proc\u00e9d\u00e9 imite la mani\u00e8re naturelle dont les abeilles cr\u00e9ent le miel, en pr\u00e9servant les enzymes, les antioxydants et les nutriments pour un maximum de bienfaits pour la sant\u00e9 et de saveur. <\/span><\/li>\n<li style=\"font-weight: 400;\" aria-level=\"1\"><span style=\"font-weight: 400;\">SOUTIEN NATUREL : Les canneberges et l&rsquo;argousier sont connus pour leurs diverses propri\u00e9t\u00e9s et contribuent \u00e0 une exp\u00e9rience \u00e9quilibr\u00e9e et agr\u00e9able qui enrichit votre r\u00e9gime alimentaire.<\/span><\/li>\n<li style=\"font-weight: 400;\" aria-level=\"1\"><span style=\"font-weight: 400;\">Texture fra\u00eeche et cr\u00e9meuse : gr\u00e2ce \u00e0 un traitement doux \u00e0 une temp\u00e9rature inf\u00e9rieure \u00e0 38\u00b0C, la consistance cr\u00e9meuse du m\u00e9lange est conserv\u00e9e, cr\u00e9ant une texture fine et facile \u00e0 \u00e9taler.<\/span><\/li>\n<li style=\"font-weight: 400;\" aria-level=\"1\"><span style=\"font-weight: 400;\">Une exp\u00e9rience gustative unique : le m\u00e9lange de la douceur du miel multifleur et de la l\u00e9g\u00e8re acidit\u00e9 des canneberges et de l&rsquo;argousier offre un moment de plaisir \u00e9quilibr\u00e9.<br \/><\/span><\/li>\n<li style=\"font-weight: 400;\" aria-level=\"1\"><span style=\"font-weight: 400;\">Id\u00e9al pour un mode de vie actif : ce m\u00e9lange biologique est id\u00e9al pour un petit-d\u00e9jeuner sain ou comme en-cas nutritif entre deux repas.<\/span><\/li>\n<li style=\"font-weight: 400;\" aria-level=\"1\"><span style=\"font-weight: 400;\">Qualit\u00e9 durable : la technologie de traitement sp\u00e9ciale emp\u00eache la cristallisation grossi\u00e8re, ce qui permet de conserver une texture fra\u00eeche pendant longtemps.<\/span><\/li>\n<li style=\"font-weight: 400;\" aria-level=\"1\"><span style=\"font-weight: 400;\">MELINIS Une marque de tradition : Melinis associe des m\u00e9thodes traditionnelles \u00e0 une technologie innovante pour cr\u00e9er des produits biologiques de haute qualit\u00e9 et d\u00e9licieux.<\/span><\/li>\n<\/ul>\n<h3><b>Informations sur le produit<\/b> <span style=\"font-weight: 400;\">:<\/span><\/h3>\n<p><span style=\"font-weight: 400;\"><strong>R\u00e9gion d&rsquo;origine : <\/strong>UE &#8211; Roumanie<\/span><\/p>\n<p><span style=\"font-weight: 400;\"><strong>Fabricant :<\/strong> Atelierele Melinis SRL<\/span><\/p>\n<p><span style=\"font-weight: 400;\"><strong>Forme de l&rsquo;article :<\/strong> Verre<\/span><\/p>\n<h3><strong>Mesures:<\/strong><\/h3>\n<p><span style=\"font-weight: 400;\"><strong>Poids de l&#8217;emballage de l&rsquo;article :<\/strong> 400g<\/span> <b>Pas<\/b> <span style=\"font-weight: 400;\">de Poids de l&rsquo;article<\/span><\/p>\n<p><span style=\"font-weight: 400;\"><strong>Dimensions : <\/strong>6,3 cm x 6,3 cm x 8,0 cm : 6,3cm x 6,3 cm x 8,0 cm<\/span><\/p>\n<h3><b>Description du produit<\/b><\/h3>\n<p><span style=\"font-weight: 400;\">Nous avons enrichi la gamme Melinis d&rsquo;un autre superfruit r\u00e9put\u00e9 pour ses bienfaits exceptionnels sur la sant\u00e9 :<\/span> <b>la canneberge sauvage<\/b><span style=\"font-weight: 400;\">. Our cranberries are harvested from the mountainous regions of Romania. Blended with    <\/span><b>miel de fleurs sauvages biologique<\/b> <span style=\"font-weight: 400;\">et une touche de jus d&rsquo;argousier biologique, cette p\u00e2te \u00e0 tartiner cr\u00e9meuse et acidul\u00e9e offre une saveur unique et d\u00e9licieuse.<\/span><\/p>\n<p><span style=\"font-weight: 400;\">Le traitement lent \u00e0 des temp\u00e9ratures inf\u00e9rieures \u00e0 35\u00b0C permet de pr\u00e9server les nutriments, les antioxydants et les enzymes naturels. Enfin, notre technologie de cristallisation contr\u00f4l\u00e9e am\u00e9liore la texture lisse, emp\u00eachant la cristallisation grossi\u00e8re au fil du temps et garantissant une consistance d\u00e9licate et luxueuse. <\/span><\/p>\n<p><span style=\"font-weight: 400;\">Chez Melinis, nous sommes fiers de notre processus de production unique, inspir\u00e9 du travail naturel des abeilles dans leur ruche. Tout comme les abeilles ventilent leur miel pour en r\u00e9duire la teneur en eau, nous m\u00e9langeons d\u00e9licatement les fruits crus au miel et traitons ce m\u00e9lange \u00e0 l&rsquo;aide d&rsquo;\u00e9quipements sp\u00e9cialement con\u00e7us, appel\u00e9s homog\u00e9n\u00e9isateurs. Ces machines maintiennent une temp\u00e9rature contr\u00f4l\u00e9e de 35-38\u00b0C et utilisent des courants d&rsquo;air tr\u00e8s sec pour \u00e9vaporer l&rsquo;eau du m\u00e9lange sur une p\u00e9riode de 2 \u00e0 4 semaines. Cette m\u00e9thode lente et minutieuse permet de conserver les fruits dans leur \u00e9tat quasi naturel, sans les faire bouillir ni les pasteuriser, ce qui garantit une valeur nutritionnelle maximale et une saveur authentique dans chaque pot.   <\/span><\/p>\n<h3><b>Pourquoi choisir la cr\u00e8me de canneberge Melinis ?<\/b><\/h3>\n<p><span style=\"font-weight: 400;\">Fabriqu\u00e9e \u00e0 partir de canneberges sauvages provenant des r\u00e9gions montagneuses de Roumanie, cette p\u00e2te \u00e0 tartiner associe les riches bienfaits nutritionnels des canneberges \u00e0 la douceur du miel brut. Ses propri\u00e9t\u00e9s antioxydantes et anti-inflammatoires en font un super-aliment dot\u00e9 d&rsquo;un pouvoir b\u00e9n\u00e9fique pour la sant\u00e9 et d&rsquo;une saveur gourmande. <\/span><\/p>\n<h3><b>D\u00e9couvrez la douceur acidul\u00e9e de la nature<\/b><\/h3>\n<p><span style=\"font-weight: 400;\">Ajouter <\/span><b>Melinis Cr\u00e8me<\/b> <span style=\"font-weight: 400;\">de canneberges \u00e0 votre panier et savourez un d\u00e9lice unique, trait\u00e9 \u00e0 froid, qui combine le meilleur des canneberges sauvages et du miel biologique brut !<\/span><\/p>\n<h3><b>Suggestions d&rsquo;utilisation :<\/b><\/h3>\n<p><span style=\"font-weight: 400;\">Appr\u00e9ciez <\/span><b>Cr\u00e8me de canneberges Melinis<\/b><span style=\"font-weight: 400;\"> comme p\u00e2te \u00e0 tartiner sur des toasts, des cr\u00eapes ou des gaufres, ou incorporez-la dans un yaourt pour un en-cas piquant et riche en nutriments. Sa saveur douce et aromatique se marie parfaitement avec les smoothies, les parfaits ou comme garniture pour les desserts. Pour un plaisir sain, d\u00e9gustez-le directement dans le pot.  <\/span><\/p>\n<h3><b>S\u00e9curit\u00e9<\/b><\/h3>\n<p><span style=\"font-weight: 400;\">Comme nous utilisons du miel brut, ce produit n&rsquo;est pas recommand\u00e9 pour les enfants de moins de 12 mois. <\/span><\/p>\n<h3><b>Instructions de stockage<\/b><span style=\"font-weight: 400;\">:<\/span><\/h3>\n<p><span style=\"font-weight: 400;\">Conservez le produit, m\u00eame apr\u00e8s ouverture, dans un endroit frais et sec, \u00e0 l&rsquo;abri de la lumi\u00e8re directe du soleil, \u00e0 une temp\u00e9rature comprise entre 18 et 25\u00b0C. Il n&rsquo;est pas n\u00e9cessaire de le mettre au r\u00e9frig\u00e9rateur. <\/span><\/p>\n<h3><b>Origine et durabilit\u00e9 <\/b><span style=\"font-weight: 400;\">:<\/span><\/h3>\n<p><span style=\"font-weight: 400;\">Exclusivement produit en Roumanie, Melinis Wild Cranberries soutient les apiculteurs biologiques locaux et la r\u00e9colte durable des canneberges sauvages. Chaque pot est fabriqu\u00e9 avec soin, en petites quantit\u00e9s, afin de pr\u00e9server la puret\u00e9 et la qualit\u00e9 de chaque ingr\u00e9dient. <\/span><\/p>\n","protected":false},"excerpt":{"rendered":"<p><span style=\"font-weight: 400;\">P\u00e2te \u00e0 tartiner cr\u00e9meuse, 230 g, Traitement d\u00e9licat \u00e0 moins de 38\u00b0C, Riche en antioxydants, Superfood Power, Source d&rsquo;\u00e9nergie naturelle, 230g &#8211; par Melinis<\/span><\/p>\n<p><b>Ingr\u00e9dients<\/b><span style=\"font-weight: 400;\">: Miel multifleur biologique* 70%, canneberges sauvages biologiques brutes* 25%, argousier biologique brut* 5%<\/span><\/p>\n<p><span style=\"font-weight: 400;\">*De Roumanie<\/span><\/p>\n","protected":false},"featured_media":25103,"comment_status":"open","ping_status":"closed","template":"","meta":[],"product_brand":[],"product_cat":[1194],"product_tag":[],"class_list":{"0":"post-25581","1":"product","2":"type-product","3":"status-publish","4":"has-post-thumbnail","6":"product_cat-melinis-fr","8":"first","9":"instock","10":"shipping-taxable","11":"purchasable","12":"product-type-simple"},"_links":{"self":[{"href":"https:\/\/praxistrade.eu\/fr\/wp-json\/wp\/v2\/product\/25581","targetHints":{"allow":["GET"]}}],"collection":[{"href":"https:\/\/praxistrade.eu\/fr\/wp-json\/wp\/v2\/product"}],"about":[{"href":"https:\/\/praxistrade.eu\/fr\/wp-json\/wp\/v2\/types\/product"}],"replies":[{"embeddable":true,"href":"https:\/\/praxistrade.eu\/fr\/wp-json\/wp\/v2\/comments?post=25581"}],"wp:featuredmedia":[{"embeddable":true,"href":"https:\/\/praxistrade.eu\/fr\/wp-json\/wp\/v2\/media\/25103"}],"wp:attachment":[{"href":"https:\/\/praxistrade.eu\/fr\/wp-json\/wp\/v2\/media?parent=25581"}],"wp:term":[{"taxonomy":"product_brand","embeddable":true,"href":"https:\/\/praxistrade.eu\/fr\/wp-json\/wp\/v2\/product_brand?post=25581"},{"taxonomy":"product_cat","embeddable":true,"href":"https:\/\/praxistrade.eu\/fr\/wp-json\/wp\/v2\/product_cat?post=25581"},{"taxonomy":"product_tag","embeddable":true,"href":"https:\/\/praxistrade.eu\/fr\/wp-json\/wp\/v2\/product_tag?post=25581"}],"curies":[{"name":"wp","href":"https:\/\/api.w.org\/{rel}","templated":true}]}}