{"id":25977,"date":"2024-07-11T19:52:25","date_gmt":"2024-07-11T18:52:25","guid":{"rendered":"https:\/\/praxistrade.eu\/product\/barrieres-anti-inondations\/"},"modified":"2024-07-11T19:52:25","modified_gmt":"2024-07-11T18:52:25","slug":"barrieres-anti-inondations","status":"publish","type":"product","link":"https:\/\/praxistrade.eu\/fr\/produit\/barrieres-anti-inondations\/","title":{"rendered":"Barri\u00e8res anti-inondations"},"content":{"rendered":"<ul>\n<li class=\"a-spacing-mini\"><span class=\"a-list-item\">Pas de sable, pas de travaux lourds : la barri\u00e8re anti-inondation LABA-TEX est l&rsquo;alternative moderne aux sacs de sable. Pas de sable \u00e0 tra\u00eener ou \u00e0 stocker &#8211; placez, ajoutez de l&rsquo;eau et la protection commence. <\/span><\/li>\n<li class=\"a-spacing-mini\"><span class=\"a-list-item\">ACTIVATION ET CROISSANCE RAPIDE : Au contact de l&rsquo;eau, la barri\u00e8re atteint sa taille maximale en quelques minutes pour absorber, d\u00e9tourner et bloquer efficacement l&rsquo;eau.<br \/><\/span><\/li>\n<li class=\"a-spacing-mini\"><span class=\"a-list-item\">Compactes et faciles \u00e0 ranger : ces barri\u00e8res \u00e0 faible consommation d&rsquo;eau sont peu encombrantes, faciles \u00e0 transporter et toujours pr\u00eates \u00e0 l&#8217;emploi, que ce soit \u00e0 l&rsquo;int\u00e9rieur ou \u00e0 l&rsquo;ext\u00e9rieur.<br \/><\/span><\/li>\n<li class=\"a-spacing-mini\"><span class=\"a-list-item\">Utilisation polyvalente : parfait pour prot\u00e9ger les portes, les garages, les sous-sols et bien plus encore. Ils sont \u00e9galement parfaits pour le contr\u00f4le de l&rsquo;\u00e9rosion et les pr\u00e9paratifs d&rsquo;urgence. <\/span><\/li>\n<li class=\"a-spacing-mini\"><span class=\"a-list-item\">Robuste et r\u00e9utilisable : fabriqu\u00e9 \u00e0 partir de mat\u00e9riaux durables qui r\u00e9sistent aux UV et permettent une utilisation \u00e0 long terme. Id\u00e9al pour les projets planifi\u00e9s ou en cas d&rsquo;urgence. <\/span><\/li>\n<\/ul>\n","protected":false},"excerpt":{"rendered":"<p>Pas besoin de sable, solution efficace pour une protection rapide contre les inondations (6 pi\u00e8ces, 50 x 25 cm, 5 L) &#8211; Protection fiable pour les portes, les sous-sols et les fen\u00eatres<\/p>\n","protected":false},"featured_media":22210,"comment_status":"open","ping_status":"closed","template":"","meta":[],"product_brand":[],"product_cat":[1078],"product_tag":[],"class_list":{"0":"post-25977","1":"product","2":"type-product","3":"status-publish","4":"has-post-thumbnail","6":"product_cat-maison-et-voiture","8":"first","9":"instock","10":"shipping-taxable","11":"purchasable","12":"product-type-variable"},"_links":{"self":[{"href":"https:\/\/praxistrade.eu\/fr\/wp-json\/wp\/v2\/product\/25977","targetHints":{"allow":["GET"]}}],"collection":[{"href":"https:\/\/praxistrade.eu\/fr\/wp-json\/wp\/v2\/product"}],"about":[{"href":"https:\/\/praxistrade.eu\/fr\/wp-json\/wp\/v2\/types\/product"}],"replies":[{"embeddable":true,"href":"https:\/\/praxistrade.eu\/fr\/wp-json\/wp\/v2\/comments?post=25977"}],"wp:featuredmedia":[{"embeddable":true,"href":"https:\/\/praxistrade.eu\/fr\/wp-json\/wp\/v2\/media\/22210"}],"wp:attachment":[{"href":"https:\/\/praxistrade.eu\/fr\/wp-json\/wp\/v2\/media?parent=25977"}],"wp:term":[{"taxonomy":"product_brand","embeddable":true,"href":"https:\/\/praxistrade.eu\/fr\/wp-json\/wp\/v2\/product_brand?post=25977"},{"taxonomy":"product_cat","embeddable":true,"href":"https:\/\/praxistrade.eu\/fr\/wp-json\/wp\/v2\/product_cat?post=25977"},{"taxonomy":"product_tag","embeddable":true,"href":"https:\/\/praxistrade.eu\/fr\/wp-json\/wp\/v2\/product_tag?post=25977"}],"curies":[{"name":"wp","href":"https:\/\/api.w.org\/{rel}","templated":true}]}}