{"id":26078,"date":"2024-12-24T09:17:35","date_gmt":"2024-12-24T09:17:35","guid":{"rendered":"https:\/\/praxistrade.eu\/product\/miel-multifloral-biologique-aux-baies-de-goji-et-a-largousier-bruts-et-biologiques\/"},"modified":"2024-12-24T09:17:35","modified_gmt":"2024-12-24T09:17:35","slug":"miel-multifloral-biologique-aux-baies-de-goji-et-a-largousier-bruts-et-biologiques","status":"publish","type":"product","link":"https:\/\/praxistrade.eu\/fr\/produit\/miel-multifloral-biologique-aux-baies-de-goji-et-a-largousier-bruts-et-biologiques\/","title":{"rendered":"Miel multifloral biologique aux baies de Goji et \u00e0 l&rsquo;argousier bruts et biologiques"},"content":{"rendered":"<h3><b>A propos de cet article<\/b><span style=\"font-weight: 400;\">:<\/span><\/h3>\n<p><span style=\"font-weight: 400;\">Le poids de l&rsquo;article est de 230g et <\/span><span style=\"font-weight: 400;\">non 400g<\/span><\/p>\n<p><span style=\"font-weight: 400;\"><strong>Poids de l&#8217;emballage de l&rsquo;article :<\/strong> 400g<\/span><\/p>\n<p><span style=\"font-weight: 400;\"><strong>Type de miel : <\/strong>Multifleur<\/span><\/p>\n<ul>\n<li style=\"font-weight: 400;\" aria-level=\"1\"><span style=\"font-weight: 400;\">Artisanat exquis &#8211; Savourez le go\u00fbt de Melinis, un miel biologique soigneusement fabriqu\u00e9 \u00e0 la main avec du goji et de l&rsquo;argousier. D\u00e9couvrez une richesse nutritive et une texture velout\u00e9e qui s\u00e9duisent vos sens. <\/span><\/li>\n<li style=\"font-weight: 400;\" aria-level=\"1\"><b>M\u00e9thode unique de traitement \u00e0 froid<\/b><span style=\"font-weight: 400;\"> -Dans notre traitement sp\u00e9cial \u00e0 basse temp\u00e9rature, le m\u00e9lange de miel et de baies de goji est doucement d\u00e9shydrat\u00e9 \u00e0 des temp\u00e9ratures inf\u00e9rieures \u00e0 38\u00b0C. Il imite la mani\u00e8re naturelle dont les abeilles cr\u00e9ent le miel, en pr\u00e9servant les enzymes, les antioxydants et les nutriments pour un maximum de bienfaits pour la sant\u00e9 et de saveur. <\/span><\/li>\n<li style=\"font-weight: 400;\" aria-level=\"1\"><span style=\"font-weight: 400;\">Boost pour le bien-\u00eatre et le syst\u00e8me immunitaire &#8211; Renforcez votre syst\u00e8me immunitaire et sentez la diff\u00e9rence. La combinaison unique de miel et de baies de goji a un effet revigorant et soutient durablement votre bien-\u00eatre. <\/span><\/li>\n<li style=\"font-weight: 400;\" aria-level=\"1\"><span style=\"font-weight: 400;\">Parfaite pour les go\u00fbts raffin\u00e9s &#8211; Que ce soit sur du pain frais, dans votre yaourt ou avec du fromage fin, la cr\u00e8me au miel Melinis apporte un plaisir gourmand \u00e0 vos repas et \u00e0 vos en-cas. Essayez-la et laissez-vous surprendre par sa polyvalence. <\/span><\/li>\n<li style=\"font-weight: 400;\" aria-level=\"1\"><span style=\"font-weight: 400;\">SATISFACTION GARANTIE &#8211; Essayez Melinis sans risque. Nous nous engageons \u00e0 respecter les normes les plus strictes et \u00e0 offrir un go\u00fbt authentique qui d\u00e9passe vos attentes et vous donne le sourire. <\/span><\/li>\n<li style=\"font-weight: 400;\" aria-level=\"1\"><span style=\"font-weight: 400;\">La philosophie de Melinis &#8211; Chez Melinis, nous combinons tradition et innovation pour vous offrir des produits d&rsquo;\u00e9picerie fine de premi\u00e8re qualit\u00e9. Notre passion pour la qualit\u00e9 et les ingr\u00e9dients naturels met en valeur chaque produit. <\/span><\/li>\n<\/ul>\n<h3><b>Informations sur le produit<\/b> <span style=\"font-weight: 400;\">:<\/span><\/h3>\n<p><span style=\"font-weight: 400;\"><strong>R\u00e9gion d&rsquo;origine : <\/strong>UE &#8211; Roumanie<\/span><\/p>\n<p><span style=\"font-weight: 400;\"><strong>Fabricant :<\/strong> Atelierele Melinis SRL<\/span><\/p>\n<p><span style=\"font-weight: 400;\"><strong>Forme de l&rsquo;article :<\/strong> Verre<\/span><\/p>\n<h3><strong>Mesures:<\/strong><\/h3>\n<p><span style=\"font-weight: 400;\"><strong>Poids de l&#8217;emballage de l&rsquo;article :<\/strong> 400g<\/span> <b>Pas<\/b> <span style=\"font-weight: 400;\">de Poids de l&rsquo;article<\/span><\/p>\n<p><span style=\"font-weight: 400;\"><strong>Dimensions : <\/strong>6,3 cm x 6,3 cm x 8,0 cm : 6,3cm x 6,3 cm x 8,0 cm<\/span><\/p>\n<h3><b>Description du produit<\/b><\/h3>\n<p><b>Cr\u00e8me de Goji Melinis<\/b><span style=\"font-weight: 400;\"> associe du miel multifleur cru et biologique \u00e0 des baies de goji riches en nutriments, connues pour \u00eatre l&rsquo;un des super-aliments les plus sains. Ces baies regorgent d&rsquo;antioxydants, de vitamines et de min\u00e9raux, ce qui en fait un alli\u00e9 naturel. <\/span><\/p>\n<p><span style=\"font-weight: 400;\">Gr\u00e2ce \u00e0 une m\u00e9thode unique de traitement \u00e0 froid, la cr\u00e8me de Goji de Melinis pr\u00e9serve l&rsquo;int\u00e9grit\u00e9 nutritionnelle de ses ingr\u00e9dients, cr\u00e9ant une texture cr\u00e9meuse et d\u00e9licate qui conserve tous les bienfaits naturels du miel et des baies de Goji. Ce produit unique peut \u00eatre d\u00e9gust\u00e9 seul ou accompagn\u00e9 de fromages, de toasts ou de c\u00e9r\u00e9ales pour un plaisir sain et d\u00e9licieux. <\/span><\/p>\n<p><span style=\"font-weight: 400;\">Chez Melinis, nous sommes fiers de notre processus de production unique, inspir\u00e9 du travail naturel des abeilles dans leur ruche. Tout comme les abeilles ventilent leur miel pour en r\u00e9duire la teneur en eau, nous m\u00e9langeons d\u00e9licatement les fruits crus au miel et traitons ce m\u00e9lange \u00e0 l&rsquo;aide d&rsquo;\u00e9quipements sp\u00e9cialement con\u00e7us, appel\u00e9s homog\u00e9n\u00e9isateurs. Ces machines maintiennent une temp\u00e9rature contr\u00f4l\u00e9e de 35-38\u00b0C et utilisent des courants d&rsquo;air tr\u00e8s sec pour \u00e9vaporer l&rsquo;eau du m\u00e9lange sur une p\u00e9riode de 2 \u00e0 4 semaines. Cette m\u00e9thode lente et minutieuse permet de conserver les fruits dans leur \u00e9tat quasi naturel, sans les faire bouillir ni les pasteuriser, ce qui garantit une valeur nutritionnelle maximale et une saveur authentique dans chaque pot.   <\/span><\/p>\n<h3><b>Pourquoi choisir la cr\u00e8me Goji de Melinis ?<\/b><\/h3>\n<p><span style=\"font-weight: 400;\">Les baies de Goji sont un super-aliment dont l&rsquo;histoire est riche en mati\u00e8re de sant\u00e9 et de vitalit\u00e9. Combin\u00e9es au miel biologique brut, elles cr\u00e9ent une p\u00e2te \u00e0 tartiner unique et savoureuse. <\/span><\/p>\n<h3><b>D\u00e9couvrez l&rsquo;\u00e9nergie naturelle des baies de Goji<\/b><\/h3>\n<p><span style=\"font-weight: 400;\">Add<\/span> <b>Melinis Goji Cream<\/b> <span style=\"font-weight: 400;\">to your cart now and savor the health benefits and gourmet flavor of this cold-processed, artisanal delicacy!<\/span><\/p>\n<h3><b>S\u00e9curit\u00e9<\/b><\/h3>\n<p><span style=\"font-weight: 400;\">Comme nous utilisons du miel brut, ce produit n&rsquo;est pas recommand\u00e9 pour les enfants de moins de 12 mois. <\/span><\/p>\n<h3><b>Instructions de stockage<\/b><span style=\"font-weight: 400;\">:<\/span><\/h3>\n<p><span style=\"font-weight: 400;\">Conservez le produit, m\u00eame apr\u00e8s ouverture, dans un endroit frais et sec, \u00e0 l&rsquo;abri de la lumi\u00e8re directe du soleil, \u00e0 une temp\u00e9rature comprise entre 18 et 25\u00b0C. Il n&rsquo;est pas n\u00e9cessaire de le mettre au r\u00e9frig\u00e9rateur. <\/span><\/p>\n<h3><b>Origine et durabilit\u00e9 <\/b><span style=\"font-weight: 400;\">:<\/span><\/h3>\n<p><span style=\"font-weight: 400;\">Exclusivement produit en Roumanie, Melinis Wild Cranberries soutient les apiculteurs biologiques locaux et la r\u00e9colte durable des canneberges sauvages. Chaque pot est fabriqu\u00e9 avec soin, en petites quantit\u00e9s, afin de pr\u00e9server la puret\u00e9 et la qualit\u00e9 de chaque ingr\u00e9dient. <\/span><\/p>\n","protected":false},"excerpt":{"rendered":"<p><span style=\"font-weight: 400;\">P\u00e2te \u00e0 tartiner cr\u00e9meuse, 230 g, d\u00e9licatesse unique trait\u00e9e \u00e0 froid, antioxydant, sans conservateur, id\u00e9al pour le petit d\u00e9jeuner, les desserts, les collations et les garnitures saines &#8211; par Melinis<\/p>\n<p><\/span><b>Ingr\u00e9dients:<\/b> <span style=\"font-weight: 400;\">Miel multifleur biologique* 80%, baies de goji biologiques brutes* 15%, argousier biologique brut* 5%.<\/p>\n<p><\/span><span style=\"font-weight: 400;\">*De Roumanie<\/span><\/p>\n","protected":false},"featured_media":25176,"comment_status":"open","ping_status":"closed","template":"","meta":[],"product_brand":[],"product_cat":[1194],"product_tag":[],"class_list":{"0":"post-26078","1":"product","2":"type-product","3":"status-publish","4":"has-post-thumbnail","6":"product_cat-melinis-fr","8":"first","9":"instock","10":"shipping-taxable","11":"purchasable","12":"product-type-simple"},"_links":{"self":[{"href":"https:\/\/praxistrade.eu\/fr\/wp-json\/wp\/v2\/product\/26078","targetHints":{"allow":["GET"]}}],"collection":[{"href":"https:\/\/praxistrade.eu\/fr\/wp-json\/wp\/v2\/product"}],"about":[{"href":"https:\/\/praxistrade.eu\/fr\/wp-json\/wp\/v2\/types\/product"}],"replies":[{"embeddable":true,"href":"https:\/\/praxistrade.eu\/fr\/wp-json\/wp\/v2\/comments?post=26078"}],"wp:featuredmedia":[{"embeddable":true,"href":"https:\/\/praxistrade.eu\/fr\/wp-json\/wp\/v2\/media\/25176"}],"wp:attachment":[{"href":"https:\/\/praxistrade.eu\/fr\/wp-json\/wp\/v2\/media?parent=26078"}],"wp:term":[{"taxonomy":"product_brand","embeddable":true,"href":"https:\/\/praxistrade.eu\/fr\/wp-json\/wp\/v2\/product_brand?post=26078"},{"taxonomy":"product_cat","embeddable":true,"href":"https:\/\/praxistrade.eu\/fr\/wp-json\/wp\/v2\/product_cat?post=26078"},{"taxonomy":"product_tag","embeddable":true,"href":"https:\/\/praxistrade.eu\/fr\/wp-json\/wp\/v2\/product_tag?post=26078"}],"curies":[{"name":"wp","href":"https:\/\/api.w.org\/{rel}","templated":true}]}}