{"id":26084,"date":"2024-12-24T09:23:50","date_gmt":"2024-12-24T09:23:50","guid":{"rendered":"https:\/\/praxistrade.eu\/product\/miel-dacacia-et-framboises-a-tartiner\/"},"modified":"2024-12-24T09:23:50","modified_gmt":"2024-12-24T09:23:50","slug":"miel-dacacia-et-framboises-a-tartiner","status":"publish","type":"product","link":"https:\/\/praxistrade.eu\/fr\/produit\/miel-dacacia-et-framboises-a-tartiner\/","title":{"rendered":"Miel d&rsquo;acacia et framboises \u00e0 tartiner"},"content":{"rendered":"<h3><b>A propos de cet article<\/b><span style=\"font-weight: 400;\">:<\/span><\/h3>\n<p><span style=\"font-weight: 400;\">Le poids de l&rsquo;article est de 230g et <\/span><span style=\"font-weight: 400;\">non 400g<\/span><\/p>\n<p><span style=\"font-weight: 400;\"><strong>Poids de l&#8217;emballage de l&rsquo;article :<\/strong> 400g<\/span><\/p>\n<p><span style=\"font-weight: 400;\"><strong>Type de miel :<\/strong> Acacia<\/span><\/p>\n<ul>\n<li style=\"font-weight: 400;\" aria-level=\"1\"><span style=\"font-weight: 400;\">Le luxe fruit\u00e9 et biologique dans votre assiette &#8211; D\u00e9couvrez la fusion parfaite de 65 % de miel d&rsquo;acacia biologique et de 25 % de p\u00e2te de framboise fra\u00eeche pour une exp\u00e9rience gustative incomparablement sucr\u00e9e et fruit\u00e9e.<\/span><\/li>\n<li style=\"font-weight: 400;\" aria-level=\"1\"><b>M\u00e9thode unique de traitement \u00e0 froid<\/b><span style=\"font-weight: 400;\"> &#8211; Lors de notre traitement sp\u00e9cial \u00e0 basse temp\u00e9rature, le m\u00e9lange de miel et de framboises est d\u00e9licatement d\u00e9shydrat\u00e9 \u00e0 des temp\u00e9ratures inf\u00e9rieures \u00e0 38\u00b0C. Ce proc\u00e9d\u00e9 imite la mani\u00e8re naturelle dont les abeilles cr\u00e9ent le miel, en pr\u00e9servant les enzymes, les antioxydants et les nutriments pour un maximum de bienfaits pour la sant\u00e9 et de saveur. <\/span><\/li>\n<li style=\"font-weight: 400;\" aria-level=\"1\"><span style=\"font-weight: 400;\">Qualit\u00e9 artisanale &#8211; Traitement d\u00e9licat \u00e0 moins de 38\u00b0C pour pr\u00e9server les ar\u00f4mes naturels et la couleur vive des framboises. Une qualit\u00e9 que vous pouvez go\u00fbter ! <\/span><\/li>\n<li style=\"font-weight: 400;\" aria-level=\"1\"><span style=\"font-weight: 400;\">Commencez la journ\u00e9e en vous faisant plaisir &#8211; que ce soit sur du pain frais, des croissants ou dans vos c\u00e9r\u00e9ales pour le petit-d\u00e9jeuner &#8211; cette p\u00e2te \u00e0 tartiner fait de chaque bouch\u00e9e un moment sp\u00e9cial.<\/span><\/li>\n<li style=\"font-weight: 400;\" aria-level=\"1\"><span style=\"font-weight: 400;\">Velout\u00e9 et facile \u00e0 \u00e9taler &#8211; La consistance cr\u00e9meuse garantit une application sans effort et une exp\u00e9rience gustative luxueuse \u00e0 tout moment de la journ\u00e9e.<\/span><\/li>\n<li style=\"font-weight: 400;\" aria-level=\"1\"><span style=\"font-weight: 400;\">100% d&rsquo;ingr\u00e9dients purs &#8211; Sans additifs artificiels et fabriqu\u00e9s \u00e0 partir d&rsquo;ingr\u00e9dients de haute qualit\u00e9 &#8211; pour les amateurs de plaisir conscients.<\/span><\/li>\n<li style=\"font-weight: 400;\" aria-level=\"1\"><span style=\"font-weight: 400;\">Inspirations gustatives cr\u00e9atives &#8211; Affinez vos desserts, vos smoothies ou vos cr\u00e8mes glac\u00e9es avec l&rsquo;irr\u00e9sistible ar\u00f4me de framboises et de miel. Un must pour des d\u00e9lices culinaires cr\u00e9atifs <\/span><\/li>\n<li style=\"font-weight: 400;\" aria-level=\"1\"><span style=\"font-weight: 400;\">L&rsquo;\u00e9t\u00e9 en toute saison &#8211; Le go\u00fbt frais et fruit\u00e9 des framboises apporte la chaleur de l&rsquo;\u00e9t\u00e9 dans votre maison, m\u00eame par temps frais.<\/span><\/li>\n<\/ul>\n<h3><b>Informations sur le produit<\/b> <span style=\"font-weight: 400;\">:<\/span><\/h3>\n<p><span style=\"font-weight: 400;\"><strong>R\u00e9gion d&rsquo;origine : <\/strong>UE &#8211; Roumanie<\/span><\/p>\n<p><span style=\"font-weight: 400;\"><strong>Fabricant :<\/strong> Atelierele Melinis SRL<\/span><\/p>\n<p><span style=\"font-weight: 400;\"><strong>Forme de l&rsquo;article :<\/strong> Verre<\/span><\/p>\n<h3><strong>Mesures:<\/strong><\/h3>\n<p><span style=\"font-weight: 400;\"><strong>Poids de l&#8217;emballage de l&rsquo;article :<\/strong> 400g<\/span> <b>Pas<\/b> <span style=\"font-weight: 400;\">de Poids de l&rsquo;article<\/span><\/p>\n<p><span style=\"font-weight: 400;\"><strong>Dimensions : <\/strong>6,3 cm x 6,3 cm x 8,0 cm : 6,3cm x 6,3 cm x 8,0 cm<\/span><\/p>\n<h3><b>Description du produit<\/b><\/h3>\n<p><span style=\"font-weight: 400;\">Faites plaisir \u00e0 vos sens avec<\/span> <b>Melinis Framboise rafra\u00eechissante<\/b><span style=\"font-weight: 400;\">, le miel d&rsquo;acacia est un m\u00e9lange de premi\u00e8re qualit\u00e9 de miel d&rsquo;acacia biologique brut et de pulpe de framboise fra\u00eechement r\u00e9colt\u00e9e. Cette p\u00e2te \u00e0 tartiner luxueuse capture la couleur vibrante, la texture d\u00e9licate et l&rsquo;ar\u00f4me naturel des framboises m\u00fbres, parfaitement rehauss\u00e9s par la douceur onctueuse du miel d&rsquo;acacia. Chaque cuiller\u00e9e vous offre l&rsquo;essence chaleureuse de l&rsquo;\u00e9t\u00e9, m\u00eame pendant les journ\u00e9es les plus froides.  <\/span><\/p>\n<p><span style=\"font-weight: 400;\">Gr\u00e2ce \u00e0 une m\u00e9thode unique de traitement \u00e0 froid, Melinis Refreshing Raspberry conserve les nutriments naturels, les antioxydants et les enzymes de ses ingr\u00e9dients, cr\u00e9ant ainsi une friandise polyvalente et b\u00e9n\u00e9fique pour la sant\u00e9. Avec sa texture soyeuse et sa saveur riche, cette friandise artisanale est parfaite pour le petit-d\u00e9jeuner, les desserts ou un en-cas \u00e9nergisant. <\/span><\/p>\n<p><span style=\"font-weight: 400;\">Chez Melinis, nous sommes fiers de notre processus de production unique, inspir\u00e9 du travail naturel des abeilles dans leur ruche. Tout comme les abeilles ventilent leur miel pour en r\u00e9duire la teneur en eau, nous m\u00e9langeons d\u00e9licatement les fruits crus au miel et traitons ce m\u00e9lange \u00e0 l&rsquo;aide d&rsquo;\u00e9quipements sp\u00e9cialement con\u00e7us, appel\u00e9s homog\u00e9n\u00e9isateurs. Ces machines maintiennent une temp\u00e9rature contr\u00f4l\u00e9e de 35-38\u00b0C et utilisent des courants d&rsquo;air tr\u00e8s sec pour \u00e9vaporer l&rsquo;eau du m\u00e9lange sur une p\u00e9riode de 2 \u00e0 4 semaines. Cette m\u00e9thode lente et minutieuse permet de conserver les fruits dans leur \u00e9tat quasi naturel, sans les faire bouillir ni les pasteuriser, ce qui garantit une valeur nutritionnelle maximale et une saveur authentique dans chaque pot.   <\/span><\/p>\n<h3><b>Suggestions d&rsquo;utilisation :<\/b><\/h3>\n<p><span style=\"font-weight: 400;\">Appr\u00e9ciez<\/span> <b>Melinis Framboise rafra\u00eechissante<\/b><span style=\"font-weight: 400;\"> comme p\u00e2te \u00e0 tartiner sur des toasts, des cr\u00eapes ou des gaufres, ou incorporez-la dans un yaourt pour un en-cas vibrant et riche en nutriments. Sa saveur audacieuse et rafra\u00eechissante en fait un excellent nappage pour la cr\u00e8me glac\u00e9e ou une garniture parfaite pour les p\u00e2tisseries. Pour une touche sophistiqu\u00e9e, associez-le \u00e0 du chocolat noir ou \u00e0 des fromages fins.  <\/span><\/p>\n<h3><b>Pourquoi choisir Melinis Framboise rafra\u00eechissante ?<\/b><\/h3>\n<p><span style=\"font-weight: 400;\">La douceur naturelle du miel d&rsquo;acacia biologique brut rencontre la fra\u00eecheur acidul\u00e9e des framboises dans ce d\u00e9lice unique, trait\u00e9 \u00e0 froid. Gorg\u00e9 de nutriments et d&rsquo;antioxydants, c&rsquo;est un ajout d\u00e9licieux et b\u00e9n\u00e9fique pour la sant\u00e9 \u00e0 votre garde-manger, offrant \u00e0 la fois une saveur gourmande et des bienfaits pour le bien-\u00eatre. <\/span><\/p>\n<h3><b>D\u00e9couvrez le go\u00fbt de l&rsquo;\u00e9t\u00e9 dans chaque cuiller\u00e9e<\/b><\/h3>\n<p><span style=\"font-weight: 400;\">Ajouter<\/span> <b>Melinis Rafra\u00eechissant Framboise<\/b> <span style=\"font-weight: 400;\">\u00e0 votre panier et savourez la saveur vibrante, les bienfaits pour la sant\u00e9 et la qualit\u00e9 artisanale de cette friandise transform\u00e9e \u00e0 froid de premi\u00e8re qualit\u00e9 !<\/span><\/p>\n<h3><b>S\u00e9curit\u00e9<\/b><\/h3>\n<p><span style=\"font-weight: 400;\">Comme nous utilisons du miel brut, ce produit n&rsquo;est pas recommand\u00e9 pour les enfants de moins de 12 mois. <\/span><\/p>\n<h3><b>Instructions de stockage<\/b><span style=\"font-weight: 400;\">:<\/span><\/h3>\n<p><span style=\"font-weight: 400;\">Conservez le produit, m\u00eame apr\u00e8s ouverture, dans un endroit frais et sec, \u00e0 l&rsquo;abri de la lumi\u00e8re directe du soleil, \u00e0 une temp\u00e9rature comprise entre 18 et 25\u00b0C. Il n&rsquo;est pas n\u00e9cessaire de le mettre au r\u00e9frig\u00e9rateur. <\/span><\/p>\n<h3><b>Origine et durabilit\u00e9 <\/b><span style=\"font-weight: 400;\">:<\/span><\/h3>\n<p><span style=\"font-weight: 400;\">Exclusivement produit en Roumanie, Melinis Wild Cranberries soutient les apiculteurs biologiques locaux et la r\u00e9colte durable des canneberges sauvages. Chaque pot est fabriqu\u00e9 avec soin, en petites quantit\u00e9s, afin de pr\u00e9server la puret\u00e9 et la qualit\u00e9 de chaque ingr\u00e9dient. <\/span><\/p>\n","protected":false},"excerpt":{"rendered":"<p> <span style=\"font-weight: 400;\">65% miel, 25% p\u00e2te de framboise, affin\u00e9 au jus de citron, id\u00e9al pour le petit d\u00e9jeuner, les desserts et les smoothies &#8211; par Melinis<\/p>\n<p><\/span><b>Ingr\u00e9dients<\/b>: <span style=\"font-weight: 400;\">Miel d&rsquo;acacia biologique* 65%, pulpe de framboise brute* 25%, jus de citron 10% ;<\/p>\n<p><\/span><span style=\"font-weight: 400;\">*De Roumanie<\/span><\/p>\n","protected":false},"featured_media":25249,"comment_status":"open","ping_status":"closed","template":"","meta":[],"product_brand":[],"product_cat":[1194],"product_tag":[],"class_list":{"0":"post-26084","1":"product","2":"type-product","3":"status-publish","4":"has-post-thumbnail","6":"product_cat-melinis-fr","8":"first","9":"instock","10":"shipping-taxable","11":"purchasable","12":"product-type-simple"},"_links":{"self":[{"href":"https:\/\/praxistrade.eu\/fr\/wp-json\/wp\/v2\/product\/26084","targetHints":{"allow":["GET"]}}],"collection":[{"href":"https:\/\/praxistrade.eu\/fr\/wp-json\/wp\/v2\/product"}],"about":[{"href":"https:\/\/praxistrade.eu\/fr\/wp-json\/wp\/v2\/types\/product"}],"replies":[{"embeddable":true,"href":"https:\/\/praxistrade.eu\/fr\/wp-json\/wp\/v2\/comments?post=26084"}],"wp:featuredmedia":[{"embeddable":true,"href":"https:\/\/praxistrade.eu\/fr\/wp-json\/wp\/v2\/media\/25249"}],"wp:attachment":[{"href":"https:\/\/praxistrade.eu\/fr\/wp-json\/wp\/v2\/media?parent=26084"}],"wp:term":[{"taxonomy":"product_brand","embeddable":true,"href":"https:\/\/praxistrade.eu\/fr\/wp-json\/wp\/v2\/product_brand?post=26084"},{"taxonomy":"product_cat","embeddable":true,"href":"https:\/\/praxistrade.eu\/fr\/wp-json\/wp\/v2\/product_cat?post=26084"},{"taxonomy":"product_tag","embeddable":true,"href":"https:\/\/praxistrade.eu\/fr\/wp-json\/wp\/v2\/product_tag?post=26084"}],"curies":[{"name":"wp","href":"https:\/\/api.w.org\/{rel}","templated":true}]}}