{"id":26102,"date":"2024-12-24T09:44:17","date_gmt":"2024-12-24T09:44:17","guid":{"rendered":"https:\/\/praxistrade.eu\/product\/croquant-et-irresistible-set-3-x-40-g-miel-dacacia-aux-myrtilles-coings-et-cerises-acides\/"},"modified":"2024-12-24T09:44:17","modified_gmt":"2024-12-24T09:44:17","slug":"croquant-et-irresistible-set-3-x-40-g-miel-dacacia-aux-myrtilles-coings-et-cerises-acides","status":"publish","type":"product","link":"https:\/\/praxistrade.eu\/fr\/produit\/croquant-et-irresistible-set-3-x-40-g-miel-dacacia-aux-myrtilles-coings-et-cerises-acides\/","title":{"rendered":"Croquant et irr\u00e9sistible &#8211; Set 3 x 40 g &#8211; Miel d&rsquo;acacia aux myrtilles, coings et cerises acides"},"content":{"rendered":"<h3><b>A propos de cet article<\/b><span style=\"font-weight: 400;\">:<\/span><\/h3>\n<p><span style=\"font-weight: 400;\">Le poids de l&rsquo;article est de 120g et<\/span><span style=\"font-weight: 400;\"> non 350g<\/span><\/p>\n<p><span style=\"font-weight: 400;\"><strong>Poids de l&#8217;emballage de l&rsquo;article :<\/strong> 350g<\/span><\/p>\n<p><span style=\"font-weight: 400;\"><strong>Type de miel :<\/strong> Acacia ou multifleur<\/span><\/p>\n<h3><b>M\u00e9thode unique de traitement \u00e0 froid <\/b><span style=\"font-weight: 400;\">:<\/span> <\/h3>\n<p><span style=\"font-weight: 400;\">Lors de notre traitement sp\u00e9cial \u00e0 basse temp\u00e9rature, le m\u00e9lange de miel et de fruits est d\u00e9licatement d\u00e9shydrat\u00e9 \u00e0 des temp\u00e9ratures inf\u00e9rieures \u00e0 38\u00b0C. Ce proc\u00e9d\u00e9 imite la fa\u00e7on dont les abeilles cr\u00e9ent naturellement le miel, en pr\u00e9servant les enzymes, les antioxydants et les nutriments pour un maximum de bienfaits pour la sant\u00e9 et de saveur. <\/span><\/p>\n<h3><strong>Informations sur le produit :<\/strong><\/h3>\n<p><span style=\"font-weight: 400;\"><strong>R\u00e9gion d&rsquo;origine : <\/strong>UE &#8211; Roumanie<\/span><\/p>\n<p><span style=\"font-weight: 400;\"><strong>Fabricant :<\/strong> Atelierele Melinis SRL<\/span><\/p>\n<p><span style=\"font-weight: 400;\"><strong>Forme de l&rsquo;article :<\/strong> Verre<\/span><\/p>\n<h3><strong>Mesures:<\/strong><\/h3>\n<p><span style=\"font-weight: 400;\"><strong>Poids de l&#8217;emballage de l&rsquo;article :<\/strong> 350g<\/span> <b>Pas<\/b> <span style=\"font-weight: 400;\">de Poids de l&rsquo;article<\/span><\/p>\n<p><span style=\"font-weight: 400;\"><strong>Dimensions :<\/strong> 5cm x 5cm x 14cm<\/span><\/p>\n<h3><b>Description du produit<\/b><\/h3>\n<p><span style=\"font-weight: 400;\">Il s&rsquo;agit d&rsquo;une s\u00e9lection de produits \u00e9labor\u00e9s \u00e0 partir de miel d&rsquo;acacia et de fruits entiers. Ils ressemblent \u00e0 une confiture exquise mais sont bien plus que cela &#8211; \u00e9tant sans sucre et trait\u00e9s \u00e0 basse temp\u00e9rature. <\/span><\/p>\n<p><span style=\"font-weight: 400;\">Chez Melinis, nous sommes fiers de notre processus de production unique, inspir\u00e9 du travail naturel des abeilles dans leur ruche. Tout comme les abeilles ventilent leur miel pour en r\u00e9duire la teneur en eau, nous m\u00e9langeons d\u00e9licatement les fruits crus au miel et traitons ce m\u00e9lange \u00e0 l&rsquo;aide d&rsquo;\u00e9quipements sp\u00e9cialement con\u00e7us, appel\u00e9s homog\u00e9n\u00e9isateurs. Ces machines maintiennent une temp\u00e9rature contr\u00f4l\u00e9e de 35-38\u00b0C et utilisent des courants d&rsquo;air tr\u00e8s sec pour \u00e9vaporer l&rsquo;eau du m\u00e9lange sur une p\u00e9riode de 2 \u00e0 4 semaines. Cette m\u00e9thode lente et minutieuse permet de conserver les fruits dans leur \u00e9tat quasi naturel, sans les faire bouillir ni les pasteuriser, ce qui garantit une valeur nutritionnelle maximale et une saveur authentique dans chaque pot.   <\/span><\/p>\n<h3><b>S\u00e9curit\u00e9<\/b><\/h3>\n<p><span style=\"font-weight: 400;\">Comme nous utilisons du miel brut, ce produit n&rsquo;est pas recommand\u00e9 pour les enfants de moins de 12 mois. <\/span><\/p>\n<h3><b>Instructions de stockage<\/b><span style=\"font-weight: 400;\">:<\/span><\/h3>\n<p><span style=\"font-weight: 400;\">Conservez le produit, m\u00eame apr\u00e8s ouverture, dans un endroit sec, \u00e0 l&rsquo;abri de la lumi\u00e8re directe du soleil, \u00e0 une temp\u00e9rature comprise entre 18 et 25\u00b0C. Il n&rsquo;est pas n\u00e9cessaire de le mettre au r\u00e9frig\u00e9rateur. <\/span><\/p>\n<h3><b>Origine et durabilit\u00e9 <\/b><span style=\"font-weight: 400;\">:<\/span><\/h3>\n<p><span style=\"font-weight: 400;\">Exclusivement produits en Roumanie, nos produits soutiennent les apiculteurs biologiques locaux et les fermes biologiques locales. Chaque pot est fabriqu\u00e9 avec soin, en petites quantit\u00e9s, afin de pr\u00e9server la puret\u00e9 et la qualit\u00e9 de chaque ingr\u00e9dient. <\/span><\/p>\n","protected":false},"excerpt":{"rendered":"<p><span style=\"font-weight: 400;\">Trait\u00e9s en douceur \u00e0 moins de 38\u00b0C &#8211; M\u00e9lange de fruits crus de premi\u00e8re qualit\u00e9 pour le petit-d\u00e9jeuner, les desserts, les smoothies et les en-cas &#8211; par Melinis<\/span><\/p>\n<p><strong>Ingr\u00e9dients<\/strong><\/p>\n<ol>\n<li><span style=\"font-weight: 400;\"> Miel d&rsquo;acacia biologique* 70%, myrtilles sauvages brutes biologiques* 25%, argousier biologique* 5% ; <\/span><\/li>\n<li><span style=\"font-weight: 400;\"> Miel d&rsquo;acacia bio* 60%, coings crus* 30%, jus de citron, jus de feuilles de g\u00e9ranium.<\/span><\/li>\n<li><span style=\"font-weight: 400;\"> Miel d&rsquo;acacia biologique* 70%, cerise griotte brute* 30%. <\/span><\/li>\n<\/ol>\n<p><span style=\"font-weight: 400;\">*de Roumanie<\/span><\/p>\n","protected":false},"featured_media":25468,"comment_status":"open","ping_status":"closed","template":"","meta":[],"product_brand":[],"product_cat":[1194],"product_tag":[],"class_list":{"0":"post-26102","1":"product","2":"type-product","3":"status-publish","4":"has-post-thumbnail","6":"product_cat-melinis-fr","8":"first","9":"instock","10":"shipping-taxable","11":"purchasable","12":"product-type-simple"},"_links":{"self":[{"href":"https:\/\/praxistrade.eu\/fr\/wp-json\/wp\/v2\/product\/26102","targetHints":{"allow":["GET"]}}],"collection":[{"href":"https:\/\/praxistrade.eu\/fr\/wp-json\/wp\/v2\/product"}],"about":[{"href":"https:\/\/praxistrade.eu\/fr\/wp-json\/wp\/v2\/types\/product"}],"replies":[{"embeddable":true,"href":"https:\/\/praxistrade.eu\/fr\/wp-json\/wp\/v2\/comments?post=26102"}],"wp:featuredmedia":[{"embeddable":true,"href":"https:\/\/praxistrade.eu\/fr\/wp-json\/wp\/v2\/media\/25468"}],"wp:attachment":[{"href":"https:\/\/praxistrade.eu\/fr\/wp-json\/wp\/v2\/media?parent=26102"}],"wp:term":[{"taxonomy":"product_brand","embeddable":true,"href":"https:\/\/praxistrade.eu\/fr\/wp-json\/wp\/v2\/product_brand?post=26102"},{"taxonomy":"product_cat","embeddable":true,"href":"https:\/\/praxistrade.eu\/fr\/wp-json\/wp\/v2\/product_cat?post=26102"},{"taxonomy":"product_tag","embeddable":true,"href":"https:\/\/praxistrade.eu\/fr\/wp-json\/wp\/v2\/product_tag?post=26102"}],"curies":[{"name":"wp","href":"https:\/\/api.w.org\/{rel}","templated":true}]}}