{"id":26207,"date":"2025-02-26T17:45:02","date_gmt":"2025-02-26T17:45:02","guid":{"rendered":"https:\/\/praxistrade.eu\/product\/argousier-cru-biologique-avec-miel-multifleur-biologique\/"},"modified":"2025-02-26T17:45:02","modified_gmt":"2025-02-26T17:45:02","slug":"argousier-cru-biologique-avec-miel-multifleur-biologique","status":"publish","type":"product","link":"https:\/\/praxistrade.eu\/fr\/produit\/argousier-cru-biologique-avec-miel-multifleur-biologique\/","title":{"rendered":"Argousier cru biologique avec miel multifleur biologique"},"content":{"rendered":"<h3><b>A propos de cet article<\/b><span style=\"font-weight: 400;\">:<\/span><\/h3>\n<p><span style=\"font-weight: 400;\">Le poids de l&rsquo;article est de 230g et <\/span><span style=\"font-weight: 400;\">non 400g<\/span><\/p>\n<p><span style=\"font-weight: 400;\"><strong>Poids de l&#8217;emballage de l&rsquo;article :<\/strong> 400g<\/span><\/p>\n<p><span style=\"font-weight: 400;\"><strong>Type de miel : <\/strong>Multifleur<\/span><\/p>\n<ul>\n<li style=\"font-weight: 400;\" aria-level=\"1\"><span style=\"font-weight: 400;\">VOTRE SOIN QUOTIDIEN &#8211; Savourez chaque cuill\u00e8re de cette p\u00e2te \u00e0 tartiner sp\u00e9ciale au miel biologique qui dorlote vos sens et enrichit votre r\u00e9gime alimentaire. Id\u00e9al pour tous ceux qui recherchent le meilleur de la nature et du go\u00fbt. <\/span><\/li>\n<\/ul>\n<ul>\n<li style=\"font-weight: 400;\" aria-level=\"1\"><b>M\u00e9thode unique de traitement \u00e0 froid<\/b><span style=\"font-weight: 400;\"> &#8211; Dans notre proc\u00e9d\u00e9 sp\u00e9cial \u00e0 basse temp\u00e9rature, le m\u00e9lange de miel et de pulpe d&rsquo;argousier brute est doucement d\u00e9shydrat\u00e9 \u00e0 des temp\u00e9ratures inf\u00e9rieures \u00e0 38\u00b0C. Ce proc\u00e9d\u00e9 imite la fa\u00e7on dont les abeilles cr\u00e9ent naturellement le miel, en pr\u00e9servant les enzymes, les antioxydants et les nutriments pour un maximum de bienfaits pour la sant\u00e9 et de saveur. <\/span><\/li>\n<li style=\"font-weight: 400;\" aria-level=\"1\"><span style=\"font-weight: 400;\">Le go\u00fbt de la nature &#8211; Avec un m\u00e9lange exclusif de 50 %<\/span> <span style=\"font-weight: 400;\">de miel de fleurs multiples et de 50 % de pulpe d&rsquo;argousier. de miel de multifleur et de 50 % de pulpe d&rsquo;argousier, vous d\u00e9couvrirez le plaisir pur et la fra\u00eecheur que seule la nature peut offrir.<\/span><\/li>\n<li style=\"font-weight: 400;\" aria-level=\"1\"><span style=\"font-weight: 400;\">Texture velout\u00e9e, plaisir incomparable &#8211; Avec sa consistance unique et d\u00e9licate, cette p\u00e2te \u00e0 tartiner est parfaite pour commencer la journ\u00e9e en beaut\u00e9 ou comme r\u00e9compense sucr\u00e9e entre deux repas.<\/span><\/li>\n<li style=\"font-weight: 400;\" aria-level=\"1\"><span style=\"font-weight: 400;\">DOUCEUR NATURELLE SANS RELENT &#8211; Raffinez vos plats ou d\u00e9gustez la p\u00e2te \u00e0 tartiner pure &#8211; une alternative saine et d\u00e9licieuse qui fera danser vos papilles gustatives.<\/span><\/li>\n<li style=\"font-weight: 400;\" aria-level=\"1\"><span style=\"font-weight: 400;\">Un secret plein de nutriments &#8211; Enrichie en vitamines et min\u00e9raux pr\u00e9cieux, cette p\u00e2te \u00e0 tartiner est le compagnon id\u00e9al d&rsquo;une alimentation \u00e9quilibr\u00e9e et d&rsquo;un sentiment de bien-\u00eatre.<br \/><\/span><\/li>\n<li style=\"font-weight: 400;\" aria-level=\"1\"><span style=\"font-weight: 400;\">Savourez sans soucis &#8211; Sans additifs artificiels et facile \u00e0 conserver \u00e0 temp\u00e9rature ambiante, cette p\u00e2te \u00e0 tartiner vous apporte une qualit\u00e9 naturelle sans compromis.<\/span><\/li>\n<li style=\"font-weight: 400;\" aria-level=\"1\"><span style=\"font-weight: 400;\">La promesse Melinis &#8211; Faites confiance \u00e0 une marque qui d\u00e9fend des produits biologiques de haute qualit\u00e9 et qui s&rsquo;engage \u00e0 pr\u00e9server la nature. Melinis &#8211; o\u00f9 la qualit\u00e9 et le go\u00fbt vont de pair.<br \/> <\/span><\/li>\n<\/ul>\n<h3><b>Informations sur le produit<\/b> <span style=\"font-weight: 400;\">:<\/span><\/h3>\n<p><span style=\"font-weight: 400;\"><strong>R\u00e9gion d&rsquo;origine : <\/strong>UE &#8211; Roumanie<\/span><\/p>\n<p><span style=\"font-weight: 400;\"><strong>Fabricant :<\/strong> Atelierele Melinis SRL<\/span><\/p>\n<p><span style=\"font-weight: 400;\"><strong>Forme de l&rsquo;article :<\/strong> Verre<\/span><\/p>\n<p><span style=\"font-weight: 400;\">Utilisations recommand\u00e9es pour le produit : Appr\u00e9cier <\/span><b>Melinis Argousier Cr\u00e9meux<\/b> <b>\u00e0 tartiner<\/b><span style=\"font-weight: 400;\"> sur des toasts, des cr\u00eapes ou des gaufres, ou incorporez-le dans un yaourt pour un en-cas riche en nutriments. Sa saveur acidul\u00e9e et sucr\u00e9e se marie \u00e9galement \u00e0 merveille avec les smoothies, les parfaits ou comme garniture de desserts. Gr\u00e2ce \u00e0 ses propri\u00e9t\u00e9s naturelles, il est parfait comme friandise saine directement du pot.  <\/span><\/p>\n<h3><strong>Mesures:<\/strong><\/h3>\n<p><span style=\"font-weight: 400;\"><strong>Poids de l&#8217;emballage de l&rsquo;article :<\/strong> 400g<\/span> <b>Pas<\/b> <span style=\"font-weight: 400;\">de Poids de l&rsquo;article<\/span><\/p>\n<p><span style=\"font-weight: 400;\"><strong>Dimensions : <\/strong>6,3 cm x 6,3 cm x 8,0 cm : 6,3cm x 6,3 cm x 8,0 cm<\/span><\/p>\n<h3><b>Description du produit<\/b><\/h3>\n<p><span style=\"font-weight: 400;\">Lorsque le<\/span><b> miel multifleurs brut et biologique<\/b> <span style=\"font-weight: 400;\">rencontre les incroyables bienfaits de <\/span><b>l&rsquo;argousier brut ECO<\/b>, <span style=\"font-weight: 400;\">le r\u00e9sultat n&rsquo;est rien de moins qu&rsquo;un miracle naturel :<\/span> <b>la p\u00e2te \u00e0 tartiner cr\u00e9meuse \u00e0 l&rsquo;argousier Melinis<\/b><span style=\"font-weight: 400;\">. Ce m\u00e9lange luxueux associe 50 % de miel multifleur biologique et 50 % de pulpe d&rsquo;argousier brute biologique pour cr\u00e9er une texture lisse et cr\u00e9meuse et un go\u00fbt acidul\u00e9 raffin\u00e9. L&rsquo;utilisation d&rsquo;un   <\/span><b>m\u00e9thode unique de traitement \u00e0 froid<\/b>,<span style=\"font-weight: 400;\"> le m\u00e9lange de miel et d&rsquo;argousier est<\/span> <b>d\u00e9licatement d\u00e9shydrat\u00e9 ensemble \u00e0 des temp\u00e9ratures inf\u00e9rieures \u00e0 38\u00b0C<\/b><span style=\"font-weight: 400;\">, conservant tous les nutriments et saveurs naturels.<\/span><\/p>\n<p><span style=\"font-weight: 400;\">L&rsquo;argousier, connu depuis des si\u00e8cles comme un concentr\u00e9 de nutriments et de bienfaits pour la sant\u00e9, s&rsquo;associe parfaitement au miel pour cr\u00e9er un rem\u00e8de polyvalent et stimulant pour le syst\u00e8me immunitaire. Gorg\u00e9e de vitamines, de min\u00e9raux et d&rsquo;antioxydants, cette p\u00e2te \u00e0 tartiner artisanale est un moyen naturel de soutenir votre sant\u00e9 tout en profitant d&rsquo;une saveur d\u00e9licieuse. <\/span><\/p>\n<h3><b>Suggestions d&rsquo;utilisation :<\/b><\/h3>\n<p><span style=\"font-weight: 400;\">Appr\u00e9ciez <\/span><b>Melinis Argousier Cr\u00e9meux<\/b><b> \u00e0 tartiner<\/b><span style=\"font-weight: 400;\"> sur des toasts, des cr\u00eapes ou des gaufres, ou incorporez-le dans un yaourt pour un en-cas riche en nutriments. Sa saveur acidul\u00e9e et sucr\u00e9e se marie \u00e9galement \u00e0 merveille avec les smoothies, les parfaits ou comme garniture de desserts. Gr\u00e2ce \u00e0 ses propri\u00e9t\u00e9s naturelles, il est parfait comme friandise saine directement du pot.  <\/span><\/p>\n<p><b>Pourquoi choisir <\/b><b>Melinis L&rsquo;argousier<\/b> <b>cr\u00e9meaux ?<\/b><\/p>\n<p><span style=\"font-weight: 400;\">L&rsquo;argousier est un superaliment rare, qui contient beaucoup plus de vitamine C et d&rsquo;antioxydants que de nombreux fruits courants. Associ\u00e9 \u00e0 du miel de fleurs sauvages brut et biologique et fabriqu\u00e9 selon une m\u00e9thode unique de traitement \u00e0 froid, il devient une p\u00e2te \u00e0 tartiner pleine de nutriments et de saveur, con\u00e7ue pour renforcer votre sant\u00e9 de mani\u00e8re naturelle. <\/span><\/p>\n<h3><b>S\u00e9curit\u00e9<\/b><\/h3>\n<p><span style=\"font-weight: 400;\">Comme nous utilisons du miel brut, ce produit n&rsquo;est pas recommand\u00e9 pour les enfants de moins de 12 mois. <\/span><\/p>\n<h3><b>Instructions de stockage<\/b><span style=\"font-weight: 400;\">:<\/span><\/h3>\n<p><span style=\"font-weight: 400;\">Conservez le produit, m\u00eame apr\u00e8s ouverture, dans un endroit frais et sec, \u00e0 l&rsquo;abri de la lumi\u00e8re directe du soleil, \u00e0 une temp\u00e9rature comprise entre 18 et 25\u00b0C. Il n&rsquo;est pas n\u00e9cessaire de le mettre au r\u00e9frig\u00e9rateur. <\/span><\/p>\n<h3><b>Origine et durabilit\u00e9 <\/b><span style=\"font-weight: 400;\">:<\/span><\/h3>\n<p><span style=\"font-weight: 400;\">Exclusivement produit en Roumanie, Melinis Wild Cranberries soutient les apiculteurs biologiques locaux et la r\u00e9colte durable des canneberges sauvages. Chaque pot est fabriqu\u00e9 avec soin, en petites quantit\u00e9s, afin de pr\u00e9server la puret\u00e9 et la qualit\u00e9 de chaque ingr\u00e9dient. <\/span><\/p>\n","protected":false},"excerpt":{"rendered":"<p><span style=\"font-weight: 400;\">P\u00e2te \u00e0 tartiner cr\u00e9meuse, 230 g &#8211; D\u00e9licatesse unique trait\u00e9e \u00e0 froid, antioxydants, sans conservateurs, riche en nutriments, consistance velout\u00e9e &#8211; Par Melinis<\/p>\n<p><\/span><span style=\"font-weight: 400;\">Miel multifleur biologique* 50%, pulpe d&rsquo;argousier crue biologique* 50%.<\/p>\n<p><\/span><span style=\"font-weight: 400;\">*de Roumanie<\/span><\/p>\n","protected":false},"featured_media":26125,"comment_status":"open","ping_status":"closed","template":"","meta":[],"product_brand":[],"product_cat":[1194],"product_tag":[],"class_list":{"0":"post-26207","1":"product","2":"type-product","3":"status-publish","4":"has-post-thumbnail","6":"product_cat-melinis-fr","8":"first","9":"instock","10":"shipping-taxable","11":"purchasable","12":"product-type-simple"},"_links":{"self":[{"href":"https:\/\/praxistrade.eu\/fr\/wp-json\/wp\/v2\/product\/26207","targetHints":{"allow":["GET"]}}],"collection":[{"href":"https:\/\/praxistrade.eu\/fr\/wp-json\/wp\/v2\/product"}],"about":[{"href":"https:\/\/praxistrade.eu\/fr\/wp-json\/wp\/v2\/types\/product"}],"replies":[{"embeddable":true,"href":"https:\/\/praxistrade.eu\/fr\/wp-json\/wp\/v2\/comments?post=26207"}],"wp:featuredmedia":[{"embeddable":true,"href":"https:\/\/praxistrade.eu\/fr\/wp-json\/wp\/v2\/media\/26125"}],"wp:attachment":[{"href":"https:\/\/praxistrade.eu\/fr\/wp-json\/wp\/v2\/media?parent=26207"}],"wp:term":[{"taxonomy":"product_brand","embeddable":true,"href":"https:\/\/praxistrade.eu\/fr\/wp-json\/wp\/v2\/product_brand?post=26207"},{"taxonomy":"product_cat","embeddable":true,"href":"https:\/\/praxistrade.eu\/fr\/wp-json\/wp\/v2\/product_cat?post=26207"},{"taxonomy":"product_tag","embeddable":true,"href":"https:\/\/praxistrade.eu\/fr\/wp-json\/wp\/v2\/product_tag?post=26207"}],"curies":[{"name":"wp","href":"https:\/\/api.w.org\/{rel}","templated":true}]}}