{"id":24199,"date":"2015-07-22T07:19:25","date_gmt":"2015-07-22T06:19:25","guid":{"rendered":"https:\/\/praxistrade.eu\/praxis-trade\/"},"modified":"2024-09-10T06:54:50","modified_gmt":"2024-09-10T05:54:50","slug":"praxis-trade","status":"publish","type":"page","link":"https:\/\/praxistrade.eu\/it\/","title":{"rendered":"Praxis Trade"},"content":{"rendered":"\t\t<div data-elementor-type=\"wp-page\" data-elementor-id=\"24199\" class=\"elementor elementor-24199 elementor-14892\" data-elementor-post-type=\"page\">\n\t\t\t\t<div class=\"elementor-element elementor-element-b469a1b e-con-full e-flex e-con e-parent\" data-id=\"b469a1b\" data-element_type=\"container\" data-e-type=\"container\" data-settings=\"{&quot;background_background&quot;:&quot;classic&quot;}\">\n\t\t\t\t<div class=\"elementor-element elementor-element-ec5c0f2 elementor-widget elementor-widget-heading\" data-id=\"ec5c0f2\" data-element_type=\"widget\" data-e-type=\"widget\" data-widget_type=\"heading.default\">\n\t\t\t\t<div class=\"elementor-widget-container\">\n\t\t\t\t\t<h1 class=\"elementor-heading-title elementor-size-default\">Pi\u00f9 lingue con un solo codice QR  <\/h1>\t\t\t\t<\/div>\n\t\t\t\t<\/div>\n\t\t\t\t<div class=\"elementor-element elementor-element-a90cefb elementor-widget elementor-widget-heading\" data-id=\"a90cefb\" data-element_type=\"widget\" data-e-type=\"widget\" data-widget_type=\"heading.default\">\n\t\t\t\t<div class=\"elementor-widget-container\">\n\t\t\t\t\t<h2 class=\"elementor-heading-title elementor-size-default\">Soluzione ecologica per le vendite in Europa attraverso Amazon<\/h2>\t\t\t\t<\/div>\n\t\t\t\t<\/div>\n\t\t\t\t<div class=\"elementor-element elementor-element-38de326 elementor-view-default elementor-invisible elementor-widget elementor-widget-icon\" data-id=\"38de326\" data-element_type=\"widget\" data-e-type=\"widget\" data-settings=\"{&quot;_animation&quot;:&quot;slideInDown&quot;,&quot;_animation_mobile&quot;:&quot;slideInDown&quot;}\" data-widget_type=\"icon.default\">\n\t\t\t\t<div class=\"elementor-widget-container\">\n\t\t\t\t\t\t\t<div class=\"elementor-icon-wrapper\">\n\t\t\t<div class=\"elementor-icon\">\n\t\t\t<svg xmlns=\"http:\/\/www.w3.org\/2000\/svg\" viewBox=\"0 0 1000 1000\"><defs><style>      .cls-1 {        fill: #fff;      }    <\/style><\/defs><g><g id=\"Layer_1\"><polygon class=\"cls-1\" points=\"500 953.5 282.7 578.5 66.7 202.9 500 202.2 933.3 202.9 717.3 578.5 500 953.5\"><\/polygon><\/g><\/g><\/svg>\t\t\t<\/div>\n\t\t<\/div>\n\t\t\t\t\t\t<\/div>\n\t\t\t\t<\/div>\n\t\t\t\t<\/div>\n\t\t<div class=\"elementor-element elementor-element-7a898e0 e-flex e-con-boxed e-con e-parent\" data-id=\"7a898e0\" data-element_type=\"container\" data-e-type=\"container\" data-settings=\"{&quot;background_background&quot;:&quot;classic&quot;}\">\n\t\t\t\t\t<div class=\"e-con-inner\">\n\t\t<div class=\"elementor-element elementor-element-2686eaf e-con-full e-flex e-con e-child\" data-id=\"2686eaf\" data-element_type=\"container\" data-e-type=\"container\" data-settings=\"{&quot;background_background&quot;:&quot;classic&quot;}\">\n\t\t\t\t<div class=\"elementor-element elementor-element-417ffae elementor-widget elementor-widget-heading\" data-id=\"417ffae\" data-element_type=\"widget\" data-e-type=\"widget\" data-widget_type=\"heading.default\">\n\t\t\t\t<div class=\"elementor-widget-container\">\n\t\t\t\t\t<h3 class=\"elementor-heading-title elementor-size-default\">Il tuo negozio unico per qualit\u00e0 e convenienza<\/h3>\t\t\t\t<\/div>\n\t\t\t\t<\/div>\n\t\t\t\t<div class=\"elementor-element elementor-element-800ae25 elementor-widget elementor-widget-text-editor\" data-id=\"800ae25\" data-element_type=\"widget\" data-e-type=\"widget\" data-widget_type=\"text-editor.default\">\n\t\t\t\t<div class=\"elementor-widget-container\">\n\t\t\t\t\t\t\t\t\t<p>Offriamo una soluzione conveniente ed ecologica che facilita l&#8217;espansione in Europa dei venditori Amazon. Il nostro esclusivo sistema di codici QR si collega direttamente alla pagina dei tuoi prodotti sulla piattaforma europea PraxisTrade.eu, dove i tuoi prodotti sono disponibili in diverse lingue europee. In questo modo i tuoi clienti potranno accedere a tutte le informazioni di cui hanno bisogno in un unico posto, migliorando la loro esperienza di acquisto e rafforzando il tuo marchio.  <\/p>\n<p>La nostra soluzione elimina la necessit\u00e0 di descrizioni cartacee multilingue nelle tue confezioni. In questo modo si riducono gli sprechi e si risparmia spazio prezioso, soprattutto per i prodotti di piccole dimensioni. Inoltre, allinea il tuo marchio alle pratiche ecologiche, un aspetto importante per i consumatori europei.  <\/p>\t\t\t\t\t\t\t\t<\/div>\n\t\t\t\t<\/div>\n\t\t\t\t<\/div>\n\t\t<div class=\"elementor-element elementor-element-fcbd5f9 e-con-full e-flex e-con e-child\" data-id=\"fcbd5f9\" data-element_type=\"container\" data-e-type=\"container\" data-settings=\"{&quot;background_background&quot;:&quot;classic&quot;}\">\n\t\t\t\t<div class=\"elementor-element elementor-element-cdc3ec5 elementor-widget elementor-widget-spacer\" data-id=\"cdc3ec5\" data-element_type=\"widget\" data-e-type=\"widget\" data-widget_type=\"spacer.default\">\n\t\t\t\t<div class=\"elementor-widget-container\">\n\t\t\t\t\t\t\t<div class=\"elementor-spacer\">\n\t\t\t<div class=\"elementor-spacer-inner\"><\/div>\n\t\t<\/div>\n\t\t\t\t\t\t<\/div>\n\t\t\t\t<\/div>\n\t\t\t\t<\/div>\n\t\t\t\t\t<\/div>\n\t\t\t\t<\/div>\n\t\t<div class=\"elementor-element elementor-element-6a785c8 e-con-full e-flex e-con e-parent\" data-id=\"6a785c8\" data-element_type=\"container\" data-e-type=\"container\">\n\t\t<div class=\"elementor-element elementor-element-d382246 e-con-full e-flex e-con e-child\" data-id=\"d382246\" data-element_type=\"container\" data-e-type=\"container\" data-settings=\"{&quot;background_background&quot;:&quot;classic&quot;}\">\n\t\t\t\t<div class=\"elementor-element elementor-element-99916be elementor-widget elementor-widget-spacer\" data-id=\"99916be\" data-element_type=\"widget\" data-e-type=\"widget\" data-widget_type=\"spacer.default\">\n\t\t\t\t<div class=\"elementor-widget-container\">\n\t\t\t\t\t\t\t<div class=\"elementor-spacer\">\n\t\t\t<div class=\"elementor-spacer-inner\"><\/div>\n\t\t<\/div>\n\t\t\t\t\t\t<\/div>\n\t\t\t\t<\/div>\n\t\t\t\t<\/div>\n\t\t<div class=\"elementor-element elementor-element-a098303 e-con-full e-flex e-con e-child\" data-id=\"a098303\" data-element_type=\"container\" data-e-type=\"container\">\n\t\t\t\t<div class=\"elementor-element elementor-element-5ed0035 elementor-widget elementor-widget-heading\" data-id=\"5ed0035\" data-element_type=\"widget\" data-e-type=\"widget\" data-widget_type=\"heading.default\">\n\t\t\t\t<div class=\"elementor-widget-container\">\n\t\t\t\t\t<h3 class=\"elementor-heading-title elementor-size-default\">Come funziona?<\/h3>\t\t\t\t<\/div>\n\t\t\t\t<\/div>\n\t\t\t\t<div class=\"elementor-element elementor-element-b7d9893 elementor-widget elementor-widget-text-editor\" data-id=\"b7d9893\" data-element_type=\"widget\" data-e-type=\"widget\" data-widget_type=\"text-editor.default\">\n\t\t\t\t<div class=\"elementor-widget-container\">\n\t\t\t\t\t\t\t\t\t<p><span style=\"font-weight: 400;\">Una volta che avrai collaborato con noi, esamineremo e tradurremo i tuoi prodotti sulla base degli annunci Amazon o delle informazioni fornite e rilasceremo un codice QR unico per la pagina del tuo prodotto. <\/span><\/p>\n<p><span style=\"font-weight: 400;\">Puoi stampare questo codice sulla tua confezione o aggiungerlo come adesivo, insieme a semplici istruzioni e a indicatori di lingua come DE, FR, IT, ES, PL. Quando i clienti scansionano il codice, vengono indirizzati alla pagina dedicata sul nostro sito, ad esempio PraxisTrade.eu\/YourCompany. L\u00ec potranno visualizzare tutti i dettagli del prodotto nella loro lingua preferita. In questo modo le tue confezioni sono pi\u00f9 pulite, si riducono gli sprechi e i clienti hanno sempre le informazioni pi\u00f9 aggiornate a portata di mano!   <\/span><\/p>\n\t\t\t\t\t\t\t\t<\/div>\n\t\t\t\t<\/div>\n\t\t\t\t<div class=\"elementor-element elementor-element-8f47ea2 elementor-align-center elementor-widget elementor-widget-button\" data-id=\"8f47ea2\" data-element_type=\"widget\" data-e-type=\"widget\" data-widget_type=\"button.default\">\n\t\t\t\t<div class=\"elementor-widget-container\">\n\t\t\t\t\t\t\t\t\t<div class=\"elementor-button-wrapper\">\n\t\t\t\t\t<a class=\"elementor-button elementor-button-link elementor-size-sm\" href=\"https:\/\/praxistrade.eu\/it\/contatto\/\">\n\t\t\t\t\t\t<span class=\"elementor-button-content-wrapper\">\n\t\t\t\t\t\t\t\t\t<span class=\"elementor-button-text\">Richiedi un Preventivo<\/span>\n\t\t\t\t\t<\/span>\n\t\t\t\t\t<\/a>\n\t\t\t\t<\/div>\n\t\t\t\t\t\t\t\t<\/div>\n\t\t\t\t<\/div>\n\t\t\t\t<\/div>\n\t\t<div class=\"elementor-element elementor-element-445c266 e-con-full e-flex e-con e-child\" data-id=\"445c266\" data-element_type=\"container\" data-e-type=\"container\" data-settings=\"{&quot;background_background&quot;:&quot;classic&quot;}\">\n\t\t\t\t<div class=\"elementor-element elementor-element-5d6042c elementor-widget elementor-widget-spacer\" data-id=\"5d6042c\" data-element_type=\"widget\" data-e-type=\"widget\" data-widget_type=\"spacer.default\">\n\t\t\t\t<div class=\"elementor-widget-container\">\n\t\t\t\t\t\t\t<div class=\"elementor-spacer\">\n\t\t\t<div class=\"elementor-spacer-inner\"><\/div>\n\t\t<\/div>\n\t\t\t\t\t\t<\/div>\n\t\t\t\t<\/div>\n\t\t\t\t<\/div>\n\t\t\t\t<\/div>\n\t\t<div class=\"elementor-element elementor-element-5efdea6 e-flex e-con-boxed e-con e-parent\" data-id=\"5efdea6\" data-element_type=\"container\" data-e-type=\"container\" data-settings=\"{&quot;background_background&quot;:&quot;classic&quot;}\">\n\t\t\t\t\t<div class=\"e-con-inner\">\n\t\t<div class=\"elementor-element elementor-element-f2ce417 e-con-full e-flex e-con e-child\" data-id=\"f2ce417\" data-element_type=\"container\" data-e-type=\"container\">\n\t\t\t\t<div class=\"elementor-element elementor-element-e4369ee elementor-widget__width-inherit elementor-widget elementor-widget-text-editor\" data-id=\"e4369ee\" data-element_type=\"widget\" data-e-type=\"widget\" data-widget_type=\"text-editor.default\">\n\t\t\t\t<div class=\"elementor-widget-container\">\n\t\t\t\t\t\t\t\t\t<h4><strong>Codici QR<\/strong><\/h4>\n<p>Ci preoccupiamo sia della vostra azienda che del pianeta.<br \/>Il nostro sistema di codici QR elimina la necessit\u00e0 di manuali<br \/>multilingue stampati, riducendo gli sprechi di carta e aiutando<br \/>l&#8217;ambiente. Questo approccio non solo beneficia il pianeta Terra,<br \/>ma attrae anche i consumatori eco-consapevoli di oggi,<br \/>rendendo i vostri prodotti pi\u00f9 attraenti. <\/p>\n\t\t\t\t\t\t\t\t<\/div>\n\t\t\t\t<\/div>\n\t\t\t\t<\/div>\n\t\t<div class=\"elementor-element elementor-element-a32e0ce e-con-full e-flex e-con e-child\" data-id=\"a32e0ce\" data-element_type=\"container\" data-e-type=\"container\">\n\t\t\t\t<div class=\"elementor-element elementor-element-699566c elementor-widget__width-inherit elementor-widget elementor-widget-text-editor\" data-id=\"699566c\" data-element_type=\"widget\" data-e-type=\"widget\" data-widget_type=\"text-editor.default\">\n\t\t\t\t<div class=\"elementor-widget-container\">\n\t\t\t\t\t\t\t\t\t<h4><strong>Traduzione ibrida<\/strong><\/h4>\n<p>Il nostro processo di traduzione ibrido combina<br \/>la precisione dell&#8217;IA con l&#8217;intuizione culturale dei<br \/>traduttori umani, assicurando che le informazioni sui <br \/>vostri prodotti siano chiare e rilevanti in diversi mercati. <br \/>Questa attenzione ai dettagli vi aiuta a connettervi<br \/>pi\u00f9 efficacemente con i clienti europei. <\/p>\n\t\t\t\t\t\t\t\t<\/div>\n\t\t\t\t<\/div>\n\t\t\t\t<\/div>\n\t\t\t\t\t<\/div>\n\t\t\t\t<\/div>\n\t\t<div class=\"elementor-element elementor-element-9d0b9af e-flex e-con-boxed e-con e-parent\" data-id=\"9d0b9af\" data-element_type=\"container\" data-e-type=\"container\" data-settings=\"{&quot;background_background&quot;:&quot;classic&quot;}\">\n\t\t\t\t\t<div class=\"e-con-inner\">\n\t\t<div class=\"elementor-element elementor-element-be5b28b e-con-full e-flex e-con e-child\" data-id=\"be5b28b\" data-element_type=\"container\" data-e-type=\"container\" data-settings=\"{&quot;background_background&quot;:&quot;classic&quot;}\">\n\t\t\t\t<div class=\"elementor-element elementor-element-46eb07a elementor-widget elementor-widget-image\" data-id=\"46eb07a\" data-element_type=\"widget\" data-e-type=\"widget\" data-widget_type=\"image.default\">\n\t\t\t\t<div class=\"elementor-widget-container\">\n\t\t\t\t\t\t\t\t\t\t\t\t\t\t\t<img decoding=\"async\" src=\"https:\/\/praxistrade.eu\/wp-content\/uploads\/2024\/08\/Europe-map.svg\" class=\"attachment-full size-full wp-image-24546\" alt=\"\" \/>\t\t\t\t\t\t\t\t\t\t\t\t\t\t\t<\/div>\n\t\t\t\t<\/div>\n\t\t\t\t<\/div>\n\t\t<div class=\"elementor-element elementor-element-8c03646 e-con-full e-flex e-con e-child\" data-id=\"8c03646\" data-element_type=\"container\" data-e-type=\"container\">\n\t\t\t\t<div class=\"elementor-element elementor-element-b776d74 elementor-widget elementor-widget-heading\" data-id=\"b776d74\" data-element_type=\"widget\" data-e-type=\"widget\" data-widget_type=\"heading.default\">\n\t\t\t\t<div class=\"elementor-widget-container\">\n\t\t\t\t\t<h3 class=\"elementor-heading-title elementor-size-default\">Espandere il tuo raggio d'azione in Europa<\/h3>\t\t\t\t<\/div>\n\t\t\t\t<\/div>\n\t\t\t\t<div class=\"elementor-element elementor-element-571b6ed elementor-widget elementor-widget-text-editor\" data-id=\"571b6ed\" data-element_type=\"widget\" data-e-type=\"widget\" data-widget_type=\"text-editor.default\">\n\t\t\t\t<div class=\"elementor-widget-container\">\n\t\t\t\t\t\t\t\t\t<p>La collaborazione con PraxisTrade.eu ti offre molto di pi\u00f9 di un semplice servizio di traduzione: ti fornisce una piattaforma dedicata per presentare i tuoi prodotti. Riceverai una pagina personalizzata sul nostro sito, completa dei tuoi dati di contatto e delle informazioni sui prodotti. Questa pagina funge da punto di riferimento per potenziali distributori in tutta Europa, che possono facilmente richiedere preventivi per i tuoi articoli. In questo modo si aprono nuove opportunit\u00e0 per far crescere il tuo marchio attraverso una rete di distributori.<br \/>Se sei nuovo nel mercato europeo o vuoi espandere la tua presenza, la nostra piattaforma \u00e8 qui per supportarti. Semplifichiamo il processo di ingresso in pi\u00f9 mercati europei, in modo che tu possa concentrarti su ci\u00f2 che sai fare meglio: <strong>creare e vendere ottimi prodotti<\/strong>.    <\/p>\n\t\t\t\t\t\t\t\t<\/div>\n\t\t\t\t<\/div>\n\t\t\t\t<\/div>\n\t\t\t\t\t<\/div>\n\t\t\t\t<\/div>\n\t\t<div class=\"elementor-element elementor-element-d4b0cb1 e-con-full e-flex e-con e-parent\" data-id=\"d4b0cb1\" data-element_type=\"container\" data-e-type=\"container\">\n\t\t<div class=\"elementor-element elementor-element-d319f37 e-con-full e-flex e-con e-child\" data-id=\"d319f37\" data-element_type=\"container\" data-e-type=\"container\">\n\t\t\t\t<div class=\"elementor-element elementor-element-8c3339c elementor-widget elementor-widget-heading\" data-id=\"8c3339c\" data-element_type=\"widget\" data-e-type=\"widget\" data-widget_type=\"heading.default\">\n\t\t\t\t<div class=\"elementor-widget-container\">\n\t\t\t\t\t<h3 class=\"elementor-heading-title elementor-size-default\">Espansione in nuovi mercati<\/h3>\t\t\t\t<\/div>\n\t\t\t\t<\/div>\n\t\t\t\t<div class=\"elementor-element elementor-element-25ff72f elementor-widget elementor-widget-text-editor\" data-id=\"25ff72f\" data-element_type=\"widget\" data-e-type=\"widget\" data-widget_type=\"text-editor.default\">\n\t\t\t\t<div class=\"elementor-widget-container\">\n\t\t\t\t\t\t\t\t\t<p><span style=\"font-weight: 400;\">Sappiamo che l&#8217;espansione in un nuovo mercato pu\u00f2 essere impegnativa, soprattutto nel variegato panorama europeo. Ecco perch\u00e9 siamo qui per aiutarti. Il nostro team \u00e8 pronto a rispondere a tutte le tue domande, dal funzionamento dei nostri servizi all&#8217;ottimizzazione delle pagine dei tuoi prodotti per i clienti europei.  <\/span><\/p>\n<p><span style=\"font-weight: 400;\">Ci impegniamo a fornire un servizio clienti eccellente. Che tu sia in Europa o negli Stati Uniti, la nostra piattaforma \u00e8 progettata per soddisfare le tue esigenze e rendere la tua espansione il pi\u00f9 agevole possibile. <\/span><\/p>\n\t\t\t\t\t\t\t\t<\/div>\n\t\t\t\t<\/div>\n\t\t\t\t<\/div>\n\t\t<div class=\"elementor-element elementor-element-9c0f506 e-con-full e-flex e-con e-child\" data-id=\"9c0f506\" data-element_type=\"container\" data-e-type=\"container\" data-settings=\"{&quot;background_background&quot;:&quot;classic&quot;}\">\n\t\t\t\t<div class=\"elementor-element elementor-element-7574ad9 elementor-widget elementor-widget-spacer\" data-id=\"7574ad9\" data-element_type=\"widget\" data-e-type=\"widget\" data-widget_type=\"spacer.default\">\n\t\t\t\t<div class=\"elementor-widget-container\">\n\t\t\t\t\t\t\t<div class=\"elementor-spacer\">\n\t\t\t<div class=\"elementor-spacer-inner\"><\/div>\n\t\t<\/div>\n\t\t\t\t\t\t<\/div>\n\t\t\t\t<\/div>\n\t\t\t\t<\/div>\n\t\t\t\t<\/div>\n\t\t<div class=\"elementor-element elementor-element-5fd9de3 e-con-full e-flex e-con e-parent\" data-id=\"5fd9de3\" data-element_type=\"container\" data-e-type=\"container\" data-settings=\"{&quot;background_background&quot;:&quot;classic&quot;}\">\n\t\t\t\t<div class=\"elementor-element elementor-element-02c8476 elementor-widget elementor-widget-heading\" data-id=\"02c8476\" data-element_type=\"widget\" data-e-type=\"widget\" data-widget_type=\"heading.default\">\n\t\t\t\t<div class=\"elementor-widget-container\">\n\t\t\t\t\t<h3 class=\"elementor-heading-title elementor-size-default\">Catalogs<br>La tua porta verso il successo europeo <\/h3>\t\t\t\t<\/div>\n\t\t\t\t<\/div>\n\t\t\t\t<div class=\"elementor-element elementor-element-9e59cb8 elementor-widget__width-initial elementor-widget-mobile__width-inherit elementor-widget elementor-widget-text-editor\" data-id=\"9e59cb8\" data-element_type=\"widget\" data-e-type=\"widget\" data-widget_type=\"text-editor.default\">\n\t\t\t\t<div class=\"elementor-widget-container\">\n\t\t\t\t\t\t\t\t\t<p>E non riceverai solo un servizio, ma un partner che si impegna per il tuo successo in Europa. Offriamo una soluzione completa. Il nostro obiettivo \u00e8 quello di diventare un punto di riferimento per i distributori per scoprire nuovi prodotti.  <\/p>\n<p>Ecco perch\u00e9 i produttori qualificati possono caricare il loro catalogo PDF su PraxisTrade Catalogs per garantire che i distributori possano accedere al tuo PDF e scaricarlo nel modo in cui l&#8217;hai concepito.<\/p>\n<p>Siamo in contatto con diverse reti, oltre che con drogherie online o negozi di prodotti biologici che mirano a ridurre l&#8217;impatto ambientale e a fornire un&#8217;esperienza conveniente e a misura di cliente. Non esitare a contattarci per saperne di pi\u00f9. <\/p>\n<p>Unisciti a PraxisTrade.eu per compiere il prossimo passo verso l&#8217;espansione della tua attivit\u00e0 in Europa, in modo sicuro e sostenibile.<\/p>\n\t\t\t\t\t\t\t\t<\/div>\n\t\t\t\t<\/div>\n\t\t\t\t<div class=\"elementor-element elementor-element-efcd39a elementor-align-left elementor-widget elementor-widget-button\" data-id=\"efcd39a\" data-element_type=\"widget\" data-e-type=\"widget\" data-widget_type=\"button.default\">\n\t\t\t\t<div class=\"elementor-widget-container\">\n\t\t\t\t\t\t\t\t\t<div class=\"elementor-button-wrapper\">\n\t\t\t\t\t<a class=\"elementor-button elementor-button-link elementor-size-sm\" href=\"https:\/\/praxistrade.eu\/it\/contatto\/\">\n\t\t\t\t\t\t<span class=\"elementor-button-content-wrapper\">\n\t\t\t\t\t\t\t\t\t<span class=\"elementor-button-text\">Richiedi un Preventivo<\/span>\n\t\t\t\t\t<\/span>\n\t\t\t\t\t<\/a>\n\t\t\t\t<\/div>\n\t\t\t\t\t\t\t\t<\/div>\n\t\t\t\t<\/div>\n\t\t\t\t<\/div>\n\t\t<div class=\"elementor-element elementor-element-ada8c4b e-con-full elementor-hidden-mobile e-flex e-con e-parent\" data-id=\"ada8c4b\" data-element_type=\"container\" data-e-type=\"container\">\n\t\t<div class=\"elementor-element elementor-element-318669a e-con-full e-flex e-con e-child\" data-id=\"318669a\" data-element_type=\"container\" data-e-type=\"container\" data-settings=\"{&quot;background_background&quot;:&quot;classic&quot;}\">\n\t\t\t\t<div class=\"elementor-element elementor-element-133fefe elementor-widget elementor-widget-image\" data-id=\"133fefe\" data-element_type=\"widget\" data-e-type=\"widget\" data-widget_type=\"image.default\">\n\t\t\t\t<div class=\"elementor-widget-container\">\n\t\t\t\t\t\t\t\t\t\t\t\t\t\t\t<img decoding=\"async\" src=\"https:\/\/praxistrade.eu\/wp-content\/uploads\/2024\/07\/Member-of-Vilnius-chamber-of-commerce-and-industry-juodas.svg\" class=\"attachment-full size-full wp-image-24035\" alt=\"\" \/>\t\t\t\t\t\t\t\t\t\t\t\t\t\t\t<\/div>\n\t\t\t\t<\/div>\n\t\t\t\t<\/div>\n\t\t<div class=\"elementor-element elementor-element-fe3746c e-con-full e-flex e-con e-child\" data-id=\"fe3746c\" data-element_type=\"container\" data-e-type=\"container\">\n\t\t\t\t<div class=\"elementor-element elementor-element-caad1a0 elementor-widget elementor-widget-heading\" data-id=\"caad1a0\" data-element_type=\"widget\" data-e-type=\"widget\" data-widget_type=\"heading.default\">\n\t\t\t\t<div class=\"elementor-widget-container\">\n\t\t\t\t\t<h3 class=\"elementor-heading-title elementor-size-default\">Eccellenza affidabile e certificata<\/h3>\t\t\t\t<\/div>\n\t\t\t\t<\/div>\n\t\t\t\t<div class=\"elementor-element elementor-element-5ca13ed elementor-widget elementor-widget-text-editor\" data-id=\"5ca13ed\" data-element_type=\"widget\" data-e-type=\"widget\" data-widget_type=\"text-editor.default\">\n\t\t\t\t<div class=\"elementor-widget-container\">\n\t\t\t\t\t\t\t\t\t<p>Siamo orgogliosi di essere membri della Camera di Commercio, Industria e Artigianato di Vilnius, a testimonianza del nostro impegno verso la professionalit\u00e0 e le pratiche commerciali etiche. Inoltre, siamo stati riconosciuti come una delle aziende pi\u00f9 solide della Lituania per il 2023, evidenziando la nostra stabilit\u00e0 finanziaria e affidabilit\u00e0.<\/p>\n\t\t\t\t\t\t\t\t<\/div>\n\t\t\t\t<\/div>\n\t\t\t\t<\/div>\n\t\t<div class=\"elementor-element elementor-element-868f502 e-con-full e-flex e-con e-child\" data-id=\"868f502\" data-element_type=\"container\" data-e-type=\"container\" data-settings=\"{&quot;background_background&quot;:&quot;classic&quot;}\">\n\t\t\t\t<div class=\"elementor-element elementor-element-59fa2ed elementor-widget elementor-widget-image\" data-id=\"59fa2ed\" data-element_type=\"widget\" data-e-type=\"widget\" data-widget_type=\"image.default\">\n\t\t\t\t<div class=\"elementor-widget-container\">\n\t\t\t\t\t\t\t\t\t\t\t\t\t\t\t<img decoding=\"async\" width=\"1\" height=\"1\" src=\"https:\/\/praxistrade.eu\/wp-content\/uploads\/2024\/07\/Strongest-in-Lithuania-2023.svg\" class=\"attachment-large size-large wp-image-24043\" alt=\"\" \/>\t\t\t\t\t\t\t\t\t\t\t\t\t\t\t<\/div>\n\t\t\t\t<\/div>\n\t\t\t\t<\/div>\n\t\t\t\t<\/div>\n\t\t<div class=\"elementor-element elementor-element-7cc284c e-con-full elementor-hidden-desktop elementor-hidden-tablet e-flex e-con e-parent\" data-id=\"7cc284c\" data-element_type=\"container\" data-e-type=\"container\">\n\t\t<div class=\"elementor-element elementor-element-bf669e7 e-con-full e-flex e-con e-child\" data-id=\"bf669e7\" data-element_type=\"container\" data-e-type=\"container\">\n\t\t\t\t<div class=\"elementor-element elementor-element-fa59b30 elementor-widget elementor-widget-heading\" data-id=\"fa59b30\" data-element_type=\"widget\" data-e-type=\"widget\" data-widget_type=\"heading.default\">\n\t\t\t\t<div class=\"elementor-widget-container\">\n\t\t\t\t\t<h3 class=\"elementor-heading-title elementor-size-default\">Eccellenza affidabile e certificata<\/h3>\t\t\t\t<\/div>\n\t\t\t\t<\/div>\n\t\t\t\t<div class=\"elementor-element elementor-element-5912e03 elementor-widget elementor-widget-text-editor\" data-id=\"5912e03\" data-element_type=\"widget\" data-e-type=\"widget\" data-widget_type=\"text-editor.default\">\n\t\t\t\t<div class=\"elementor-widget-container\">\n\t\t\t\t\t\t\t\t\t<p>Siamo orgogliosi di essere membri della Camera di Commercio, Industria e Artigianato di Vilnius, a testimonianza del nostro impegno verso la professionalit\u00e0 e le pratiche commerciali etiche. Inoltre, siamo stati riconosciuti come una delle aziende pi\u00f9 solide della Lituania per il 2023, evidenziando la nostra stabilit\u00e0 finanziaria e affidabilit\u00e0.<\/p>\n\t\t\t\t\t\t\t\t<\/div>\n\t\t\t\t<\/div>\n\t\t\t\t<\/div>\n\t\t<div class=\"elementor-element elementor-element-a4b1f20 e-con-full e-flex e-con e-child\" data-id=\"a4b1f20\" data-element_type=\"container\" data-e-type=\"container\" data-settings=\"{&quot;background_background&quot;:&quot;classic&quot;}\">\n\t\t\t\t<div class=\"elementor-element elementor-element-c396b1f elementor-widget elementor-widget-image\" data-id=\"c396b1f\" data-element_type=\"widget\" data-e-type=\"widget\" data-widget_type=\"image.default\">\n\t\t\t\t<div class=\"elementor-widget-container\">\n\t\t\t\t\t\t\t\t\t\t\t\t\t\t\t<img decoding=\"async\" src=\"https:\/\/praxistrade.eu\/wp-content\/uploads\/2024\/07\/Member-of-Vilnius-chamber-of-commerce-and-industry-juodas.svg\" class=\"attachment-full size-full wp-image-24035\" alt=\"\" \/>\t\t\t\t\t\t\t\t\t\t\t\t\t\t\t<\/div>\n\t\t\t\t<\/div>\n\t\t\t\t<div class=\"elementor-element elementor-element-e88e7e2 elementor-widget elementor-widget-image\" data-id=\"e88e7e2\" data-element_type=\"widget\" data-e-type=\"widget\" data-widget_type=\"image.default\">\n\t\t\t\t<div class=\"elementor-widget-container\">\n\t\t\t\t\t\t\t\t\t\t\t\t\t\t\t<img decoding=\"async\" width=\"1\" height=\"1\" src=\"https:\/\/praxistrade.eu\/wp-content\/uploads\/2024\/07\/Strongest-in-Lithuania-2023.svg\" class=\"attachment-large size-large wp-image-24043\" alt=\"\" \/>\t\t\t\t\t\t\t\t\t\t\t\t\t\t\t<\/div>\n\t\t\t\t<\/div>\n\t\t\t\t<\/div>\n\t\t\t\t<\/div>\n\t\t\t\t<\/div>\n\t\t","protected":false},"excerpt":{"rendered":"<p>Pi\u00f9 lingue con un solo codice QR Soluzione ecologica per le vendite in Europa attraverso Amazon Il tuo negozio unico per qualit\u00e0 e convenienza Offriamo una soluzione conveniente ed ecologica che facilita l&#8217;espansione in Europa dei venditori Amazon. Il nostro esclusivo sistema di codici QR si collega direttamente alla pagina dei tuoi prodotti sulla piattaforma [&hellip;]<\/p>\n","protected":false},"author":2,"featured_media":0,"parent":0,"menu_order":0,"comment_status":"closed","ping_status":"open","template":"","meta":{"footnotes":""},"class_list":["post-24199","page","type-page","status-publish","hentry"],"_links":{"self":[{"href":"https:\/\/praxistrade.eu\/it\/wp-json\/wp\/v2\/pages\/24199","targetHints":{"allow":["GET"]}}],"collection":[{"href":"https:\/\/praxistrade.eu\/it\/wp-json\/wp\/v2\/pages"}],"about":[{"href":"https:\/\/praxistrade.eu\/it\/wp-json\/wp\/v2\/types\/page"}],"author":[{"embeddable":true,"href":"https:\/\/praxistrade.eu\/it\/wp-json\/wp\/v2\/users\/2"}],"replies":[{"embeddable":true,"href":"https:\/\/praxistrade.eu\/it\/wp-json\/wp\/v2\/comments?post=24199"}],"version-history":[{"count":6,"href":"https:\/\/praxistrade.eu\/it\/wp-json\/wp\/v2\/pages\/24199\/revisions"}],"predecessor-version":[{"id":24701,"href":"https:\/\/praxistrade.eu\/it\/wp-json\/wp\/v2\/pages\/24199\/revisions\/24701"}],"wp:attachment":[{"href":"https:\/\/praxistrade.eu\/it\/wp-json\/wp\/v2\/media?parent=24199"}],"curies":[{"name":"wp","href":"https:\/\/api.w.org\/{rel}","templated":true}]}}