{"id":23003,"date":"2024-07-11T17:02:49","date_gmt":"2024-07-11T16:02:49","guid":{"rendered":"https:\/\/praxistrade.eu\/product\/copriletto-in-lino-linas\/"},"modified":"2024-07-14T16:56:29","modified_gmt":"2024-07-14T15:56:29","slug":"copriletto-in-lino-linas","status":"publish","type":"product","link":"https:\/\/praxistrade.eu\/it\/prodotto\/copriletto-in-lino-linas\/","title":{"rendered":"Copriletto in lino LINAS"},"content":{"rendered":"<ul class=\"a-unordered-list a-vertical a-spacing-mini\">\n<li class=\"a-spacing-mini\">LUSSO SOSTENIBILE: realizzato con una miscela ecologica di lino lavato e filati riciclati, questo copriletto di qualit\u00e0 superiore non solo offre un comfort eccezionale, ma protegge anche il nostro pianeta. Perfetto per una casa attenta all&#8217;ambiente, unisce sostenibilit\u00e0 ed eleganza.<\/li>\n<li class=\"a-spacing-mini\">Giocoso ed elegante: decorato con frange allegre e lunghe 5 cm sui lati corti, questo piumino dona leggerezza e un tocco giocoso alla tua camera da letto o al tuo soggiorno.<\/li>\n<li class=\"a-spacing-mini\">DESIGN ARMONICO: con il suo accattivante colore verde, questo copriletto si adatta perfettamente a interni con schemi di colori simili, pastello o neutri. \u00c8 un elemento meraviglioso per aggiungere un tocco di design scandinavo e boho chic alla tua casa.<\/li>\n<li class=\"a-spacing-mini\">Qualit\u00e0 certificata: questa coperta per divano non \u00e8 solo un&#8217;attrazione, ma soddisfa anche gli standard pi\u00f9 elevati: \u00e8 certificata secondo l&#8217;Oeko-Tex Standard 100 e il GRS. Questo garantisce che \u00e8 privo di sostanze nocive e che \u00e8 stato prodotto in condizioni eque.<\/li>\n<li class=\"a-spacing-mini\">Grandi dimensioni: con una dimensione di 136 x 180 cm, la coperta offre molto spazio per essere accogliente. Sia che si tratti di una coperta per il divano o per il letto, offre spazio sufficiente per avvolgersi e sentirsi a proprio agio.<\/li>\n<li class=\"a-spacing-mini\">Versatile: questa coperta non \u00e8 solo un arricchimento per il letto o il divano, ma \u00e8 anche ideale come coperta per le serate fresche, come elegante coperta da picnic o come coperta accogliente. Un vero e proprio tuttofare per la tua casa.<\/li>\n<li class=\"a-spacing-mini\">DESIGN UNICO: lo stile scandinavo incontra l&#8217;atmosfera boho &#8211; questo copriletto combina il meglio di entrambi i mondi. Il loro design unico lo rende un elemento decorativo eccezionale che dona calore e stile alla tua casa.<\/li>\n<li class=\"a-spacing-mini\">REGALO PERFETTO: L&#8217;elegante confezione in un&#8217;accogliente scatola rende questo copriletto il regalo ideale per amici e parenti. Sorprendi la persona che ami con questo regalo di alta qualit\u00e0, elegante e pratico.<\/li>\n<li class=\"a-spacing-mini\">TRASPIRANTE E CUDOLOSA: la combinazione di lino e filati riciclati d\u00e0 vita a una coperta traspirante e coccolosa, adatta a tutte le stagioni. Goditi il comfort che meriti con una coperta che ti accompagner\u00e0 tutto l&#8217;anno.<br \/>\nFacile da curare per una bellezza duratura: questo copriletto non \u00e8 solo un punto di forza visivo, ma anche facile da curare, che mantiene la sua bellezza e morbidezza per molti anni. Un accessorio per la casa pratico e lussuoso che illuminer\u00e0 la tua casa.<\/li>\n<\/ul>\n","protected":false},"excerpt":{"rendered":"<p>Piumino Premium, coperta da letto Boho, coperta da divano dal design scandinavo, coperta da divano per divano e letto, coperta da divano, coperta traspirante e coccolosa, Plaid<\/p>\n","protected":false},"featured_media":21529,"comment_status":"open","ping_status":"closed","template":"","meta":[],"product_brand":[],"product_cat":[1084],"product_tag":[],"class_list":{"0":"post-23003","1":"product","2":"type-product","3":"status-publish","4":"has-post-thumbnail","6":"product_cat-casa-e-auto","8":"first","9":"instock","10":"shipping-taxable","11":"purchasable","12":"product-type-variable"},"_links":{"self":[{"href":"https:\/\/praxistrade.eu\/it\/wp-json\/wp\/v2\/product\/23003","targetHints":{"allow":["GET"]}}],"collection":[{"href":"https:\/\/praxistrade.eu\/it\/wp-json\/wp\/v2\/product"}],"about":[{"href":"https:\/\/praxistrade.eu\/it\/wp-json\/wp\/v2\/types\/product"}],"replies":[{"embeddable":true,"href":"https:\/\/praxistrade.eu\/it\/wp-json\/wp\/v2\/comments?post=23003"}],"wp:featuredmedia":[{"embeddable":true,"href":"https:\/\/praxistrade.eu\/it\/wp-json\/wp\/v2\/media\/21529"}],"wp:attachment":[{"href":"https:\/\/praxistrade.eu\/it\/wp-json\/wp\/v2\/media?parent=23003"}],"wp:term":[{"taxonomy":"product_brand","embeddable":true,"href":"https:\/\/praxistrade.eu\/it\/wp-json\/wp\/v2\/product_brand?post=23003"},{"taxonomy":"product_cat","embeddable":true,"href":"https:\/\/praxistrade.eu\/it\/wp-json\/wp\/v2\/product_cat?post=23003"},{"taxonomy":"product_tag","embeddable":true,"href":"https:\/\/praxistrade.eu\/it\/wp-json\/wp\/v2\/product_tag?post=23003"}],"curies":[{"name":"wp","href":"https:\/\/api.w.org\/{rel}","templated":true}]}}