{"id":23652,"date":"2024-07-11T17:08:36","date_gmt":"2024-07-11T16:08:36","guid":{"rendered":"https:\/\/praxistrade.eu\/product\/asciugamani-in-cotone\/"},"modified":"2024-07-11T17:08:36","modified_gmt":"2024-07-11T16:08:36","slug":"asciugamani-in-cotone","status":"publish","type":"product","link":"https:\/\/praxistrade.eu\/it\/prodotto\/asciugamani-in-cotone\/","title":{"rendered":"Asciugamani in cotone"},"content":{"rendered":"<ul class=\"a-unordered-list a-vertical a-spacing-mini\">\n<li class=\"a-spacing-mini\">La massima qualit\u00e0 naturale per la tua pelle: scopri il lusso dei nostri asciugamani LINAS, realizzati con maestria in un misto di lino e cotone di alta qualit\u00e0. Non solo questi asciugamani sono sinonimo di comfort e assorbenza, ma assorbono ben il 20% del loro peso in umidit\u00e0 senza bagnarsi. Ideale per chi cerca un asciugamano tanto funzionale quanto chic. Perfetti per le pelli sensibili perch\u00e9 naturalmente ipoallergenici e antisettici, garantiscono una sensazione di benessere senza pari dopo ogni bagno o doccia.<\/li>\n<li class=\"a-spacing-mini\">Rispettoso della pelle e delle allergie &#8211; regala a te stesso e alla tua pelle il comfort che merita con i nostri asciugamani LINAS ipoallergenici e antisettici. Progettato per ridurre al minimo l&#8217;accumulo di sporco e mantenere la pelle protetta e rinfrescata. Questi lussuosi asciugamani sono un must per tutti coloro che tengono alla salute della pelle e alla sensazione di pulizia e freschezza. Il suo materiale morbido e la sua funzione protettiva naturale lo rendono la prima scelta per la pelle sensibile.<\/li>\n<li class=\"a-spacing-mini\">Un tocco di lusso per il tuo bagno &#8211; Aggiungi un tocco di lusso al tuo bagno con i nostri eleganti asciugamani LINAS di colore grigio. L&#8217;esclusivo design a cialda e il comodo passante per appenderlo combinano estetica e funzionalit\u00e0. Questi asciugamani non sono solo accattivanti, ma anche un segno del tuo ottimo gusto. Ideale per gli ospiti o come lusso quotidiano che trasforma qualsiasi routine in un&#8217;esperienza da spa.<\/li>\n<li class=\"a-spacing-mini\">Versatili e pratici: grazie alle generose dimensioni di 100 x 150 cm, i nostri asciugamani LINAS sono il compagno perfetto, sia in spiaggia che durante le sessioni di yoga, in viaggio o in sauna. Il suo materiale leggero ma assorbente lo rende l&#8217;accessorio ideale per qualsiasi attivit\u00e0. Che tu voglia prendere il sole o accoccolarti dopo un bagno rinfrescante, questo asciugamano \u00e8 la tua soluzione per il comfort e lo stile in movimento.<\/li>\n<li class=\"a-spacing-mini\">Certificato Oeko-Tex per il tuo benessere: prendiamo sul serio la tua salute e la tua sicurezza. I nostri asciugamani LINAS sono certificati secondo l&#8217;Oeko-Tex Standard 100, il che significa che sono privi di sostanze nocive e sono prodotti in modo responsabile. Investi in un prodotto ecologico e sicuro per tutta la famiglia. Perfetto per chi vive nel rispetto dell&#8217;ambiente e non vuole rinunciare alla qualit\u00e0 e allo stile.<\/li>\n<li class=\"a-spacing-mini\">Il regalo ideale: sei alla ricerca di un regalo pratico e premuroso? I nostri asciugamani LINAS sono contenuti in una scatola accattivante, pronta a rendere felice qualcuno. Che si tratti di feste di inaugurazione, matrimoni o compleanni, sono una scelta elegante che promette stile, comfort e sostenibilit\u00e0. Un regalo che sar\u00e0 sicuramente apprezzato e utilizzato, segno della tua cura e del tuo buon gusto.<\/li>\n<li class=\"a-spacing-mini\">Stile e funzionalit\u00e0 senza tempo: i nostri asciugamani in un attraente blu\/grigio non sono solo un must funzionale per ogni casa, ma anche una dichiarazione di stile. Si integrano perfettamente nell&#8217;arredamento di qualsiasi bagno e sono ideali per chi apprezza l&#8217;eleganza e la praticit\u00e0. Questi asciugamani sono l&#8217;accessorio definitivo che dona bellezza e funzionalit\u00e0 al tuo bagno.<\/li>\n<li class=\"a-spacing-mini\">Pronti per ogni occasione: in spiaggia, a lezione di yoga, in viaggio o semplicemente a casa, i nostri asciugamani LINAS sono un vero e proprio tuttofare. La sua versatilit\u00e0 e la lavorazione di alta qualit\u00e0 lo rendono il compagno ideale per ogni situazione. Goditi il comfort lussuoso e la pratica assorbenza ovunque tu sia, rendendo ogni momento un&#8217;esperienza di purezza e relax.<\/li>\n<li class=\"a-spacing-mini\">Qualit\u00e0 durevole: investi in asciugamani che migliorano nel tempo. I nostri asciugamani LINAS, realizzati in un resistente misto lino-cotone, sono noti per la loro durata. Rimangono morbide e assorbenti anche dopo ripetuti lavaggi. Un acquisto sostenibile che ti offre gioia e comfort a lungo termine, un compagno fedele per molti anni.<\/li>\n<li class=\"a-spacing-mini\">La sostenibilit\u00e0 incontra il lusso: ogni volta che usi i nostri asciugamani LINAS, dai un segno di consapevolezza ambientale. Questi asciugamani certificati Oeko-Tex Standard 100 sono una dichiarazione di sostenibilit\u00e0 senza rinunciare al lusso. Ideale per chi conduce uno stile di vita responsabile senza rinunciare all&#8217;eleganza e al comfort.<\/li>\n<\/ul>\n","protected":false},"excerpt":{"rendered":"<p>Asciugamani Premium per ospiti 100 x 150 cm, asciugamano da bagno certificato Oeko-Tex, ideale per la spiaggia, lo yoga, i viaggi, il bagno, l&#8217;asciugamano per Hammam, l&#8217;asciugamano per la sauna, l&#8217;asciugamano da bagno grande, l&#8217;asciugamano per la doccia<\/p>\n","protected":false},"featured_media":21602,"comment_status":"open","ping_status":"closed","template":"","meta":[],"product_brand":[],"product_cat":[1084],"product_tag":[],"class_list":{"0":"post-23652","1":"product","2":"type-product","3":"status-publish","4":"has-post-thumbnail","6":"product_cat-casa-e-auto","8":"first","9":"instock","10":"shipping-taxable","11":"purchasable","12":"product-type-variable"},"_links":{"self":[{"href":"https:\/\/praxistrade.eu\/it\/wp-json\/wp\/v2\/product\/23652","targetHints":{"allow":["GET"]}}],"collection":[{"href":"https:\/\/praxistrade.eu\/it\/wp-json\/wp\/v2\/product"}],"about":[{"href":"https:\/\/praxistrade.eu\/it\/wp-json\/wp\/v2\/types\/product"}],"replies":[{"embeddable":true,"href":"https:\/\/praxistrade.eu\/it\/wp-json\/wp\/v2\/comments?post=23652"}],"wp:featuredmedia":[{"embeddable":true,"href":"https:\/\/praxistrade.eu\/it\/wp-json\/wp\/v2\/media\/21602"}],"wp:attachment":[{"href":"https:\/\/praxistrade.eu\/it\/wp-json\/wp\/v2\/media?parent=23652"}],"wp:term":[{"taxonomy":"product_brand","embeddable":true,"href":"https:\/\/praxistrade.eu\/it\/wp-json\/wp\/v2\/product_brand?post=23652"},{"taxonomy":"product_cat","embeddable":true,"href":"https:\/\/praxistrade.eu\/it\/wp-json\/wp\/v2\/product_cat?post=23652"},{"taxonomy":"product_tag","embeddable":true,"href":"https:\/\/praxistrade.eu\/it\/wp-json\/wp\/v2\/product_tag?post=23652"}],"curies":[{"name":"wp","href":"https:\/\/api.w.org\/{rel}","templated":true}]}}