{"id":23690,"date":"2024-07-11T17:12:41","date_gmt":"2024-07-11T16:12:41","guid":{"rendered":"https:\/\/praxistrade.eu\/product\/grembiule-da-cucina-in-lino\/"},"modified":"2024-07-11T17:12:41","modified_gmt":"2024-07-11T16:12:41","slug":"grembiule-da-cucina-in-lino","status":"publish","type":"product","link":"https:\/\/praxistrade.eu\/it\/prodotto\/grembiule-da-cucina-in-lino\/","title":{"rendered":"Grembiule da cucina in lino"},"content":{"rendered":"<ul>\n<li>Magia dell&#8217;asciugatura istantanea e straordinario controllo dell&#8217;umidit\u00e0: lasciati incantare dalla magia del nostro grembiule, che non solo asciuga in un istante, ma assorbe anche l&#8217;umidit\u00e0 come un professionista. Ideale per i cuochi appassionati che non vogliono preoccuparsi di piccoli inconvenienti.<\/li>\n<li>Questo grembiule manterr\u00e0 te e i tuoi vestiti asciutti e puliti in qualsiasi condizione<\/li>\n<li>L&#8217;eleganza incontra la semplicit\u00e0 pratica: il nostro grembiule da cucina colpisce per il suo design minimalista che dona eleganza a qualsiasi cucina. Il grigio sofisticato mette in risalto la tua attenzione ai dettagli e aggiunge un tocco di classe a qualsiasi cucina. Un vero e proprio gioiello che combina in armonia funzionalit\u00e0 e moda.<\/li>\n<li>Abbraccia il lino: senti come il nostro grembiule ti avvolge delicatamente a ogni movimento. Il tessuto di lino di alta qualit\u00e0 offre un comfort ineguagliabile e ti fa dimenticare che stai indossando un grembiule. Ideale per le lunghe ore in cucina, dove la convenienza viene prima di tutto.<\/li>\n<li>Vestizione giocosa con la schiena incrociata: scopri la gioia di indossare e togliere facilmente il nostro grembiule grazie al design creativo della schiena incrociata. Questo grembiule si adatta al tuo corpo senza scivolare o pizzicare, rendendo la preparazione un piacere, non un dovere.<\/li>\n<li>Vestibilit\u00e0 universale per gli eroi della cucina &#8211; Il nostro grembiule accoglie a braccia aperte chiunque entri in cucina. Le dimensioni generose garantiscono a tutti, indipendentemente dalla statura, di sentirsi protetti ed eleganti. Un vero e proprio simbolo di inclusione e comunit\u00e0 nel mondo della cucina.<\/li>\n<li>Semaforo verde per la sostenibilit\u00e0: prendiamo sul serio la nostra responsabilit\u00e0 nei confronti della Terra. Grazie al certificato Oeko-Tex Standard 100, ti assicuriamo che il nostro grembiule \u00e8 privo di sostanze nocive. Un piccolo passo per te, un grande passo per il nostro pianeta.<\/li>\n<\/ul>\n","protected":false},"excerpt":{"rendered":"<p>LINAS Grembiule da cucina in 100% lino per uomo e donna, grembiule da cucina premium con tasche, grembiule con schiena incrociata certificato Oeko Tex\u00ae, grembiule da cucina morbido e lavabile per cucinare o cuocere, stile giapponese, Boho<\/p>\n","protected":false},"featured_media":21645,"comment_status":"open","ping_status":"closed","template":"","meta":[],"product_brand":[],"product_cat":[1084],"product_tag":[],"class_list":{"0":"post-23690","1":"product","2":"type-product","3":"status-publish","4":"has-post-thumbnail","6":"product_cat-casa-e-auto","8":"first","9":"instock","10":"shipping-taxable","11":"purchasable","12":"product-type-variable"},"_links":{"self":[{"href":"https:\/\/praxistrade.eu\/it\/wp-json\/wp\/v2\/product\/23690","targetHints":{"allow":["GET"]}}],"collection":[{"href":"https:\/\/praxistrade.eu\/it\/wp-json\/wp\/v2\/product"}],"about":[{"href":"https:\/\/praxistrade.eu\/it\/wp-json\/wp\/v2\/types\/product"}],"replies":[{"embeddable":true,"href":"https:\/\/praxistrade.eu\/it\/wp-json\/wp\/v2\/comments?post=23690"}],"wp:featuredmedia":[{"embeddable":true,"href":"https:\/\/praxistrade.eu\/it\/wp-json\/wp\/v2\/media\/21645"}],"wp:attachment":[{"href":"https:\/\/praxistrade.eu\/it\/wp-json\/wp\/v2\/media?parent=23690"}],"wp:term":[{"taxonomy":"product_brand","embeddable":true,"href":"https:\/\/praxistrade.eu\/it\/wp-json\/wp\/v2\/product_brand?post=23690"},{"taxonomy":"product_cat","embeddable":true,"href":"https:\/\/praxistrade.eu\/it\/wp-json\/wp\/v2\/product_cat?post=23690"},{"taxonomy":"product_tag","embeddable":true,"href":"https:\/\/praxistrade.eu\/it\/wp-json\/wp\/v2\/product_tag?post=23690"}],"curies":[{"name":"wp","href":"https:\/\/api.w.org\/{rel}","templated":true}]}}