{"id":23704,"date":"2024-07-11T17:20:00","date_gmt":"2024-07-11T16:20:00","guid":{"rendered":"https:\/\/praxistrade.eu\/product\/copricuscino-in-lino-44-x-44-cm\/"},"modified":"2024-07-11T17:20:00","modified_gmt":"2024-07-11T16:20:00","slug":"copricuscino-in-lino-44-x-44-cm","status":"publish","type":"product","link":"https:\/\/praxistrade.eu\/it\/prodotto\/copricuscino-in-lino-44-x-44-cm\/","title":{"rendered":"Copricuscino in lino 44 x 44 cm"},"content":{"rendered":"<ul>\n<li>UN TOCCO DI LUSSO: trasforma la tua casa in un&#8217;oasi di relax con il nostro copricuscino LINAS. Il design elegante e il colore blu rilassante creano un&#8217;atmosfera di calma ed eleganza, perfetta per qualsiasi divano o camera da letto.<\/li>\n<li>QUALIT\u00c0 INQUALIFICABILE: realizzato in lino lavato di alta qualit\u00e0, questo copricuscino non solo offre un&#8217;eccezionale sensazione di comfort e lusso, ma garantisce anche durata e resistenza all&#8217;uso quotidiano.<\/li>\n<li>PERFETTO PER OGNI STANZA: Grazie al suo design senza tempo, il nostro copricuscino si adatta perfettamente a qualsiasi arredamento, sia esso moderno, classico o rustico. Un vero camaleonte che valorizzer\u00e0 il tuo spazio e lo render\u00e0 pi\u00f9 accogliente<br \/>\nDimensioni ottimali per il comfort: le nostre fodere per cuscini di 44 x 44 cm sono la scelta perfetta per i tuoi cuscini decorativi per massimizzare il comfort e lo stile. Offrono l&#8217;equilibrio ideale tra sostegno e morbidezza.<br \/>\nFacile da curare: l&#8217;aspetto facile da curare del nostro copricuscino ti fa risparmiare tempo e fatica. Grazie al materiale facile da pulire, la tua casa rimarr\u00e0 sempre fresca e accogliente senza compromettere lo stile o il comfort.<\/li>\n<li>ACCENTO COLORATO: Aggiungi un tocco di colore a qualsiasi stanza con il nostro vibrante blu. Porta freschezza e vitalit\u00e0 alla tua casa e crea un&#8217;atmosfera in cui puoi rilassarti e distenderti.<br \/>\nIl regalo perfetto: Confezionato in una bella scatola, il nostro copricuscino \u00e8 il regalo ideale per amici e parenti. Che si tratti di un regalo di inaugurazione o di un piccolo dono, far\u00e0 sicuramente sorridere il destinatario.<br \/>\nLa sostenibilit\u00e0 incontra lo stile: dotato del certificato Oeko-Tex Standard 100, il nostro copricuscino non \u00e8 solo sinonimo di design elegante, ma anche di produzione ecologica e sostenibile.<\/li>\n<li>FLESSIBILIT\u00c0 A PORTATA DI MANO: Fornito senza imbottitura, il nostro copricuscino ti d\u00e0 la libert\u00e0 di scegliere l&#8217;imbottitura che preferisci, ottenendo cos\u00ec il grado di morbidezza perfetto per le tue esigenze.<\/li>\n<li>Eleganza senza tempo: questo copricuscino \u00e8 una dichiarazione di bellezza ed eleganza senza tempo. Un must-have che aggiunger\u00e0 un tocco di classe a qualsiasi stanza e non passer\u00e0 mai di moda.<\/li>\n<\/ul>\n","protected":false},"excerpt":{"rendered":"<p>Copricuscino in lino 44 x 44 cm &#8211; Oeko-Tex \u00ae Copricuscino decorativo per divano e camera da letto Lavabile Copricuscino decorativo Copricuscino moderno Copricuscino per divano Copricuscino decorativo<\/p>\n","protected":false},"featured_media":21723,"comment_status":"open","ping_status":"closed","template":"","meta":[],"product_brand":[],"product_cat":[1084],"product_tag":[],"class_list":{"0":"post-23704","1":"product","2":"type-product","3":"status-publish","4":"has-post-thumbnail","6":"product_cat-casa-e-auto","8":"first","9":"instock","10":"shipping-taxable","11":"purchasable","12":"product-type-variable"},"_links":{"self":[{"href":"https:\/\/praxistrade.eu\/it\/wp-json\/wp\/v2\/product\/23704","targetHints":{"allow":["GET"]}}],"collection":[{"href":"https:\/\/praxistrade.eu\/it\/wp-json\/wp\/v2\/product"}],"about":[{"href":"https:\/\/praxistrade.eu\/it\/wp-json\/wp\/v2\/types\/product"}],"replies":[{"embeddable":true,"href":"https:\/\/praxistrade.eu\/it\/wp-json\/wp\/v2\/comments?post=23704"}],"wp:featuredmedia":[{"embeddable":true,"href":"https:\/\/praxistrade.eu\/it\/wp-json\/wp\/v2\/media\/21723"}],"wp:attachment":[{"href":"https:\/\/praxistrade.eu\/it\/wp-json\/wp\/v2\/media?parent=23704"}],"wp:term":[{"taxonomy":"product_brand","embeddable":true,"href":"https:\/\/praxistrade.eu\/it\/wp-json\/wp\/v2\/product_brand?post=23704"},{"taxonomy":"product_cat","embeddable":true,"href":"https:\/\/praxistrade.eu\/it\/wp-json\/wp\/v2\/product_cat?post=23704"},{"taxonomy":"product_tag","embeddable":true,"href":"https:\/\/praxistrade.eu\/it\/wp-json\/wp\/v2\/product_tag?post=23704"}],"curies":[{"name":"wp","href":"https:\/\/api.w.org\/{rel}","templated":true}]}}