{"id":24153,"date":"2024-07-15T18:01:40","date_gmt":"2024-07-15T17:01:40","guid":{"rendered":"https:\/\/praxistrade.eu\/product\/la-generosite-du-figuier-home-diffuser\/"},"modified":"2024-07-19T15:49:59","modified_gmt":"2024-07-19T14:49:59","slug":"la-generosite-du-figuier-home-diffuser","status":"publish","type":"product","link":"https:\/\/praxistrade.eu\/it\/prodotto\/la-generosite-du-figuier-home-diffuser\/","title":{"rendered":"La G\u00e9n\u00e9rosit\u00e9 Du Figuier Home Diffuser"},"content":{"rendered":"","protected":false},"excerpt":{"rendered":"<p>Avvolgi la tua casa con l&#8217;abbondante calore de &#8220;La G\u00e9n\u00e9rosit\u00e9 Du Figuier&#8221;.<\/p>\n<p>La freschezza vibrante del mandarino, la dolcezza lussureggiante dei fichi e la frizzante chiarezza del bergamotto si fondono per creare un&#8217;atmosfera invitante e opulenta.<\/p>\n<p>Questo profumo racchiude lo spirito generoso e l&#8217;abbraccio accogliente dell&#8217;albero di fico, offrendo un lussuoso rifugio dal mondo esterno.<\/p>\n<ul>\n<li>Note di testa &#8211; Bergamotto, Mandarino<\/li>\n<li>Note di cuore &#8211; Fico, Orris<\/li>\n<li>Note di fondo &#8211; Muschio, Legno di cedro<\/li>\n<\/ul>\n","protected":false},"featured_media":23595,"comment_status":"open","ping_status":"closed","template":"","meta":[],"product_brand":[],"product_cat":[1084],"product_tag":[],"class_list":{"0":"post-24153","1":"product","2":"type-product","3":"status-publish","4":"has-post-thumbnail","6":"product_cat-casa-e-auto","8":"first","9":"instock","10":"shipping-taxable","11":"purchasable","12":"product-type-variable"},"_links":{"self":[{"href":"https:\/\/praxistrade.eu\/it\/wp-json\/wp\/v2\/product\/24153","targetHints":{"allow":["GET"]}}],"collection":[{"href":"https:\/\/praxistrade.eu\/it\/wp-json\/wp\/v2\/product"}],"about":[{"href":"https:\/\/praxistrade.eu\/it\/wp-json\/wp\/v2\/types\/product"}],"replies":[{"embeddable":true,"href":"https:\/\/praxistrade.eu\/it\/wp-json\/wp\/v2\/comments?post=24153"}],"wp:featuredmedia":[{"embeddable":true,"href":"https:\/\/praxistrade.eu\/it\/wp-json\/wp\/v2\/media\/23595"}],"wp:attachment":[{"href":"https:\/\/praxistrade.eu\/it\/wp-json\/wp\/v2\/media?parent=24153"}],"wp:term":[{"taxonomy":"product_brand","embeddable":true,"href":"https:\/\/praxistrade.eu\/it\/wp-json\/wp\/v2\/product_brand?post=24153"},{"taxonomy":"product_cat","embeddable":true,"href":"https:\/\/praxistrade.eu\/it\/wp-json\/wp\/v2\/product_cat?post=24153"},{"taxonomy":"product_tag","embeddable":true,"href":"https:\/\/praxistrade.eu\/it\/wp-json\/wp\/v2\/product_tag?post=24153"}],"curies":[{"name":"wp","href":"https:\/\/api.w.org\/{rel}","templated":true}]}}