{"id":25577,"date":"2024-12-24T08:48:30","date_gmt":"2024-12-24T08:48:30","guid":{"rendered":"https:\/\/praxistrade.eu\/product\/miele-di-acacia-biologico-con-mirtilli-selvatici-biologici-frutto-intero-230-g\/"},"modified":"2024-12-24T08:48:30","modified_gmt":"2024-12-24T08:48:30","slug":"miele-di-acacia-biologico-con-mirtilli-selvatici-biologici-frutto-intero-230-g","status":"publish","type":"product","link":"https:\/\/praxistrade.eu\/it\/prodotto\/miele-di-acacia-biologico-con-mirtilli-selvatici-biologici-frutto-intero-230-g\/","title":{"rendered":"Miele di acacia biologico con mirtilli selvatici biologici, frutto intero, 230 g"},"content":{"rendered":"<h3><b>A proposito di questo articolo<\/b><span style=\"font-weight: 400;\">:<\/span><\/h3>\n<p><span style=\"font-weight: 400;\">Il peso dell&#8217;articolo \u00e8 di 230 g e non di 400 g<\/span><\/p>\n<p><span style=\"font-weight: 400;\"><strong>Peso della confezione dell&#8217;articolo:<\/strong> 400 g<\/span><\/p>\n<p><span style=\"font-weight: 400;\"><strong>Tipo di miele:<\/strong> Acacia<\/span><\/p>\n<h3><b>Metodo unico di lavorazione a freddo<\/b><span style=\"font-weight: 400;\">:<\/span> <\/h3>\n<p><span style=\"font-weight: 400;\">Nella nostra speciale lavorazione a bassa temperatura, la miscela di miele e mirtilli selvatici viene delicatamente disidratata a temperature inferiori ai 38\u00b0C. Questo processo imita il modo naturale in cui le api creano il miele, preservando enzimi, antiossidanti e sostanze nutritive per ottenere il massimo dei benefici per la salute e del sapore. <\/span><\/p>\n<h3><strong>Informazioni sul prodotto:<\/strong><\/h3>\n<p><strong>Dettagli dell&#8217;articolo:<\/strong><\/p>\n<p><span style=\"font-weight: 400;\"><strong>Regione di origine: <\/strong>UE &#8211; Romania<\/span><\/p>\n<p><span style=\"font-weight: 400;\"><strong>Produttore:<\/strong> Atelierele Melinis SRL<\/span><\/p>\n<p><span style=\"font-weight: 400;\"><strong>Forma dell&#8217;articolo: <\/strong>Vetro<\/span><\/p>\n<p><strong>Misure:<\/strong><\/p>\n<p><span style=\"font-weight: 400;\">Peso della confezione dell&#8217;articolo: 400 g <\/span><b>Non <\/b><span style=\"font-weight: 400;\">Peso dell&#8217;articolo<\/span><\/p>\n<p><span style=\"font-weight: 400;\">Dimensioni: 6,3 cm x 6,3 cm x 8,0 cm<\/span><\/p>\n<p><strong>Ingredienti: <\/strong><span style=\"font-weight: 400;\">Miele di acacia biologico* 70%, mirtilli selvatici crudi biologici* 25%, olivello spinoso biologico* 5%;<\/span> <\/p>\n<p><span style=\"font-weight: 400;\">*Dalla Romania<\/span><\/p>\n<h3><b>Descrizione del prodotto<\/b><\/h3>\n<p><span style=\"font-weight: 400;\">Scopri i mirtilli selvatici Melinis, una miscela unica di miele d&#8217;acacia crudo e biologico e mirtilli selvatici (mirtilli) raccolti a mano, rinomati per il loro sapore intenso e per i loro benefici per la salute superiori a quelli dei mirtilli coltivati. <\/span><\/p>\n<p><span style=\"font-weight: 400;\">La miscela di miele e mirtilli selvatici viene delicatamente disidratata insieme a temperature inferiori a 38\u00b0C, conservando tutti i nutrienti e gli aromi naturali.<\/span><\/p>\n<p><span style=\"font-weight: 400;\">Utilizzando questo metodo di lavorazione a freddo unico nel suo genere, preserviamo i nutrienti e gli antiossidanti naturali, offrendo una prelibatezza davvero autentica e ricca di nutrienti. Ogni vasetto viene prodotto in piccoli lotti, garantendo una qualit\u00e0 e una freschezza eccezionali in ogni cucchiaio. <\/span><\/p>\n<p><span style=\"font-weight: 400;\">Alla Melinis siamo orgogliosi del nostro processo di produzione unico, ispirato al lavoro naturale delle api nel loro alveare. Proprio come le api ventilano il loro miele per ridurne il contenuto d&#8217;acqua, noi mescoliamo delicatamente la frutta cruda con il miele e lavoriamo questa miscela utilizzando apparecchiature appositamente progettate chiamate omogeneizzatori. Queste macchine mantengono una temperatura controllata di 35-37\u00b0C e utilizzano correnti di aria molto secca per far evaporare l&#8217;acqua dalla miscela in un periodo di 2-4 settimane. Questo metodo lento e accurato preserva la frutta nel suo stato quasi naturale, senza bollitura o pastorizzazione, garantendo il massimo valore nutrizionale e un sapore autentico in ogni vasetto.   <\/span><\/p>\n<h3><strong>Perch\u00e9 scegliere i mirtilli selvatici (Bilberries)?<\/strong><\/h3>\n<p><span style=\"font-weight: 400;\">I mirtilli selvatici (mirtilli) sono pi\u00f9 piccoli, pi\u00f9 scuri e ricchi di antiossidanti, vitamine e minerali rispetto alle variet\u00e0 coltivate. Scegliendo Melinis, scegli il superfood pi\u00f9 potente e gustoso della natura <\/span><\/p>\n<h3><b>Sperimenta il potere della natura in ogni cucchiaino<\/b><\/h3>\n<p><span style=\"font-weight: 400;\">Aggiungi subito i mirtilli selvatici Melinis al tuo carrello e assapora il sapore superiore e i benefici per la salute di questa delizia artigianale lavorata a freddo!<\/span><\/p>\n<h3><b>Sicurezza<\/b><\/h3>\n<p><span style=\"font-weight: 400;\">Poich\u00e9 utilizziamo miele grezzo, non \u00e8 consigliato per i bambini al di sotto dei 12 mesi. <\/span><\/p>\n<h3><b>Istruzioni per la conservazione<\/b><span style=\"font-weight: 400;\">:<\/span><\/h3>\n<p><span style=\"font-weight: 400;\">Conservalo, anche dopo l&#8217;apertura, in un luogo fresco e asciutto, lontano dalla luce diretta del sole, a una temperatura compresa tra i 18 e i 25\u00b0C. Non \u00e8 necessario metterlo in frigorifero. <\/span><\/p>\n<h3><b>Origine e sostenibilit\u00e0<\/b><span style=\"font-weight: 400;\">:<\/span><\/h3>\n<p><span style=\"font-weight: 400;\">Prodotto esclusivamente in Romania, Melinis Wild Blueberries sostiene gli allevatori di api biologiche locali e la raccolta sostenibile dei mirtilli selvatici. Ogni vasetto \u00e8 prodotto con cura, in piccoli lotti, per preservare la purezza e la qualit\u00e0 di ogni ingrediente. <\/span><\/p>\n","protected":false},"excerpt":{"rendered":"<p><span style=\"font-weight: 400;\">Antiossidante, unica prelibatezza lavorata a freddo, senza conservanti, ideale per la colazione, i dolci, gli spuntini e i condimenti salutari &#8211; da Melinis<\/span><\/p>\n<p><b>Ingredienti<\/b><span style=\"font-weight: 400;\">: <\/span><span style=\"font-weight: 400;\">Miele di acacia biologico* 70%, mirtilli selvatici crudi biologici* 25%, olivello spinoso biologico* 5%; <\/span><\/p>\n<p><span style=\"font-weight: 400;\"> *Dalla Romania<\/span><\/p>\n","protected":false},"featured_media":25027,"comment_status":"open","ping_status":"closed","template":"","meta":[],"product_brand":[],"product_cat":[1198],"product_tag":[],"class_list":{"0":"post-25577","1":"product","2":"type-product","3":"status-publish","4":"has-post-thumbnail","6":"product_cat-melinis-it","8":"first","9":"instock","10":"shipping-taxable","11":"purchasable","12":"product-type-simple"},"_links":{"self":[{"href":"https:\/\/praxistrade.eu\/it\/wp-json\/wp\/v2\/product\/25577","targetHints":{"allow":["GET"]}}],"collection":[{"href":"https:\/\/praxistrade.eu\/it\/wp-json\/wp\/v2\/product"}],"about":[{"href":"https:\/\/praxistrade.eu\/it\/wp-json\/wp\/v2\/types\/product"}],"replies":[{"embeddable":true,"href":"https:\/\/praxistrade.eu\/it\/wp-json\/wp\/v2\/comments?post=25577"}],"wp:featuredmedia":[{"embeddable":true,"href":"https:\/\/praxistrade.eu\/it\/wp-json\/wp\/v2\/media\/25027"}],"wp:attachment":[{"href":"https:\/\/praxistrade.eu\/it\/wp-json\/wp\/v2\/media?parent=25577"}],"wp:term":[{"taxonomy":"product_brand","embeddable":true,"href":"https:\/\/praxistrade.eu\/it\/wp-json\/wp\/v2\/product_brand?post=25577"},{"taxonomy":"product_cat","embeddable":true,"href":"https:\/\/praxistrade.eu\/it\/wp-json\/wp\/v2\/product_cat?post=25577"},{"taxonomy":"product_tag","embeddable":true,"href":"https:\/\/praxistrade.eu\/it\/wp-json\/wp\/v2\/product_tag?post=25577"}],"curies":[{"name":"wp","href":"https:\/\/api.w.org\/{rel}","templated":true}]}}