{"id":26210,"date":"2025-02-26T17:45:02","date_gmt":"2025-02-26T17:45:02","guid":{"rendered":"https:\/\/praxistrade.eu\/product\/olivello-spinoso-biologico-crudo-con-miele-millefiori-biologico\/"},"modified":"2025-02-26T17:45:02","modified_gmt":"2025-02-26T17:45:02","slug":"olivello-spinoso-biologico-crudo-con-miele-millefiori-biologico","status":"publish","type":"product","link":"https:\/\/praxistrade.eu\/it\/prodotto\/olivello-spinoso-biologico-crudo-con-miele-millefiori-biologico\/","title":{"rendered":"Olivello spinoso biologico crudo con miele millefiori biologico"},"content":{"rendered":"<h3><b>A proposito di questo articolo<\/b><span style=\"font-weight: 400;\">:<\/span><\/h3>\n<p><span style=\"font-weight: 400;\">Il peso dell&#8217;articolo \u00e8 di 230g <\/span><span style=\"font-weight: 400;\">non 400g<\/span><\/p>\n<p><span style=\"font-weight: 400;\"><strong>Peso della confezione dell&#8217;articolo:<\/strong> 400 g<\/span><\/p>\n<p><span style=\"font-weight: 400;\"><strong>Tipo di miele:<\/strong> Multifiore<\/span><\/p>\n<ul>\n<li style=\"font-weight: 400;\" aria-level=\"1\"><span style=\"font-weight: 400;\">LA TUA CURA GIORNALIERA &#8211; Goditi ogni cucchiaio di questa speciale crema spalmabile al miele biologico che coccola i tuoi sensi e arricchisce la tua dieta. Perfetta per chi cerca il meglio della natura e del gusto. <\/span><\/li>\n<\/ul>\n<ul>\n<li style=\"font-weight: 400;\" aria-level=\"1\"><b>Metodo unico di lavorazione a freddo<\/b><span style=\"font-weight: 400;\"> &#8211; Nella nostra speciale lavorazione a bassa temperatura, la miscela di miele e polpa grezza di olivello spinoso viene delicatamente disidratata a temperature inferiori a 38\u00b0C. Questo processo imita il modo naturale in cui le api creano il miele, preservando gli enzimi, gli antiossidanti e i nutrienti per ottenere il massimo dei benefici per la salute e del sapore. <\/span><\/li>\n<li style=\"font-weight: 400;\" aria-level=\"1\"><span style=\"font-weight: 400;\">Il gusto della natura &#8211; Con un&#8217;esclusiva miscela di miele millefiori al 50%<\/span> <span style=\"font-weight: 400;\">e polpa di olivello spinoso al 50%, proverai il puro piacere e la freschezza che solo la natura pu\u00f2 offrire.<\/span><\/li>\n<li style=\"font-weight: 400;\" aria-level=\"1\"><span style=\"font-weight: 400;\">Consistenza vellutata, piacere incomparabile &#8211; Con una consistenza unica e delicata, questa crema spalmabile \u00e8 perfetta per un inizio di giornata paradisiaco o per una dolce ricompensa tra un pasto e l&#8217;altro.<\/span><\/li>\n<li style=\"font-weight: 400;\" aria-level=\"1\"><span style=\"font-weight: 400;\">DOLCE NATURALE SENZA RILIEVO &#8211; Perfeziona i tuoi piatti o gustati la crema spalmabile pura: un&#8217;alternativa sana e deliziosa che far\u00e0 ballare le tue papille gustative.<\/span><\/li>\n<li style=\"font-weight: 400;\" aria-level=\"1\"><span style=\"font-weight: 400;\">Segreto pieno di nutrienti &#8211; Arricchita con preziose vitamine e minerali, questa crema spalmabile \u00e8 il compagno ideale per una dieta equilibrata e un&#8217;esperienza di benessere.<\/span><\/li>\n<li style=\"font-weight: 400;\" aria-level=\"1\"><span style=\"font-weight: 400;\">Da gustare senza preoccupazioni &#8211; Priva di additivi artificiali e facile da conservare a temperatura ambiente, questa crema spalmabile ti offre una qualit\u00e0 naturale senza compromessi.<\/span><\/li>\n<li style=\"font-weight: 400;\" aria-level=\"1\"><span style=\"font-weight: 400;\">La promessa di Melinis &#8211; Fidati di un marchio che \u00e8 sinonimo di prodotti biologici di alta qualit\u00e0 e che si impegna a preservare la natura. Melinis &#8211; dove qualit\u00e0 e gusto vanno di pari passo. <\/span><\/li>\n<\/ul>\n<h3><b>Informazioni sul prodotto<\/b><span style=\"font-weight: 400;\">:<\/span><\/h3>\n<p><span style=\"font-weight: 400;\"><strong>Regione di origine: <\/strong>UE &#8211; Romania<\/span><\/p>\n<p><span style=\"font-weight: 400;\"><strong>Produttore:<\/strong> Atelierele Melinis SRL<\/span><\/p>\n<p><span style=\"font-weight: 400;\"><strong>Forma dell&#8217;articolo: <\/strong>Vetro<\/span><\/p>\n<p><span style=\"font-weight: 400;\">Usi consigliati per il prodotto: Buon appetito<\/span> <b>Melinis Olivello spinoso cremoso<\/b> <b>spalmato<\/b><span style=\"font-weight: 400;\"> su toast, pancake o waffle, oppure mescolalo allo yogurt per uno spuntino ricco di nutrienti. Il suo sapore dolce e piccante si abbina meravigliosamente anche a frullati, semifreddi o come guarnizione per i dessert. Grazie alle sue propriet\u00e0 naturali, \u00e8 perfetto come snack salutare direttamente dal barattolo.  <\/span><\/p>\n<h3><strong>Misure:<\/strong><\/h3>\n<p><span style=\"font-weight: 400;\"><strong>Peso della confezione dell&#8217;articolo:<\/strong> 400 g <\/span><b>Non <\/b><span style=\"font-weight: 400;\">Peso dell&#8217;articolo<\/span><\/p>\n<p><span style=\"font-weight: 400;\"><strong>Dimensioni:<\/strong> 6,3 cm x 6,3 cm x 8,0 cm<\/span><\/p>\n<h3><b>Descrizione del prodotto<\/b><\/h3>\n<p><span style=\"font-weight: 400;\">Quando<\/span><b> il miele millefiori crudo e biologico<\/b> <span style=\"font-weight: 400;\">incontra gli incredibili benefici<\/span> <b>del olivello spinoso ECO crudo<\/b> <span style=\"font-weight: 400;\">il risultato \u00e8 un vero e proprio miracolo naturale:<\/span> <b>Crema spalmabile all&#8217;olivello spinoso Melinis<\/b><span style=\"font-weight: 400;\">. Questa lussuosa miscela combina il 50% di miele millefiori biologico e il 50% di polpa di olivello spinoso grezzo biologico per creare una consistenza morbida e cremosa e un gusto raffinato e piccante. Utilizzando un   <\/span><b>metodo unico di lavorazione a freddo<\/b> <span style=\"font-weight: 400;\">la miscela di miele e olivello spinoso viene<\/span> <b>delicatamente disidratati insieme a temperature inferiori a 38\u00b0C <\/b><span style=\"font-weight: 400;\">conservando tutti i nutrienti e gli aromi naturali.<\/span><\/p>\n<p><span style=\"font-weight: 400;\">L&#8217;olivello spinoso, noto da secoli come fonte di nutrienti e benefici per la salute, si abbina perfettamente al miele per creare un rimedio versatile e immunitario. Ricca di vitamine, minerali e antiossidanti, questa crema spalmabile artigianale \u00e8 un modo naturale per sostenere la tua salute e allo stesso tempo per gustare un sapore delizioso. <\/span><\/p>\n<h3><b>Suggerimenti d&#8217;uso:<\/b><\/h3>\n<p><span style=\"font-weight: 400;\">Godetevi la<\/span> <b>crema spalmabile all&#8217;olivello spinoso<\/b> <b>di Melinis<\/b><span style=\"font-weight: 400;\"> su toast, pancake o waffle, oppure mescolalo allo yogurt per uno spuntino ricco di nutrienti. Il suo sapore dolce e piccante si abbina meravigliosamente anche a frullati, semifreddi o come guarnizione per i dessert. Grazie alle sue propriet\u00e0 naturali, \u00e8 perfetto come snack salutare direttamente dal barattolo.  <\/span><\/p>\n<p><b>Godetevi la<\/b> <b>crema spalmabile all&#8217;olivello spinoso<\/b> <b>di Melinis<\/b><\/p>\n<p><span style=\"font-weight: 400;\">L&#8217;olivello spinoso \u00e8 un superfood raro, che offre una quantit\u00e0 di vitamina C e antiossidanti nettamente superiore a quella di molti frutti comuni. Combinato con miele grezzo di fiori selvatici biologici e realizzato con un metodo unico di lavorazione a freddo, diventa una crema spalmabile ricca di nutrienti e di sapore, pensata per migliorare la tua salute in modo naturale. <\/span><\/p>\n<h3><b>Sicurezza<\/b><\/h3>\n<p><span style=\"font-weight: 400;\">Poich\u00e9 utilizziamo miele grezzo, non \u00e8 consigliato per i bambini al di sotto dei 12 mesi. <\/span><\/p>\n<h3><b>Istruzioni per la conservazione<\/b><span style=\"font-weight: 400;\">:<\/span><\/h3>\n<p><span style=\"font-weight: 400;\">Conservalo, anche dopo l&#8217;apertura, in un luogo fresco e asciutto, lontano dalla luce diretta del sole, a una temperatura compresa tra i 18 e i 25\u00b0C. Non \u00e8 necessario metterlo in frigorifero. <\/span><\/p>\n<h3><b>Origine e sostenibilit\u00e0<\/b><span style=\"font-weight: 400;\">:<\/span><\/h3>\n<p><span style=\"font-weight: 400;\">Prodotto esclusivamente in Romania, Melinis Wild Cranberries sostiene gli allevatori di api biologiche locali e la raccolta sostenibile dei mirtilli selvatici. Ogni vasetto \u00e8 prodotto con cura, in piccoli lotti, per preservare la purezza e la qualit\u00e0 di ogni ingrediente. <\/span><\/p>\n","protected":false},"excerpt":{"rendered":"<p><span style=\"font-weight: 400;\">Crema Spalmabile, 230 g &#8211; Delizia unica lavorata a freddo, Antiossidanti, Senza Conservanti, Ricca di Nutrienti, Consistenza Vellutata &#8211; Da Melinis<\/p>\n<p><\/span><span style=\"font-weight: 400;\">Miele millefiori biologico* 50%, polpa di olivello spinoso grezzo biologico* 50%.<\/p>\n<p><\/span><span style=\"font-weight: 400;\">*Dalla Romania<\/span><\/p>\n","protected":false},"featured_media":26127,"comment_status":"open","ping_status":"closed","template":"","meta":[],"product_brand":[],"product_cat":[1198],"product_tag":[],"class_list":{"0":"post-26210","1":"product","2":"type-product","3":"status-publish","4":"has-post-thumbnail","6":"product_cat-melinis-it","8":"first","9":"instock","10":"shipping-taxable","11":"purchasable","12":"product-type-simple"},"_links":{"self":[{"href":"https:\/\/praxistrade.eu\/it\/wp-json\/wp\/v2\/product\/26210","targetHints":{"allow":["GET"]}}],"collection":[{"href":"https:\/\/praxistrade.eu\/it\/wp-json\/wp\/v2\/product"}],"about":[{"href":"https:\/\/praxistrade.eu\/it\/wp-json\/wp\/v2\/types\/product"}],"replies":[{"embeddable":true,"href":"https:\/\/praxistrade.eu\/it\/wp-json\/wp\/v2\/comments?post=26210"}],"wp:featuredmedia":[{"embeddable":true,"href":"https:\/\/praxistrade.eu\/it\/wp-json\/wp\/v2\/media\/26127"}],"wp:attachment":[{"href":"https:\/\/praxistrade.eu\/it\/wp-json\/wp\/v2\/media?parent=26210"}],"wp:term":[{"taxonomy":"product_brand","embeddable":true,"href":"https:\/\/praxistrade.eu\/it\/wp-json\/wp\/v2\/product_brand?post=26210"},{"taxonomy":"product_cat","embeddable":true,"href":"https:\/\/praxistrade.eu\/it\/wp-json\/wp\/v2\/product_cat?post=26210"},{"taxonomy":"product_tag","embeddable":true,"href":"https:\/\/praxistrade.eu\/it\/wp-json\/wp\/v2\/product_tag?post=26210"}],"curies":[{"name":"wp","href":"https:\/\/api.w.org\/{rel}","templated":true}]}}